{"id":7693,"date":"2026-02-16T14:15:10","date_gmt":"2026-02-16T13:15:10","guid":{"rendered":"https:\/\/www.meyer-sports.com\/produkt\/riddell-speedflex-facemask-befestigungsset\/"},"modified":"2026-02-16T14:15:10","modified_gmt":"2026-02-16T13:15:10","slug":"riddell-speedflex-facemask-befestigungsset","status":"publish","type":"product","link":"https:\/\/www.meyer-sports.com\/de\/produkt\/riddell-speedflex-facemask-befestigungsset\/","title":{"rendered":"Riddell Speedflex Facemask Befestigungsset"},"content":{"rendered":"<ul>\n<li>Komplettes Befestigungsset, speziell f\u00fcr Riddell Speedflex-Facemasks entwickelt<\/li>\n<li>Sorgt f\u00fcr eine sichere Befestigung der Facemask und gew\u00e4hrleistet so optimale Helmstabilit\u00e4t und Sicherheit w\u00e4hrend des Spiels <\/li>\n<li>Hochwertige, langlebige Komponenten, geeignet f\u00fcr den langfristigen Einsatz und die regelm\u00e4\u00dfige Wartung der Ausr\u00fcstung <\/li>\n<li>Einfache Montage &#8211; ideal zum Ersetzen abgenutzter oder fehlender Befestigungsteile <\/li>\n<\/ul>\n","protected":false},"excerpt":{"rendered":"<p>Komplettes Befestigungsset, speziell f\u00fcr Riddell Speedflex-Facemasks entwickelt Sorgt f\u00fcr eine sichere Befestigung der Facemask und gew\u00e4hrleistet so optimale Helmstabilit\u00e4t und Sicherheit w\u00e4hrend des Spiels Hochwertige, langlebige Komponenten, geeignet f\u00fcr den langfristigen Einsatz und die regelm\u00e4\u00dfige Wartung der Ausr\u00fcstung Einfache Montage &#8211; ideal zum Ersetzen abgenutzter oder fehlender Befestigungsteile<\/p>\n","protected":false},"featured_media":6612,"comment_status":"open","ping_status":"closed","template":"","meta":{"_acf_changed":false},"product_brand":[427],"product_cat":[480],"product_tag":[],"class_list":{"0":"post-7693","1":"product","2":"type-product","3":"status-publish","4":"has-post-thumbnail","6":"product_brand-riddell","7":"product_cat-riddell-hardware","9":"first","10":"instock","11":"taxable","12":"shipping-taxable","13":"purchasable","14":"product-type-simple"},"acf":[],"yoast_head":"<!-- This site is optimized with the Yoast SEO plugin v27.1.1 - https:\/\/yoast.com\/product\/yoast-seo-wordpress\/ -->\n<title>Riddell Speedflex Facemask Befestigungsset - Meyer Sports<\/title>\n<meta name=\"robots\" content=\"index, follow, max-snippet:-1, max-image-preview:large, max-video-preview:-1\" \/>\n<link rel=\"canonical\" href=\"https:\/\/www.meyer-sports.com\/de\/produkt\/riddell-speedflex-facemask-befestigungsset\/\" \/>\n<meta property=\"og:locale\" content=\"de_DE\" \/>\n<meta property=\"og:type\" content=\"article\" \/>\n<meta property=\"og:title\" content=\"Riddell Speedflex Facemask Befestigungsset - Meyer Sports\" \/>\n<meta property=\"og:description\" content=\"Komplettes Befestigungsset, speziell f\u00fcr Riddell Speedflex-Facemasks entwickelt Sorgt f\u00fcr eine sichere Befestigung der Facemask und gew\u00e4hrleistet so optimale Helmstabilit\u00e4t und Sicherheit w\u00e4hrend des Spiels Hochwertige, langlebige Komponenten, geeignet f\u00fcr den langfristigen Einsatz und die regelm\u00e4\u00dfige Wartung der Ausr\u00fcstung Einfache Montage &#8211; ideal zum Ersetzen abgenutzter oder fehlender Befestigungsteile\" \/>\n<meta property=\"og:url\" content=\"https:\/\/www.meyer-sports.com\/de\/produkt\/riddell-speedflex-facemask-befestigungsset\/\" \/>\n<meta property=\"og:site_name\" content=\"Meyer Sports\" \/>\n<meta property=\"article:publisher\" content=\"https:\/\/www.facebook.com\/profile.php?id=100083396525976\" \/>\n<meta property=\"og:image\" content=\"https:\/\/www.meyer-sports.com\/wp-content\/uploads\/2026\/02\/Speedflex-Quick-Release-Hardware-Kit.png\" \/>\n\t<meta property=\"og:image:width\" content=\"910\" \/>\n\t<meta property=\"og:image:height\" content=\"909\" \/>\n\t<meta property=\"og:image:type\" content=\"image\/png\" \/>\n<meta name=\"twitter:card\" content=\"summary_large_image\" \/>\n<script type=\"application\/ld+json\" class=\"yoast-schema-graph\">{\"@context\":\"https:\/\/schema.org\",\"@graph\":[{\"@type\":\"WebPage\",\"@id\":\"https:\/\/www.meyer-sports.com\/de\/produkt\/riddell-speedflex-facemask-befestigungsset\/\",\"url\":\"https:\/\/www.meyer-sports.com\/de\/produkt\/riddell-speedflex-facemask-befestigungsset\/\",\"name\":\"Riddell Speedflex Facemask Befestigungsset - Meyer Sports\",\"isPartOf\":{\"@id\":\"https:\/\/www.meyer-sports.com\/de\/#website\"},\"primaryImageOfPage\":{\"@id\":\"https:\/\/www.meyer-sports.com\/de\/produkt\/riddell-speedflex-facemask-befestigungsset\/#primaryimage\"},\"image\":{\"@id\":\"https:\/\/www.meyer-sports.com\/de\/produkt\/riddell-speedflex-facemask-befestigungsset\/#primaryimage\"},\"thumbnailUrl\":\"https:\/\/www.meyer-sports.com\/wp-content\/uploads\/2026\/02\/Speedflex-Quick-Release-Hardware-Kit.png\",\"datePublished\":\"2026-02-16T13:15:10+00:00\",\"breadcrumb\":{\"@id\":\"https:\/\/www.meyer-sports.com\/de\/produkt\/riddell-speedflex-facemask-befestigungsset\/#breadcrumb\"},\"inLanguage\":\"de\",\"potentialAction\":[{\"@type\":\"ReadAction\",\"target\":[\"https:\/\/www.meyer-sports.com\/de\/produkt\/riddell-speedflex-facemask-befestigungsset\/\"]}]},{\"@type\":\"ImageObject\",\"inLanguage\":\"de\",\"@id\":\"https:\/\/www.meyer-sports.com\/de\/produkt\/riddell-speedflex-facemask-befestigungsset\/#primaryimage\",\"url\":\"https:\/\/www.meyer-sports.com\/wp-content\/uploads\/2026\/02\/Speedflex-Quick-Release-Hardware-Kit.png\",\"contentUrl\":\"https:\/\/www.meyer-sports.com\/wp-content\/uploads\/2026\/02\/Speedflex-Quick-Release-Hardware-Kit.png\",\"width\":910,\"height\":909},{\"@type\":\"BreadcrumbList\",\"@id\":\"https:\/\/www.meyer-sports.com\/de\/produkt\/riddell-speedflex-facemask-befestigungsset\/#breadcrumb\",\"itemListElement\":[{\"@type\":\"ListItem\",\"position\":1,\"name\":\"Home\",\"item\":\"https:\/\/www.meyer-sports.com\/de\/\"},{\"@type\":\"ListItem\",\"position\":2,\"name\":\"Shop\",\"item\":\"https:\/\/www.meyer-sports.com\/de\/shop\/\"},{\"@type\":\"ListItem\",\"position\":3,\"name\":\"Riddell Speedflex Facemask Befestigungsset\"}]},{\"@type\":\"WebSite\",\"@id\":\"https:\/\/www.meyer-sports.com\/de\/#website\",\"url\":\"https:\/\/www.meyer-sports.com\/de\/\",\"name\":\"Meyer Sports\",\"description\":\"American Football Equipment \u2013 Helmets, Shoulder Pads &amp; Gear\",\"publisher\":{\"@id\":\"https:\/\/www.meyer-sports.com\/de\/#organization\"},\"alternateName\":\"Meyer Marketing\",\"potentialAction\":[{\"@type\":\"SearchAction\",\"target\":{\"@type\":\"EntryPoint\",\"urlTemplate\":\"https:\/\/www.meyer-sports.com\/de\/?s={search_term_string}\"},\"query-input\":{\"@type\":\"PropertyValueSpecification\",\"valueRequired\":true,\"valueName\":\"search_term_string\"}}],\"inLanguage\":\"de\"},{\"@type\":\"Organization\",\"@id\":\"https:\/\/www.meyer-sports.com\/de\/#organization\",\"name\":\"Meyer Sports\",\"url\":\"https:\/\/www.meyer-sports.com\/de\/\",\"logo\":{\"@type\":\"ImageObject\",\"inLanguage\":\"de\",\"@id\":\"https:\/\/www.meyer-sports.com\/de\/#\/schema\/logo\/image\/\",\"url\":\"https:\/\/www.meyer-sports.com\/wp-content\/uploads\/2025\/08\/cropped-MeyerSports-Wort-Bild-Marke-RGB-Black-Horizontal-2000px.png\",\"contentUrl\":\"https:\/\/www.meyer-sports.com\/wp-content\/uploads\/2025\/08\/cropped-MeyerSports-Wort-Bild-Marke-RGB-Black-Horizontal-2000px.png\",\"width\":1999,\"height\":263,\"caption\":\"Meyer Sports\"},\"image\":{\"@id\":\"https:\/\/www.meyer-sports.com\/de\/#\/schema\/logo\/image\/\"},\"sameAs\":[\"https:\/\/www.facebook.com\/profile.php?id=100083396525976\"]}]}<\/script>\n<!-- \/ Yoast SEO plugin. -->","yoast_head_json":{"title":"Riddell Speedflex Facemask Befestigungsset - Meyer Sports","robots":{"index":"index","follow":"follow","max-snippet":"max-snippet:-1","max-image-preview":"max-image-preview:large","max-video-preview":"max-video-preview:-1"},"canonical":"https:\/\/www.meyer-sports.com\/de\/produkt\/riddell-speedflex-facemask-befestigungsset\/","og_locale":"de_DE","og_type":"article","og_title":"Riddell Speedflex Facemask Befestigungsset - Meyer Sports","og_description":"Komplettes Befestigungsset, speziell f\u00fcr Riddell Speedflex-Facemasks entwickelt Sorgt f\u00fcr eine sichere Befestigung der Facemask und gew\u00e4hrleistet so optimale Helmstabilit\u00e4t und Sicherheit w\u00e4hrend des Spiels Hochwertige, langlebige Komponenten, geeignet f\u00fcr den langfristigen Einsatz und die regelm\u00e4\u00dfige Wartung der Ausr\u00fcstung Einfache Montage &#8211; ideal zum Ersetzen abgenutzter oder fehlender Befestigungsteile","og_url":"https:\/\/www.meyer-sports.com\/de\/produkt\/riddell-speedflex-facemask-befestigungsset\/","og_site_name":"Meyer Sports","article_publisher":"https:\/\/www.facebook.com\/profile.php?id=100083396525976","og_image":[{"width":910,"height":909,"url":"https:\/\/www.meyer-sports.com\/wp-content\/uploads\/2026\/02\/Speedflex-Quick-Release-Hardware-Kit.png","type":"image\/png"}],"twitter_card":"summary_large_image","schema":{"@context":"https:\/\/schema.org","@graph":[{"@type":"WebPage","@id":"https:\/\/www.meyer-sports.com\/de\/produkt\/riddell-speedflex-facemask-befestigungsset\/","url":"https:\/\/www.meyer-sports.com\/de\/produkt\/riddell-speedflex-facemask-befestigungsset\/","name":"Riddell Speedflex Facemask Befestigungsset - Meyer Sports","isPartOf":{"@id":"https:\/\/www.meyer-sports.com\/de\/#website"},"primaryImageOfPage":{"@id":"https:\/\/www.meyer-sports.com\/de\/produkt\/riddell-speedflex-facemask-befestigungsset\/#primaryimage"},"image":{"@id":"https:\/\/www.meyer-sports.com\/de\/produkt\/riddell-speedflex-facemask-befestigungsset\/#primaryimage"},"thumbnailUrl":"https:\/\/www.meyer-sports.com\/wp-content\/uploads\/2026\/02\/Speedflex-Quick-Release-Hardware-Kit.png","datePublished":"2026-02-16T13:15:10+00:00","breadcrumb":{"@id":"https:\/\/www.meyer-sports.com\/de\/produkt\/riddell-speedflex-facemask-befestigungsset\/#breadcrumb"},"inLanguage":"de","potentialAction":[{"@type":"ReadAction","target":["https:\/\/www.meyer-sports.com\/de\/produkt\/riddell-speedflex-facemask-befestigungsset\/"]}]},{"@type":"ImageObject","inLanguage":"de","@id":"https:\/\/www.meyer-sports.com\/de\/produkt\/riddell-speedflex-facemask-befestigungsset\/#primaryimage","url":"https:\/\/www.meyer-sports.com\/wp-content\/uploads\/2026\/02\/Speedflex-Quick-Release-Hardware-Kit.png","contentUrl":"https:\/\/www.meyer-sports.com\/wp-content\/uploads\/2026\/02\/Speedflex-Quick-Release-Hardware-Kit.png","width":910,"height":909},{"@type":"BreadcrumbList","@id":"https:\/\/www.meyer-sports.com\/de\/produkt\/riddell-speedflex-facemask-befestigungsset\/#breadcrumb","itemListElement":[{"@type":"ListItem","position":1,"name":"Home","item":"https:\/\/www.meyer-sports.com\/de\/"},{"@type":"ListItem","position":2,"name":"Shop","item":"https:\/\/www.meyer-sports.com\/de\/shop\/"},{"@type":"ListItem","position":3,"name":"Riddell Speedflex Facemask Befestigungsset"}]},{"@type":"WebSite","@id":"https:\/\/www.meyer-sports.com\/de\/#website","url":"https:\/\/www.meyer-sports.com\/de\/","name":"Meyer Sports","description":"American Football Equipment \u2013 Helmets, Shoulder Pads &amp; Gear","publisher":{"@id":"https:\/\/www.meyer-sports.com\/de\/#organization"},"alternateName":"Meyer Marketing","potentialAction":[{"@type":"SearchAction","target":{"@type":"EntryPoint","urlTemplate":"https:\/\/www.meyer-sports.com\/de\/?s={search_term_string}"},"query-input":{"@type":"PropertyValueSpecification","valueRequired":true,"valueName":"search_term_string"}}],"inLanguage":"de"},{"@type":"Organization","@id":"https:\/\/www.meyer-sports.com\/de\/#organization","name":"Meyer Sports","url":"https:\/\/www.meyer-sports.com\/de\/","logo":{"@type":"ImageObject","inLanguage":"de","@id":"https:\/\/www.meyer-sports.com\/de\/#\/schema\/logo\/image\/","url":"https:\/\/www.meyer-sports.com\/wp-content\/uploads\/2025\/08\/cropped-MeyerSports-Wort-Bild-Marke-RGB-Black-Horizontal-2000px.png","contentUrl":"https:\/\/www.meyer-sports.com\/wp-content\/uploads\/2025\/08\/cropped-MeyerSports-Wort-Bild-Marke-RGB-Black-Horizontal-2000px.png","width":1999,"height":263,"caption":"Meyer Sports"},"image":{"@id":"https:\/\/www.meyer-sports.com\/de\/#\/schema\/logo\/image\/"},"sameAs":["https:\/\/www.facebook.com\/profile.php?id=100083396525976"]}]}},"_links":{"self":[{"href":"https:\/\/www.meyer-sports.com\/de\/wp-json\/wp\/v2\/product\/7693","targetHints":{"allow":["GET"]}}],"collection":[{"href":"https:\/\/www.meyer-sports.com\/de\/wp-json\/wp\/v2\/product"}],"about":[{"href":"https:\/\/www.meyer-sports.com\/de\/wp-json\/wp\/v2\/types\/product"}],"replies":[{"embeddable":true,"href":"https:\/\/www.meyer-sports.com\/de\/wp-json\/wp\/v2\/comments?post=7693"}],"wp:featuredmedia":[{"embeddable":true,"href":"https:\/\/www.meyer-sports.com\/de\/wp-json\/wp\/v2\/media\/6612"}],"wp:attachment":[{"href":"https:\/\/www.meyer-sports.com\/de\/wp-json\/wp\/v2\/media?parent=7693"}],"wp:term":[{"taxonomy":"product_brand","embeddable":true,"href":"https:\/\/www.meyer-sports.com\/de\/wp-json\/wp\/v2\/product_brand?post=7693"},{"taxonomy":"product_cat","embeddable":true,"href":"https:\/\/www.meyer-sports.com\/de\/wp-json\/wp\/v2\/product_cat?post=7693"},{"taxonomy":"product_tag","embeddable":true,"href":"https:\/\/www.meyer-sports.com\/de\/wp-json\/wp\/v2\/product_tag?post=7693"}],"curies":[{"name":"wp","href":"https:\/\/api.w.org\/{rel}","templated":true}]}}