{"id":7443,"date":"2026-02-17T10:29:44","date_gmt":"2026-02-17T09:29:44","guid":{"rendered":"https:\/\/www.meyer-sports.com\/produkt\/riddell-speed-threaded-valve-retainer-grommet\/"},"modified":"2026-03-06T14:10:26","modified_gmt":"2026-03-06T13:10:26","slug":"riddell-speed-threaded-valve-retainer-grommet","status":"publish","type":"product","link":"https:\/\/www.meyer-sports.com\/de\/produkt\/riddell-speed-threaded-valve-retainer-grommet\/","title":{"rendered":"Riddell Speed Threaded Valve Retainer Grommet"},"content":{"rendered":"<ul>\n<li>Schraubgewinde-Ventilhalterung f\u00fcr Riddell Speed Helme, verwendet im Aufblas-\/Innenfuttersystem <\/li>\n<li>Kompatibel mit dem Riddell Speed Icon Helm <\/li>\n<li>Dient als Ersatzhalterung f\u00fcr abgenutzte oder fehlende Teile im Innenfuttersystem des Helms <\/li>\n<li>Sorgt f\u00fcr einen festen, sicheren Sitz des Ventils und gew\u00e4hrleistet eine ordnungsgem\u00e4\u00dfe Luftr\u00fcckhaltung in den aufblasbaren Polstern <\/li>\n<li>Robuste Konstruktion f\u00fcr gleichbleibende Leistung w\u00e4hrend des Spiels und bei der Wartung der Ausr\u00fcstung <\/li>\n<\/ul>\n","protected":false},"excerpt":{"rendered":"<p>Schraubgewinde-Ventilhalterung f\u00fcr Riddell Speed Helme, verwendet im Aufblas-\/Innenfuttersystem Kompatibel mit dem Riddell Speed Icon Helm Dient als Ersatzhalterung f\u00fcr abgenutzte oder fehlende Teile im Innenfuttersystem des Helms Sorgt f\u00fcr einen festen, sicheren Sitz des Ventils und gew\u00e4hrleistet eine ordnungsgem\u00e4\u00dfe Luftr\u00fcckhaltung in den aufblasbaren Polstern Robuste Konstruktion f\u00fcr gleichbleibende Leistung w\u00e4hrend des Spiels und bei der [&hellip;]<\/p>\n","protected":false},"featured_media":7266,"comment_status":"open","ping_status":"closed","template":"","meta":{"_acf_changed":false},"product_brand":[427],"product_cat":[480],"product_tag":[],"class_list":{"0":"post-7443","1":"product","2":"type-product","3":"status-publish","4":"has-post-thumbnail","6":"product_brand-riddell","7":"product_cat-riddell-hardware","9":"first","10":"instock","11":"taxable","12":"shipping-taxable","13":"purchasable","14":"product-type-simple"},"acf":[],"yoast_head":"<!-- This site is optimized with the Yoast SEO plugin v27.1.1 - https:\/\/yoast.com\/product\/yoast-seo-wordpress\/ -->\n<title>Riddell Speed Threaded Valve Retainer Grommet - Meyer Sports<\/title>\n<meta name=\"robots\" content=\"index, follow, max-snippet:-1, max-image-preview:large, max-video-preview:-1\" \/>\n<link rel=\"canonical\" href=\"https:\/\/www.meyer-sports.com\/de\/produkt\/riddell-speed-threaded-valve-retainer-grommet\/\" \/>\n<meta property=\"og:locale\" content=\"de_DE\" \/>\n<meta property=\"og:type\" content=\"article\" \/>\n<meta property=\"og:title\" content=\"Riddell Speed Threaded Valve Retainer Grommet - Meyer Sports\" \/>\n<meta property=\"og:description\" content=\"Schraubgewinde-Ventilhalterung f\u00fcr Riddell Speed Helme, verwendet im Aufblas-\/Innenfuttersystem Kompatibel mit dem Riddell Speed Icon Helm Dient als Ersatzhalterung f\u00fcr abgenutzte oder fehlende Teile im Innenfuttersystem des Helms Sorgt f\u00fcr einen festen, sicheren Sitz des Ventils und gew\u00e4hrleistet eine ordnungsgem\u00e4\u00dfe Luftr\u00fcckhaltung in den aufblasbaren Polstern Robuste Konstruktion f\u00fcr gleichbleibende Leistung w\u00e4hrend des Spiels und bei der [&hellip;]\" \/>\n<meta property=\"og:url\" content=\"https:\/\/www.meyer-sports.com\/de\/produkt\/riddell-speed-threaded-valve-retainer-grommet\/\" \/>\n<meta property=\"og:site_name\" content=\"Meyer Sports\" \/>\n<meta property=\"article:publisher\" content=\"https:\/\/www.facebook.com\/profile.php?id=100083396525976\" \/>\n<meta property=\"article:modified_time\" content=\"2026-03-06T13:10:26+00:00\" \/>\n<meta property=\"og:image\" content=\"https:\/\/www.meyer-sports.com\/wp-content\/uploads\/2026\/02\/Design-ohne-Titel19.png\" \/>\n\t<meta property=\"og:image:width\" content=\"2000\" \/>\n\t<meta property=\"og:image:height\" content=\"2000\" \/>\n\t<meta property=\"og:image:type\" content=\"image\/png\" \/>\n<meta name=\"twitter:card\" content=\"summary_large_image\" \/>\n<script type=\"application\/ld+json\" class=\"yoast-schema-graph\">{\"@context\":\"https:\/\/schema.org\",\"@graph\":[{\"@type\":\"WebPage\",\"@id\":\"https:\/\/www.meyer-sports.com\/de\/produkt\/riddell-speed-threaded-valve-retainer-grommet\/\",\"url\":\"https:\/\/www.meyer-sports.com\/de\/produkt\/riddell-speed-threaded-valve-retainer-grommet\/\",\"name\":\"Riddell Speed Threaded Valve Retainer Grommet - Meyer Sports\",\"isPartOf\":{\"@id\":\"https:\/\/www.meyer-sports.com\/de\/#website\"},\"primaryImageOfPage\":{\"@id\":\"https:\/\/www.meyer-sports.com\/de\/produkt\/riddell-speed-threaded-valve-retainer-grommet\/#primaryimage\"},\"image\":{\"@id\":\"https:\/\/www.meyer-sports.com\/de\/produkt\/riddell-speed-threaded-valve-retainer-grommet\/#primaryimage\"},\"thumbnailUrl\":\"https:\/\/www.meyer-sports.com\/wp-content\/uploads\/2026\/02\/Design-ohne-Titel19.png\",\"datePublished\":\"2026-02-17T09:29:44+00:00\",\"dateModified\":\"2026-03-06T13:10:26+00:00\",\"breadcrumb\":{\"@id\":\"https:\/\/www.meyer-sports.com\/de\/produkt\/riddell-speed-threaded-valve-retainer-grommet\/#breadcrumb\"},\"inLanguage\":\"de\",\"potentialAction\":[{\"@type\":\"ReadAction\",\"target\":[\"https:\/\/www.meyer-sports.com\/de\/produkt\/riddell-speed-threaded-valve-retainer-grommet\/\"]}]},{\"@type\":\"ImageObject\",\"inLanguage\":\"de\",\"@id\":\"https:\/\/www.meyer-sports.com\/de\/produkt\/riddell-speed-threaded-valve-retainer-grommet\/#primaryimage\",\"url\":\"https:\/\/www.meyer-sports.com\/wp-content\/uploads\/2026\/02\/Design-ohne-Titel19.png\",\"contentUrl\":\"https:\/\/www.meyer-sports.com\/wp-content\/uploads\/2026\/02\/Design-ohne-Titel19.png\",\"width\":2000,\"height\":2000},{\"@type\":\"BreadcrumbList\",\"@id\":\"https:\/\/www.meyer-sports.com\/de\/produkt\/riddell-speed-threaded-valve-retainer-grommet\/#breadcrumb\",\"itemListElement\":[{\"@type\":\"ListItem\",\"position\":1,\"name\":\"Home\",\"item\":\"https:\/\/www.meyer-sports.com\/de\/\"},{\"@type\":\"ListItem\",\"position\":2,\"name\":\"Shop\",\"item\":\"https:\/\/www.meyer-sports.com\/de\/shop\/\"},{\"@type\":\"ListItem\",\"position\":3,\"name\":\"Riddell Speed Threaded Valve Retainer Grommet\"}]},{\"@type\":\"WebSite\",\"@id\":\"https:\/\/www.meyer-sports.com\/de\/#website\",\"url\":\"https:\/\/www.meyer-sports.com\/de\/\",\"name\":\"Meyer Sports\",\"description\":\"American Football Equipment \u2013 Helmets, Shoulder Pads &amp; Gear\",\"publisher\":{\"@id\":\"https:\/\/www.meyer-sports.com\/de\/#organization\"},\"alternateName\":\"Meyer Marketing\",\"potentialAction\":[{\"@type\":\"SearchAction\",\"target\":{\"@type\":\"EntryPoint\",\"urlTemplate\":\"https:\/\/www.meyer-sports.com\/de\/?s={search_term_string}\"},\"query-input\":{\"@type\":\"PropertyValueSpecification\",\"valueRequired\":true,\"valueName\":\"search_term_string\"}}],\"inLanguage\":\"de\"},{\"@type\":\"Organization\",\"@id\":\"https:\/\/www.meyer-sports.com\/de\/#organization\",\"name\":\"Meyer Sports\",\"url\":\"https:\/\/www.meyer-sports.com\/de\/\",\"logo\":{\"@type\":\"ImageObject\",\"inLanguage\":\"de\",\"@id\":\"https:\/\/www.meyer-sports.com\/de\/#\/schema\/logo\/image\/\",\"url\":\"https:\/\/www.meyer-sports.com\/wp-content\/uploads\/2025\/08\/cropped-MeyerSports-Wort-Bild-Marke-RGB-Black-Horizontal-2000px.png\",\"contentUrl\":\"https:\/\/www.meyer-sports.com\/wp-content\/uploads\/2025\/08\/cropped-MeyerSports-Wort-Bild-Marke-RGB-Black-Horizontal-2000px.png\",\"width\":1999,\"height\":263,\"caption\":\"Meyer Sports\"},\"image\":{\"@id\":\"https:\/\/www.meyer-sports.com\/de\/#\/schema\/logo\/image\/\"},\"sameAs\":[\"https:\/\/www.facebook.com\/profile.php?id=100083396525976\"]}]}<\/script>\n<!-- \/ Yoast SEO plugin. -->","yoast_head_json":{"title":"Riddell Speed Threaded Valve Retainer Grommet - Meyer Sports","robots":{"index":"index","follow":"follow","max-snippet":"max-snippet:-1","max-image-preview":"max-image-preview:large","max-video-preview":"max-video-preview:-1"},"canonical":"https:\/\/www.meyer-sports.com\/de\/produkt\/riddell-speed-threaded-valve-retainer-grommet\/","og_locale":"de_DE","og_type":"article","og_title":"Riddell Speed Threaded Valve Retainer Grommet - Meyer Sports","og_description":"Schraubgewinde-Ventilhalterung f\u00fcr Riddell Speed Helme, verwendet im Aufblas-\/Innenfuttersystem Kompatibel mit dem Riddell Speed Icon Helm Dient als Ersatzhalterung f\u00fcr abgenutzte oder fehlende Teile im Innenfuttersystem des Helms Sorgt f\u00fcr einen festen, sicheren Sitz des Ventils und gew\u00e4hrleistet eine ordnungsgem\u00e4\u00dfe Luftr\u00fcckhaltung in den aufblasbaren Polstern Robuste Konstruktion f\u00fcr gleichbleibende Leistung w\u00e4hrend des Spiels und bei der [&hellip;]","og_url":"https:\/\/www.meyer-sports.com\/de\/produkt\/riddell-speed-threaded-valve-retainer-grommet\/","og_site_name":"Meyer Sports","article_publisher":"https:\/\/www.facebook.com\/profile.php?id=100083396525976","article_modified_time":"2026-03-06T13:10:26+00:00","og_image":[{"width":2000,"height":2000,"url":"https:\/\/www.meyer-sports.com\/wp-content\/uploads\/2026\/02\/Design-ohne-Titel19.png","type":"image\/png"}],"twitter_card":"summary_large_image","schema":{"@context":"https:\/\/schema.org","@graph":[{"@type":"WebPage","@id":"https:\/\/www.meyer-sports.com\/de\/produkt\/riddell-speed-threaded-valve-retainer-grommet\/","url":"https:\/\/www.meyer-sports.com\/de\/produkt\/riddell-speed-threaded-valve-retainer-grommet\/","name":"Riddell Speed Threaded Valve Retainer Grommet - Meyer Sports","isPartOf":{"@id":"https:\/\/www.meyer-sports.com\/de\/#website"},"primaryImageOfPage":{"@id":"https:\/\/www.meyer-sports.com\/de\/produkt\/riddell-speed-threaded-valve-retainer-grommet\/#primaryimage"},"image":{"@id":"https:\/\/www.meyer-sports.com\/de\/produkt\/riddell-speed-threaded-valve-retainer-grommet\/#primaryimage"},"thumbnailUrl":"https:\/\/www.meyer-sports.com\/wp-content\/uploads\/2026\/02\/Design-ohne-Titel19.png","datePublished":"2026-02-17T09:29:44+00:00","dateModified":"2026-03-06T13:10:26+00:00","breadcrumb":{"@id":"https:\/\/www.meyer-sports.com\/de\/produkt\/riddell-speed-threaded-valve-retainer-grommet\/#breadcrumb"},"inLanguage":"de","potentialAction":[{"@type":"ReadAction","target":["https:\/\/www.meyer-sports.com\/de\/produkt\/riddell-speed-threaded-valve-retainer-grommet\/"]}]},{"@type":"ImageObject","inLanguage":"de","@id":"https:\/\/www.meyer-sports.com\/de\/produkt\/riddell-speed-threaded-valve-retainer-grommet\/#primaryimage","url":"https:\/\/www.meyer-sports.com\/wp-content\/uploads\/2026\/02\/Design-ohne-Titel19.png","contentUrl":"https:\/\/www.meyer-sports.com\/wp-content\/uploads\/2026\/02\/Design-ohne-Titel19.png","width":2000,"height":2000},{"@type":"BreadcrumbList","@id":"https:\/\/www.meyer-sports.com\/de\/produkt\/riddell-speed-threaded-valve-retainer-grommet\/#breadcrumb","itemListElement":[{"@type":"ListItem","position":1,"name":"Home","item":"https:\/\/www.meyer-sports.com\/de\/"},{"@type":"ListItem","position":2,"name":"Shop","item":"https:\/\/www.meyer-sports.com\/de\/shop\/"},{"@type":"ListItem","position":3,"name":"Riddell Speed Threaded Valve Retainer Grommet"}]},{"@type":"WebSite","@id":"https:\/\/www.meyer-sports.com\/de\/#website","url":"https:\/\/www.meyer-sports.com\/de\/","name":"Meyer Sports","description":"American Football Equipment \u2013 Helmets, Shoulder Pads &amp; Gear","publisher":{"@id":"https:\/\/www.meyer-sports.com\/de\/#organization"},"alternateName":"Meyer Marketing","potentialAction":[{"@type":"SearchAction","target":{"@type":"EntryPoint","urlTemplate":"https:\/\/www.meyer-sports.com\/de\/?s={search_term_string}"},"query-input":{"@type":"PropertyValueSpecification","valueRequired":true,"valueName":"search_term_string"}}],"inLanguage":"de"},{"@type":"Organization","@id":"https:\/\/www.meyer-sports.com\/de\/#organization","name":"Meyer Sports","url":"https:\/\/www.meyer-sports.com\/de\/","logo":{"@type":"ImageObject","inLanguage":"de","@id":"https:\/\/www.meyer-sports.com\/de\/#\/schema\/logo\/image\/","url":"https:\/\/www.meyer-sports.com\/wp-content\/uploads\/2025\/08\/cropped-MeyerSports-Wort-Bild-Marke-RGB-Black-Horizontal-2000px.png","contentUrl":"https:\/\/www.meyer-sports.com\/wp-content\/uploads\/2025\/08\/cropped-MeyerSports-Wort-Bild-Marke-RGB-Black-Horizontal-2000px.png","width":1999,"height":263,"caption":"Meyer Sports"},"image":{"@id":"https:\/\/www.meyer-sports.com\/de\/#\/schema\/logo\/image\/"},"sameAs":["https:\/\/www.facebook.com\/profile.php?id=100083396525976"]}]}},"_links":{"self":[{"href":"https:\/\/www.meyer-sports.com\/de\/wp-json\/wp\/v2\/product\/7443","targetHints":{"allow":["GET"]}}],"collection":[{"href":"https:\/\/www.meyer-sports.com\/de\/wp-json\/wp\/v2\/product"}],"about":[{"href":"https:\/\/www.meyer-sports.com\/de\/wp-json\/wp\/v2\/types\/product"}],"replies":[{"embeddable":true,"href":"https:\/\/www.meyer-sports.com\/de\/wp-json\/wp\/v2\/comments?post=7443"}],"wp:featuredmedia":[{"embeddable":true,"href":"https:\/\/www.meyer-sports.com\/de\/wp-json\/wp\/v2\/media\/7266"}],"wp:attachment":[{"href":"https:\/\/www.meyer-sports.com\/de\/wp-json\/wp\/v2\/media?parent=7443"}],"wp:term":[{"taxonomy":"product_brand","embeddable":true,"href":"https:\/\/www.meyer-sports.com\/de\/wp-json\/wp\/v2\/product_brand?post=7443"},{"taxonomy":"product_cat","embeddable":true,"href":"https:\/\/www.meyer-sports.com\/de\/wp-json\/wp\/v2\/product_cat?post=7443"},{"taxonomy":"product_tag","embeddable":true,"href":"https:\/\/www.meyer-sports.com\/de\/wp-json\/wp\/v2\/product_tag?post=7443"}],"curies":[{"name":"wp","href":"https:\/\/api.w.org\/{rel}","templated":true}]}}