{"id":7398,"date":"2026-02-17T11:47:32","date_gmt":"2026-02-17T10:47:32","guid":{"rendered":"https:\/\/www.meyer-sports.com\/produkt\/riddell-deluxe-helm-pumpe-glycerin-kit\/"},"modified":"2026-04-08T11:30:23","modified_gmt":"2026-04-08T09:30:23","slug":"riddell-deluxe-helm-pumpe-glycerin-kit","status":"publish","type":"product","link":"https:\/\/www.meyer-sports.com\/de\/produkt\/riddell-deluxe-helm-pumpe-glycerin-kit\/","title":{"rendered":"Riddell Deluxe Helm Pumpe &amp; Glycerin Kit"},"content":{"rendered":"<ul>\n<li>Helmpumpe f\u00fcr alle Riddell Helme mit aufblasbaren Pads <\/li>\n<li>Enth\u00e4lt Pumpe, Inflationsnadel und 30ml Glycerin Fl\u00e4schchen  <\/li>\n<li>Glycerin verhindert das Durchstechen der Auskleidung beim Aufblasen <\/li>\n<li>Erm\u00f6glicht einfaches Aufblasen und Entleeren f\u00fcr eine bequeme Passform des Helms <\/li>\n<li>Speziell f\u00fcr die Riddell-Aufblasventile aller Helmmodelle entwickelt <\/li>\n<\/ul>\n","protected":false},"excerpt":{"rendered":"<p>Helmpumpe f\u00fcr alle Riddell Helme mit aufblasbaren Pads Enth\u00e4lt Pumpe, Inflationsnadel und 30ml Glycerin Fl\u00e4schchen Glycerin verhindert das Durchstechen der Auskleidung beim Aufblasen Erm\u00f6glicht einfaches Aufblasen und Entleeren f\u00fcr eine bequeme Passform des Helms Speziell f\u00fcr die Riddell-Aufblasventile aller Helmmodelle entwickelt<\/p>\n","protected":false},"featured_media":7840,"comment_status":"open","ping_status":"closed","template":"","meta":{"_acf_changed":false},"product_brand":[427],"product_cat":[479],"product_tag":[],"class_list":{"0":"post-7398","1":"product","2":"type-product","3":"status-publish","4":"has-post-thumbnail","6":"product_brand-riddell","7":"product_cat-riddell-accessories","9":"first","10":"instock","11":"taxable","12":"shipping-taxable","13":"purchasable","14":"product-type-simple"},"acf":[],"yoast_head":"<!-- This site is optimized with the Yoast SEO plugin v27.1.1 - https:\/\/yoast.com\/product\/yoast-seo-wordpress\/ -->\n<title>Riddell Deluxe Helm Pumpe &amp; Glycerin Kit - Meyer Sports<\/title>\n<meta name=\"robots\" content=\"index, follow, max-snippet:-1, max-image-preview:large, max-video-preview:-1\" \/>\n<link rel=\"canonical\" href=\"https:\/\/www.meyer-sports.com\/de\/produkt\/riddell-deluxe-helm-pumpe-glycerin-kit\/\" \/>\n<meta property=\"og:locale\" content=\"de_DE\" \/>\n<meta property=\"og:type\" content=\"article\" \/>\n<meta property=\"og:title\" content=\"Riddell Deluxe Helm Pumpe &amp; Glycerin Kit - Meyer Sports\" \/>\n<meta property=\"og:description\" content=\"Helmpumpe f\u00fcr alle Riddell Helme mit aufblasbaren Pads Enth\u00e4lt Pumpe, Inflationsnadel und 30ml Glycerin Fl\u00e4schchen Glycerin verhindert das Durchstechen der Auskleidung beim Aufblasen Erm\u00f6glicht einfaches Aufblasen und Entleeren f\u00fcr eine bequeme Passform des Helms Speziell f\u00fcr die Riddell-Aufblasventile aller Helmmodelle entwickelt\" \/>\n<meta property=\"og:url\" content=\"https:\/\/www.meyer-sports.com\/de\/produkt\/riddell-deluxe-helm-pumpe-glycerin-kit\/\" \/>\n<meta property=\"og:site_name\" content=\"Meyer Sports\" \/>\n<meta property=\"article:publisher\" content=\"https:\/\/www.facebook.com\/profile.php?id=100083396525976\" \/>\n<meta property=\"article:modified_time\" content=\"2026-04-08T09:30:23+00:00\" \/>\n<meta property=\"og:image\" content=\"https:\/\/www.meyer-sports.com\/wp-content\/uploads\/2026\/02\/Premium-Inflation-Pump-Glycerin-Kit.png\" \/>\n\t<meta property=\"og:image:width\" content=\"1500\" \/>\n\t<meta property=\"og:image:height\" content=\"1500\" \/>\n\t<meta property=\"og:image:type\" content=\"image\/png\" \/>\n<meta name=\"twitter:card\" content=\"summary_large_image\" \/>\n<script type=\"application\/ld+json\" class=\"yoast-schema-graph\">{\"@context\":\"https:\/\/schema.org\",\"@graph\":[{\"@type\":\"WebPage\",\"@id\":\"https:\/\/www.meyer-sports.com\/de\/produkt\/riddell-deluxe-helm-pumpe-glycerin-kit\/\",\"url\":\"https:\/\/www.meyer-sports.com\/de\/produkt\/riddell-deluxe-helm-pumpe-glycerin-kit\/\",\"name\":\"Riddell Deluxe Helm Pumpe &amp; Glycerin Kit - Meyer Sports\",\"isPartOf\":{\"@id\":\"https:\/\/www.meyer-sports.com\/de\/#website\"},\"primaryImageOfPage\":{\"@id\":\"https:\/\/www.meyer-sports.com\/de\/produkt\/riddell-deluxe-helm-pumpe-glycerin-kit\/#primaryimage\"},\"image\":{\"@id\":\"https:\/\/www.meyer-sports.com\/de\/produkt\/riddell-deluxe-helm-pumpe-glycerin-kit\/#primaryimage\"},\"thumbnailUrl\":\"https:\/\/www.meyer-sports.com\/wp-content\/uploads\/2026\/02\/Premium-Inflation-Pump-Glycerin-Kit-1.png\",\"datePublished\":\"2026-02-17T10:47:32+00:00\",\"dateModified\":\"2026-04-08T09:30:23+00:00\",\"breadcrumb\":{\"@id\":\"https:\/\/www.meyer-sports.com\/de\/produkt\/riddell-deluxe-helm-pumpe-glycerin-kit\/#breadcrumb\"},\"inLanguage\":\"de\",\"potentialAction\":[{\"@type\":\"ReadAction\",\"target\":[\"https:\/\/www.meyer-sports.com\/de\/produkt\/riddell-deluxe-helm-pumpe-glycerin-kit\/\"]}]},{\"@type\":\"ImageObject\",\"inLanguage\":\"de\",\"@id\":\"https:\/\/www.meyer-sports.com\/de\/produkt\/riddell-deluxe-helm-pumpe-glycerin-kit\/#primaryimage\",\"url\":\"https:\/\/www.meyer-sports.com\/wp-content\/uploads\/2026\/02\/Premium-Inflation-Pump-Glycerin-Kit-1.png\",\"contentUrl\":\"https:\/\/www.meyer-sports.com\/wp-content\/uploads\/2026\/02\/Premium-Inflation-Pump-Glycerin-Kit-1.png\",\"width\":1500,\"height\":1500},{\"@type\":\"BreadcrumbList\",\"@id\":\"https:\/\/www.meyer-sports.com\/de\/produkt\/riddell-deluxe-helm-pumpe-glycerin-kit\/#breadcrumb\",\"itemListElement\":[{\"@type\":\"ListItem\",\"position\":1,\"name\":\"Home\",\"item\":\"https:\/\/www.meyer-sports.com\/de\/\"},{\"@type\":\"ListItem\",\"position\":2,\"name\":\"Shop\",\"item\":\"https:\/\/www.meyer-sports.com\/de\/shop\/\"},{\"@type\":\"ListItem\",\"position\":3,\"name\":\"Riddell Deluxe Helm Pumpe &amp; Glycerin Kit\"}]},{\"@type\":\"WebSite\",\"@id\":\"https:\/\/www.meyer-sports.com\/de\/#website\",\"url\":\"https:\/\/www.meyer-sports.com\/de\/\",\"name\":\"Meyer Sports\",\"description\":\"American Football Equipment \u2013 Helmets, Shoulder Pads &amp; Gear\",\"publisher\":{\"@id\":\"https:\/\/www.meyer-sports.com\/de\/#organization\"},\"alternateName\":\"Meyer Marketing\",\"potentialAction\":[{\"@type\":\"SearchAction\",\"target\":{\"@type\":\"EntryPoint\",\"urlTemplate\":\"https:\/\/www.meyer-sports.com\/de\/?s={search_term_string}\"},\"query-input\":{\"@type\":\"PropertyValueSpecification\",\"valueRequired\":true,\"valueName\":\"search_term_string\"}}],\"inLanguage\":\"de\"},{\"@type\":\"Organization\",\"@id\":\"https:\/\/www.meyer-sports.com\/de\/#organization\",\"name\":\"Meyer Sports\",\"url\":\"https:\/\/www.meyer-sports.com\/de\/\",\"logo\":{\"@type\":\"ImageObject\",\"inLanguage\":\"de\",\"@id\":\"https:\/\/www.meyer-sports.com\/de\/#\/schema\/logo\/image\/\",\"url\":\"https:\/\/www.meyer-sports.com\/wp-content\/uploads\/2025\/08\/cropped-MeyerSports-Wort-Bild-Marke-RGB-Black-Horizontal-2000px.png\",\"contentUrl\":\"https:\/\/www.meyer-sports.com\/wp-content\/uploads\/2025\/08\/cropped-MeyerSports-Wort-Bild-Marke-RGB-Black-Horizontal-2000px.png\",\"width\":1999,\"height\":263,\"caption\":\"Meyer Sports\"},\"image\":{\"@id\":\"https:\/\/www.meyer-sports.com\/de\/#\/schema\/logo\/image\/\"},\"sameAs\":[\"https:\/\/www.facebook.com\/profile.php?id=100083396525976\"]}]}<\/script>\n<!-- \/ Yoast SEO plugin. -->","yoast_head_json":{"title":"Riddell Deluxe Helm Pumpe &amp; Glycerin Kit - Meyer Sports","robots":{"index":"index","follow":"follow","max-snippet":"max-snippet:-1","max-image-preview":"max-image-preview:large","max-video-preview":"max-video-preview:-1"},"canonical":"https:\/\/www.meyer-sports.com\/de\/produkt\/riddell-deluxe-helm-pumpe-glycerin-kit\/","og_locale":"de_DE","og_type":"article","og_title":"Riddell Deluxe Helm Pumpe &amp; Glycerin Kit - Meyer Sports","og_description":"Helmpumpe f\u00fcr alle Riddell Helme mit aufblasbaren Pads Enth\u00e4lt Pumpe, Inflationsnadel und 30ml Glycerin Fl\u00e4schchen Glycerin verhindert das Durchstechen der Auskleidung beim Aufblasen Erm\u00f6glicht einfaches Aufblasen und Entleeren f\u00fcr eine bequeme Passform des Helms Speziell f\u00fcr die Riddell-Aufblasventile aller Helmmodelle entwickelt","og_url":"https:\/\/www.meyer-sports.com\/de\/produkt\/riddell-deluxe-helm-pumpe-glycerin-kit\/","og_site_name":"Meyer Sports","article_publisher":"https:\/\/www.facebook.com\/profile.php?id=100083396525976","article_modified_time":"2026-04-08T09:30:23+00:00","og_image":[{"width":1500,"height":1500,"url":"https:\/\/www.meyer-sports.com\/wp-content\/uploads\/2026\/02\/Premium-Inflation-Pump-Glycerin-Kit.png","type":"image\/png"}],"twitter_card":"summary_large_image","schema":{"@context":"https:\/\/schema.org","@graph":[{"@type":"WebPage","@id":"https:\/\/www.meyer-sports.com\/de\/produkt\/riddell-deluxe-helm-pumpe-glycerin-kit\/","url":"https:\/\/www.meyer-sports.com\/de\/produkt\/riddell-deluxe-helm-pumpe-glycerin-kit\/","name":"Riddell Deluxe Helm Pumpe &amp; Glycerin Kit - Meyer Sports","isPartOf":{"@id":"https:\/\/www.meyer-sports.com\/de\/#website"},"primaryImageOfPage":{"@id":"https:\/\/www.meyer-sports.com\/de\/produkt\/riddell-deluxe-helm-pumpe-glycerin-kit\/#primaryimage"},"image":{"@id":"https:\/\/www.meyer-sports.com\/de\/produkt\/riddell-deluxe-helm-pumpe-glycerin-kit\/#primaryimage"},"thumbnailUrl":"https:\/\/www.meyer-sports.com\/wp-content\/uploads\/2026\/02\/Premium-Inflation-Pump-Glycerin-Kit-1.png","datePublished":"2026-02-17T10:47:32+00:00","dateModified":"2026-04-08T09:30:23+00:00","breadcrumb":{"@id":"https:\/\/www.meyer-sports.com\/de\/produkt\/riddell-deluxe-helm-pumpe-glycerin-kit\/#breadcrumb"},"inLanguage":"de","potentialAction":[{"@type":"ReadAction","target":["https:\/\/www.meyer-sports.com\/de\/produkt\/riddell-deluxe-helm-pumpe-glycerin-kit\/"]}]},{"@type":"ImageObject","inLanguage":"de","@id":"https:\/\/www.meyer-sports.com\/de\/produkt\/riddell-deluxe-helm-pumpe-glycerin-kit\/#primaryimage","url":"https:\/\/www.meyer-sports.com\/wp-content\/uploads\/2026\/02\/Premium-Inflation-Pump-Glycerin-Kit-1.png","contentUrl":"https:\/\/www.meyer-sports.com\/wp-content\/uploads\/2026\/02\/Premium-Inflation-Pump-Glycerin-Kit-1.png","width":1500,"height":1500},{"@type":"BreadcrumbList","@id":"https:\/\/www.meyer-sports.com\/de\/produkt\/riddell-deluxe-helm-pumpe-glycerin-kit\/#breadcrumb","itemListElement":[{"@type":"ListItem","position":1,"name":"Home","item":"https:\/\/www.meyer-sports.com\/de\/"},{"@type":"ListItem","position":2,"name":"Shop","item":"https:\/\/www.meyer-sports.com\/de\/shop\/"},{"@type":"ListItem","position":3,"name":"Riddell Deluxe Helm Pumpe &amp; Glycerin Kit"}]},{"@type":"WebSite","@id":"https:\/\/www.meyer-sports.com\/de\/#website","url":"https:\/\/www.meyer-sports.com\/de\/","name":"Meyer Sports","description":"American Football Equipment \u2013 Helmets, Shoulder Pads &amp; Gear","publisher":{"@id":"https:\/\/www.meyer-sports.com\/de\/#organization"},"alternateName":"Meyer Marketing","potentialAction":[{"@type":"SearchAction","target":{"@type":"EntryPoint","urlTemplate":"https:\/\/www.meyer-sports.com\/de\/?s={search_term_string}"},"query-input":{"@type":"PropertyValueSpecification","valueRequired":true,"valueName":"search_term_string"}}],"inLanguage":"de"},{"@type":"Organization","@id":"https:\/\/www.meyer-sports.com\/de\/#organization","name":"Meyer Sports","url":"https:\/\/www.meyer-sports.com\/de\/","logo":{"@type":"ImageObject","inLanguage":"de","@id":"https:\/\/www.meyer-sports.com\/de\/#\/schema\/logo\/image\/","url":"https:\/\/www.meyer-sports.com\/wp-content\/uploads\/2025\/08\/cropped-MeyerSports-Wort-Bild-Marke-RGB-Black-Horizontal-2000px.png","contentUrl":"https:\/\/www.meyer-sports.com\/wp-content\/uploads\/2025\/08\/cropped-MeyerSports-Wort-Bild-Marke-RGB-Black-Horizontal-2000px.png","width":1999,"height":263,"caption":"Meyer Sports"},"image":{"@id":"https:\/\/www.meyer-sports.com\/de\/#\/schema\/logo\/image\/"},"sameAs":["https:\/\/www.facebook.com\/profile.php?id=100083396525976"]}]}},"_links":{"self":[{"href":"https:\/\/www.meyer-sports.com\/de\/wp-json\/wp\/v2\/product\/7398","targetHints":{"allow":["GET"]}}],"collection":[{"href":"https:\/\/www.meyer-sports.com\/de\/wp-json\/wp\/v2\/product"}],"about":[{"href":"https:\/\/www.meyer-sports.com\/de\/wp-json\/wp\/v2\/types\/product"}],"replies":[{"embeddable":true,"href":"https:\/\/www.meyer-sports.com\/de\/wp-json\/wp\/v2\/comments?post=7398"}],"wp:featuredmedia":[{"embeddable":true,"href":"https:\/\/www.meyer-sports.com\/de\/wp-json\/wp\/v2\/media\/7840"}],"wp:attachment":[{"href":"https:\/\/www.meyer-sports.com\/de\/wp-json\/wp\/v2\/media?parent=7398"}],"wp:term":[{"taxonomy":"product_brand","embeddable":true,"href":"https:\/\/www.meyer-sports.com\/de\/wp-json\/wp\/v2\/product_brand?post=7398"},{"taxonomy":"product_cat","embeddable":true,"href":"https:\/\/www.meyer-sports.com\/de\/wp-json\/wp\/v2\/product_cat?post=7398"},{"taxonomy":"product_tag","embeddable":true,"href":"https:\/\/www.meyer-sports.com\/de\/wp-json\/wp\/v2\/product_tag?post=7398"}],"curies":[{"name":"wp","href":"https:\/\/api.w.org\/{rel}","templated":true}]}}