{"id":7071,"date":"2026-02-18T14:42:15","date_gmt":"2026-02-18T13:42:15","guid":{"rendered":"https:\/\/www.meyer-sports.com\/?post_type=product&#038;p=7071"},"modified":"2026-04-01T15:18:31","modified_gmt":"2026-04-01T13:18:31","slug":"adidas-adizero-electric-ii-american-football-schuhe","status":"publish","type":"product","link":"https:\/\/www.meyer-sports.com\/de\/produkt\/adidas-adizero-electric-ii-american-football-schuhe\/","title":{"rendered":"Adidas ADIZERO Electric + II American Football Schuhe"},"content":{"rendered":"<ul>\n<li>Entwickelt f\u00fcr alle, die Geschwindigkeit und Pr\u00e4zision verk\u00f6rpern <\/li>\n<li>Das durchgehende Primeknit-Obermaterial sorgt f\u00fcr maximalen Komfort und eine nahtlose Passform, w\u00e4hrend der Obermaterialbereich aus Wildleder deine gro\u00dfartigen Spielz\u00fcge direkt auf dem Spielfeld unterstreicht <\/li>\n<li>Darunter verf\u00fcgt der Schuh \u00fcber die Future Of Speed-Platte mit generativen Traktionsstellen, die dich zu H\u00f6chstgeschwindigkeiten antreiben<\/li>\n<li>Die Adidas Primeknit-Technologie kombiniert St\u00e4rke und nahtlosen Komfort und bietet ablenkungsfreie Bewegung und Flexibilit\u00e4t <\/li>\n<li>Sie sorgen bei jedem Spielzug f\u00fcr optimale Passform und Reaktionsf\u00e4higkeit<\/li>\n<li>Perfekt f\u00fcr alle, die Leistung und Innovation verlangen<\/li>\n<\/ul>\n","protected":false},"excerpt":{"rendered":"<p>Entwickelt f\u00fcr alle, die Geschwindigkeit und Pr\u00e4zision verk\u00f6rpern Das durchgehende Primeknit-Obermaterial sorgt f\u00fcr maximalen Komfort und eine nahtlose Passform, w\u00e4hrend der Obermaterialbereich aus Wildleder deine gro\u00dfartigen Spielz\u00fcge direkt auf dem Spielfeld unterstreicht Darunter verf\u00fcgt der Schuh \u00fcber die Future Of Speed-Platte mit generativen Traktionsstellen, die dich zu H\u00f6chstgeschwindigkeiten antreiben Die Adidas Primeknit-Technologie kombiniert St\u00e4rke und [&hellip;]<\/p>\n","protected":false},"featured_media":7122,"comment_status":"open","ping_status":"closed","template":"","meta":{"_acf_changed":false},"product_brand":[449],"product_cat":[494],"product_tag":[],"class_list":{"0":"post-7071","1":"product","2":"type-product","3":"status-publish","4":"has-post-thumbnail","6":"product_brand-adidas","7":"product_cat-schuhe","9":"first","10":"instock","11":"taxable","12":"shipping-taxable","13":"purchasable","14":"product-type-variable"},"acf":[],"yoast_head":"<!-- This site is optimized with the Yoast SEO plugin v27.1.1 - https:\/\/yoast.com\/product\/yoast-seo-wordpress\/ -->\n<title>Adidas Adizero Electric II Football Schuhe - Meyer Sports<\/title>\n<meta name=\"description\" content=\"Leicht und auf Agilit\u00e4t ausgelegt - der Adidas Adizero Electric II bietet schnelle Traktion, eine enge Passform und Komfort w\u00e4hrend des gesamten Spiels. Hol dir dein Paar jetzt bei Meyer Sports!\" \/>\n<meta name=\"robots\" content=\"index, follow, max-snippet:-1, max-image-preview:large, max-video-preview:-1\" \/>\n<link rel=\"canonical\" href=\"https:\/\/www.meyer-sports.com\/de\/produkt\/adidas-adizero-electric-ii-american-football-schuhe\/\" \/>\n<meta property=\"og:locale\" content=\"de_DE\" \/>\n<meta property=\"og:type\" content=\"article\" \/>\n<meta property=\"og:title\" content=\"Adidas Adizero Electric II Football Schuhe - Meyer Sports\" \/>\n<meta property=\"og:description\" content=\"Leicht und auf Agilit\u00e4t ausgelegt - der Adidas Adizero Electric II bietet schnelle Traktion, eine enge Passform und Komfort w\u00e4hrend des gesamten Spiels. Hol dir dein Paar jetzt bei Meyer Sports!\" \/>\n<meta property=\"og:url\" content=\"https:\/\/www.meyer-sports.com\/de\/produkt\/adidas-adizero-electric-ii-american-football-schuhe\/\" \/>\n<meta property=\"og:site_name\" content=\"Meyer Sports\" \/>\n<meta property=\"article:publisher\" content=\"https:\/\/www.facebook.com\/profile.php?id=100083396525976\" \/>\n<meta property=\"article:modified_time\" content=\"2026-04-01T13:18:31+00:00\" \/>\n<meta property=\"og:image\" content=\"https:\/\/www.meyer-sports.com\/wp-content\/uploads\/2026\/02\/JQ1371_1_FOOTWEAR_Photography_Side-Lateral-Center-View_white.png\" \/>\n\t<meta property=\"og:image:width\" content=\"2400\" \/>\n\t<meta property=\"og:image:height\" content=\"2400\" \/>\n\t<meta property=\"og:image:type\" content=\"image\/png\" \/>\n<meta name=\"twitter:card\" content=\"summary_large_image\" \/>\n<meta name=\"twitter:label1\" content=\"Gesch\u00e4tzte Lesezeit\" \/>\n\t<meta name=\"twitter:data1\" content=\"1\u00a0Minute\" \/>\n<script type=\"application\/ld+json\" class=\"yoast-schema-graph\">{\"@context\":\"https:\/\/schema.org\",\"@graph\":[{\"@type\":\"WebPage\",\"@id\":\"https:\/\/www.meyer-sports.com\/de\/produkt\/adidas-adizero-electric-ii-american-football-schuhe\/\",\"url\":\"https:\/\/www.meyer-sports.com\/de\/produkt\/adidas-adizero-electric-ii-american-football-schuhe\/\",\"name\":\"Adidas Adizero Electric II Football Schuhe - Meyer Sports\",\"isPartOf\":{\"@id\":\"https:\/\/www.meyer-sports.com\/de\/#website\"},\"primaryImageOfPage\":{\"@id\":\"https:\/\/www.meyer-sports.com\/de\/produkt\/adidas-adizero-electric-ii-american-football-schuhe\/#primaryimage\"},\"image\":{\"@id\":\"https:\/\/www.meyer-sports.com\/de\/produkt\/adidas-adizero-electric-ii-american-football-schuhe\/#primaryimage\"},\"thumbnailUrl\":\"https:\/\/www.meyer-sports.com\/wp-content\/uploads\/2026\/02\/JQ1371_1_FOOTWEAR_Photography_Side-Lateral-Center-View_white.png\",\"datePublished\":\"2026-02-18T13:42:15+00:00\",\"dateModified\":\"2026-04-01T13:18:31+00:00\",\"description\":\"Leicht und auf Agilit\u00e4t ausgelegt - der Adidas Adizero Electric II bietet schnelle Traktion, eine enge Passform und Komfort w\u00e4hrend des gesamten Spiels. Hol dir dein Paar jetzt bei Meyer Sports!\",\"breadcrumb\":{\"@id\":\"https:\/\/www.meyer-sports.com\/de\/produkt\/adidas-adizero-electric-ii-american-football-schuhe\/#breadcrumb\"},\"inLanguage\":\"de\",\"potentialAction\":[{\"@type\":\"ReadAction\",\"target\":[\"https:\/\/www.meyer-sports.com\/de\/produkt\/adidas-adizero-electric-ii-american-football-schuhe\/\"]}]},{\"@type\":\"ImageObject\",\"inLanguage\":\"de\",\"@id\":\"https:\/\/www.meyer-sports.com\/de\/produkt\/adidas-adizero-electric-ii-american-football-schuhe\/#primaryimage\",\"url\":\"https:\/\/www.meyer-sports.com\/wp-content\/uploads\/2026\/02\/JQ1371_1_FOOTWEAR_Photography_Side-Lateral-Center-View_white.png\",\"contentUrl\":\"https:\/\/www.meyer-sports.com\/wp-content\/uploads\/2026\/02\/JQ1371_1_FOOTWEAR_Photography_Side-Lateral-Center-View_white.png\",\"width\":2400,\"height\":2400},{\"@type\":\"BreadcrumbList\",\"@id\":\"https:\/\/www.meyer-sports.com\/de\/produkt\/adidas-adizero-electric-ii-american-football-schuhe\/#breadcrumb\",\"itemListElement\":[{\"@type\":\"ListItem\",\"position\":1,\"name\":\"Home\",\"item\":\"https:\/\/www.meyer-sports.com\/de\/\"},{\"@type\":\"ListItem\",\"position\":2,\"name\":\"Shop\",\"item\":\"https:\/\/www.meyer-sports.com\/de\/shop\/\"},{\"@type\":\"ListItem\",\"position\":3,\"name\":\"Adidas ADIZERO Electric + II American Football Schuhe\"}]},{\"@type\":\"WebSite\",\"@id\":\"https:\/\/www.meyer-sports.com\/de\/#website\",\"url\":\"https:\/\/www.meyer-sports.com\/de\/\",\"name\":\"Meyer Sports\",\"description\":\"American Football Equipment \u2013 Helmets, Shoulder Pads &amp; Gear\",\"publisher\":{\"@id\":\"https:\/\/www.meyer-sports.com\/de\/#organization\"},\"alternateName\":\"Meyer Marketing\",\"potentialAction\":[{\"@type\":\"SearchAction\",\"target\":{\"@type\":\"EntryPoint\",\"urlTemplate\":\"https:\/\/www.meyer-sports.com\/de\/?s={search_term_string}\"},\"query-input\":{\"@type\":\"PropertyValueSpecification\",\"valueRequired\":true,\"valueName\":\"search_term_string\"}}],\"inLanguage\":\"de\"},{\"@type\":\"Organization\",\"@id\":\"https:\/\/www.meyer-sports.com\/de\/#organization\",\"name\":\"Meyer Sports\",\"url\":\"https:\/\/www.meyer-sports.com\/de\/\",\"logo\":{\"@type\":\"ImageObject\",\"inLanguage\":\"de\",\"@id\":\"https:\/\/www.meyer-sports.com\/de\/#\/schema\/logo\/image\/\",\"url\":\"https:\/\/www.meyer-sports.com\/wp-content\/uploads\/2025\/08\/cropped-MeyerSports-Wort-Bild-Marke-RGB-Black-Horizontal-2000px.png\",\"contentUrl\":\"https:\/\/www.meyer-sports.com\/wp-content\/uploads\/2025\/08\/cropped-MeyerSports-Wort-Bild-Marke-RGB-Black-Horizontal-2000px.png\",\"width\":1999,\"height\":263,\"caption\":\"Meyer Sports\"},\"image\":{\"@id\":\"https:\/\/www.meyer-sports.com\/de\/#\/schema\/logo\/image\/\"},\"sameAs\":[\"https:\/\/www.facebook.com\/profile.php?id=100083396525976\"]}]}<\/script>\n<!-- \/ Yoast SEO plugin. -->","yoast_head_json":{"title":"Adidas Adizero Electric II Football Schuhe - Meyer Sports","description":"Leicht und auf Agilit\u00e4t ausgelegt - der Adidas Adizero Electric II bietet schnelle Traktion, eine enge Passform und Komfort w\u00e4hrend des gesamten Spiels. Hol dir dein Paar jetzt bei Meyer Sports!","robots":{"index":"index","follow":"follow","max-snippet":"max-snippet:-1","max-image-preview":"max-image-preview:large","max-video-preview":"max-video-preview:-1"},"canonical":"https:\/\/www.meyer-sports.com\/de\/produkt\/adidas-adizero-electric-ii-american-football-schuhe\/","og_locale":"de_DE","og_type":"article","og_title":"Adidas Adizero Electric II Football Schuhe - Meyer Sports","og_description":"Leicht und auf Agilit\u00e4t ausgelegt - der Adidas Adizero Electric II bietet schnelle Traktion, eine enge Passform und Komfort w\u00e4hrend des gesamten Spiels. Hol dir dein Paar jetzt bei Meyer Sports!","og_url":"https:\/\/www.meyer-sports.com\/de\/produkt\/adidas-adizero-electric-ii-american-football-schuhe\/","og_site_name":"Meyer Sports","article_publisher":"https:\/\/www.facebook.com\/profile.php?id=100083396525976","article_modified_time":"2026-04-01T13:18:31+00:00","og_image":[{"width":2400,"height":2400,"url":"https:\/\/www.meyer-sports.com\/wp-content\/uploads\/2026\/02\/JQ1371_1_FOOTWEAR_Photography_Side-Lateral-Center-View_white.png","type":"image\/png"}],"twitter_card":"summary_large_image","twitter_misc":{"Gesch\u00e4tzte Lesezeit":"1\u00a0Minute"},"schema":{"@context":"https:\/\/schema.org","@graph":[{"@type":"WebPage","@id":"https:\/\/www.meyer-sports.com\/de\/produkt\/adidas-adizero-electric-ii-american-football-schuhe\/","url":"https:\/\/www.meyer-sports.com\/de\/produkt\/adidas-adizero-electric-ii-american-football-schuhe\/","name":"Adidas Adizero Electric II Football Schuhe - Meyer Sports","isPartOf":{"@id":"https:\/\/www.meyer-sports.com\/de\/#website"},"primaryImageOfPage":{"@id":"https:\/\/www.meyer-sports.com\/de\/produkt\/adidas-adizero-electric-ii-american-football-schuhe\/#primaryimage"},"image":{"@id":"https:\/\/www.meyer-sports.com\/de\/produkt\/adidas-adizero-electric-ii-american-football-schuhe\/#primaryimage"},"thumbnailUrl":"https:\/\/www.meyer-sports.com\/wp-content\/uploads\/2026\/02\/JQ1371_1_FOOTWEAR_Photography_Side-Lateral-Center-View_white.png","datePublished":"2026-02-18T13:42:15+00:00","dateModified":"2026-04-01T13:18:31+00:00","description":"Leicht und auf Agilit\u00e4t ausgelegt - der Adidas Adizero Electric II bietet schnelle Traktion, eine enge Passform und Komfort w\u00e4hrend des gesamten Spiels. Hol dir dein Paar jetzt bei Meyer Sports!","breadcrumb":{"@id":"https:\/\/www.meyer-sports.com\/de\/produkt\/adidas-adizero-electric-ii-american-football-schuhe\/#breadcrumb"},"inLanguage":"de","potentialAction":[{"@type":"ReadAction","target":["https:\/\/www.meyer-sports.com\/de\/produkt\/adidas-adizero-electric-ii-american-football-schuhe\/"]}]},{"@type":"ImageObject","inLanguage":"de","@id":"https:\/\/www.meyer-sports.com\/de\/produkt\/adidas-adizero-electric-ii-american-football-schuhe\/#primaryimage","url":"https:\/\/www.meyer-sports.com\/wp-content\/uploads\/2026\/02\/JQ1371_1_FOOTWEAR_Photography_Side-Lateral-Center-View_white.png","contentUrl":"https:\/\/www.meyer-sports.com\/wp-content\/uploads\/2026\/02\/JQ1371_1_FOOTWEAR_Photography_Side-Lateral-Center-View_white.png","width":2400,"height":2400},{"@type":"BreadcrumbList","@id":"https:\/\/www.meyer-sports.com\/de\/produkt\/adidas-adizero-electric-ii-american-football-schuhe\/#breadcrumb","itemListElement":[{"@type":"ListItem","position":1,"name":"Home","item":"https:\/\/www.meyer-sports.com\/de\/"},{"@type":"ListItem","position":2,"name":"Shop","item":"https:\/\/www.meyer-sports.com\/de\/shop\/"},{"@type":"ListItem","position":3,"name":"Adidas ADIZERO Electric + II American Football Schuhe"}]},{"@type":"WebSite","@id":"https:\/\/www.meyer-sports.com\/de\/#website","url":"https:\/\/www.meyer-sports.com\/de\/","name":"Meyer Sports","description":"American Football Equipment \u2013 Helmets, Shoulder Pads &amp; Gear","publisher":{"@id":"https:\/\/www.meyer-sports.com\/de\/#organization"},"alternateName":"Meyer Marketing","potentialAction":[{"@type":"SearchAction","target":{"@type":"EntryPoint","urlTemplate":"https:\/\/www.meyer-sports.com\/de\/?s={search_term_string}"},"query-input":{"@type":"PropertyValueSpecification","valueRequired":true,"valueName":"search_term_string"}}],"inLanguage":"de"},{"@type":"Organization","@id":"https:\/\/www.meyer-sports.com\/de\/#organization","name":"Meyer Sports","url":"https:\/\/www.meyer-sports.com\/de\/","logo":{"@type":"ImageObject","inLanguage":"de","@id":"https:\/\/www.meyer-sports.com\/de\/#\/schema\/logo\/image\/","url":"https:\/\/www.meyer-sports.com\/wp-content\/uploads\/2025\/08\/cropped-MeyerSports-Wort-Bild-Marke-RGB-Black-Horizontal-2000px.png","contentUrl":"https:\/\/www.meyer-sports.com\/wp-content\/uploads\/2025\/08\/cropped-MeyerSports-Wort-Bild-Marke-RGB-Black-Horizontal-2000px.png","width":1999,"height":263,"caption":"Meyer Sports"},"image":{"@id":"https:\/\/www.meyer-sports.com\/de\/#\/schema\/logo\/image\/"},"sameAs":["https:\/\/www.facebook.com\/profile.php?id=100083396525976"]}]}},"_links":{"self":[{"href":"https:\/\/www.meyer-sports.com\/de\/wp-json\/wp\/v2\/product\/7071","targetHints":{"allow":["GET"]}}],"collection":[{"href":"https:\/\/www.meyer-sports.com\/de\/wp-json\/wp\/v2\/product"}],"about":[{"href":"https:\/\/www.meyer-sports.com\/de\/wp-json\/wp\/v2\/types\/product"}],"replies":[{"embeddable":true,"href":"https:\/\/www.meyer-sports.com\/de\/wp-json\/wp\/v2\/comments?post=7071"}],"wp:featuredmedia":[{"embeddable":true,"href":"https:\/\/www.meyer-sports.com\/de\/wp-json\/wp\/v2\/media\/7122"}],"wp:attachment":[{"href":"https:\/\/www.meyer-sports.com\/de\/wp-json\/wp\/v2\/media?parent=7071"}],"wp:term":[{"taxonomy":"product_brand","embeddable":true,"href":"https:\/\/www.meyer-sports.com\/de\/wp-json\/wp\/v2\/product_brand?post=7071"},{"taxonomy":"product_cat","embeddable":true,"href":"https:\/\/www.meyer-sports.com\/de\/wp-json\/wp\/v2\/product_cat?post=7071"},{"taxonomy":"product_tag","embeddable":true,"href":"https:\/\/www.meyer-sports.com\/de\/wp-json\/wp\/v2\/product_tag?post=7071"}],"curies":[{"name":"wp","href":"https:\/\/api.w.org\/{rel}","templated":true}]}}