{"id":7064,"date":"2026-02-17T15:22:12","date_gmt":"2026-02-17T14:22:12","guid":{"rendered":"https:\/\/www.meyer-sports.com\/?post_type=product&#038;p=7064"},"modified":"2026-04-02T10:21:19","modified_gmt":"2026-04-02T08:21:19","slug":"adidas-freak-max-2-0-lineman-handschuhe","status":"publish","type":"product","link":"https:\/\/www.meyer-sports.com\/de\/produkt\/adidas-freak-max-2-0-lineman-handschuhe\/","title":{"rendered":"Adidas FREAK MAX 2.0 Lineman Handschuhe"},"content":{"rendered":"<ul>\n<li>Flexible Handschuhe f\u00fcr Linemen, die hervorragenden Halt bieten<\/li>\n<li>Diese Handschuhe sorgen f\u00fcr hohen Tragekomfort, damit sie an der Angriffslinie ihr Bestes geben k\u00f6nnen <\/li>\n<li>Mit einer geformten Gummilasche und einem reibungsfreien Klettverschluss f\u00fcr einfaches An- und Ausziehen<\/li>\n<li>Diese Handschuhe verf\u00fcgen \u00fcber ein verl\u00e4ngertes Handgelenkband mit einer Zugschlaufe zur individuellen Anpassung<\/li>\n<li>Der Vier-Wege-Stretch auf dem Handr\u00fccken sorgt f\u00fcr hervorragende Flexibilit\u00e4t <\/li>\n<\/ul>\n","protected":false},"excerpt":{"rendered":"<p>Flexible Handschuhe f\u00fcr Linemen, die hervorragenden Halt bieten Diese Handschuhe sorgen f\u00fcr hohen Tragekomfort, damit sie an der Angriffslinie ihr Bestes geben k\u00f6nnen Mit einer geformten Gummilasche und einem reibungsfreien Klettverschluss f\u00fcr einfaches An- und Ausziehen Diese Handschuhe verf\u00fcgen \u00fcber ein verl\u00e4ngertes Handgelenkband mit einer Zugschlaufe zur individuellen Anpassung Der Vier-Wege-Stretch auf dem Handr\u00fccken sorgt [&hellip;]<\/p>\n","protected":false},"featured_media":6789,"comment_status":"open","ping_status":"closed","template":"","meta":{"_acf_changed":false},"product_brand":[449],"product_cat":[326],"product_tag":[],"class_list":{"0":"post-7064","1":"product","2":"type-product","3":"status-publish","4":"has-post-thumbnail","6":"product_brand-adidas","7":"product_cat-handschuhe","9":"first","10":"instock","11":"taxable","12":"shipping-taxable","13":"purchasable","14":"product-type-variable"},"acf":[],"yoast_head":"<!-- This site is optimized with the Yoast SEO plugin v27.1.1 - https:\/\/yoast.com\/product\/yoast-seo-wordpress\/ -->\n<title>Adidas Freak Max 2.0 Lineman Handschuhe - Hervorragender Grip und Schutz<\/title>\n<meta name=\"description\" content=\"Robuste Adidas Freak Max 2.0 Lineman Handschuhe mit gepolstertem Schutz, flexibler Passform und starkem GripTack f\u00fcr ein kraftvolles Spiel an der Linie. Jetzt bei Meyer Sports erh\u00e4ltlich!\" \/>\n<meta name=\"robots\" content=\"index, follow, max-snippet:-1, max-image-preview:large, max-video-preview:-1\" \/>\n<link rel=\"canonical\" href=\"https:\/\/www.meyer-sports.com\/de\/produkt\/adidas-freak-max-2-0-lineman-handschuhe\/\" \/>\n<meta property=\"og:locale\" content=\"de_DE\" \/>\n<meta property=\"og:type\" content=\"article\" \/>\n<meta property=\"og:title\" content=\"Adidas Freak Max 2.0 Lineman Handschuhe - Hervorragender Grip und Schutz\" \/>\n<meta property=\"og:description\" content=\"Robuste Adidas Freak Max 2.0 Lineman Handschuhe mit gepolstertem Schutz, flexibler Passform und starkem GripTack f\u00fcr ein kraftvolles Spiel an der Linie. Jetzt bei Meyer Sports erh\u00e4ltlich!\" \/>\n<meta property=\"og:url\" content=\"https:\/\/www.meyer-sports.com\/de\/produkt\/adidas-freak-max-2-0-lineman-handschuhe\/\" \/>\n<meta property=\"og:site_name\" content=\"Meyer Sports\" \/>\n<meta property=\"article:publisher\" content=\"https:\/\/www.facebook.com\/profile.php?id=100083396525976\" \/>\n<meta property=\"article:modified_time\" content=\"2026-04-02T08:21:19+00:00\" \/>\n<meta property=\"og:image\" content=\"https:\/\/www.meyer-sports.com\/wp-content\/uploads\/2026\/02\/adidas_freak_max_2.0_white.webp\" \/>\n\t<meta property=\"og:image:width\" content=\"1100\" \/>\n\t<meta property=\"og:image:height\" content=\"1100\" \/>\n\t<meta property=\"og:image:type\" content=\"image\/webp\" \/>\n<meta name=\"twitter:card\" content=\"summary_large_image\" \/>\n<script type=\"application\/ld+json\" class=\"yoast-schema-graph\">{\"@context\":\"https:\/\/schema.org\",\"@graph\":[{\"@type\":\"WebPage\",\"@id\":\"https:\/\/www.meyer-sports.com\/de\/produkt\/adidas-freak-max-2-0-lineman-handschuhe\/\",\"url\":\"https:\/\/www.meyer-sports.com\/de\/produkt\/adidas-freak-max-2-0-lineman-handschuhe\/\",\"name\":\"Adidas Freak Max 2.0 Lineman Handschuhe - Hervorragender Grip und Schutz\",\"isPartOf\":{\"@id\":\"https:\/\/www.meyer-sports.com\/de\/#website\"},\"primaryImageOfPage\":{\"@id\":\"https:\/\/www.meyer-sports.com\/de\/produkt\/adidas-freak-max-2-0-lineman-handschuhe\/#primaryimage\"},\"image\":{\"@id\":\"https:\/\/www.meyer-sports.com\/de\/produkt\/adidas-freak-max-2-0-lineman-handschuhe\/#primaryimage\"},\"thumbnailUrl\":\"https:\/\/www.meyer-sports.com\/wp-content\/uploads\/2026\/02\/adidas_freak_max_2.0_white.webp\",\"datePublished\":\"2026-02-17T14:22:12+00:00\",\"dateModified\":\"2026-04-02T08:21:19+00:00\",\"description\":\"Robuste Adidas Freak Max 2.0 Lineman Handschuhe mit gepolstertem Schutz, flexibler Passform und starkem GripTack f\u00fcr ein kraftvolles Spiel an der Linie. Jetzt bei Meyer Sports erh\u00e4ltlich!\",\"breadcrumb\":{\"@id\":\"https:\/\/www.meyer-sports.com\/de\/produkt\/adidas-freak-max-2-0-lineman-handschuhe\/#breadcrumb\"},\"inLanguage\":\"de\",\"potentialAction\":[{\"@type\":\"ReadAction\",\"target\":[\"https:\/\/www.meyer-sports.com\/de\/produkt\/adidas-freak-max-2-0-lineman-handschuhe\/\"]}]},{\"@type\":\"ImageObject\",\"inLanguage\":\"de\",\"@id\":\"https:\/\/www.meyer-sports.com\/de\/produkt\/adidas-freak-max-2-0-lineman-handschuhe\/#primaryimage\",\"url\":\"https:\/\/www.meyer-sports.com\/wp-content\/uploads\/2026\/02\/adidas_freak_max_2.0_white.webp\",\"contentUrl\":\"https:\/\/www.meyer-sports.com\/wp-content\/uploads\/2026\/02\/adidas_freak_max_2.0_white.webp\",\"width\":1100,\"height\":1100},{\"@type\":\"BreadcrumbList\",\"@id\":\"https:\/\/www.meyer-sports.com\/de\/produkt\/adidas-freak-max-2-0-lineman-handschuhe\/#breadcrumb\",\"itemListElement\":[{\"@type\":\"ListItem\",\"position\":1,\"name\":\"Home\",\"item\":\"https:\/\/www.meyer-sports.com\/de\/\"},{\"@type\":\"ListItem\",\"position\":2,\"name\":\"Shop\",\"item\":\"https:\/\/www.meyer-sports.com\/de\/shop\/\"},{\"@type\":\"ListItem\",\"position\":3,\"name\":\"Adidas FREAK MAX 2.0 Lineman Handschuhe\"}]},{\"@type\":\"WebSite\",\"@id\":\"https:\/\/www.meyer-sports.com\/de\/#website\",\"url\":\"https:\/\/www.meyer-sports.com\/de\/\",\"name\":\"Meyer Sports\",\"description\":\"American Football Equipment \u2013 Helmets, Shoulder Pads &amp; Gear\",\"publisher\":{\"@id\":\"https:\/\/www.meyer-sports.com\/de\/#organization\"},\"alternateName\":\"Meyer Marketing\",\"potentialAction\":[{\"@type\":\"SearchAction\",\"target\":{\"@type\":\"EntryPoint\",\"urlTemplate\":\"https:\/\/www.meyer-sports.com\/de\/?s={search_term_string}\"},\"query-input\":{\"@type\":\"PropertyValueSpecification\",\"valueRequired\":true,\"valueName\":\"search_term_string\"}}],\"inLanguage\":\"de\"},{\"@type\":\"Organization\",\"@id\":\"https:\/\/www.meyer-sports.com\/de\/#organization\",\"name\":\"Meyer Sports\",\"url\":\"https:\/\/www.meyer-sports.com\/de\/\",\"logo\":{\"@type\":\"ImageObject\",\"inLanguage\":\"de\",\"@id\":\"https:\/\/www.meyer-sports.com\/de\/#\/schema\/logo\/image\/\",\"url\":\"https:\/\/www.meyer-sports.com\/wp-content\/uploads\/2025\/08\/cropped-MeyerSports-Wort-Bild-Marke-RGB-Black-Horizontal-2000px.png\",\"contentUrl\":\"https:\/\/www.meyer-sports.com\/wp-content\/uploads\/2025\/08\/cropped-MeyerSports-Wort-Bild-Marke-RGB-Black-Horizontal-2000px.png\",\"width\":1999,\"height\":263,\"caption\":\"Meyer Sports\"},\"image\":{\"@id\":\"https:\/\/www.meyer-sports.com\/de\/#\/schema\/logo\/image\/\"},\"sameAs\":[\"https:\/\/www.facebook.com\/profile.php?id=100083396525976\"]}]}<\/script>\n<!-- \/ Yoast SEO plugin. -->","yoast_head_json":{"title":"Adidas Freak Max 2.0 Lineman Handschuhe - Hervorragender Grip und Schutz","description":"Robuste Adidas Freak Max 2.0 Lineman Handschuhe mit gepolstertem Schutz, flexibler Passform und starkem GripTack f\u00fcr ein kraftvolles Spiel an der Linie. Jetzt bei Meyer Sports erh\u00e4ltlich!","robots":{"index":"index","follow":"follow","max-snippet":"max-snippet:-1","max-image-preview":"max-image-preview:large","max-video-preview":"max-video-preview:-1"},"canonical":"https:\/\/www.meyer-sports.com\/de\/produkt\/adidas-freak-max-2-0-lineman-handschuhe\/","og_locale":"de_DE","og_type":"article","og_title":"Adidas Freak Max 2.0 Lineman Handschuhe - Hervorragender Grip und Schutz","og_description":"Robuste Adidas Freak Max 2.0 Lineman Handschuhe mit gepolstertem Schutz, flexibler Passform und starkem GripTack f\u00fcr ein kraftvolles Spiel an der Linie. Jetzt bei Meyer Sports erh\u00e4ltlich!","og_url":"https:\/\/www.meyer-sports.com\/de\/produkt\/adidas-freak-max-2-0-lineman-handschuhe\/","og_site_name":"Meyer Sports","article_publisher":"https:\/\/www.facebook.com\/profile.php?id=100083396525976","article_modified_time":"2026-04-02T08:21:19+00:00","og_image":[{"width":1100,"height":1100,"url":"https:\/\/www.meyer-sports.com\/wp-content\/uploads\/2026\/02\/adidas_freak_max_2.0_white.webp","type":"image\/webp"}],"twitter_card":"summary_large_image","schema":{"@context":"https:\/\/schema.org","@graph":[{"@type":"WebPage","@id":"https:\/\/www.meyer-sports.com\/de\/produkt\/adidas-freak-max-2-0-lineman-handschuhe\/","url":"https:\/\/www.meyer-sports.com\/de\/produkt\/adidas-freak-max-2-0-lineman-handschuhe\/","name":"Adidas Freak Max 2.0 Lineman Handschuhe - Hervorragender Grip und Schutz","isPartOf":{"@id":"https:\/\/www.meyer-sports.com\/de\/#website"},"primaryImageOfPage":{"@id":"https:\/\/www.meyer-sports.com\/de\/produkt\/adidas-freak-max-2-0-lineman-handschuhe\/#primaryimage"},"image":{"@id":"https:\/\/www.meyer-sports.com\/de\/produkt\/adidas-freak-max-2-0-lineman-handschuhe\/#primaryimage"},"thumbnailUrl":"https:\/\/www.meyer-sports.com\/wp-content\/uploads\/2026\/02\/adidas_freak_max_2.0_white.webp","datePublished":"2026-02-17T14:22:12+00:00","dateModified":"2026-04-02T08:21:19+00:00","description":"Robuste Adidas Freak Max 2.0 Lineman Handschuhe mit gepolstertem Schutz, flexibler Passform und starkem GripTack f\u00fcr ein kraftvolles Spiel an der Linie. Jetzt bei Meyer Sports erh\u00e4ltlich!","breadcrumb":{"@id":"https:\/\/www.meyer-sports.com\/de\/produkt\/adidas-freak-max-2-0-lineman-handschuhe\/#breadcrumb"},"inLanguage":"de","potentialAction":[{"@type":"ReadAction","target":["https:\/\/www.meyer-sports.com\/de\/produkt\/adidas-freak-max-2-0-lineman-handschuhe\/"]}]},{"@type":"ImageObject","inLanguage":"de","@id":"https:\/\/www.meyer-sports.com\/de\/produkt\/adidas-freak-max-2-0-lineman-handschuhe\/#primaryimage","url":"https:\/\/www.meyer-sports.com\/wp-content\/uploads\/2026\/02\/adidas_freak_max_2.0_white.webp","contentUrl":"https:\/\/www.meyer-sports.com\/wp-content\/uploads\/2026\/02\/adidas_freak_max_2.0_white.webp","width":1100,"height":1100},{"@type":"BreadcrumbList","@id":"https:\/\/www.meyer-sports.com\/de\/produkt\/adidas-freak-max-2-0-lineman-handschuhe\/#breadcrumb","itemListElement":[{"@type":"ListItem","position":1,"name":"Home","item":"https:\/\/www.meyer-sports.com\/de\/"},{"@type":"ListItem","position":2,"name":"Shop","item":"https:\/\/www.meyer-sports.com\/de\/shop\/"},{"@type":"ListItem","position":3,"name":"Adidas FREAK MAX 2.0 Lineman Handschuhe"}]},{"@type":"WebSite","@id":"https:\/\/www.meyer-sports.com\/de\/#website","url":"https:\/\/www.meyer-sports.com\/de\/","name":"Meyer Sports","description":"American Football Equipment \u2013 Helmets, Shoulder Pads &amp; Gear","publisher":{"@id":"https:\/\/www.meyer-sports.com\/de\/#organization"},"alternateName":"Meyer Marketing","potentialAction":[{"@type":"SearchAction","target":{"@type":"EntryPoint","urlTemplate":"https:\/\/www.meyer-sports.com\/de\/?s={search_term_string}"},"query-input":{"@type":"PropertyValueSpecification","valueRequired":true,"valueName":"search_term_string"}}],"inLanguage":"de"},{"@type":"Organization","@id":"https:\/\/www.meyer-sports.com\/de\/#organization","name":"Meyer Sports","url":"https:\/\/www.meyer-sports.com\/de\/","logo":{"@type":"ImageObject","inLanguage":"de","@id":"https:\/\/www.meyer-sports.com\/de\/#\/schema\/logo\/image\/","url":"https:\/\/www.meyer-sports.com\/wp-content\/uploads\/2025\/08\/cropped-MeyerSports-Wort-Bild-Marke-RGB-Black-Horizontal-2000px.png","contentUrl":"https:\/\/www.meyer-sports.com\/wp-content\/uploads\/2025\/08\/cropped-MeyerSports-Wort-Bild-Marke-RGB-Black-Horizontal-2000px.png","width":1999,"height":263,"caption":"Meyer Sports"},"image":{"@id":"https:\/\/www.meyer-sports.com\/de\/#\/schema\/logo\/image\/"},"sameAs":["https:\/\/www.facebook.com\/profile.php?id=100083396525976"]}]}},"_links":{"self":[{"href":"https:\/\/www.meyer-sports.com\/de\/wp-json\/wp\/v2\/product\/7064","targetHints":{"allow":["GET"]}}],"collection":[{"href":"https:\/\/www.meyer-sports.com\/de\/wp-json\/wp\/v2\/product"}],"about":[{"href":"https:\/\/www.meyer-sports.com\/de\/wp-json\/wp\/v2\/types\/product"}],"replies":[{"embeddable":true,"href":"https:\/\/www.meyer-sports.com\/de\/wp-json\/wp\/v2\/comments?post=7064"}],"wp:featuredmedia":[{"embeddable":true,"href":"https:\/\/www.meyer-sports.com\/de\/wp-json\/wp\/v2\/media\/6789"}],"wp:attachment":[{"href":"https:\/\/www.meyer-sports.com\/de\/wp-json\/wp\/v2\/media?parent=7064"}],"wp:term":[{"taxonomy":"product_brand","embeddable":true,"href":"https:\/\/www.meyer-sports.com\/de\/wp-json\/wp\/v2\/product_brand?post=7064"},{"taxonomy":"product_cat","embeddable":true,"href":"https:\/\/www.meyer-sports.com\/de\/wp-json\/wp\/v2\/product_cat?post=7064"},{"taxonomy":"product_tag","embeddable":true,"href":"https:\/\/www.meyer-sports.com\/de\/wp-json\/wp\/v2\/product_tag?post=7064"}],"curies":[{"name":"wp","href":"https:\/\/api.w.org\/{rel}","templated":true}]}}