{"id":7058,"date":"2026-02-17T15:10:25","date_gmt":"2026-02-17T14:10:25","guid":{"rendered":"https:\/\/www.meyer-sports.com\/?post_type=product&#038;p=7058"},"modified":"2026-04-02T10:16:07","modified_gmt":"2026-04-02T08:16:07","slug":"adidas-freak-5-0-gepolsterte-receiver-handschuhe","status":"publish","type":"product","link":"https:\/\/www.meyer-sports.com\/de\/produkt\/adidas-freak-5-0-gepolsterte-receiver-handschuhe\/","title":{"rendered":"Adidas FREAK 5.0 gepolsterte Receiver Handschuhe"},"content":{"rendered":"<ul>\n<li>Gepolsterte Receiver Handschuhe mit eng anliegender Passform <\/li>\n<li>Die perfekte Kombination aus Aufprallschutz und Fingerfertigkeit<\/li>\n<li>Diese Adidas Football Receiver Handschuhe sind an Handr\u00fccken und Handgelenk gepolstert und sorgen so f\u00fcr ein kontrolliertes, sicheres Gef\u00fchl <\/li>\n<li>Sie sind ergonomisch geformt, um die nat\u00fcrlichen Bewegungen der Hand nachzuahmen <\/li>\n<\/ul>\n","protected":false},"excerpt":{"rendered":"<p>Gepolsterte Receiver Handschuhe mit eng anliegender Passform Die perfekte Kombination aus Aufprallschutz und Fingerfertigkeit Diese Adidas Football Receiver Handschuhe sind an Handr\u00fccken und Handgelenk gepolstert und sorgen so f\u00fcr ein kontrolliertes, sicheres Gef\u00fchl Sie sind ergonomisch geformt, um die nat\u00fcrlichen Bewegungen der Hand nachzuahmen<\/p>\n","protected":false},"featured_media":6769,"comment_status":"open","ping_status":"closed","template":"","meta":{"_acf_changed":false},"product_brand":[449],"product_cat":[326],"product_tag":[],"class_list":{"0":"post-7058","1":"product","2":"type-product","3":"status-publish","4":"has-post-thumbnail","6":"product_brand-adidas","7":"product_cat-handschuhe","9":"first","10":"instock","11":"taxable","12":"shipping-taxable","13":"purchasable","14":"product-type-variable"},"acf":[],"yoast_head":"<!-- This site is optimized with the Yoast SEO plugin v27.1.1 - https:\/\/yoast.com\/product\/yoast-seo-wordpress\/ -->\n<title>Adidas Freak 5.0 Handschuhe - Gepolstert, griffig und sch\u00fctzend - Meyer Sports<\/title>\n<meta name=\"description\" content=\"Gepolsterte Adidas Freak 5.0 Receiver Handschuhe mit GripTack f\u00fcr hervorragenden Halt bei jedem Wetter, ergonomische Passform und Aufprallschutz. Jetzt bei Meyer Sports erh\u00e4ltlich!\" \/>\n<meta name=\"robots\" content=\"index, follow, max-snippet:-1, max-image-preview:large, max-video-preview:-1\" \/>\n<link rel=\"canonical\" href=\"https:\/\/www.meyer-sports.com\/de\/produkt\/adidas-freak-5-0-gepolsterte-receiver-handschuhe\/\" \/>\n<meta property=\"og:locale\" content=\"de_DE\" \/>\n<meta property=\"og:type\" content=\"article\" \/>\n<meta property=\"og:title\" content=\"Adidas Freak 5.0 Handschuhe - Gepolstert, griffig und sch\u00fctzend - Meyer Sports\" \/>\n<meta property=\"og:description\" content=\"Gepolsterte Adidas Freak 5.0 Receiver Handschuhe mit GripTack f\u00fcr hervorragenden Halt bei jedem Wetter, ergonomische Passform und Aufprallschutz. Jetzt bei Meyer Sports erh\u00e4ltlich!\" \/>\n<meta property=\"og:url\" content=\"https:\/\/www.meyer-sports.com\/de\/produkt\/adidas-freak-5-0-gepolsterte-receiver-handschuhe\/\" \/>\n<meta property=\"og:site_name\" content=\"Meyer Sports\" \/>\n<meta property=\"article:publisher\" content=\"https:\/\/www.facebook.com\/profile.php?id=100083396525976\" \/>\n<meta property=\"article:modified_time\" content=\"2026-04-02T08:16:07+00:00\" \/>\n<meta property=\"og:image\" content=\"https:\/\/www.meyer-sports.com\/wp-content\/uploads\/2026\/02\/AF1296-BLK_WHT-BOH-scaled.jpg\" \/>\n\t<meta property=\"og:image:width\" content=\"2560\" \/>\n\t<meta property=\"og:image:height\" content=\"2560\" \/>\n\t<meta property=\"og:image:type\" content=\"image\/jpeg\" \/>\n<meta name=\"twitter:card\" content=\"summary_large_image\" \/>\n<script type=\"application\/ld+json\" class=\"yoast-schema-graph\">{\"@context\":\"https:\/\/schema.org\",\"@graph\":[{\"@type\":\"WebPage\",\"@id\":\"https:\/\/www.meyer-sports.com\/de\/produkt\/adidas-freak-5-0-gepolsterte-receiver-handschuhe\/\",\"url\":\"https:\/\/www.meyer-sports.com\/de\/produkt\/adidas-freak-5-0-gepolsterte-receiver-handschuhe\/\",\"name\":\"Adidas Freak 5.0 Handschuhe - Gepolstert, griffig und sch\u00fctzend - Meyer Sports\",\"isPartOf\":{\"@id\":\"https:\/\/www.meyer-sports.com\/de\/#website\"},\"primaryImageOfPage\":{\"@id\":\"https:\/\/www.meyer-sports.com\/de\/produkt\/adidas-freak-5-0-gepolsterte-receiver-handschuhe\/#primaryimage\"},\"image\":{\"@id\":\"https:\/\/www.meyer-sports.com\/de\/produkt\/adidas-freak-5-0-gepolsterte-receiver-handschuhe\/#primaryimage\"},\"thumbnailUrl\":\"https:\/\/www.meyer-sports.com\/wp-content\/uploads\/2026\/02\/AF1296-BLK_WHT-BOH-scaled.jpg\",\"datePublished\":\"2026-02-17T14:10:25+00:00\",\"dateModified\":\"2026-04-02T08:16:07+00:00\",\"description\":\"Gepolsterte Adidas Freak 5.0 Receiver Handschuhe mit GripTack f\u00fcr hervorragenden Halt bei jedem Wetter, ergonomische Passform und Aufprallschutz. Jetzt bei Meyer Sports erh\u00e4ltlich!\",\"breadcrumb\":{\"@id\":\"https:\/\/www.meyer-sports.com\/de\/produkt\/adidas-freak-5-0-gepolsterte-receiver-handschuhe\/#breadcrumb\"},\"inLanguage\":\"de\",\"potentialAction\":[{\"@type\":\"ReadAction\",\"target\":[\"https:\/\/www.meyer-sports.com\/de\/produkt\/adidas-freak-5-0-gepolsterte-receiver-handschuhe\/\"]}]},{\"@type\":\"ImageObject\",\"inLanguage\":\"de\",\"@id\":\"https:\/\/www.meyer-sports.com\/de\/produkt\/adidas-freak-5-0-gepolsterte-receiver-handschuhe\/#primaryimage\",\"url\":\"https:\/\/www.meyer-sports.com\/wp-content\/uploads\/2026\/02\/AF1296-BLK_WHT-BOH-scaled.jpg\",\"contentUrl\":\"https:\/\/www.meyer-sports.com\/wp-content\/uploads\/2026\/02\/AF1296-BLK_WHT-BOH-scaled.jpg\",\"width\":2560,\"height\":2560},{\"@type\":\"BreadcrumbList\",\"@id\":\"https:\/\/www.meyer-sports.com\/de\/produkt\/adidas-freak-5-0-gepolsterte-receiver-handschuhe\/#breadcrumb\",\"itemListElement\":[{\"@type\":\"ListItem\",\"position\":1,\"name\":\"Home\",\"item\":\"https:\/\/www.meyer-sports.com\/de\/\"},{\"@type\":\"ListItem\",\"position\":2,\"name\":\"Shop\",\"item\":\"https:\/\/www.meyer-sports.com\/de\/shop\/\"},{\"@type\":\"ListItem\",\"position\":3,\"name\":\"Adidas FREAK 5.0 gepolsterte Receiver Handschuhe\"}]},{\"@type\":\"WebSite\",\"@id\":\"https:\/\/www.meyer-sports.com\/de\/#website\",\"url\":\"https:\/\/www.meyer-sports.com\/de\/\",\"name\":\"Meyer Sports\",\"description\":\"American Football Equipment \u2013 Helmets, Shoulder Pads &amp; Gear\",\"publisher\":{\"@id\":\"https:\/\/www.meyer-sports.com\/de\/#organization\"},\"alternateName\":\"Meyer Marketing\",\"potentialAction\":[{\"@type\":\"SearchAction\",\"target\":{\"@type\":\"EntryPoint\",\"urlTemplate\":\"https:\/\/www.meyer-sports.com\/de\/?s={search_term_string}\"},\"query-input\":{\"@type\":\"PropertyValueSpecification\",\"valueRequired\":true,\"valueName\":\"search_term_string\"}}],\"inLanguage\":\"de\"},{\"@type\":\"Organization\",\"@id\":\"https:\/\/www.meyer-sports.com\/de\/#organization\",\"name\":\"Meyer Sports\",\"url\":\"https:\/\/www.meyer-sports.com\/de\/\",\"logo\":{\"@type\":\"ImageObject\",\"inLanguage\":\"de\",\"@id\":\"https:\/\/www.meyer-sports.com\/de\/#\/schema\/logo\/image\/\",\"url\":\"https:\/\/www.meyer-sports.com\/wp-content\/uploads\/2025\/08\/cropped-MeyerSports-Wort-Bild-Marke-RGB-Black-Horizontal-2000px.png\",\"contentUrl\":\"https:\/\/www.meyer-sports.com\/wp-content\/uploads\/2025\/08\/cropped-MeyerSports-Wort-Bild-Marke-RGB-Black-Horizontal-2000px.png\",\"width\":1999,\"height\":263,\"caption\":\"Meyer Sports\"},\"image\":{\"@id\":\"https:\/\/www.meyer-sports.com\/de\/#\/schema\/logo\/image\/\"},\"sameAs\":[\"https:\/\/www.facebook.com\/profile.php?id=100083396525976\"]}]}<\/script>\n<!-- \/ Yoast SEO plugin. -->","yoast_head_json":{"title":"Adidas Freak 5.0 Handschuhe - Gepolstert, griffig und sch\u00fctzend - Meyer Sports","description":"Gepolsterte Adidas Freak 5.0 Receiver Handschuhe mit GripTack f\u00fcr hervorragenden Halt bei jedem Wetter, ergonomische Passform und Aufprallschutz. Jetzt bei Meyer Sports erh\u00e4ltlich!","robots":{"index":"index","follow":"follow","max-snippet":"max-snippet:-1","max-image-preview":"max-image-preview:large","max-video-preview":"max-video-preview:-1"},"canonical":"https:\/\/www.meyer-sports.com\/de\/produkt\/adidas-freak-5-0-gepolsterte-receiver-handschuhe\/","og_locale":"de_DE","og_type":"article","og_title":"Adidas Freak 5.0 Handschuhe - Gepolstert, griffig und sch\u00fctzend - Meyer Sports","og_description":"Gepolsterte Adidas Freak 5.0 Receiver Handschuhe mit GripTack f\u00fcr hervorragenden Halt bei jedem Wetter, ergonomische Passform und Aufprallschutz. Jetzt bei Meyer Sports erh\u00e4ltlich!","og_url":"https:\/\/www.meyer-sports.com\/de\/produkt\/adidas-freak-5-0-gepolsterte-receiver-handschuhe\/","og_site_name":"Meyer Sports","article_publisher":"https:\/\/www.facebook.com\/profile.php?id=100083396525976","article_modified_time":"2026-04-02T08:16:07+00:00","og_image":[{"width":2560,"height":2560,"url":"https:\/\/www.meyer-sports.com\/wp-content\/uploads\/2026\/02\/AF1296-BLK_WHT-BOH-scaled.jpg","type":"image\/jpeg"}],"twitter_card":"summary_large_image","schema":{"@context":"https:\/\/schema.org","@graph":[{"@type":"WebPage","@id":"https:\/\/www.meyer-sports.com\/de\/produkt\/adidas-freak-5-0-gepolsterte-receiver-handschuhe\/","url":"https:\/\/www.meyer-sports.com\/de\/produkt\/adidas-freak-5-0-gepolsterte-receiver-handschuhe\/","name":"Adidas Freak 5.0 Handschuhe - Gepolstert, griffig und sch\u00fctzend - Meyer Sports","isPartOf":{"@id":"https:\/\/www.meyer-sports.com\/de\/#website"},"primaryImageOfPage":{"@id":"https:\/\/www.meyer-sports.com\/de\/produkt\/adidas-freak-5-0-gepolsterte-receiver-handschuhe\/#primaryimage"},"image":{"@id":"https:\/\/www.meyer-sports.com\/de\/produkt\/adidas-freak-5-0-gepolsterte-receiver-handschuhe\/#primaryimage"},"thumbnailUrl":"https:\/\/www.meyer-sports.com\/wp-content\/uploads\/2026\/02\/AF1296-BLK_WHT-BOH-scaled.jpg","datePublished":"2026-02-17T14:10:25+00:00","dateModified":"2026-04-02T08:16:07+00:00","description":"Gepolsterte Adidas Freak 5.0 Receiver Handschuhe mit GripTack f\u00fcr hervorragenden Halt bei jedem Wetter, ergonomische Passform und Aufprallschutz. Jetzt bei Meyer Sports erh\u00e4ltlich!","breadcrumb":{"@id":"https:\/\/www.meyer-sports.com\/de\/produkt\/adidas-freak-5-0-gepolsterte-receiver-handschuhe\/#breadcrumb"},"inLanguage":"de","potentialAction":[{"@type":"ReadAction","target":["https:\/\/www.meyer-sports.com\/de\/produkt\/adidas-freak-5-0-gepolsterte-receiver-handschuhe\/"]}]},{"@type":"ImageObject","inLanguage":"de","@id":"https:\/\/www.meyer-sports.com\/de\/produkt\/adidas-freak-5-0-gepolsterte-receiver-handschuhe\/#primaryimage","url":"https:\/\/www.meyer-sports.com\/wp-content\/uploads\/2026\/02\/AF1296-BLK_WHT-BOH-scaled.jpg","contentUrl":"https:\/\/www.meyer-sports.com\/wp-content\/uploads\/2026\/02\/AF1296-BLK_WHT-BOH-scaled.jpg","width":2560,"height":2560},{"@type":"BreadcrumbList","@id":"https:\/\/www.meyer-sports.com\/de\/produkt\/adidas-freak-5-0-gepolsterte-receiver-handschuhe\/#breadcrumb","itemListElement":[{"@type":"ListItem","position":1,"name":"Home","item":"https:\/\/www.meyer-sports.com\/de\/"},{"@type":"ListItem","position":2,"name":"Shop","item":"https:\/\/www.meyer-sports.com\/de\/shop\/"},{"@type":"ListItem","position":3,"name":"Adidas FREAK 5.0 gepolsterte Receiver Handschuhe"}]},{"@type":"WebSite","@id":"https:\/\/www.meyer-sports.com\/de\/#website","url":"https:\/\/www.meyer-sports.com\/de\/","name":"Meyer Sports","description":"American Football Equipment \u2013 Helmets, Shoulder Pads &amp; Gear","publisher":{"@id":"https:\/\/www.meyer-sports.com\/de\/#organization"},"alternateName":"Meyer Marketing","potentialAction":[{"@type":"SearchAction","target":{"@type":"EntryPoint","urlTemplate":"https:\/\/www.meyer-sports.com\/de\/?s={search_term_string}"},"query-input":{"@type":"PropertyValueSpecification","valueRequired":true,"valueName":"search_term_string"}}],"inLanguage":"de"},{"@type":"Organization","@id":"https:\/\/www.meyer-sports.com\/de\/#organization","name":"Meyer Sports","url":"https:\/\/www.meyer-sports.com\/de\/","logo":{"@type":"ImageObject","inLanguage":"de","@id":"https:\/\/www.meyer-sports.com\/de\/#\/schema\/logo\/image\/","url":"https:\/\/www.meyer-sports.com\/wp-content\/uploads\/2025\/08\/cropped-MeyerSports-Wort-Bild-Marke-RGB-Black-Horizontal-2000px.png","contentUrl":"https:\/\/www.meyer-sports.com\/wp-content\/uploads\/2025\/08\/cropped-MeyerSports-Wort-Bild-Marke-RGB-Black-Horizontal-2000px.png","width":1999,"height":263,"caption":"Meyer Sports"},"image":{"@id":"https:\/\/www.meyer-sports.com\/de\/#\/schema\/logo\/image\/"},"sameAs":["https:\/\/www.facebook.com\/profile.php?id=100083396525976"]}]}},"_links":{"self":[{"href":"https:\/\/www.meyer-sports.com\/de\/wp-json\/wp\/v2\/product\/7058","targetHints":{"allow":["GET"]}}],"collection":[{"href":"https:\/\/www.meyer-sports.com\/de\/wp-json\/wp\/v2\/product"}],"about":[{"href":"https:\/\/www.meyer-sports.com\/de\/wp-json\/wp\/v2\/types\/product"}],"replies":[{"embeddable":true,"href":"https:\/\/www.meyer-sports.com\/de\/wp-json\/wp\/v2\/comments?post=7058"}],"wp:featuredmedia":[{"embeddable":true,"href":"https:\/\/www.meyer-sports.com\/de\/wp-json\/wp\/v2\/media\/6769"}],"wp:attachment":[{"href":"https:\/\/www.meyer-sports.com\/de\/wp-json\/wp\/v2\/media?parent=7058"}],"wp:term":[{"taxonomy":"product_brand","embeddable":true,"href":"https:\/\/www.meyer-sports.com\/de\/wp-json\/wp\/v2\/product_brand?post=7058"},{"taxonomy":"product_cat","embeddable":true,"href":"https:\/\/www.meyer-sports.com\/de\/wp-json\/wp\/v2\/product_cat?post=7058"},{"taxonomy":"product_tag","embeddable":true,"href":"https:\/\/www.meyer-sports.com\/de\/wp-json\/wp\/v2\/product_tag?post=7058"}],"curies":[{"name":"wp","href":"https:\/\/api.w.org\/{rel}","templated":true}]}}