{"id":7045,"date":"2026-02-17T14:56:08","date_gmt":"2026-02-17T13:56:08","guid":{"rendered":"https:\/\/www.meyer-sports.com\/?post_type=product&#038;p=7045"},"modified":"2026-04-02T10:07:51","modified_gmt":"2026-04-02T08:07:51","slug":"adidas-adizero-12-0-receiver-handschuhe","status":"publish","type":"product","link":"https:\/\/www.meyer-sports.com\/de\/produkt\/adidas-adizero-12-0-receiver-handschuhe\/","title":{"rendered":"Adidas ADIZERO 12.0 Receiver Handschuhe"},"content":{"rendered":"<ul>\n<li>Leichte, griffige Receiver Handschuhe f\u00fcr sichere Ballkontrolle <\/li>\n<li>Verwandle jeden Pass in einen Fang <\/li>\n<li>Mit diesen Adidas Receiver Handschuhen kannst du den Ball sicher fangen, wenn du danach greifst <\/li>\n<li>Nahtlose, griffige Handfl\u00e4chen sorgen f\u00fcr verbesserte Ballkontrolle bei jedem Wetter<\/li>\n<li>Das schwei\u00dfableitende AEROREADY-Material h\u00e4lt deine H\u00e4nde trocken und sorgt f\u00fcr Tragekomfort, w\u00e4hrend die Kompressionspassform dank ihrer hohen Dehnbarkeit ein einfaches An- und Ausziehen erm\u00f6glicht <\/li>\n<\/ul>\n","protected":false},"excerpt":{"rendered":"<p>Leichte, griffige Receiver Handschuhe f\u00fcr sichere Ballkontrolle Verwandle jeden Pass in einen Fang Mit diesen Adidas Receiver Handschuhen kannst du den Ball sicher fangen, wenn du danach greifst Nahtlose, griffige Handfl\u00e4chen sorgen f\u00fcr verbesserte Ballkontrolle bei jedem Wetter Das schwei\u00dfableitende AEROREADY-Material h\u00e4lt deine H\u00e4nde trocken und sorgt f\u00fcr Tragekomfort, w\u00e4hrend die Kompressionspassform dank ihrer hohen [&hellip;]<\/p>\n","protected":false},"featured_media":6744,"comment_status":"open","ping_status":"closed","template":"","meta":{"_acf_changed":false},"product_brand":[449],"product_cat":[326],"product_tag":[],"class_list":{"0":"post-7045","1":"product","2":"type-product","3":"status-publish","4":"has-post-thumbnail","6":"product_brand-adidas","7":"product_cat-handschuhe","9":"first","10":"instock","11":"taxable","12":"shipping-taxable","13":"purchasable","14":"product-type-variable"},"acf":[],"yoast_head":"<!-- This site is optimized with the Yoast SEO plugin v27.1.1 - https:\/\/yoast.com\/product\/yoast-seo-wordpress\/ -->\n<title>Adidas Adizero 12.0 Receiver Handschuhe - Jetzt bei Meyer Sports kaufen!<\/title>\n<meta name=\"description\" content=\"Erlebe erstklassigen Grip und leichte Performance mit den Adidas Adizero 12.0 Receiver Handschuhen. Entwickelt f\u00fcr besseren Grip und sichere F\u00e4nge. Jetzt bestellen!\" \/>\n<meta name=\"robots\" content=\"index, follow, max-snippet:-1, max-image-preview:large, max-video-preview:-1\" \/>\n<link rel=\"canonical\" href=\"https:\/\/www.meyer-sports.com\/de\/produkt\/adidas-adizero-12-0-receiver-handschuhe\/\" \/>\n<meta property=\"og:locale\" content=\"de_DE\" \/>\n<meta property=\"og:type\" content=\"article\" \/>\n<meta property=\"og:title\" content=\"Adidas Adizero 12.0 Receiver Handschuhe - Jetzt bei Meyer Sports kaufen!\" \/>\n<meta property=\"og:description\" content=\"Erlebe erstklassigen Grip und leichte Performance mit den Adidas Adizero 12.0 Receiver Handschuhen. Entwickelt f\u00fcr besseren Grip und sichere F\u00e4nge. Jetzt bestellen!\" \/>\n<meta property=\"og:url\" content=\"https:\/\/www.meyer-sports.com\/de\/produkt\/adidas-adizero-12-0-receiver-handschuhe\/\" \/>\n<meta property=\"og:site_name\" content=\"Meyer Sports\" \/>\n<meta property=\"article:publisher\" content=\"https:\/\/www.facebook.com\/profile.php?id=100083396525976\" \/>\n<meta property=\"article:modified_time\" content=\"2026-04-02T08:07:51+00:00\" \/>\n<meta property=\"og:image\" content=\"https:\/\/www.meyer-sports.com\/wp-content\/uploads\/2026\/02\/AF1531-Black-White-BOH-scaled.jpg\" \/>\n\t<meta property=\"og:image:width\" content=\"2560\" \/>\n\t<meta property=\"og:image:height\" content=\"2560\" \/>\n\t<meta property=\"og:image:type\" content=\"image\/jpeg\" \/>\n<meta name=\"twitter:card\" content=\"summary_large_image\" \/>\n<script type=\"application\/ld+json\" class=\"yoast-schema-graph\">{\"@context\":\"https:\/\/schema.org\",\"@graph\":[{\"@type\":\"WebPage\",\"@id\":\"https:\/\/www.meyer-sports.com\/de\/produkt\/adidas-adizero-12-0-receiver-handschuhe\/\",\"url\":\"https:\/\/www.meyer-sports.com\/de\/produkt\/adidas-adizero-12-0-receiver-handschuhe\/\",\"name\":\"Adidas Adizero 12.0 Receiver Handschuhe - Jetzt bei Meyer Sports kaufen!\",\"isPartOf\":{\"@id\":\"https:\/\/www.meyer-sports.com\/de\/#website\"},\"primaryImageOfPage\":{\"@id\":\"https:\/\/www.meyer-sports.com\/de\/produkt\/adidas-adizero-12-0-receiver-handschuhe\/#primaryimage\"},\"image\":{\"@id\":\"https:\/\/www.meyer-sports.com\/de\/produkt\/adidas-adizero-12-0-receiver-handschuhe\/#primaryimage\"},\"thumbnailUrl\":\"https:\/\/www.meyer-sports.com\/wp-content\/uploads\/2026\/02\/AF1531-Black-White-BOH-scaled.jpg\",\"datePublished\":\"2026-02-17T13:56:08+00:00\",\"dateModified\":\"2026-04-02T08:07:51+00:00\",\"description\":\"Erlebe erstklassigen Grip und leichte Performance mit den Adidas Adizero 12.0 Receiver Handschuhen. Entwickelt f\u00fcr besseren Grip und sichere F\u00e4nge. Jetzt bestellen!\",\"breadcrumb\":{\"@id\":\"https:\/\/www.meyer-sports.com\/de\/produkt\/adidas-adizero-12-0-receiver-handschuhe\/#breadcrumb\"},\"inLanguage\":\"de\",\"potentialAction\":[{\"@type\":\"ReadAction\",\"target\":[\"https:\/\/www.meyer-sports.com\/de\/produkt\/adidas-adizero-12-0-receiver-handschuhe\/\"]}]},{\"@type\":\"ImageObject\",\"inLanguage\":\"de\",\"@id\":\"https:\/\/www.meyer-sports.com\/de\/produkt\/adidas-adizero-12-0-receiver-handschuhe\/#primaryimage\",\"url\":\"https:\/\/www.meyer-sports.com\/wp-content\/uploads\/2026\/02\/AF1531-Black-White-BOH-scaled.jpg\",\"contentUrl\":\"https:\/\/www.meyer-sports.com\/wp-content\/uploads\/2026\/02\/AF1531-Black-White-BOH-scaled.jpg\",\"width\":2560,\"height\":2560},{\"@type\":\"BreadcrumbList\",\"@id\":\"https:\/\/www.meyer-sports.com\/de\/produkt\/adidas-adizero-12-0-receiver-handschuhe\/#breadcrumb\",\"itemListElement\":[{\"@type\":\"ListItem\",\"position\":1,\"name\":\"Home\",\"item\":\"https:\/\/www.meyer-sports.com\/de\/\"},{\"@type\":\"ListItem\",\"position\":2,\"name\":\"Shop\",\"item\":\"https:\/\/www.meyer-sports.com\/de\/shop\/\"},{\"@type\":\"ListItem\",\"position\":3,\"name\":\"Adidas ADIZERO 12.0 Receiver Handschuhe\"}]},{\"@type\":\"WebSite\",\"@id\":\"https:\/\/www.meyer-sports.com\/de\/#website\",\"url\":\"https:\/\/www.meyer-sports.com\/de\/\",\"name\":\"Meyer Sports\",\"description\":\"American Football Equipment \u2013 Helmets, Shoulder Pads &amp; Gear\",\"publisher\":{\"@id\":\"https:\/\/www.meyer-sports.com\/de\/#organization\"},\"alternateName\":\"Meyer Marketing\",\"potentialAction\":[{\"@type\":\"SearchAction\",\"target\":{\"@type\":\"EntryPoint\",\"urlTemplate\":\"https:\/\/www.meyer-sports.com\/de\/?s={search_term_string}\"},\"query-input\":{\"@type\":\"PropertyValueSpecification\",\"valueRequired\":true,\"valueName\":\"search_term_string\"}}],\"inLanguage\":\"de\"},{\"@type\":\"Organization\",\"@id\":\"https:\/\/www.meyer-sports.com\/de\/#organization\",\"name\":\"Meyer Sports\",\"url\":\"https:\/\/www.meyer-sports.com\/de\/\",\"logo\":{\"@type\":\"ImageObject\",\"inLanguage\":\"de\",\"@id\":\"https:\/\/www.meyer-sports.com\/de\/#\/schema\/logo\/image\/\",\"url\":\"https:\/\/www.meyer-sports.com\/wp-content\/uploads\/2025\/08\/cropped-MeyerSports-Wort-Bild-Marke-RGB-Black-Horizontal-2000px.png\",\"contentUrl\":\"https:\/\/www.meyer-sports.com\/wp-content\/uploads\/2025\/08\/cropped-MeyerSports-Wort-Bild-Marke-RGB-Black-Horizontal-2000px.png\",\"width\":1999,\"height\":263,\"caption\":\"Meyer Sports\"},\"image\":{\"@id\":\"https:\/\/www.meyer-sports.com\/de\/#\/schema\/logo\/image\/\"},\"sameAs\":[\"https:\/\/www.facebook.com\/profile.php?id=100083396525976\"]}]}<\/script>\n<!-- \/ Yoast SEO plugin. -->","yoast_head_json":{"title":"Adidas Adizero 12.0 Receiver Handschuhe - Jetzt bei Meyer Sports kaufen!","description":"Erlebe erstklassigen Grip und leichte Performance mit den Adidas Adizero 12.0 Receiver Handschuhen. Entwickelt f\u00fcr besseren Grip und sichere F\u00e4nge. Jetzt bestellen!","robots":{"index":"index","follow":"follow","max-snippet":"max-snippet:-1","max-image-preview":"max-image-preview:large","max-video-preview":"max-video-preview:-1"},"canonical":"https:\/\/www.meyer-sports.com\/de\/produkt\/adidas-adizero-12-0-receiver-handschuhe\/","og_locale":"de_DE","og_type":"article","og_title":"Adidas Adizero 12.0 Receiver Handschuhe - Jetzt bei Meyer Sports kaufen!","og_description":"Erlebe erstklassigen Grip und leichte Performance mit den Adidas Adizero 12.0 Receiver Handschuhen. Entwickelt f\u00fcr besseren Grip und sichere F\u00e4nge. Jetzt bestellen!","og_url":"https:\/\/www.meyer-sports.com\/de\/produkt\/adidas-adizero-12-0-receiver-handschuhe\/","og_site_name":"Meyer Sports","article_publisher":"https:\/\/www.facebook.com\/profile.php?id=100083396525976","article_modified_time":"2026-04-02T08:07:51+00:00","og_image":[{"width":2560,"height":2560,"url":"https:\/\/www.meyer-sports.com\/wp-content\/uploads\/2026\/02\/AF1531-Black-White-BOH-scaled.jpg","type":"image\/jpeg"}],"twitter_card":"summary_large_image","schema":{"@context":"https:\/\/schema.org","@graph":[{"@type":"WebPage","@id":"https:\/\/www.meyer-sports.com\/de\/produkt\/adidas-adizero-12-0-receiver-handschuhe\/","url":"https:\/\/www.meyer-sports.com\/de\/produkt\/adidas-adizero-12-0-receiver-handschuhe\/","name":"Adidas Adizero 12.0 Receiver Handschuhe - Jetzt bei Meyer Sports kaufen!","isPartOf":{"@id":"https:\/\/www.meyer-sports.com\/de\/#website"},"primaryImageOfPage":{"@id":"https:\/\/www.meyer-sports.com\/de\/produkt\/adidas-adizero-12-0-receiver-handschuhe\/#primaryimage"},"image":{"@id":"https:\/\/www.meyer-sports.com\/de\/produkt\/adidas-adizero-12-0-receiver-handschuhe\/#primaryimage"},"thumbnailUrl":"https:\/\/www.meyer-sports.com\/wp-content\/uploads\/2026\/02\/AF1531-Black-White-BOH-scaled.jpg","datePublished":"2026-02-17T13:56:08+00:00","dateModified":"2026-04-02T08:07:51+00:00","description":"Erlebe erstklassigen Grip und leichte Performance mit den Adidas Adizero 12.0 Receiver Handschuhen. Entwickelt f\u00fcr besseren Grip und sichere F\u00e4nge. Jetzt bestellen!","breadcrumb":{"@id":"https:\/\/www.meyer-sports.com\/de\/produkt\/adidas-adizero-12-0-receiver-handschuhe\/#breadcrumb"},"inLanguage":"de","potentialAction":[{"@type":"ReadAction","target":["https:\/\/www.meyer-sports.com\/de\/produkt\/adidas-adizero-12-0-receiver-handschuhe\/"]}]},{"@type":"ImageObject","inLanguage":"de","@id":"https:\/\/www.meyer-sports.com\/de\/produkt\/adidas-adizero-12-0-receiver-handschuhe\/#primaryimage","url":"https:\/\/www.meyer-sports.com\/wp-content\/uploads\/2026\/02\/AF1531-Black-White-BOH-scaled.jpg","contentUrl":"https:\/\/www.meyer-sports.com\/wp-content\/uploads\/2026\/02\/AF1531-Black-White-BOH-scaled.jpg","width":2560,"height":2560},{"@type":"BreadcrumbList","@id":"https:\/\/www.meyer-sports.com\/de\/produkt\/adidas-adizero-12-0-receiver-handschuhe\/#breadcrumb","itemListElement":[{"@type":"ListItem","position":1,"name":"Home","item":"https:\/\/www.meyer-sports.com\/de\/"},{"@type":"ListItem","position":2,"name":"Shop","item":"https:\/\/www.meyer-sports.com\/de\/shop\/"},{"@type":"ListItem","position":3,"name":"Adidas ADIZERO 12.0 Receiver Handschuhe"}]},{"@type":"WebSite","@id":"https:\/\/www.meyer-sports.com\/de\/#website","url":"https:\/\/www.meyer-sports.com\/de\/","name":"Meyer Sports","description":"American Football Equipment \u2013 Helmets, Shoulder Pads &amp; Gear","publisher":{"@id":"https:\/\/www.meyer-sports.com\/de\/#organization"},"alternateName":"Meyer Marketing","potentialAction":[{"@type":"SearchAction","target":{"@type":"EntryPoint","urlTemplate":"https:\/\/www.meyer-sports.com\/de\/?s={search_term_string}"},"query-input":{"@type":"PropertyValueSpecification","valueRequired":true,"valueName":"search_term_string"}}],"inLanguage":"de"},{"@type":"Organization","@id":"https:\/\/www.meyer-sports.com\/de\/#organization","name":"Meyer Sports","url":"https:\/\/www.meyer-sports.com\/de\/","logo":{"@type":"ImageObject","inLanguage":"de","@id":"https:\/\/www.meyer-sports.com\/de\/#\/schema\/logo\/image\/","url":"https:\/\/www.meyer-sports.com\/wp-content\/uploads\/2025\/08\/cropped-MeyerSports-Wort-Bild-Marke-RGB-Black-Horizontal-2000px.png","contentUrl":"https:\/\/www.meyer-sports.com\/wp-content\/uploads\/2025\/08\/cropped-MeyerSports-Wort-Bild-Marke-RGB-Black-Horizontal-2000px.png","width":1999,"height":263,"caption":"Meyer Sports"},"image":{"@id":"https:\/\/www.meyer-sports.com\/de\/#\/schema\/logo\/image\/"},"sameAs":["https:\/\/www.facebook.com\/profile.php?id=100083396525976"]}]}},"_links":{"self":[{"href":"https:\/\/www.meyer-sports.com\/de\/wp-json\/wp\/v2\/product\/7045","targetHints":{"allow":["GET"]}}],"collection":[{"href":"https:\/\/www.meyer-sports.com\/de\/wp-json\/wp\/v2\/product"}],"about":[{"href":"https:\/\/www.meyer-sports.com\/de\/wp-json\/wp\/v2\/types\/product"}],"replies":[{"embeddable":true,"href":"https:\/\/www.meyer-sports.com\/de\/wp-json\/wp\/v2\/comments?post=7045"}],"wp:featuredmedia":[{"embeddable":true,"href":"https:\/\/www.meyer-sports.com\/de\/wp-json\/wp\/v2\/media\/6744"}],"wp:attachment":[{"href":"https:\/\/www.meyer-sports.com\/de\/wp-json\/wp\/v2\/media?parent=7045"}],"wp:term":[{"taxonomy":"product_brand","embeddable":true,"href":"https:\/\/www.meyer-sports.com\/de\/wp-json\/wp\/v2\/product_brand?post=7045"},{"taxonomy":"product_cat","embeddable":true,"href":"https:\/\/www.meyer-sports.com\/de\/wp-json\/wp\/v2\/product_cat?post=7045"},{"taxonomy":"product_tag","embeddable":true,"href":"https:\/\/www.meyer-sports.com\/de\/wp-json\/wp\/v2\/product_tag?post=7045"}],"curies":[{"name":"wp","href":"https:\/\/api.w.org\/{rel}","templated":true}]}}