{"id":7014,"date":"2026-02-16T12:38:48","date_gmt":"2026-02-16T11:38:48","guid":{"rendered":"https:\/\/www.meyer-sports.com\/?post_type=product&#038;p=7014"},"modified":"2026-03-25T12:54:17","modified_gmt":"2026-03-25T11:54:17","slug":"riddell-speeflex-cam-loc-kinnriemen-hard-cup","status":"publish","type":"product","link":"https:\/\/www.meyer-sports.com\/de\/produkt\/riddell-speeflex-cam-loc-kinnriemen-hard-cup\/","title":{"rendered":"Riddell Speedflex Cam-Loc Kinnriemen Hard Cup"},"content":{"rendered":"<ul>\n<li>Das Cam-Loc System erm\u00f6glicht eine schnelle, stabile Einstellung und fixiert den Helm sicher an seinem Platz <\/li>\n<li>Mit Schaumstoff gepolstertes Innenfutter f\u00fcr mehr Komfort und ein sicheres Gef\u00fchl auf dem Spielfeld <\/li>\n<li>Speziell f\u00fcr Riddell Speedflex Helme entwickelt, sorgt f\u00fcr eine perfekte Kompatibilit\u00e4t <\/li>\n<li>Bel\u00fcftungs\u00f6ffnungen f\u00fcr eine bessere Luftzirkulation und k\u00fchlere Leistung w\u00e4hrend des Spiels <\/li>\n<li>Erh\u00e4ltlich in verschiedenen Gr\u00f6\u00dfen und Farben, passt sowohl auf die Jugend- als auch auf die Erwachsenenhelme <\/li>\n<\/ul>\n","protected":false},"excerpt":{"rendered":"<p>Das Cam-Loc System erm\u00f6glicht eine schnelle, stabile Einstellung und fixiert den Helm sicher an seinem Platz Mit Schaumstoff gepolstertes Innenfutter f\u00fcr mehr Komfort und ein sicheres Gef\u00fchl auf dem Spielfeld Speziell f\u00fcr Riddell Speedflex Helme entwickelt, sorgt f\u00fcr eine perfekte Kompatibilit\u00e4t Bel\u00fcftungs\u00f6ffnungen f\u00fcr eine bessere Luftzirkulation und k\u00fchlere Leistung w\u00e4hrend des Spiels Erh\u00e4ltlich in verschiedenen [&hellip;]<\/p>\n","protected":false},"featured_media":6582,"comment_status":"open","ping_status":"closed","template":"","meta":{"_acf_changed":false},"product_brand":[427],"product_cat":[479],"product_tag":[],"class_list":{"0":"post-7014","1":"product","2":"type-product","3":"status-publish","4":"has-post-thumbnail","6":"product_brand-riddell","7":"product_cat-riddell-accessories","9":"first","10":"instock","11":"taxable","12":"shipping-taxable","13":"purchasable","14":"product-type-variable"},"acf":[],"yoast_head":"<!-- This site is optimized with the Yoast SEO plugin v27.1.1 - https:\/\/yoast.com\/product\/yoast-seo-wordpress\/ -->\n<title>Riddell Speedflex Cam-Loc Kinnriemen Hard Cup - Meyer Sports<\/title>\n<meta name=\"robots\" content=\"index, follow, max-snippet:-1, max-image-preview:large, max-video-preview:-1\" \/>\n<link rel=\"canonical\" href=\"https:\/\/www.meyer-sports.com\/de\/produkt\/riddell-speeflex-cam-loc-kinnriemen-hard-cup\/\" \/>\n<meta property=\"og:locale\" content=\"de_DE\" \/>\n<meta property=\"og:type\" content=\"article\" \/>\n<meta property=\"og:title\" content=\"Riddell Speedflex Cam-Loc Kinnriemen Hard Cup - Meyer Sports\" \/>\n<meta property=\"og:description\" content=\"Das Cam-Loc System erm\u00f6glicht eine schnelle, stabile Einstellung und fixiert den Helm sicher an seinem Platz Mit Schaumstoff gepolstertes Innenfutter f\u00fcr mehr Komfort und ein sicheres Gef\u00fchl auf dem Spielfeld Speziell f\u00fcr Riddell Speedflex Helme entwickelt, sorgt f\u00fcr eine perfekte Kompatibilit\u00e4t Bel\u00fcftungs\u00f6ffnungen f\u00fcr eine bessere Luftzirkulation und k\u00fchlere Leistung w\u00e4hrend des Spiels Erh\u00e4ltlich in verschiedenen [&hellip;]\" \/>\n<meta property=\"og:url\" content=\"https:\/\/www.meyer-sports.com\/de\/produkt\/riddell-speeflex-cam-loc-kinnriemen-hard-cup\/\" \/>\n<meta property=\"og:site_name\" content=\"Meyer Sports\" \/>\n<meta property=\"article:publisher\" content=\"https:\/\/www.facebook.com\/profile.php?id=100083396525976\" \/>\n<meta property=\"article:modified_time\" content=\"2026-03-25T11:54:17+00:00\" \/>\n<meta property=\"og:image\" content=\"https:\/\/www.meyer-sports.com\/wp-content\/uploads\/2026\/02\/Cam-Loc-Hard-Cup-black-1.png\" \/>\n\t<meta property=\"og:image:width\" content=\"906\" \/>\n\t<meta property=\"og:image:height\" content=\"908\" \/>\n\t<meta property=\"og:image:type\" content=\"image\/png\" \/>\n<meta name=\"twitter:card\" content=\"summary_large_image\" \/>\n<script type=\"application\/ld+json\" class=\"yoast-schema-graph\">{\"@context\":\"https:\/\/schema.org\",\"@graph\":[{\"@type\":\"WebPage\",\"@id\":\"https:\/\/www.meyer-sports.com\/de\/produkt\/riddell-speeflex-cam-loc-kinnriemen-hard-cup\/\",\"url\":\"https:\/\/www.meyer-sports.com\/de\/produkt\/riddell-speeflex-cam-loc-kinnriemen-hard-cup\/\",\"name\":\"Riddell Speedflex Cam-Loc Kinnriemen Hard Cup - Meyer Sports\",\"isPartOf\":{\"@id\":\"https:\/\/www.meyer-sports.com\/de\/#website\"},\"primaryImageOfPage\":{\"@id\":\"https:\/\/www.meyer-sports.com\/de\/produkt\/riddell-speeflex-cam-loc-kinnriemen-hard-cup\/#primaryimage\"},\"image\":{\"@id\":\"https:\/\/www.meyer-sports.com\/de\/produkt\/riddell-speeflex-cam-loc-kinnriemen-hard-cup\/#primaryimage\"},\"thumbnailUrl\":\"https:\/\/www.meyer-sports.com\/wp-content\/uploads\/2026\/02\/Cam-Loc-Hard-Cup-black-1.png\",\"datePublished\":\"2026-02-16T11:38:48+00:00\",\"dateModified\":\"2026-03-25T11:54:17+00:00\",\"breadcrumb\":{\"@id\":\"https:\/\/www.meyer-sports.com\/de\/produkt\/riddell-speeflex-cam-loc-kinnriemen-hard-cup\/#breadcrumb\"},\"inLanguage\":\"de\",\"potentialAction\":[{\"@type\":\"ReadAction\",\"target\":[\"https:\/\/www.meyer-sports.com\/de\/produkt\/riddell-speeflex-cam-loc-kinnriemen-hard-cup\/\"]}]},{\"@type\":\"ImageObject\",\"inLanguage\":\"de\",\"@id\":\"https:\/\/www.meyer-sports.com\/de\/produkt\/riddell-speeflex-cam-loc-kinnriemen-hard-cup\/#primaryimage\",\"url\":\"https:\/\/www.meyer-sports.com\/wp-content\/uploads\/2026\/02\/Cam-Loc-Hard-Cup-black-1.png\",\"contentUrl\":\"https:\/\/www.meyer-sports.com\/wp-content\/uploads\/2026\/02\/Cam-Loc-Hard-Cup-black-1.png\",\"width\":906,\"height\":908},{\"@type\":\"BreadcrumbList\",\"@id\":\"https:\/\/www.meyer-sports.com\/de\/produkt\/riddell-speeflex-cam-loc-kinnriemen-hard-cup\/#breadcrumb\",\"itemListElement\":[{\"@type\":\"ListItem\",\"position\":1,\"name\":\"Home\",\"item\":\"https:\/\/www.meyer-sports.com\/de\/\"},{\"@type\":\"ListItem\",\"position\":2,\"name\":\"Shop\",\"item\":\"https:\/\/www.meyer-sports.com\/de\/shop\/\"},{\"@type\":\"ListItem\",\"position\":3,\"name\":\"Riddell Speedflex Cam-Loc Kinnriemen Hard Cup\"}]},{\"@type\":\"WebSite\",\"@id\":\"https:\/\/www.meyer-sports.com\/de\/#website\",\"url\":\"https:\/\/www.meyer-sports.com\/de\/\",\"name\":\"Meyer Sports\",\"description\":\"American Football Equipment \u2013 Helmets, Shoulder Pads &amp; Gear\",\"publisher\":{\"@id\":\"https:\/\/www.meyer-sports.com\/de\/#organization\"},\"alternateName\":\"Meyer Marketing\",\"potentialAction\":[{\"@type\":\"SearchAction\",\"target\":{\"@type\":\"EntryPoint\",\"urlTemplate\":\"https:\/\/www.meyer-sports.com\/de\/?s={search_term_string}\"},\"query-input\":{\"@type\":\"PropertyValueSpecification\",\"valueRequired\":true,\"valueName\":\"search_term_string\"}}],\"inLanguage\":\"de\"},{\"@type\":\"Organization\",\"@id\":\"https:\/\/www.meyer-sports.com\/de\/#organization\",\"name\":\"Meyer Sports\",\"url\":\"https:\/\/www.meyer-sports.com\/de\/\",\"logo\":{\"@type\":\"ImageObject\",\"inLanguage\":\"de\",\"@id\":\"https:\/\/www.meyer-sports.com\/de\/#\/schema\/logo\/image\/\",\"url\":\"https:\/\/www.meyer-sports.com\/wp-content\/uploads\/2025\/08\/cropped-MeyerSports-Wort-Bild-Marke-RGB-Black-Horizontal-2000px.png\",\"contentUrl\":\"https:\/\/www.meyer-sports.com\/wp-content\/uploads\/2025\/08\/cropped-MeyerSports-Wort-Bild-Marke-RGB-Black-Horizontal-2000px.png\",\"width\":1999,\"height\":263,\"caption\":\"Meyer Sports\"},\"image\":{\"@id\":\"https:\/\/www.meyer-sports.com\/de\/#\/schema\/logo\/image\/\"},\"sameAs\":[\"https:\/\/www.facebook.com\/profile.php?id=100083396525976\"]}]}<\/script>\n<!-- \/ Yoast SEO plugin. -->","yoast_head_json":{"title":"Riddell Speedflex Cam-Loc Kinnriemen Hard Cup - Meyer Sports","robots":{"index":"index","follow":"follow","max-snippet":"max-snippet:-1","max-image-preview":"max-image-preview:large","max-video-preview":"max-video-preview:-1"},"canonical":"https:\/\/www.meyer-sports.com\/de\/produkt\/riddell-speeflex-cam-loc-kinnriemen-hard-cup\/","og_locale":"de_DE","og_type":"article","og_title":"Riddell Speedflex Cam-Loc Kinnriemen Hard Cup - Meyer Sports","og_description":"Das Cam-Loc System erm\u00f6glicht eine schnelle, stabile Einstellung und fixiert den Helm sicher an seinem Platz Mit Schaumstoff gepolstertes Innenfutter f\u00fcr mehr Komfort und ein sicheres Gef\u00fchl auf dem Spielfeld Speziell f\u00fcr Riddell Speedflex Helme entwickelt, sorgt f\u00fcr eine perfekte Kompatibilit\u00e4t Bel\u00fcftungs\u00f6ffnungen f\u00fcr eine bessere Luftzirkulation und k\u00fchlere Leistung w\u00e4hrend des Spiels Erh\u00e4ltlich in verschiedenen [&hellip;]","og_url":"https:\/\/www.meyer-sports.com\/de\/produkt\/riddell-speeflex-cam-loc-kinnriemen-hard-cup\/","og_site_name":"Meyer Sports","article_publisher":"https:\/\/www.facebook.com\/profile.php?id=100083396525976","article_modified_time":"2026-03-25T11:54:17+00:00","og_image":[{"width":906,"height":908,"url":"https:\/\/www.meyer-sports.com\/wp-content\/uploads\/2026\/02\/Cam-Loc-Hard-Cup-black-1.png","type":"image\/png"}],"twitter_card":"summary_large_image","schema":{"@context":"https:\/\/schema.org","@graph":[{"@type":"WebPage","@id":"https:\/\/www.meyer-sports.com\/de\/produkt\/riddell-speeflex-cam-loc-kinnriemen-hard-cup\/","url":"https:\/\/www.meyer-sports.com\/de\/produkt\/riddell-speeflex-cam-loc-kinnriemen-hard-cup\/","name":"Riddell Speedflex Cam-Loc Kinnriemen Hard Cup - Meyer Sports","isPartOf":{"@id":"https:\/\/www.meyer-sports.com\/de\/#website"},"primaryImageOfPage":{"@id":"https:\/\/www.meyer-sports.com\/de\/produkt\/riddell-speeflex-cam-loc-kinnriemen-hard-cup\/#primaryimage"},"image":{"@id":"https:\/\/www.meyer-sports.com\/de\/produkt\/riddell-speeflex-cam-loc-kinnriemen-hard-cup\/#primaryimage"},"thumbnailUrl":"https:\/\/www.meyer-sports.com\/wp-content\/uploads\/2026\/02\/Cam-Loc-Hard-Cup-black-1.png","datePublished":"2026-02-16T11:38:48+00:00","dateModified":"2026-03-25T11:54:17+00:00","breadcrumb":{"@id":"https:\/\/www.meyer-sports.com\/de\/produkt\/riddell-speeflex-cam-loc-kinnriemen-hard-cup\/#breadcrumb"},"inLanguage":"de","potentialAction":[{"@type":"ReadAction","target":["https:\/\/www.meyer-sports.com\/de\/produkt\/riddell-speeflex-cam-loc-kinnriemen-hard-cup\/"]}]},{"@type":"ImageObject","inLanguage":"de","@id":"https:\/\/www.meyer-sports.com\/de\/produkt\/riddell-speeflex-cam-loc-kinnriemen-hard-cup\/#primaryimage","url":"https:\/\/www.meyer-sports.com\/wp-content\/uploads\/2026\/02\/Cam-Loc-Hard-Cup-black-1.png","contentUrl":"https:\/\/www.meyer-sports.com\/wp-content\/uploads\/2026\/02\/Cam-Loc-Hard-Cup-black-1.png","width":906,"height":908},{"@type":"BreadcrumbList","@id":"https:\/\/www.meyer-sports.com\/de\/produkt\/riddell-speeflex-cam-loc-kinnriemen-hard-cup\/#breadcrumb","itemListElement":[{"@type":"ListItem","position":1,"name":"Home","item":"https:\/\/www.meyer-sports.com\/de\/"},{"@type":"ListItem","position":2,"name":"Shop","item":"https:\/\/www.meyer-sports.com\/de\/shop\/"},{"@type":"ListItem","position":3,"name":"Riddell Speedflex Cam-Loc Kinnriemen Hard Cup"}]},{"@type":"WebSite","@id":"https:\/\/www.meyer-sports.com\/de\/#website","url":"https:\/\/www.meyer-sports.com\/de\/","name":"Meyer Sports","description":"American Football Equipment \u2013 Helmets, Shoulder Pads &amp; Gear","publisher":{"@id":"https:\/\/www.meyer-sports.com\/de\/#organization"},"alternateName":"Meyer Marketing","potentialAction":[{"@type":"SearchAction","target":{"@type":"EntryPoint","urlTemplate":"https:\/\/www.meyer-sports.com\/de\/?s={search_term_string}"},"query-input":{"@type":"PropertyValueSpecification","valueRequired":true,"valueName":"search_term_string"}}],"inLanguage":"de"},{"@type":"Organization","@id":"https:\/\/www.meyer-sports.com\/de\/#organization","name":"Meyer Sports","url":"https:\/\/www.meyer-sports.com\/de\/","logo":{"@type":"ImageObject","inLanguage":"de","@id":"https:\/\/www.meyer-sports.com\/de\/#\/schema\/logo\/image\/","url":"https:\/\/www.meyer-sports.com\/wp-content\/uploads\/2025\/08\/cropped-MeyerSports-Wort-Bild-Marke-RGB-Black-Horizontal-2000px.png","contentUrl":"https:\/\/www.meyer-sports.com\/wp-content\/uploads\/2025\/08\/cropped-MeyerSports-Wort-Bild-Marke-RGB-Black-Horizontal-2000px.png","width":1999,"height":263,"caption":"Meyer Sports"},"image":{"@id":"https:\/\/www.meyer-sports.com\/de\/#\/schema\/logo\/image\/"},"sameAs":["https:\/\/www.facebook.com\/profile.php?id=100083396525976"]}]}},"_links":{"self":[{"href":"https:\/\/www.meyer-sports.com\/de\/wp-json\/wp\/v2\/product\/7014","targetHints":{"allow":["GET"]}}],"collection":[{"href":"https:\/\/www.meyer-sports.com\/de\/wp-json\/wp\/v2\/product"}],"about":[{"href":"https:\/\/www.meyer-sports.com\/de\/wp-json\/wp\/v2\/types\/product"}],"replies":[{"embeddable":true,"href":"https:\/\/www.meyer-sports.com\/de\/wp-json\/wp\/v2\/comments?post=7014"}],"wp:featuredmedia":[{"embeddable":true,"href":"https:\/\/www.meyer-sports.com\/de\/wp-json\/wp\/v2\/media\/6582"}],"wp:attachment":[{"href":"https:\/\/www.meyer-sports.com\/de\/wp-json\/wp\/v2\/media?parent=7014"}],"wp:term":[{"taxonomy":"product_brand","embeddable":true,"href":"https:\/\/www.meyer-sports.com\/de\/wp-json\/wp\/v2\/product_brand?post=7014"},{"taxonomy":"product_cat","embeddable":true,"href":"https:\/\/www.meyer-sports.com\/de\/wp-json\/wp\/v2\/product_cat?post=7014"},{"taxonomy":"product_tag","embeddable":true,"href":"https:\/\/www.meyer-sports.com\/de\/wp-json\/wp\/v2\/product_tag?post=7014"}],"curies":[{"name":"wp","href":"https:\/\/api.w.org\/{rel}","templated":true}]}}