{"id":6932,"date":"2026-01-23T14:05:16","date_gmt":"2026-01-23T13:05:16","guid":{"rendered":"https:\/\/www.meyer-sports.com\/?post_type=product&#038;p=6932"},"modified":"2026-03-31T15:48:22","modified_gmt":"2026-03-31T13:48:22","slug":"riddell-speed-icon-helm","status":"publish","type":"product","link":"https:\/\/www.meyer-sports.com\/de\/produkt\/riddell-speed-icon-helm\/","title":{"rendered":"Riddell Speed Icon Helm"},"content":{"rendered":"<ul>\n<li>Klassisches Speed-Design mit moderner Riddell-Schutztechnologie<\/li>\n<li>Patentierter Seitenaufprallschutz (PSIP) f\u00fcr verbesserte Aufprallreaktion <\/li>\n<li>Air Fit Liner System f\u00fcr einstellbare, individuelle Passform <\/li>\n<li>Leichte Konstruktion f\u00fcr Leistung auf dem Spielfeld<\/li>\n<li><strong>Ohne Facemask<\/strong><\/li>\n<li><strong>Der Helm in Schwarz und Navy kommt in einer All-Black Version<\/strong><\/li>\n<li><strong>Inklusive Hard cup<\/strong><\/li>\n<\/ul>\n","protected":false},"excerpt":{"rendered":"<p>Klassisches Speed-Design mit moderner Riddell-Schutztechnologie Patentierter Seitenaufprallschutz (PSIP) f\u00fcr verbesserte Aufprallreaktion Air Fit Liner System f\u00fcr einstellbare, individuelle Passform Leichte Konstruktion f\u00fcr Leistung auf dem Spielfeld Ohne Facemask Der Helm in Schwarz und Navy kommt in einer All-Black Version Inklusive Hard cup<\/p>\n","protected":false},"featured_media":7716,"comment_status":"open","ping_status":"closed","template":"","meta":{"_acf_changed":false},"product_brand":[427],"product_cat":[271],"product_tag":[],"class_list":{"0":"post-6932","1":"product","2":"type-product","3":"status-publish","4":"has-post-thumbnail","6":"product_brand-riddell","7":"product_cat-helme","9":"first","10":"instock","11":"taxable","12":"shipping-taxable","13":"purchasable","14":"product-type-variable"},"acf":[],"yoast_head":"<!-- This site is optimized with the Yoast SEO plugin v27.1.1 - https:\/\/yoast.com\/product\/yoast-seo-wordpress\/ -->\n<title>Riddell Speed Icon Footballhelm<\/title>\n<meta name=\"description\" content=\"Bleib auf dem Feld gesch\u00fctzt mit dem Riddell Speed Icon Footballhelm, der mit Patentiertem Seitenaufprallschutz ausgestattet ist. Schnapp dir deinen und spiele selbstbewusst!\" \/>\n<meta name=\"robots\" content=\"index, follow, max-snippet:-1, max-image-preview:large, max-video-preview:-1\" \/>\n<link rel=\"canonical\" href=\"https:\/\/www.meyer-sports.com\/de\/produkt\/riddell-speed-icon-helm\/\" \/>\n<meta property=\"og:locale\" content=\"de_DE\" \/>\n<meta property=\"og:type\" content=\"article\" \/>\n<meta property=\"og:title\" content=\"Riddell Speed Icon Footballhelm\" \/>\n<meta property=\"og:description\" content=\"Bleib auf dem Feld gesch\u00fctzt mit dem Riddell Speed Icon Footballhelm, der mit Patentiertem Seitenaufprallschutz ausgestattet ist. Schnapp dir deinen und spiele selbstbewusst!\" \/>\n<meta property=\"og:url\" content=\"https:\/\/www.meyer-sports.com\/de\/produkt\/riddell-speed-icon-helm\/\" \/>\n<meta property=\"og:site_name\" content=\"Meyer Sports\" \/>\n<meta property=\"article:publisher\" content=\"https:\/\/www.facebook.com\/profile.php?id=100083396525976\" \/>\n<meta property=\"article:modified_time\" content=\"2026-03-31T13:48:22+00:00\" \/>\n<meta property=\"og:image\" content=\"https:\/\/www.meyer-sports.com\/wp-content\/uploads\/2026\/01\/RSI-Black.png\" \/>\n\t<meta property=\"og:image:width\" content=\"490\" \/>\n\t<meta property=\"og:image:height\" content=\"495\" \/>\n\t<meta property=\"og:image:type\" content=\"image\/png\" \/>\n<meta name=\"twitter:card\" content=\"summary_large_image\" \/>\n<script type=\"application\/ld+json\" class=\"yoast-schema-graph\">{\"@context\":\"https:\/\/schema.org\",\"@graph\":[{\"@type\":\"WebPage\",\"@id\":\"https:\/\/www.meyer-sports.com\/de\/produkt\/riddell-speed-icon-helm\/\",\"url\":\"https:\/\/www.meyer-sports.com\/de\/produkt\/riddell-speed-icon-helm\/\",\"name\":\"Riddell Speed Icon Footballhelm\",\"isPartOf\":{\"@id\":\"https:\/\/www.meyer-sports.com\/de\/#website\"},\"primaryImageOfPage\":{\"@id\":\"https:\/\/www.meyer-sports.com\/de\/produkt\/riddell-speed-icon-helm\/#primaryimage\"},\"image\":{\"@id\":\"https:\/\/www.meyer-sports.com\/de\/produkt\/riddell-speed-icon-helm\/#primaryimage\"},\"thumbnailUrl\":\"https:\/\/www.meyer-sports.com\/wp-content\/uploads\/2026\/01\/RSI-Black.png\",\"datePublished\":\"2026-01-23T13:05:16+00:00\",\"dateModified\":\"2026-03-31T13:48:22+00:00\",\"description\":\"Bleib auf dem Feld gesch\u00fctzt mit dem Riddell Speed Icon Footballhelm, der mit Patentiertem Seitenaufprallschutz ausgestattet ist. Schnapp dir deinen und spiele selbstbewusst!\",\"breadcrumb\":{\"@id\":\"https:\/\/www.meyer-sports.com\/de\/produkt\/riddell-speed-icon-helm\/#breadcrumb\"},\"inLanguage\":\"de\",\"potentialAction\":[{\"@type\":\"ReadAction\",\"target\":[\"https:\/\/www.meyer-sports.com\/de\/produkt\/riddell-speed-icon-helm\/\"]}]},{\"@type\":\"ImageObject\",\"inLanguage\":\"de\",\"@id\":\"https:\/\/www.meyer-sports.com\/de\/produkt\/riddell-speed-icon-helm\/#primaryimage\",\"url\":\"https:\/\/www.meyer-sports.com\/wp-content\/uploads\/2026\/01\/RSI-Black.png\",\"contentUrl\":\"https:\/\/www.meyer-sports.com\/wp-content\/uploads\/2026\/01\/RSI-Black.png\",\"width\":490,\"height\":495},{\"@type\":\"BreadcrumbList\",\"@id\":\"https:\/\/www.meyer-sports.com\/de\/produkt\/riddell-speed-icon-helm\/#breadcrumb\",\"itemListElement\":[{\"@type\":\"ListItem\",\"position\":1,\"name\":\"Home\",\"item\":\"https:\/\/www.meyer-sports.com\/de\/\"},{\"@type\":\"ListItem\",\"position\":2,\"name\":\"Shop\",\"item\":\"https:\/\/www.meyer-sports.com\/de\/shop\/\"},{\"@type\":\"ListItem\",\"position\":3,\"name\":\"Riddell Speed Icon Helm\"}]},{\"@type\":\"WebSite\",\"@id\":\"https:\/\/www.meyer-sports.com\/de\/#website\",\"url\":\"https:\/\/www.meyer-sports.com\/de\/\",\"name\":\"Meyer Sports\",\"description\":\"American Football Equipment \u2013 Helmets, Shoulder Pads &amp; Gear\",\"publisher\":{\"@id\":\"https:\/\/www.meyer-sports.com\/de\/#organization\"},\"alternateName\":\"Meyer Marketing\",\"potentialAction\":[{\"@type\":\"SearchAction\",\"target\":{\"@type\":\"EntryPoint\",\"urlTemplate\":\"https:\/\/www.meyer-sports.com\/de\/?s={search_term_string}\"},\"query-input\":{\"@type\":\"PropertyValueSpecification\",\"valueRequired\":true,\"valueName\":\"search_term_string\"}}],\"inLanguage\":\"de\"},{\"@type\":\"Organization\",\"@id\":\"https:\/\/www.meyer-sports.com\/de\/#organization\",\"name\":\"Meyer Sports\",\"url\":\"https:\/\/www.meyer-sports.com\/de\/\",\"logo\":{\"@type\":\"ImageObject\",\"inLanguage\":\"de\",\"@id\":\"https:\/\/www.meyer-sports.com\/de\/#\/schema\/logo\/image\/\",\"url\":\"https:\/\/www.meyer-sports.com\/wp-content\/uploads\/2025\/08\/cropped-MeyerSports-Wort-Bild-Marke-RGB-Black-Horizontal-2000px.png\",\"contentUrl\":\"https:\/\/www.meyer-sports.com\/wp-content\/uploads\/2025\/08\/cropped-MeyerSports-Wort-Bild-Marke-RGB-Black-Horizontal-2000px.png\",\"width\":1999,\"height\":263,\"caption\":\"Meyer Sports\"},\"image\":{\"@id\":\"https:\/\/www.meyer-sports.com\/de\/#\/schema\/logo\/image\/\"},\"sameAs\":[\"https:\/\/www.facebook.com\/profile.php?id=100083396525976\"]}]}<\/script>\n<!-- \/ Yoast SEO plugin. -->","yoast_head_json":{"title":"Riddell Speed Icon Footballhelm","description":"Bleib auf dem Feld gesch\u00fctzt mit dem Riddell Speed Icon Footballhelm, der mit Patentiertem Seitenaufprallschutz ausgestattet ist. Schnapp dir deinen und spiele selbstbewusst!","robots":{"index":"index","follow":"follow","max-snippet":"max-snippet:-1","max-image-preview":"max-image-preview:large","max-video-preview":"max-video-preview:-1"},"canonical":"https:\/\/www.meyer-sports.com\/de\/produkt\/riddell-speed-icon-helm\/","og_locale":"de_DE","og_type":"article","og_title":"Riddell Speed Icon Footballhelm","og_description":"Bleib auf dem Feld gesch\u00fctzt mit dem Riddell Speed Icon Footballhelm, der mit Patentiertem Seitenaufprallschutz ausgestattet ist. Schnapp dir deinen und spiele selbstbewusst!","og_url":"https:\/\/www.meyer-sports.com\/de\/produkt\/riddell-speed-icon-helm\/","og_site_name":"Meyer Sports","article_publisher":"https:\/\/www.facebook.com\/profile.php?id=100083396525976","article_modified_time":"2026-03-31T13:48:22+00:00","og_image":[{"width":490,"height":495,"url":"https:\/\/www.meyer-sports.com\/wp-content\/uploads\/2026\/01\/RSI-Black.png","type":"image\/png"}],"twitter_card":"summary_large_image","schema":{"@context":"https:\/\/schema.org","@graph":[{"@type":"WebPage","@id":"https:\/\/www.meyer-sports.com\/de\/produkt\/riddell-speed-icon-helm\/","url":"https:\/\/www.meyer-sports.com\/de\/produkt\/riddell-speed-icon-helm\/","name":"Riddell Speed Icon Footballhelm","isPartOf":{"@id":"https:\/\/www.meyer-sports.com\/de\/#website"},"primaryImageOfPage":{"@id":"https:\/\/www.meyer-sports.com\/de\/produkt\/riddell-speed-icon-helm\/#primaryimage"},"image":{"@id":"https:\/\/www.meyer-sports.com\/de\/produkt\/riddell-speed-icon-helm\/#primaryimage"},"thumbnailUrl":"https:\/\/www.meyer-sports.com\/wp-content\/uploads\/2026\/01\/RSI-Black.png","datePublished":"2026-01-23T13:05:16+00:00","dateModified":"2026-03-31T13:48:22+00:00","description":"Bleib auf dem Feld gesch\u00fctzt mit dem Riddell Speed Icon Footballhelm, der mit Patentiertem Seitenaufprallschutz ausgestattet ist. Schnapp dir deinen und spiele selbstbewusst!","breadcrumb":{"@id":"https:\/\/www.meyer-sports.com\/de\/produkt\/riddell-speed-icon-helm\/#breadcrumb"},"inLanguage":"de","potentialAction":[{"@type":"ReadAction","target":["https:\/\/www.meyer-sports.com\/de\/produkt\/riddell-speed-icon-helm\/"]}]},{"@type":"ImageObject","inLanguage":"de","@id":"https:\/\/www.meyer-sports.com\/de\/produkt\/riddell-speed-icon-helm\/#primaryimage","url":"https:\/\/www.meyer-sports.com\/wp-content\/uploads\/2026\/01\/RSI-Black.png","contentUrl":"https:\/\/www.meyer-sports.com\/wp-content\/uploads\/2026\/01\/RSI-Black.png","width":490,"height":495},{"@type":"BreadcrumbList","@id":"https:\/\/www.meyer-sports.com\/de\/produkt\/riddell-speed-icon-helm\/#breadcrumb","itemListElement":[{"@type":"ListItem","position":1,"name":"Home","item":"https:\/\/www.meyer-sports.com\/de\/"},{"@type":"ListItem","position":2,"name":"Shop","item":"https:\/\/www.meyer-sports.com\/de\/shop\/"},{"@type":"ListItem","position":3,"name":"Riddell Speed Icon Helm"}]},{"@type":"WebSite","@id":"https:\/\/www.meyer-sports.com\/de\/#website","url":"https:\/\/www.meyer-sports.com\/de\/","name":"Meyer Sports","description":"American Football Equipment \u2013 Helmets, Shoulder Pads &amp; Gear","publisher":{"@id":"https:\/\/www.meyer-sports.com\/de\/#organization"},"alternateName":"Meyer Marketing","potentialAction":[{"@type":"SearchAction","target":{"@type":"EntryPoint","urlTemplate":"https:\/\/www.meyer-sports.com\/de\/?s={search_term_string}"},"query-input":{"@type":"PropertyValueSpecification","valueRequired":true,"valueName":"search_term_string"}}],"inLanguage":"de"},{"@type":"Organization","@id":"https:\/\/www.meyer-sports.com\/de\/#organization","name":"Meyer Sports","url":"https:\/\/www.meyer-sports.com\/de\/","logo":{"@type":"ImageObject","inLanguage":"de","@id":"https:\/\/www.meyer-sports.com\/de\/#\/schema\/logo\/image\/","url":"https:\/\/www.meyer-sports.com\/wp-content\/uploads\/2025\/08\/cropped-MeyerSports-Wort-Bild-Marke-RGB-Black-Horizontal-2000px.png","contentUrl":"https:\/\/www.meyer-sports.com\/wp-content\/uploads\/2025\/08\/cropped-MeyerSports-Wort-Bild-Marke-RGB-Black-Horizontal-2000px.png","width":1999,"height":263,"caption":"Meyer Sports"},"image":{"@id":"https:\/\/www.meyer-sports.com\/de\/#\/schema\/logo\/image\/"},"sameAs":["https:\/\/www.facebook.com\/profile.php?id=100083396525976"]}]}},"_links":{"self":[{"href":"https:\/\/www.meyer-sports.com\/de\/wp-json\/wp\/v2\/product\/6932","targetHints":{"allow":["GET"]}}],"collection":[{"href":"https:\/\/www.meyer-sports.com\/de\/wp-json\/wp\/v2\/product"}],"about":[{"href":"https:\/\/www.meyer-sports.com\/de\/wp-json\/wp\/v2\/types\/product"}],"replies":[{"embeddable":true,"href":"https:\/\/www.meyer-sports.com\/de\/wp-json\/wp\/v2\/comments?post=6932"}],"wp:featuredmedia":[{"embeddable":true,"href":"https:\/\/www.meyer-sports.com\/de\/wp-json\/wp\/v2\/media\/7716"}],"wp:attachment":[{"href":"https:\/\/www.meyer-sports.com\/de\/wp-json\/wp\/v2\/media?parent=6932"}],"wp:term":[{"taxonomy":"product_brand","embeddable":true,"href":"https:\/\/www.meyer-sports.com\/de\/wp-json\/wp\/v2\/product_brand?post=6932"},{"taxonomy":"product_cat","embeddable":true,"href":"https:\/\/www.meyer-sports.com\/de\/wp-json\/wp\/v2\/product_cat?post=6932"},{"taxonomy":"product_tag","embeddable":true,"href":"https:\/\/www.meyer-sports.com\/de\/wp-json\/wp\/v2\/product_tag?post=6932"}],"curies":[{"name":"wp","href":"https:\/\/api.w.org\/{rel}","templated":true}]}}