{"id":5155,"date":"2025-08-11T09:57:25","date_gmt":"2025-08-11T07:57:25","guid":{"rendered":"https:\/\/www.meyer-sports.com\/produkt\/o-shield-turf-tape\/"},"modified":"2026-04-14T12:11:54","modified_gmt":"2026-04-14T10:11:54","slug":"o-shield-turf-tape","status":"publish","type":"product","link":"https:\/\/www.meyer-sports.com\/de\/produkt\/o-shield-turf-tape\/","title":{"rendered":"O Shield Turf Tape"},"content":{"rendered":"<ul>\n<li>Ultra Schutz \u2013 Das extrabreite Design mit Rasenbrandschutz verhindert, dass sich die Spieler w\u00e4hrend des Spiels verletzen.<\/li>\n<li>Dehnbar \u2013 Das O Shield Football-Rasenband l\u00e4sst sich stark dehnen, sodass Ihre Armmuskeln optimal entlastet werden.<\/li>\n<li>Atmungsaktiv \u2013 Das O Shield Football-Turf Tape besteht aus atmungsaktiven Materialien.<\/li>\n<li>Ultrahaftend \u2013 Dank der speziellen Materialien m\u00fcssen sich Spieler keine Sorgen machen, dass sich das Rasenband w\u00e4hrend des Spiels l\u00f6st.<\/li>\n<li>Schnelle und einfache Anwendung. <\/li>\n<\/ul>\n","protected":false},"excerpt":{"rendered":"<p>Ultra Schutz \u2013 Das extrabreite Design mit Rasenbrandschutz verhindert, dass sich die Spieler w\u00e4hrend des Spiels verletzen. Dehnbar \u2013 Das O Shield Football-Rasenband l\u00e4sst sich stark dehnen, sodass Ihre Armmuskeln optimal entlastet werden. Atmungsaktiv \u2013 Das O Shield Football-Turf Tape besteht aus atmungsaktiven Materialien. Ultrahaftend \u2013 Dank der speziellen Materialien m\u00fcssen sich Spieler keine Sorgen [&hellip;]<\/p>\n","protected":false},"featured_media":5848,"comment_status":"open","ping_status":"closed","template":"","meta":{"_acf_changed":false},"product_brand":[391],"product_cat":[330,265],"product_tag":[],"class_list":{"0":"post-5155","1":"product","2":"type-product","3":"status-publish","4":"has-post-thumbnail","6":"product_brand-o-shield-sports","7":"product_cat-american-football-de","8":"product_cat-zubehor-de","10":"first","11":"instock","12":"taxable","13":"shipping-taxable","14":"purchasable","15":"product-type-variable"},"acf":[],"yoast_head":"<!-- This site is optimized with the Yoast SEO plugin v27.1.1 - https:\/\/yoast.com\/product\/yoast-seo-wordpress\/ -->\n<title>O Shield Turf Tape - Extrabreiter Schutz vor Rasenverbrennungen<\/title>\n<meta name=\"description\" content=\"Extrabreites, extrem haftendes Turf Tape mit 4-Wege-Stretch, um Rasenverbrennungen und Sch\u00fcrfwunden vorzubeugen. Atmungsaktiv, flexibel und spieltauglich f\u00fcr American Football\" \/>\n<meta name=\"robots\" content=\"index, follow, max-snippet:-1, max-image-preview:large, max-video-preview:-1\" \/>\n<link rel=\"canonical\" href=\"https:\/\/www.meyer-sports.com\/de\/produkt\/o-shield-turf-tape\/\" \/>\n<meta property=\"og:locale\" content=\"de_DE\" \/>\n<meta property=\"og:type\" content=\"article\" \/>\n<meta property=\"og:title\" content=\"O Shield Turf Tape - Extrabreiter Schutz vor Rasenverbrennungen\" \/>\n<meta property=\"og:description\" content=\"Extrabreites, extrem haftendes Turf Tape mit 4-Wege-Stretch, um Rasenverbrennungen und Sch\u00fcrfwunden vorzubeugen. Atmungsaktiv, flexibel und spieltauglich f\u00fcr American Football\" \/>\n<meta property=\"og:url\" content=\"https:\/\/www.meyer-sports.com\/de\/produkt\/o-shield-turf-tape\/\" \/>\n<meta property=\"og:site_name\" content=\"Meyer Sports\" \/>\n<meta property=\"article:publisher\" content=\"https:\/\/www.facebook.com\/profile.php?id=100083396525976\" \/>\n<meta property=\"article:modified_time\" content=\"2026-04-14T10:11:54+00:00\" \/>\n<meta property=\"og:image\" content=\"https:\/\/www.meyer-sports.com\/wp-content\/uploads\/2025\/08\/Turf-Tape-BLACK-1.jpg\" \/>\n\t<meta property=\"og:image:width\" content=\"374\" \/>\n\t<meta property=\"og:image:height\" content=\"371\" \/>\n\t<meta property=\"og:image:type\" content=\"image\/jpeg\" \/>\n<meta name=\"twitter:card\" content=\"summary_large_image\" \/>\n<script type=\"application\/ld+json\" class=\"yoast-schema-graph\">{\"@context\":\"https:\/\/schema.org\",\"@graph\":[{\"@type\":\"WebPage\",\"@id\":\"https:\/\/www.meyer-sports.com\/de\/produkt\/o-shield-turf-tape\/\",\"url\":\"https:\/\/www.meyer-sports.com\/de\/produkt\/o-shield-turf-tape\/\",\"name\":\"O Shield Turf Tape - Extrabreiter Schutz vor Rasenverbrennungen\",\"isPartOf\":{\"@id\":\"https:\/\/www.meyer-sports.com\/de\/#website\"},\"primaryImageOfPage\":{\"@id\":\"https:\/\/www.meyer-sports.com\/de\/produkt\/o-shield-turf-tape\/#primaryimage\"},\"image\":{\"@id\":\"https:\/\/www.meyer-sports.com\/de\/produkt\/o-shield-turf-tape\/#primaryimage\"},\"thumbnailUrl\":\"https:\/\/www.meyer-sports.com\/wp-content\/uploads\/2025\/08\/Turf-Tape-BLACK-1.jpg\",\"datePublished\":\"2025-08-11T07:57:25+00:00\",\"dateModified\":\"2026-04-14T10:11:54+00:00\",\"description\":\"Extrabreites, extrem haftendes Turf Tape mit 4-Wege-Stretch, um Rasenverbrennungen und Sch\u00fcrfwunden vorzubeugen. Atmungsaktiv, flexibel und spieltauglich f\u00fcr American Football\",\"breadcrumb\":{\"@id\":\"https:\/\/www.meyer-sports.com\/de\/produkt\/o-shield-turf-tape\/#breadcrumb\"},\"inLanguage\":\"de\",\"potentialAction\":[{\"@type\":\"ReadAction\",\"target\":[\"https:\/\/www.meyer-sports.com\/de\/produkt\/o-shield-turf-tape\/\"]}]},{\"@type\":\"ImageObject\",\"inLanguage\":\"de\",\"@id\":\"https:\/\/www.meyer-sports.com\/de\/produkt\/o-shield-turf-tape\/#primaryimage\",\"url\":\"https:\/\/www.meyer-sports.com\/wp-content\/uploads\/2025\/08\/Turf-Tape-BLACK-1.jpg\",\"contentUrl\":\"https:\/\/www.meyer-sports.com\/wp-content\/uploads\/2025\/08\/Turf-Tape-BLACK-1.jpg\",\"width\":374,\"height\":371},{\"@type\":\"BreadcrumbList\",\"@id\":\"https:\/\/www.meyer-sports.com\/de\/produkt\/o-shield-turf-tape\/#breadcrumb\",\"itemListElement\":[{\"@type\":\"ListItem\",\"position\":1,\"name\":\"Home\",\"item\":\"https:\/\/www.meyer-sports.com\/de\/\"},{\"@type\":\"ListItem\",\"position\":2,\"name\":\"Shop\",\"item\":\"https:\/\/www.meyer-sports.com\/de\/shop\/\"},{\"@type\":\"ListItem\",\"position\":3,\"name\":\"O Shield Turf Tape\"}]},{\"@type\":\"WebSite\",\"@id\":\"https:\/\/www.meyer-sports.com\/de\/#website\",\"url\":\"https:\/\/www.meyer-sports.com\/de\/\",\"name\":\"Meyer Sports\",\"description\":\"American Football Equipment \u2013 Helmets, Shoulder Pads &amp; Gear\",\"publisher\":{\"@id\":\"https:\/\/www.meyer-sports.com\/de\/#organization\"},\"alternateName\":\"Meyer Marketing\",\"potentialAction\":[{\"@type\":\"SearchAction\",\"target\":{\"@type\":\"EntryPoint\",\"urlTemplate\":\"https:\/\/www.meyer-sports.com\/de\/?s={search_term_string}\"},\"query-input\":{\"@type\":\"PropertyValueSpecification\",\"valueRequired\":true,\"valueName\":\"search_term_string\"}}],\"inLanguage\":\"de\"},{\"@type\":\"Organization\",\"@id\":\"https:\/\/www.meyer-sports.com\/de\/#organization\",\"name\":\"Meyer Sports\",\"url\":\"https:\/\/www.meyer-sports.com\/de\/\",\"logo\":{\"@type\":\"ImageObject\",\"inLanguage\":\"de\",\"@id\":\"https:\/\/www.meyer-sports.com\/de\/#\/schema\/logo\/image\/\",\"url\":\"https:\/\/www.meyer-sports.com\/wp-content\/uploads\/2025\/08\/cropped-MeyerSports-Wort-Bild-Marke-RGB-Black-Horizontal-2000px.png\",\"contentUrl\":\"https:\/\/www.meyer-sports.com\/wp-content\/uploads\/2025\/08\/cropped-MeyerSports-Wort-Bild-Marke-RGB-Black-Horizontal-2000px.png\",\"width\":1999,\"height\":263,\"caption\":\"Meyer Sports\"},\"image\":{\"@id\":\"https:\/\/www.meyer-sports.com\/de\/#\/schema\/logo\/image\/\"},\"sameAs\":[\"https:\/\/www.facebook.com\/profile.php?id=100083396525976\"]}]}<\/script>\n<!-- \/ Yoast SEO plugin. -->","yoast_head_json":{"title":"O Shield Turf Tape - Extrabreiter Schutz vor Rasenverbrennungen","description":"Extrabreites, extrem haftendes Turf Tape mit 4-Wege-Stretch, um Rasenverbrennungen und Sch\u00fcrfwunden vorzubeugen. Atmungsaktiv, flexibel und spieltauglich f\u00fcr American Football","robots":{"index":"index","follow":"follow","max-snippet":"max-snippet:-1","max-image-preview":"max-image-preview:large","max-video-preview":"max-video-preview:-1"},"canonical":"https:\/\/www.meyer-sports.com\/de\/produkt\/o-shield-turf-tape\/","og_locale":"de_DE","og_type":"article","og_title":"O Shield Turf Tape - Extrabreiter Schutz vor Rasenverbrennungen","og_description":"Extrabreites, extrem haftendes Turf Tape mit 4-Wege-Stretch, um Rasenverbrennungen und Sch\u00fcrfwunden vorzubeugen. Atmungsaktiv, flexibel und spieltauglich f\u00fcr American Football","og_url":"https:\/\/www.meyer-sports.com\/de\/produkt\/o-shield-turf-tape\/","og_site_name":"Meyer Sports","article_publisher":"https:\/\/www.facebook.com\/profile.php?id=100083396525976","article_modified_time":"2026-04-14T10:11:54+00:00","og_image":[{"width":374,"height":371,"url":"https:\/\/www.meyer-sports.com\/wp-content\/uploads\/2025\/08\/Turf-Tape-BLACK-1.jpg","type":"image\/jpeg"}],"twitter_card":"summary_large_image","schema":{"@context":"https:\/\/schema.org","@graph":[{"@type":"WebPage","@id":"https:\/\/www.meyer-sports.com\/de\/produkt\/o-shield-turf-tape\/","url":"https:\/\/www.meyer-sports.com\/de\/produkt\/o-shield-turf-tape\/","name":"O Shield Turf Tape - Extrabreiter Schutz vor Rasenverbrennungen","isPartOf":{"@id":"https:\/\/www.meyer-sports.com\/de\/#website"},"primaryImageOfPage":{"@id":"https:\/\/www.meyer-sports.com\/de\/produkt\/o-shield-turf-tape\/#primaryimage"},"image":{"@id":"https:\/\/www.meyer-sports.com\/de\/produkt\/o-shield-turf-tape\/#primaryimage"},"thumbnailUrl":"https:\/\/www.meyer-sports.com\/wp-content\/uploads\/2025\/08\/Turf-Tape-BLACK-1.jpg","datePublished":"2025-08-11T07:57:25+00:00","dateModified":"2026-04-14T10:11:54+00:00","description":"Extrabreites, extrem haftendes Turf Tape mit 4-Wege-Stretch, um Rasenverbrennungen und Sch\u00fcrfwunden vorzubeugen. Atmungsaktiv, flexibel und spieltauglich f\u00fcr American Football","breadcrumb":{"@id":"https:\/\/www.meyer-sports.com\/de\/produkt\/o-shield-turf-tape\/#breadcrumb"},"inLanguage":"de","potentialAction":[{"@type":"ReadAction","target":["https:\/\/www.meyer-sports.com\/de\/produkt\/o-shield-turf-tape\/"]}]},{"@type":"ImageObject","inLanguage":"de","@id":"https:\/\/www.meyer-sports.com\/de\/produkt\/o-shield-turf-tape\/#primaryimage","url":"https:\/\/www.meyer-sports.com\/wp-content\/uploads\/2025\/08\/Turf-Tape-BLACK-1.jpg","contentUrl":"https:\/\/www.meyer-sports.com\/wp-content\/uploads\/2025\/08\/Turf-Tape-BLACK-1.jpg","width":374,"height":371},{"@type":"BreadcrumbList","@id":"https:\/\/www.meyer-sports.com\/de\/produkt\/o-shield-turf-tape\/#breadcrumb","itemListElement":[{"@type":"ListItem","position":1,"name":"Home","item":"https:\/\/www.meyer-sports.com\/de\/"},{"@type":"ListItem","position":2,"name":"Shop","item":"https:\/\/www.meyer-sports.com\/de\/shop\/"},{"@type":"ListItem","position":3,"name":"O Shield Turf Tape"}]},{"@type":"WebSite","@id":"https:\/\/www.meyer-sports.com\/de\/#website","url":"https:\/\/www.meyer-sports.com\/de\/","name":"Meyer Sports","description":"American Football Equipment \u2013 Helmets, Shoulder Pads &amp; Gear","publisher":{"@id":"https:\/\/www.meyer-sports.com\/de\/#organization"},"alternateName":"Meyer Marketing","potentialAction":[{"@type":"SearchAction","target":{"@type":"EntryPoint","urlTemplate":"https:\/\/www.meyer-sports.com\/de\/?s={search_term_string}"},"query-input":{"@type":"PropertyValueSpecification","valueRequired":true,"valueName":"search_term_string"}}],"inLanguage":"de"},{"@type":"Organization","@id":"https:\/\/www.meyer-sports.com\/de\/#organization","name":"Meyer Sports","url":"https:\/\/www.meyer-sports.com\/de\/","logo":{"@type":"ImageObject","inLanguage":"de","@id":"https:\/\/www.meyer-sports.com\/de\/#\/schema\/logo\/image\/","url":"https:\/\/www.meyer-sports.com\/wp-content\/uploads\/2025\/08\/cropped-MeyerSports-Wort-Bild-Marke-RGB-Black-Horizontal-2000px.png","contentUrl":"https:\/\/www.meyer-sports.com\/wp-content\/uploads\/2025\/08\/cropped-MeyerSports-Wort-Bild-Marke-RGB-Black-Horizontal-2000px.png","width":1999,"height":263,"caption":"Meyer Sports"},"image":{"@id":"https:\/\/www.meyer-sports.com\/de\/#\/schema\/logo\/image\/"},"sameAs":["https:\/\/www.facebook.com\/profile.php?id=100083396525976"]}]}},"_links":{"self":[{"href":"https:\/\/www.meyer-sports.com\/de\/wp-json\/wp\/v2\/product\/5155","targetHints":{"allow":["GET"]}}],"collection":[{"href":"https:\/\/www.meyer-sports.com\/de\/wp-json\/wp\/v2\/product"}],"about":[{"href":"https:\/\/www.meyer-sports.com\/de\/wp-json\/wp\/v2\/types\/product"}],"replies":[{"embeddable":true,"href":"https:\/\/www.meyer-sports.com\/de\/wp-json\/wp\/v2\/comments?post=5155"}],"wp:featuredmedia":[{"embeddable":true,"href":"https:\/\/www.meyer-sports.com\/de\/wp-json\/wp\/v2\/media\/5848"}],"wp:attachment":[{"href":"https:\/\/www.meyer-sports.com\/de\/wp-json\/wp\/v2\/media?parent=5155"}],"wp:term":[{"taxonomy":"product_brand","embeddable":true,"href":"https:\/\/www.meyer-sports.com\/de\/wp-json\/wp\/v2\/product_brand?post=5155"},{"taxonomy":"product_cat","embeddable":true,"href":"https:\/\/www.meyer-sports.com\/de\/wp-json\/wp\/v2\/product_cat?post=5155"},{"taxonomy":"product_tag","embeddable":true,"href":"https:\/\/www.meyer-sports.com\/de\/wp-json\/wp\/v2\/product_tag?post=5155"}],"curies":[{"name":"wp","href":"https:\/\/api.w.org\/{rel}","templated":true}]}}