{"id":5134,"date":"2025-08-08T13:32:32","date_gmt":"2025-08-08T11:32:32","guid":{"rendered":"https:\/\/www.meyer-sports.com\/produkt\/o-shield-striker-mouthguard\/"},"modified":"2026-04-14T09:45:51","modified_gmt":"2026-04-14T07:45:51","slug":"o-shield-striker-mouthguard","status":"publish","type":"product","link":"https:\/\/www.meyer-sports.com\/de\/produkt\/o-shield-striker-mouthguard\/","title":{"rendered":"O SHIELD Striker Mundschutz"},"content":{"rendered":"<ul>\n<li>Guter Schutz: Der von Ingenieuren und Sportspezialisten entwickelte O Shield Vortex Flow Football-Mundschutz bietet hervorragenden Komfort und zuverl\u00e4ssigen Schutz bei jedem Spiel.<\/li>\n<li>Angenehmes Tragegef\u00fchl: Im Gegensatz zu anderen Mundschutzen verwendet der O Shield Mundschutz sorgf\u00e4ltig ausgew\u00e4hlte Materialien, die ein angenehmes Tragegef\u00fchl erm\u00f6glichen.<\/li>\n<li>Vortex mit ausreichender Luftzufuhr: Das doppelte konische Luftkanaldesign erzeugt zwei gleichm\u00e4\u00dfige Vortex-Luftstr\u00f6mungswege, die sowohl die Atenstabilit\u00e4t als auch die Aufnahmeeffizienz verbessern. Kleinere innere Luftkan\u00e4le sorgen f\u00fcr eine l\u00e4ngere Luftspeicherung und unterst\u00fctzen eine tiefere Sauerstoffaufnahme bei jedem Atemzug. <\/li>\n<li>F\u00fcr jeden geeignet: Nicht nur Erwachsene, sondern auch Jugendliche k\u00f6nnen unsere Produkte tragen. Je \u00f6fter Sie ihn verwenden, desto sicherer sind Ihre Z\u00e4hne. <\/li>\n<li>Maximale Sicherheit: Der O Shield-Mundschutz wurde f\u00fcr maximale Sicherheit entwickelt und bietet erstklassigen Schutz, w\u00e4hrend er aus ungiftigen Materialien hergestellt ist. Er ist v\u00f6llig frei von BPA, Phthalaten, Latex und h\u00e4ufigen Allergenen und kann daher sorgenfrei verwendet werden. <\/li>\n<\/ul>\n","protected":false},"excerpt":{"rendered":"<p>Guter Schutz: Der von Ingenieuren und Sportspezialisten entwickelte O Shield Vortex Flow Football-Mundschutz bietet hervorragenden Komfort und zuverl\u00e4ssigen Schutz bei jedem Spiel. Angenehmes Tragegef\u00fchl: Im Gegensatz zu anderen Mundschutzen verwendet der O Shield Mundschutz sorgf\u00e4ltig ausgew\u00e4hlte Materialien, die ein angenehmes Tragegef\u00fchl erm\u00f6glichen. Vortex mit ausreichender Luftzufuhr: Das doppelte konische Luftkanaldesign erzeugt zwei gleichm\u00e4\u00dfige Vortex-Luftstr\u00f6mungswege, die [&hellip;]<\/p>\n","protected":false},"featured_media":4807,"comment_status":"open","ping_status":"closed","template":"","meta":{"_acf_changed":false},"product_brand":[391],"product_cat":[282],"product_tag":[],"class_list":{"0":"post-5134","1":"product","2":"type-product","3":"status-publish","4":"has-post-thumbnail","6":"product_brand-o-shield-sports","7":"product_cat-mundschutz","9":"first","10":"instock","11":"taxable","12":"shipping-taxable","13":"purchasable","14":"product-type-variable"},"acf":[],"yoast_head":"<!-- This site is optimized with the Yoast SEO plugin v27.1.1 - https:\/\/yoast.com\/product\/yoast-seo-wordpress\/ -->\n<title>O Shield Striker Mundschutz - Mundschutz mit hoher Luftzirkulation f\u00fcr American Football<\/title>\n<meta name=\"description\" content=\"Mundschutz f\u00fcr American Football, der nicht ausgekocht werden muss, mit verl\u00e4ngertem Lippenschutz und zwei Luftkan\u00e4len. Sicherer, atmungsaktiver Schutz f\u00fcr Sportarten mit hoher Belastung, wie beispielsweise American Football.\" \/>\n<meta name=\"robots\" content=\"index, follow, max-snippet:-1, max-image-preview:large, max-video-preview:-1\" \/>\n<link rel=\"canonical\" href=\"https:\/\/www.meyer-sports.com\/de\/produkt\/o-shield-striker-mouthguard\/\" \/>\n<meta property=\"og:locale\" content=\"de_DE\" \/>\n<meta property=\"og:type\" content=\"article\" \/>\n<meta property=\"og:title\" content=\"O Shield Striker Mundschutz - Mundschutz mit hoher Luftzirkulation f\u00fcr American Football\" \/>\n<meta property=\"og:description\" content=\"Mundschutz f\u00fcr American Football, der nicht ausgekocht werden muss, mit verl\u00e4ngertem Lippenschutz und zwei Luftkan\u00e4len. Sicherer, atmungsaktiver Schutz f\u00fcr Sportarten mit hoher Belastung, wie beispielsweise American Football.\" \/>\n<meta property=\"og:url\" content=\"https:\/\/www.meyer-sports.com\/de\/produkt\/o-shield-striker-mouthguard\/\" \/>\n<meta property=\"og:site_name\" content=\"Meyer Sports\" \/>\n<meta property=\"article:publisher\" content=\"https:\/\/www.facebook.com\/profile.php?id=100083396525976\" \/>\n<meta property=\"article:modified_time\" content=\"2026-04-14T07:45:51+00:00\" \/>\n<meta property=\"og:image\" content=\"https:\/\/www.meyer-sports.com\/wp-content\/uploads\/2025\/08\/Striker-Mouthguard-BLACK-1-scaled.jpg\" \/>\n\t<meta property=\"og:image:width\" content=\"1043\" \/>\n\t<meta property=\"og:image:height\" content=\"2560\" \/>\n\t<meta property=\"og:image:type\" content=\"image\/jpeg\" \/>\n<meta name=\"twitter:card\" content=\"summary_large_image\" \/>\n<meta name=\"twitter:label1\" content=\"Gesch\u00e4tzte Lesezeit\" \/>\n\t<meta name=\"twitter:data1\" content=\"1\u00a0Minute\" \/>\n<script type=\"application\/ld+json\" class=\"yoast-schema-graph\">{\"@context\":\"https:\/\/schema.org\",\"@graph\":[{\"@type\":\"WebPage\",\"@id\":\"https:\/\/www.meyer-sports.com\/de\/produkt\/o-shield-striker-mouthguard\/\",\"url\":\"https:\/\/www.meyer-sports.com\/de\/produkt\/o-shield-striker-mouthguard\/\",\"name\":\"O Shield Striker Mundschutz - Mundschutz mit hoher Luftzirkulation f\u00fcr American Football\",\"isPartOf\":{\"@id\":\"https:\/\/www.meyer-sports.com\/de\/#website\"},\"primaryImageOfPage\":{\"@id\":\"https:\/\/www.meyer-sports.com\/de\/produkt\/o-shield-striker-mouthguard\/#primaryimage\"},\"image\":{\"@id\":\"https:\/\/www.meyer-sports.com\/de\/produkt\/o-shield-striker-mouthguard\/#primaryimage\"},\"thumbnailUrl\":\"https:\/\/www.meyer-sports.com\/wp-content\/uploads\/2025\/08\/Striker-Mouthguard-BLACK-1-scaled.jpg\",\"datePublished\":\"2025-08-08T11:32:32+00:00\",\"dateModified\":\"2026-04-14T07:45:51+00:00\",\"description\":\"Mundschutz f\u00fcr American Football, der nicht ausgekocht werden muss, mit verl\u00e4ngertem Lippenschutz und zwei Luftkan\u00e4len. Sicherer, atmungsaktiver Schutz f\u00fcr Sportarten mit hoher Belastung, wie beispielsweise American Football.\",\"breadcrumb\":{\"@id\":\"https:\/\/www.meyer-sports.com\/de\/produkt\/o-shield-striker-mouthguard\/#breadcrumb\"},\"inLanguage\":\"de\",\"potentialAction\":[{\"@type\":\"ReadAction\",\"target\":[\"https:\/\/www.meyer-sports.com\/de\/produkt\/o-shield-striker-mouthguard\/\"]}]},{\"@type\":\"ImageObject\",\"inLanguage\":\"de\",\"@id\":\"https:\/\/www.meyer-sports.com\/de\/produkt\/o-shield-striker-mouthguard\/#primaryimage\",\"url\":\"https:\/\/www.meyer-sports.com\/wp-content\/uploads\/2025\/08\/Striker-Mouthguard-BLACK-1-scaled.jpg\",\"contentUrl\":\"https:\/\/www.meyer-sports.com\/wp-content\/uploads\/2025\/08\/Striker-Mouthguard-BLACK-1-scaled.jpg\",\"width\":1043,\"height\":2560},{\"@type\":\"BreadcrumbList\",\"@id\":\"https:\/\/www.meyer-sports.com\/de\/produkt\/o-shield-striker-mouthguard\/#breadcrumb\",\"itemListElement\":[{\"@type\":\"ListItem\",\"position\":1,\"name\":\"Home\",\"item\":\"https:\/\/www.meyer-sports.com\/de\/\"},{\"@type\":\"ListItem\",\"position\":2,\"name\":\"Shop\",\"item\":\"https:\/\/www.meyer-sports.com\/de\/shop\/\"},{\"@type\":\"ListItem\",\"position\":3,\"name\":\"O SHIELD Striker Mundschutz\"}]},{\"@type\":\"WebSite\",\"@id\":\"https:\/\/www.meyer-sports.com\/de\/#website\",\"url\":\"https:\/\/www.meyer-sports.com\/de\/\",\"name\":\"Meyer Sports\",\"description\":\"American Football Equipment \u2013 Helmets, Shoulder Pads &amp; Gear\",\"publisher\":{\"@id\":\"https:\/\/www.meyer-sports.com\/de\/#organization\"},\"alternateName\":\"Meyer Marketing\",\"potentialAction\":[{\"@type\":\"SearchAction\",\"target\":{\"@type\":\"EntryPoint\",\"urlTemplate\":\"https:\/\/www.meyer-sports.com\/de\/?s={search_term_string}\"},\"query-input\":{\"@type\":\"PropertyValueSpecification\",\"valueRequired\":true,\"valueName\":\"search_term_string\"}}],\"inLanguage\":\"de\"},{\"@type\":\"Organization\",\"@id\":\"https:\/\/www.meyer-sports.com\/de\/#organization\",\"name\":\"Meyer Sports\",\"url\":\"https:\/\/www.meyer-sports.com\/de\/\",\"logo\":{\"@type\":\"ImageObject\",\"inLanguage\":\"de\",\"@id\":\"https:\/\/www.meyer-sports.com\/de\/#\/schema\/logo\/image\/\",\"url\":\"https:\/\/www.meyer-sports.com\/wp-content\/uploads\/2025\/08\/cropped-MeyerSports-Wort-Bild-Marke-RGB-Black-Horizontal-2000px.png\",\"contentUrl\":\"https:\/\/www.meyer-sports.com\/wp-content\/uploads\/2025\/08\/cropped-MeyerSports-Wort-Bild-Marke-RGB-Black-Horizontal-2000px.png\",\"width\":1999,\"height\":263,\"caption\":\"Meyer Sports\"},\"image\":{\"@id\":\"https:\/\/www.meyer-sports.com\/de\/#\/schema\/logo\/image\/\"},\"sameAs\":[\"https:\/\/www.facebook.com\/profile.php?id=100083396525976\"]}]}<\/script>\n<!-- \/ Yoast SEO plugin. -->","yoast_head_json":{"title":"O Shield Striker Mundschutz - Mundschutz mit hoher Luftzirkulation f\u00fcr American Football","description":"Mundschutz f\u00fcr American Football, der nicht ausgekocht werden muss, mit verl\u00e4ngertem Lippenschutz und zwei Luftkan\u00e4len. Sicherer, atmungsaktiver Schutz f\u00fcr Sportarten mit hoher Belastung, wie beispielsweise American Football.","robots":{"index":"index","follow":"follow","max-snippet":"max-snippet:-1","max-image-preview":"max-image-preview:large","max-video-preview":"max-video-preview:-1"},"canonical":"https:\/\/www.meyer-sports.com\/de\/produkt\/o-shield-striker-mouthguard\/","og_locale":"de_DE","og_type":"article","og_title":"O Shield Striker Mundschutz - Mundschutz mit hoher Luftzirkulation f\u00fcr American Football","og_description":"Mundschutz f\u00fcr American Football, der nicht ausgekocht werden muss, mit verl\u00e4ngertem Lippenschutz und zwei Luftkan\u00e4len. Sicherer, atmungsaktiver Schutz f\u00fcr Sportarten mit hoher Belastung, wie beispielsweise American Football.","og_url":"https:\/\/www.meyer-sports.com\/de\/produkt\/o-shield-striker-mouthguard\/","og_site_name":"Meyer Sports","article_publisher":"https:\/\/www.facebook.com\/profile.php?id=100083396525976","article_modified_time":"2026-04-14T07:45:51+00:00","og_image":[{"width":1043,"height":2560,"url":"https:\/\/www.meyer-sports.com\/wp-content\/uploads\/2025\/08\/Striker-Mouthguard-BLACK-1-scaled.jpg","type":"image\/jpeg"}],"twitter_card":"summary_large_image","twitter_misc":{"Gesch\u00e4tzte Lesezeit":"1\u00a0Minute"},"schema":{"@context":"https:\/\/schema.org","@graph":[{"@type":"WebPage","@id":"https:\/\/www.meyer-sports.com\/de\/produkt\/o-shield-striker-mouthguard\/","url":"https:\/\/www.meyer-sports.com\/de\/produkt\/o-shield-striker-mouthguard\/","name":"O Shield Striker Mundschutz - Mundschutz mit hoher Luftzirkulation f\u00fcr American Football","isPartOf":{"@id":"https:\/\/www.meyer-sports.com\/de\/#website"},"primaryImageOfPage":{"@id":"https:\/\/www.meyer-sports.com\/de\/produkt\/o-shield-striker-mouthguard\/#primaryimage"},"image":{"@id":"https:\/\/www.meyer-sports.com\/de\/produkt\/o-shield-striker-mouthguard\/#primaryimage"},"thumbnailUrl":"https:\/\/www.meyer-sports.com\/wp-content\/uploads\/2025\/08\/Striker-Mouthguard-BLACK-1-scaled.jpg","datePublished":"2025-08-08T11:32:32+00:00","dateModified":"2026-04-14T07:45:51+00:00","description":"Mundschutz f\u00fcr American Football, der nicht ausgekocht werden muss, mit verl\u00e4ngertem Lippenschutz und zwei Luftkan\u00e4len. Sicherer, atmungsaktiver Schutz f\u00fcr Sportarten mit hoher Belastung, wie beispielsweise American Football.","breadcrumb":{"@id":"https:\/\/www.meyer-sports.com\/de\/produkt\/o-shield-striker-mouthguard\/#breadcrumb"},"inLanguage":"de","potentialAction":[{"@type":"ReadAction","target":["https:\/\/www.meyer-sports.com\/de\/produkt\/o-shield-striker-mouthguard\/"]}]},{"@type":"ImageObject","inLanguage":"de","@id":"https:\/\/www.meyer-sports.com\/de\/produkt\/o-shield-striker-mouthguard\/#primaryimage","url":"https:\/\/www.meyer-sports.com\/wp-content\/uploads\/2025\/08\/Striker-Mouthguard-BLACK-1-scaled.jpg","contentUrl":"https:\/\/www.meyer-sports.com\/wp-content\/uploads\/2025\/08\/Striker-Mouthguard-BLACK-1-scaled.jpg","width":1043,"height":2560},{"@type":"BreadcrumbList","@id":"https:\/\/www.meyer-sports.com\/de\/produkt\/o-shield-striker-mouthguard\/#breadcrumb","itemListElement":[{"@type":"ListItem","position":1,"name":"Home","item":"https:\/\/www.meyer-sports.com\/de\/"},{"@type":"ListItem","position":2,"name":"Shop","item":"https:\/\/www.meyer-sports.com\/de\/shop\/"},{"@type":"ListItem","position":3,"name":"O SHIELD Striker Mundschutz"}]},{"@type":"WebSite","@id":"https:\/\/www.meyer-sports.com\/de\/#website","url":"https:\/\/www.meyer-sports.com\/de\/","name":"Meyer Sports","description":"American Football Equipment \u2013 Helmets, Shoulder Pads &amp; Gear","publisher":{"@id":"https:\/\/www.meyer-sports.com\/de\/#organization"},"alternateName":"Meyer Marketing","potentialAction":[{"@type":"SearchAction","target":{"@type":"EntryPoint","urlTemplate":"https:\/\/www.meyer-sports.com\/de\/?s={search_term_string}"},"query-input":{"@type":"PropertyValueSpecification","valueRequired":true,"valueName":"search_term_string"}}],"inLanguage":"de"},{"@type":"Organization","@id":"https:\/\/www.meyer-sports.com\/de\/#organization","name":"Meyer Sports","url":"https:\/\/www.meyer-sports.com\/de\/","logo":{"@type":"ImageObject","inLanguage":"de","@id":"https:\/\/www.meyer-sports.com\/de\/#\/schema\/logo\/image\/","url":"https:\/\/www.meyer-sports.com\/wp-content\/uploads\/2025\/08\/cropped-MeyerSports-Wort-Bild-Marke-RGB-Black-Horizontal-2000px.png","contentUrl":"https:\/\/www.meyer-sports.com\/wp-content\/uploads\/2025\/08\/cropped-MeyerSports-Wort-Bild-Marke-RGB-Black-Horizontal-2000px.png","width":1999,"height":263,"caption":"Meyer Sports"},"image":{"@id":"https:\/\/www.meyer-sports.com\/de\/#\/schema\/logo\/image\/"},"sameAs":["https:\/\/www.facebook.com\/profile.php?id=100083396525976"]}]}},"_links":{"self":[{"href":"https:\/\/www.meyer-sports.com\/de\/wp-json\/wp\/v2\/product\/5134","targetHints":{"allow":["GET"]}}],"collection":[{"href":"https:\/\/www.meyer-sports.com\/de\/wp-json\/wp\/v2\/product"}],"about":[{"href":"https:\/\/www.meyer-sports.com\/de\/wp-json\/wp\/v2\/types\/product"}],"replies":[{"embeddable":true,"href":"https:\/\/www.meyer-sports.com\/de\/wp-json\/wp\/v2\/comments?post=5134"}],"wp:featuredmedia":[{"embeddable":true,"href":"https:\/\/www.meyer-sports.com\/de\/wp-json\/wp\/v2\/media\/4807"}],"wp:attachment":[{"href":"https:\/\/www.meyer-sports.com\/de\/wp-json\/wp\/v2\/media?parent=5134"}],"wp:term":[{"taxonomy":"product_brand","embeddable":true,"href":"https:\/\/www.meyer-sports.com\/de\/wp-json\/wp\/v2\/product_brand?post=5134"},{"taxonomy":"product_cat","embeddable":true,"href":"https:\/\/www.meyer-sports.com\/de\/wp-json\/wp\/v2\/product_cat?post=5134"},{"taxonomy":"product_tag","embeddable":true,"href":"https:\/\/www.meyer-sports.com\/de\/wp-json\/wp\/v2\/product_tag?post=5134"}],"curies":[{"name":"wp","href":"https:\/\/api.w.org\/{rel}","templated":true}]}}