{"id":5131,"date":"2025-08-08T14:04:38","date_gmt":"2025-08-08T12:04:38","guid":{"rendered":"https:\/\/www.meyer-sports.com\/produkt\/o-shield-you-slow-back-plate\/"},"modified":"2026-04-15T10:18:53","modified_gmt":"2026-04-15T08:18:53","slug":"o-shield-you-slow-back-plate","status":"publish","type":"product","link":"https:\/\/www.meyer-sports.com\/de\/produkt\/o-shield-you-slow-back-plate\/","title":{"rendered":"O Shield You Slow Back Plate"},"content":{"rendered":"<ul>\n<li>Zuverl\u00e4ssiger Schutz: Speziell f\u00fcr American Football entwickelt, bietet Schutz f\u00fcr den unteren R\u00fccken, die Nieren und die Wirbels\u00e4ule. Sch\u00fctzt vor St\u00f6\u00dfen von hinten. <\/li>\n<li>Bequemes Material: Der hochwirksame Schaumstoffkern ist mit atmungsaktivem Stoff bezogen und leicht gew\u00f6lbt, sodass er sich bequem an ihren R\u00fccken anpasst.<\/li>\n<li>Unic-Technologie: Dank der einzigartigen Crumpling-Engineering-Technologie kann der Sto\u00dfenergie absorbiert werden und Ihr unterer R\u00fccken maximal gesch\u00fctzt werden.<\/li>\n<li>Hochwertige Muster: Bedruckt in verschiedenen satten Farben und mit hochgl\u00e4nzender Oberfl\u00e4che.<\/li>\n<\/ul>\n","protected":false},"excerpt":{"rendered":"<p>Zuverl\u00e4ssiger Schutz: Speziell f\u00fcr American Football entwickelt, bietet Schutz f\u00fcr den unteren R\u00fccken, die Nieren und die Wirbels\u00e4ule. Sch\u00fctzt vor St\u00f6\u00dfen von hinten. Bequemes Material: Der hochwirksame Schaumstoffkern ist mit atmungsaktivem Stoff bezogen und leicht gew\u00f6lbt, sodass er sich bequem an ihren R\u00fccken anpasst. Unic-Technologie: Dank der einzigartigen Crumpling-Engineering-Technologie kann der Sto\u00dfenergie absorbiert werden und [&hellip;]<\/p>\n","protected":false},"featured_media":4857,"comment_status":"open","ping_status":"closed","template":"","meta":{"_acf_changed":false},"product_brand":[391],"product_cat":[275],"product_tag":[],"class_list":{"0":"post-5131","1":"product","2":"type-product","3":"status-publish","4":"has-post-thumbnail","6":"product_brand-o-shield-sports","7":"product_cat-zubehor-de-2","9":"first","10":"instock","11":"taxable","12":"shipping-taxable","13":"purchasable","14":"product-type-variable"},"acf":[],"yoast_head":"<!-- This site is optimized with the Yoast SEO plugin v27.1.1 - https:\/\/yoast.com\/product\/yoast-seo-wordpress\/ -->\n<title>O Shield You Slow Back Plate - Meyer Sports<\/title>\n<meta name=\"description\" content=\"Football Backplate mit auff\u00e4lligem &quot;You Slow&quot;-Design und integriertem Schutz f\u00fcr den unteren R\u00fccken. Bietet zus\u00e4tzliche Sto\u00dfd\u00e4mpfung und einen unverwechselbaren Look am Spieltag.\" \/>\n<meta name=\"robots\" content=\"index, follow, max-snippet:-1, max-image-preview:large, max-video-preview:-1\" \/>\n<link rel=\"canonical\" href=\"https:\/\/www.meyer-sports.com\/de\/produkt\/o-shield-you-slow-back-plate\/\" \/>\n<meta property=\"og:locale\" content=\"de_DE\" \/>\n<meta property=\"og:type\" content=\"article\" \/>\n<meta property=\"og:title\" content=\"O Shield You Slow Back Plate - Meyer Sports\" \/>\n<meta property=\"og:description\" content=\"Football Backplate mit auff\u00e4lligem &quot;You Slow&quot;-Design und integriertem Schutz f\u00fcr den unteren R\u00fccken. Bietet zus\u00e4tzliche Sto\u00dfd\u00e4mpfung und einen unverwechselbaren Look am Spieltag.\" \/>\n<meta property=\"og:url\" content=\"https:\/\/www.meyer-sports.com\/de\/produkt\/o-shield-you-slow-back-plate\/\" \/>\n<meta property=\"og:site_name\" content=\"Meyer Sports\" \/>\n<meta property=\"article:publisher\" content=\"https:\/\/www.facebook.com\/profile.php?id=100083396525976\" \/>\n<meta property=\"article:modified_time\" content=\"2026-04-15T08:18:53+00:00\" \/>\n<meta property=\"og:image\" content=\"https:\/\/www.meyer-sports.com\/wp-content\/uploads\/2025\/08\/Back-Plate-YOU-SLOW-1-scaled.jpg\" \/>\n\t<meta property=\"og:image:width\" content=\"2560\" \/>\n\t<meta property=\"og:image:height\" content=\"1707\" \/>\n\t<meta property=\"og:image:type\" content=\"image\/jpeg\" \/>\n<meta name=\"twitter:card\" content=\"summary_large_image\" \/>\n<script type=\"application\/ld+json\" class=\"yoast-schema-graph\">{\"@context\":\"https:\/\/schema.org\",\"@graph\":[{\"@type\":\"WebPage\",\"@id\":\"https:\/\/www.meyer-sports.com\/de\/produkt\/o-shield-you-slow-back-plate\/\",\"url\":\"https:\/\/www.meyer-sports.com\/de\/produkt\/o-shield-you-slow-back-plate\/\",\"name\":\"O Shield You Slow Back Plate - Meyer Sports\",\"isPartOf\":{\"@id\":\"https:\/\/www.meyer-sports.com\/de\/#website\"},\"primaryImageOfPage\":{\"@id\":\"https:\/\/www.meyer-sports.com\/de\/produkt\/o-shield-you-slow-back-plate\/#primaryimage\"},\"image\":{\"@id\":\"https:\/\/www.meyer-sports.com\/de\/produkt\/o-shield-you-slow-back-plate\/#primaryimage\"},\"thumbnailUrl\":\"https:\/\/www.meyer-sports.com\/wp-content\/uploads\/2025\/08\/Back-Plate-YOU-SLOW-1-scaled.jpg\",\"datePublished\":\"2025-08-08T12:04:38+00:00\",\"dateModified\":\"2026-04-15T08:18:53+00:00\",\"description\":\"Football Backplate mit auff\u00e4lligem \\\"You Slow\\\"-Design und integriertem Schutz f\u00fcr den unteren R\u00fccken. Bietet zus\u00e4tzliche Sto\u00dfd\u00e4mpfung und einen unverwechselbaren Look am Spieltag.\",\"breadcrumb\":{\"@id\":\"https:\/\/www.meyer-sports.com\/de\/produkt\/o-shield-you-slow-back-plate\/#breadcrumb\"},\"inLanguage\":\"de\",\"potentialAction\":[{\"@type\":\"ReadAction\",\"target\":[\"https:\/\/www.meyer-sports.com\/de\/produkt\/o-shield-you-slow-back-plate\/\"]}]},{\"@type\":\"ImageObject\",\"inLanguage\":\"de\",\"@id\":\"https:\/\/www.meyer-sports.com\/de\/produkt\/o-shield-you-slow-back-plate\/#primaryimage\",\"url\":\"https:\/\/www.meyer-sports.com\/wp-content\/uploads\/2025\/08\/Back-Plate-YOU-SLOW-1-scaled.jpg\",\"contentUrl\":\"https:\/\/www.meyer-sports.com\/wp-content\/uploads\/2025\/08\/Back-Plate-YOU-SLOW-1-scaled.jpg\",\"width\":2560,\"height\":1707},{\"@type\":\"BreadcrumbList\",\"@id\":\"https:\/\/www.meyer-sports.com\/de\/produkt\/o-shield-you-slow-back-plate\/#breadcrumb\",\"itemListElement\":[{\"@type\":\"ListItem\",\"position\":1,\"name\":\"Home\",\"item\":\"https:\/\/www.meyer-sports.com\/de\/\"},{\"@type\":\"ListItem\",\"position\":2,\"name\":\"Shop\",\"item\":\"https:\/\/www.meyer-sports.com\/de\/shop\/\"},{\"@type\":\"ListItem\",\"position\":3,\"name\":\"O Shield You Slow Back Plate\"}]},{\"@type\":\"WebSite\",\"@id\":\"https:\/\/www.meyer-sports.com\/de\/#website\",\"url\":\"https:\/\/www.meyer-sports.com\/de\/\",\"name\":\"Meyer Sports\",\"description\":\"American Football Equipment \u2013 Helmets, Shoulder Pads &amp; Gear\",\"publisher\":{\"@id\":\"https:\/\/www.meyer-sports.com\/de\/#organization\"},\"alternateName\":\"Meyer Marketing\",\"potentialAction\":[{\"@type\":\"SearchAction\",\"target\":{\"@type\":\"EntryPoint\",\"urlTemplate\":\"https:\/\/www.meyer-sports.com\/de\/?s={search_term_string}\"},\"query-input\":{\"@type\":\"PropertyValueSpecification\",\"valueRequired\":true,\"valueName\":\"search_term_string\"}}],\"inLanguage\":\"de\"},{\"@type\":\"Organization\",\"@id\":\"https:\/\/www.meyer-sports.com\/de\/#organization\",\"name\":\"Meyer Sports\",\"url\":\"https:\/\/www.meyer-sports.com\/de\/\",\"logo\":{\"@type\":\"ImageObject\",\"inLanguage\":\"de\",\"@id\":\"https:\/\/www.meyer-sports.com\/de\/#\/schema\/logo\/image\/\",\"url\":\"https:\/\/www.meyer-sports.com\/wp-content\/uploads\/2025\/08\/cropped-MeyerSports-Wort-Bild-Marke-RGB-Black-Horizontal-2000px.png\",\"contentUrl\":\"https:\/\/www.meyer-sports.com\/wp-content\/uploads\/2025\/08\/cropped-MeyerSports-Wort-Bild-Marke-RGB-Black-Horizontal-2000px.png\",\"width\":1999,\"height\":263,\"caption\":\"Meyer Sports\"},\"image\":{\"@id\":\"https:\/\/www.meyer-sports.com\/de\/#\/schema\/logo\/image\/\"},\"sameAs\":[\"https:\/\/www.facebook.com\/profile.php?id=100083396525976\"]}]}<\/script>\n<!-- \/ Yoast SEO plugin. -->","yoast_head_json":{"title":"O Shield You Slow Back Plate - Meyer Sports","description":"Football Backplate mit auff\u00e4lligem \"You Slow\"-Design und integriertem Schutz f\u00fcr den unteren R\u00fccken. Bietet zus\u00e4tzliche Sto\u00dfd\u00e4mpfung und einen unverwechselbaren Look am Spieltag.","robots":{"index":"index","follow":"follow","max-snippet":"max-snippet:-1","max-image-preview":"max-image-preview:large","max-video-preview":"max-video-preview:-1"},"canonical":"https:\/\/www.meyer-sports.com\/de\/produkt\/o-shield-you-slow-back-plate\/","og_locale":"de_DE","og_type":"article","og_title":"O Shield You Slow Back Plate - Meyer Sports","og_description":"Football Backplate mit auff\u00e4lligem \"You Slow\"-Design und integriertem Schutz f\u00fcr den unteren R\u00fccken. Bietet zus\u00e4tzliche Sto\u00dfd\u00e4mpfung und einen unverwechselbaren Look am Spieltag.","og_url":"https:\/\/www.meyer-sports.com\/de\/produkt\/o-shield-you-slow-back-plate\/","og_site_name":"Meyer Sports","article_publisher":"https:\/\/www.facebook.com\/profile.php?id=100083396525976","article_modified_time":"2026-04-15T08:18:53+00:00","og_image":[{"width":2560,"height":1707,"url":"https:\/\/www.meyer-sports.com\/wp-content\/uploads\/2025\/08\/Back-Plate-YOU-SLOW-1-scaled.jpg","type":"image\/jpeg"}],"twitter_card":"summary_large_image","schema":{"@context":"https:\/\/schema.org","@graph":[{"@type":"WebPage","@id":"https:\/\/www.meyer-sports.com\/de\/produkt\/o-shield-you-slow-back-plate\/","url":"https:\/\/www.meyer-sports.com\/de\/produkt\/o-shield-you-slow-back-plate\/","name":"O Shield You Slow Back Plate - Meyer Sports","isPartOf":{"@id":"https:\/\/www.meyer-sports.com\/de\/#website"},"primaryImageOfPage":{"@id":"https:\/\/www.meyer-sports.com\/de\/produkt\/o-shield-you-slow-back-plate\/#primaryimage"},"image":{"@id":"https:\/\/www.meyer-sports.com\/de\/produkt\/o-shield-you-slow-back-plate\/#primaryimage"},"thumbnailUrl":"https:\/\/www.meyer-sports.com\/wp-content\/uploads\/2025\/08\/Back-Plate-YOU-SLOW-1-scaled.jpg","datePublished":"2025-08-08T12:04:38+00:00","dateModified":"2026-04-15T08:18:53+00:00","description":"Football Backplate mit auff\u00e4lligem \"You Slow\"-Design und integriertem Schutz f\u00fcr den unteren R\u00fccken. Bietet zus\u00e4tzliche Sto\u00dfd\u00e4mpfung und einen unverwechselbaren Look am Spieltag.","breadcrumb":{"@id":"https:\/\/www.meyer-sports.com\/de\/produkt\/o-shield-you-slow-back-plate\/#breadcrumb"},"inLanguage":"de","potentialAction":[{"@type":"ReadAction","target":["https:\/\/www.meyer-sports.com\/de\/produkt\/o-shield-you-slow-back-plate\/"]}]},{"@type":"ImageObject","inLanguage":"de","@id":"https:\/\/www.meyer-sports.com\/de\/produkt\/o-shield-you-slow-back-plate\/#primaryimage","url":"https:\/\/www.meyer-sports.com\/wp-content\/uploads\/2025\/08\/Back-Plate-YOU-SLOW-1-scaled.jpg","contentUrl":"https:\/\/www.meyer-sports.com\/wp-content\/uploads\/2025\/08\/Back-Plate-YOU-SLOW-1-scaled.jpg","width":2560,"height":1707},{"@type":"BreadcrumbList","@id":"https:\/\/www.meyer-sports.com\/de\/produkt\/o-shield-you-slow-back-plate\/#breadcrumb","itemListElement":[{"@type":"ListItem","position":1,"name":"Home","item":"https:\/\/www.meyer-sports.com\/de\/"},{"@type":"ListItem","position":2,"name":"Shop","item":"https:\/\/www.meyer-sports.com\/de\/shop\/"},{"@type":"ListItem","position":3,"name":"O Shield You Slow Back Plate"}]},{"@type":"WebSite","@id":"https:\/\/www.meyer-sports.com\/de\/#website","url":"https:\/\/www.meyer-sports.com\/de\/","name":"Meyer Sports","description":"American Football Equipment \u2013 Helmets, Shoulder Pads &amp; Gear","publisher":{"@id":"https:\/\/www.meyer-sports.com\/de\/#organization"},"alternateName":"Meyer Marketing","potentialAction":[{"@type":"SearchAction","target":{"@type":"EntryPoint","urlTemplate":"https:\/\/www.meyer-sports.com\/de\/?s={search_term_string}"},"query-input":{"@type":"PropertyValueSpecification","valueRequired":true,"valueName":"search_term_string"}}],"inLanguage":"de"},{"@type":"Organization","@id":"https:\/\/www.meyer-sports.com\/de\/#organization","name":"Meyer Sports","url":"https:\/\/www.meyer-sports.com\/de\/","logo":{"@type":"ImageObject","inLanguage":"de","@id":"https:\/\/www.meyer-sports.com\/de\/#\/schema\/logo\/image\/","url":"https:\/\/www.meyer-sports.com\/wp-content\/uploads\/2025\/08\/cropped-MeyerSports-Wort-Bild-Marke-RGB-Black-Horizontal-2000px.png","contentUrl":"https:\/\/www.meyer-sports.com\/wp-content\/uploads\/2025\/08\/cropped-MeyerSports-Wort-Bild-Marke-RGB-Black-Horizontal-2000px.png","width":1999,"height":263,"caption":"Meyer Sports"},"image":{"@id":"https:\/\/www.meyer-sports.com\/de\/#\/schema\/logo\/image\/"},"sameAs":["https:\/\/www.facebook.com\/profile.php?id=100083396525976"]}]}},"_links":{"self":[{"href":"https:\/\/www.meyer-sports.com\/de\/wp-json\/wp\/v2\/product\/5131","targetHints":{"allow":["GET"]}}],"collection":[{"href":"https:\/\/www.meyer-sports.com\/de\/wp-json\/wp\/v2\/product"}],"about":[{"href":"https:\/\/www.meyer-sports.com\/de\/wp-json\/wp\/v2\/types\/product"}],"replies":[{"embeddable":true,"href":"https:\/\/www.meyer-sports.com\/de\/wp-json\/wp\/v2\/comments?post=5131"}],"wp:featuredmedia":[{"embeddable":true,"href":"https:\/\/www.meyer-sports.com\/de\/wp-json\/wp\/v2\/media\/4857"}],"wp:attachment":[{"href":"https:\/\/www.meyer-sports.com\/de\/wp-json\/wp\/v2\/media?parent=5131"}],"wp:term":[{"taxonomy":"product_brand","embeddable":true,"href":"https:\/\/www.meyer-sports.com\/de\/wp-json\/wp\/v2\/product_brand?post=5131"},{"taxonomy":"product_cat","embeddable":true,"href":"https:\/\/www.meyer-sports.com\/de\/wp-json\/wp\/v2\/product_cat?post=5131"},{"taxonomy":"product_tag","embeddable":true,"href":"https:\/\/www.meyer-sports.com\/de\/wp-json\/wp\/v2\/product_tag?post=5131"}],"curies":[{"name":"wp","href":"https:\/\/api.w.org\/{rel}","templated":true}]}}