{"id":5092,"date":"2025-05-27T12:02:51","date_gmt":"2025-05-27T10:02:51","guid":{"rendered":"https:\/\/www.meyer-sports.com\/produkt\/xenith-pro-series-facemask-pursuit\/"},"modified":"2026-04-15T15:30:36","modified_gmt":"2026-04-15T13:30:36","slug":"xenith-pro-series-facemask-pursuit","status":"publish","type":"product","link":"https:\/\/www.meyer-sports.com\/de\/produkt\/xenith-pro-series-facemask-pursuit\/","title":{"rendered":"XENITH Pro Series Facemask PURSUIT"},"content":{"rendered":"<ul>\n<li>Vielseitige Maske f\u00fcr alle Positionen &#8211; ideal f\u00fcr gro\u00dfe Spieler: Lineman, Linebacker, Fullbacks und Tight Ends<\/li>\n<li>NOCSAE-zertifiziert f\u00fcr die Verwendung an EPIC+ und X2E+ Varsity\/Youth-Helmen<\/li>\n<li>Kann mit jedem Xenith Varsity- oder Jugendhelm verwendet werden, au\u00dfer in der Gr\u00f6\u00dfe Small (nur f\u00fcr den Pride und XRS-21)<\/li>\n<li>Passt auf die meisten Markenvisiere &#8211; Xenith Eyeshield empfohlen<\/li>\n<li>Xenith-Helme sollten mit Xenith-Gesichtsmasken und Xenith-Gesichtsmaskenclips ausgestattet werden.<\/li>\n<\/ul>\n","protected":false},"excerpt":{"rendered":"<p>Vielseitige Maske f\u00fcr alle Positionen &#8211; ideal f\u00fcr gro\u00dfe Spieler: Lineman, Linebacker, Fullbacks und Tight Ends NOCSAE-zertifiziert f\u00fcr die Verwendung an EPIC+ und X2E+ Varsity\/Youth-Helmen Kann mit jedem Xenith Varsity- oder Jugendhelm verwendet werden, au\u00dfer in der Gr\u00f6\u00dfe Small (nur f\u00fcr den Pride und XRS-21) Passt auf die meisten Markenvisiere &#8211; Xenith Eyeshield empfohlen Xenith-Helme [&hellip;]<\/p>\n","protected":false},"featured_media":5569,"comment_status":"open","ping_status":"closed","template":"","meta":{"_acf_changed":false},"product_brand":[394],"product_cat":[410],"product_tag":[],"class_list":{"0":"post-5092","1":"product","2":"type-product","3":"status-publish","4":"has-post-thumbnail","6":"product_brand-xenith","7":"product_cat-xenith_facemask","9":"first","10":"instock","11":"taxable","12":"shipping-taxable","13":"purchasable","14":"product-type-variable"},"acf":[],"yoast_head":"<!-- This site is optimized with the Yoast SEO plugin v27.1.1 - https:\/\/yoast.com\/product\/yoast-seo-wordpress\/ -->\n<title>XENITH Pro Series Facemask PURSUIT - Meyer Sports<\/title>\n<meta name=\"description\" content=\"Eine professionelle Football Facemask, speziell f\u00fcr Xenith Helme entwickelt. Das &quot;Pursuit Bar&quot;-Design bietet robusten Gesichtsschutz bei optimaler Sicht f\u00fcr H\u00f6chstleistungen am Spieltag.\" \/>\n<meta name=\"robots\" content=\"index, follow, max-snippet:-1, max-image-preview:large, max-video-preview:-1\" \/>\n<link rel=\"canonical\" href=\"https:\/\/www.meyer-sports.com\/de\/produkt\/xenith-pro-series-facemask-pursuit\/\" \/>\n<meta property=\"og:locale\" content=\"de_DE\" \/>\n<meta property=\"og:type\" content=\"article\" \/>\n<meta property=\"og:title\" content=\"XENITH Pro Series Facemask PURSUIT - Meyer Sports\" \/>\n<meta property=\"og:description\" content=\"Eine professionelle Football Facemask, speziell f\u00fcr Xenith Helme entwickelt. Das &quot;Pursuit Bar&quot;-Design bietet robusten Gesichtsschutz bei optimaler Sicht f\u00fcr H\u00f6chstleistungen am Spieltag.\" \/>\n<meta property=\"og:url\" content=\"https:\/\/www.meyer-sports.com\/de\/produkt\/xenith-pro-series-facemask-pursuit\/\" \/>\n<meta property=\"og:site_name\" content=\"Meyer Sports\" \/>\n<meta property=\"article:publisher\" content=\"https:\/\/www.facebook.com\/profile.php?id=100083396525976\" \/>\n<meta property=\"article:modified_time\" content=\"2026-04-15T13:30:36+00:00\" \/>\n<meta property=\"og:image\" content=\"https:\/\/www.meyer-sports.com\/wp-content\/uploads\/2025\/05\/pursuitblk.jpg\" \/>\n\t<meta property=\"og:image:width\" content=\"480\" \/>\n\t<meta property=\"og:image:height\" content=\"434\" \/>\n\t<meta property=\"og:image:type\" content=\"image\/jpeg\" \/>\n<meta name=\"twitter:card\" content=\"summary_large_image\" \/>\n<script type=\"application\/ld+json\" class=\"yoast-schema-graph\">{\"@context\":\"https:\/\/schema.org\",\"@graph\":[{\"@type\":\"WebPage\",\"@id\":\"https:\/\/www.meyer-sports.com\/de\/produkt\/xenith-pro-series-facemask-pursuit\/\",\"url\":\"https:\/\/www.meyer-sports.com\/de\/produkt\/xenith-pro-series-facemask-pursuit\/\",\"name\":\"XENITH Pro Series Facemask PURSUIT - Meyer Sports\",\"isPartOf\":{\"@id\":\"https:\/\/www.meyer-sports.com\/de\/#website\"},\"primaryImageOfPage\":{\"@id\":\"https:\/\/www.meyer-sports.com\/de\/produkt\/xenith-pro-series-facemask-pursuit\/#primaryimage\"},\"image\":{\"@id\":\"https:\/\/www.meyer-sports.com\/de\/produkt\/xenith-pro-series-facemask-pursuit\/#primaryimage\"},\"thumbnailUrl\":\"https:\/\/www.meyer-sports.com\/wp-content\/uploads\/2025\/05\/pursuitblk.jpg\",\"datePublished\":\"2025-05-27T10:02:51+00:00\",\"dateModified\":\"2026-04-15T13:30:36+00:00\",\"description\":\"Eine professionelle Football Facemask, speziell f\u00fcr Xenith Helme entwickelt. Das \\\"Pursuit Bar\\\"-Design bietet robusten Gesichtsschutz bei optimaler Sicht f\u00fcr H\u00f6chstleistungen am Spieltag.\",\"breadcrumb\":{\"@id\":\"https:\/\/www.meyer-sports.com\/de\/produkt\/xenith-pro-series-facemask-pursuit\/#breadcrumb\"},\"inLanguage\":\"de\",\"potentialAction\":[{\"@type\":\"ReadAction\",\"target\":[\"https:\/\/www.meyer-sports.com\/de\/produkt\/xenith-pro-series-facemask-pursuit\/\"]}]},{\"@type\":\"ImageObject\",\"inLanguage\":\"de\",\"@id\":\"https:\/\/www.meyer-sports.com\/de\/produkt\/xenith-pro-series-facemask-pursuit\/#primaryimage\",\"url\":\"https:\/\/www.meyer-sports.com\/wp-content\/uploads\/2025\/05\/pursuitblk.jpg\",\"contentUrl\":\"https:\/\/www.meyer-sports.com\/wp-content\/uploads\/2025\/05\/pursuitblk.jpg\",\"width\":480,\"height\":434},{\"@type\":\"BreadcrumbList\",\"@id\":\"https:\/\/www.meyer-sports.com\/de\/produkt\/xenith-pro-series-facemask-pursuit\/#breadcrumb\",\"itemListElement\":[{\"@type\":\"ListItem\",\"position\":1,\"name\":\"Home\",\"item\":\"https:\/\/www.meyer-sports.com\/de\/\"},{\"@type\":\"ListItem\",\"position\":2,\"name\":\"Shop\",\"item\":\"https:\/\/www.meyer-sports.com\/de\/shop\/\"},{\"@type\":\"ListItem\",\"position\":3,\"name\":\"XENITH Pro Series Facemask PURSUIT\"}]},{\"@type\":\"WebSite\",\"@id\":\"https:\/\/www.meyer-sports.com\/de\/#website\",\"url\":\"https:\/\/www.meyer-sports.com\/de\/\",\"name\":\"Meyer Sports\",\"description\":\"American Football Equipment \u2013 Helmets, Shoulder Pads &amp; Gear\",\"publisher\":{\"@id\":\"https:\/\/www.meyer-sports.com\/de\/#organization\"},\"alternateName\":\"Meyer Marketing\",\"potentialAction\":[{\"@type\":\"SearchAction\",\"target\":{\"@type\":\"EntryPoint\",\"urlTemplate\":\"https:\/\/www.meyer-sports.com\/de\/?s={search_term_string}\"},\"query-input\":{\"@type\":\"PropertyValueSpecification\",\"valueRequired\":true,\"valueName\":\"search_term_string\"}}],\"inLanguage\":\"de\"},{\"@type\":\"Organization\",\"@id\":\"https:\/\/www.meyer-sports.com\/de\/#organization\",\"name\":\"Meyer Sports\",\"url\":\"https:\/\/www.meyer-sports.com\/de\/\",\"logo\":{\"@type\":\"ImageObject\",\"inLanguage\":\"de\",\"@id\":\"https:\/\/www.meyer-sports.com\/de\/#\/schema\/logo\/image\/\",\"url\":\"https:\/\/www.meyer-sports.com\/wp-content\/uploads\/2025\/08\/cropped-MeyerSports-Wort-Bild-Marke-RGB-Black-Horizontal-2000px.png\",\"contentUrl\":\"https:\/\/www.meyer-sports.com\/wp-content\/uploads\/2025\/08\/cropped-MeyerSports-Wort-Bild-Marke-RGB-Black-Horizontal-2000px.png\",\"width\":1999,\"height\":263,\"caption\":\"Meyer Sports\"},\"image\":{\"@id\":\"https:\/\/www.meyer-sports.com\/de\/#\/schema\/logo\/image\/\"},\"sameAs\":[\"https:\/\/www.facebook.com\/profile.php?id=100083396525976\"]}]}<\/script>\n<!-- \/ Yoast SEO plugin. -->","yoast_head_json":{"title":"XENITH Pro Series Facemask PURSUIT - Meyer Sports","description":"Eine professionelle Football Facemask, speziell f\u00fcr Xenith Helme entwickelt. Das \"Pursuit Bar\"-Design bietet robusten Gesichtsschutz bei optimaler Sicht f\u00fcr H\u00f6chstleistungen am Spieltag.","robots":{"index":"index","follow":"follow","max-snippet":"max-snippet:-1","max-image-preview":"max-image-preview:large","max-video-preview":"max-video-preview:-1"},"canonical":"https:\/\/www.meyer-sports.com\/de\/produkt\/xenith-pro-series-facemask-pursuit\/","og_locale":"de_DE","og_type":"article","og_title":"XENITH Pro Series Facemask PURSUIT - Meyer Sports","og_description":"Eine professionelle Football Facemask, speziell f\u00fcr Xenith Helme entwickelt. Das \"Pursuit Bar\"-Design bietet robusten Gesichtsschutz bei optimaler Sicht f\u00fcr H\u00f6chstleistungen am Spieltag.","og_url":"https:\/\/www.meyer-sports.com\/de\/produkt\/xenith-pro-series-facemask-pursuit\/","og_site_name":"Meyer Sports","article_publisher":"https:\/\/www.facebook.com\/profile.php?id=100083396525976","article_modified_time":"2026-04-15T13:30:36+00:00","og_image":[{"width":480,"height":434,"url":"https:\/\/www.meyer-sports.com\/wp-content\/uploads\/2025\/05\/pursuitblk.jpg","type":"image\/jpeg"}],"twitter_card":"summary_large_image","schema":{"@context":"https:\/\/schema.org","@graph":[{"@type":"WebPage","@id":"https:\/\/www.meyer-sports.com\/de\/produkt\/xenith-pro-series-facemask-pursuit\/","url":"https:\/\/www.meyer-sports.com\/de\/produkt\/xenith-pro-series-facemask-pursuit\/","name":"XENITH Pro Series Facemask PURSUIT - Meyer Sports","isPartOf":{"@id":"https:\/\/www.meyer-sports.com\/de\/#website"},"primaryImageOfPage":{"@id":"https:\/\/www.meyer-sports.com\/de\/produkt\/xenith-pro-series-facemask-pursuit\/#primaryimage"},"image":{"@id":"https:\/\/www.meyer-sports.com\/de\/produkt\/xenith-pro-series-facemask-pursuit\/#primaryimage"},"thumbnailUrl":"https:\/\/www.meyer-sports.com\/wp-content\/uploads\/2025\/05\/pursuitblk.jpg","datePublished":"2025-05-27T10:02:51+00:00","dateModified":"2026-04-15T13:30:36+00:00","description":"Eine professionelle Football Facemask, speziell f\u00fcr Xenith Helme entwickelt. Das \"Pursuit Bar\"-Design bietet robusten Gesichtsschutz bei optimaler Sicht f\u00fcr H\u00f6chstleistungen am Spieltag.","breadcrumb":{"@id":"https:\/\/www.meyer-sports.com\/de\/produkt\/xenith-pro-series-facemask-pursuit\/#breadcrumb"},"inLanguage":"de","potentialAction":[{"@type":"ReadAction","target":["https:\/\/www.meyer-sports.com\/de\/produkt\/xenith-pro-series-facemask-pursuit\/"]}]},{"@type":"ImageObject","inLanguage":"de","@id":"https:\/\/www.meyer-sports.com\/de\/produkt\/xenith-pro-series-facemask-pursuit\/#primaryimage","url":"https:\/\/www.meyer-sports.com\/wp-content\/uploads\/2025\/05\/pursuitblk.jpg","contentUrl":"https:\/\/www.meyer-sports.com\/wp-content\/uploads\/2025\/05\/pursuitblk.jpg","width":480,"height":434},{"@type":"BreadcrumbList","@id":"https:\/\/www.meyer-sports.com\/de\/produkt\/xenith-pro-series-facemask-pursuit\/#breadcrumb","itemListElement":[{"@type":"ListItem","position":1,"name":"Home","item":"https:\/\/www.meyer-sports.com\/de\/"},{"@type":"ListItem","position":2,"name":"Shop","item":"https:\/\/www.meyer-sports.com\/de\/shop\/"},{"@type":"ListItem","position":3,"name":"XENITH Pro Series Facemask PURSUIT"}]},{"@type":"WebSite","@id":"https:\/\/www.meyer-sports.com\/de\/#website","url":"https:\/\/www.meyer-sports.com\/de\/","name":"Meyer Sports","description":"American Football Equipment \u2013 Helmets, Shoulder Pads &amp; Gear","publisher":{"@id":"https:\/\/www.meyer-sports.com\/de\/#organization"},"alternateName":"Meyer Marketing","potentialAction":[{"@type":"SearchAction","target":{"@type":"EntryPoint","urlTemplate":"https:\/\/www.meyer-sports.com\/de\/?s={search_term_string}"},"query-input":{"@type":"PropertyValueSpecification","valueRequired":true,"valueName":"search_term_string"}}],"inLanguage":"de"},{"@type":"Organization","@id":"https:\/\/www.meyer-sports.com\/de\/#organization","name":"Meyer Sports","url":"https:\/\/www.meyer-sports.com\/de\/","logo":{"@type":"ImageObject","inLanguage":"de","@id":"https:\/\/www.meyer-sports.com\/de\/#\/schema\/logo\/image\/","url":"https:\/\/www.meyer-sports.com\/wp-content\/uploads\/2025\/08\/cropped-MeyerSports-Wort-Bild-Marke-RGB-Black-Horizontal-2000px.png","contentUrl":"https:\/\/www.meyer-sports.com\/wp-content\/uploads\/2025\/08\/cropped-MeyerSports-Wort-Bild-Marke-RGB-Black-Horizontal-2000px.png","width":1999,"height":263,"caption":"Meyer Sports"},"image":{"@id":"https:\/\/www.meyer-sports.com\/de\/#\/schema\/logo\/image\/"},"sameAs":["https:\/\/www.facebook.com\/profile.php?id=100083396525976"]}]}},"_links":{"self":[{"href":"https:\/\/www.meyer-sports.com\/de\/wp-json\/wp\/v2\/product\/5092","targetHints":{"allow":["GET"]}}],"collection":[{"href":"https:\/\/www.meyer-sports.com\/de\/wp-json\/wp\/v2\/product"}],"about":[{"href":"https:\/\/www.meyer-sports.com\/de\/wp-json\/wp\/v2\/types\/product"}],"replies":[{"embeddable":true,"href":"https:\/\/www.meyer-sports.com\/de\/wp-json\/wp\/v2\/comments?post=5092"}],"wp:featuredmedia":[{"embeddable":true,"href":"https:\/\/www.meyer-sports.com\/de\/wp-json\/wp\/v2\/media\/5569"}],"wp:attachment":[{"href":"https:\/\/www.meyer-sports.com\/de\/wp-json\/wp\/v2\/media?parent=5092"}],"wp:term":[{"taxonomy":"product_brand","embeddable":true,"href":"https:\/\/www.meyer-sports.com\/de\/wp-json\/wp\/v2\/product_brand?post=5092"},{"taxonomy":"product_cat","embeddable":true,"href":"https:\/\/www.meyer-sports.com\/de\/wp-json\/wp\/v2\/product_cat?post=5092"},{"taxonomy":"product_tag","embeddable":true,"href":"https:\/\/www.meyer-sports.com\/de\/wp-json\/wp\/v2\/product_tag?post=5092"}],"curies":[{"name":"wp","href":"https:\/\/api.w.org\/{rel}","templated":true}]}}