{"id":5080,"date":"2025-05-16T09:41:32","date_gmt":"2025-05-16T07:41:32","guid":{"rendered":"https:\/\/www.meyer-sports.com\/produkt\/mm-deluxe-7-piece-girdle\/"},"modified":"2026-04-09T15:24:37","modified_gmt":"2026-04-09T13:24:37","slug":"mm-deluxe-7-piece-girdle","status":"publish","type":"product","link":"https:\/\/www.meyer-sports.com\/de\/produkt\/mm-deluxe-7-piece-girdle\/","title":{"rendered":"MM Deluxe 7-teiliger Girdle"},"content":{"rendered":"<ul>\n<li>H\u00fcft-, Ges\u00e4\u00df-, Oberschenkel- und Kniepolster bestehen aus hochdichtem Schaumstoff und einer Hartschalen-Kunststoffh\u00fclle zum Schutz vor St\u00f6\u00dfen<\/li>\n<li>Kann mit eingen\u00e4hter Polsterung gewaschen werden<\/li>\n<li>Polyester-Elasthan-Gewebe bietet feuchtigkeitstransportierende Eigenschaften sowie optimale Kompression f\u00fcr den Sportler<\/li>\n<li>1-1\/2&#8243; Pl\u00fcsch-Bund mit Jock-Tag inklusive<\/li>\n<\/ul>\n<p>&nbsp;<\/p>\n","protected":false},"excerpt":{"rendered":"<p>H\u00fcft-, Ges\u00e4\u00df-, Oberschenkel- und Kniepolster bestehen aus hochdichtem Schaumstoff und einer Hartschalen-Kunststoffh\u00fclle zum Schutz vor St\u00f6\u00dfen Kann mit eingen\u00e4hter Polsterung gewaschen werden Polyester-Elasthan-Gewebe bietet feuchtigkeitstransportierende Eigenschaften sowie optimale Kompression f\u00fcr den Sportler 1-1\/2&#8243; Pl\u00fcsch-Bund mit Jock-Tag inklusive &nbsp;<\/p>\n","protected":false},"featured_media":1156,"comment_status":"open","ping_status":"closed","template":"","meta":{"_acf_changed":false},"product_brand":[389],"product_cat":[288],"product_tag":[],"class_list":{"0":"post-5080","1":"product","2":"type-product","3":"status-publish","4":"has-post-thumbnail","6":"product_brand-mm","7":"product_cat-hosen","9":"first","10":"instock","11":"taxable","12":"shipping-taxable","13":"purchasable","14":"product-type-variable"},"acf":[],"yoast_head":"<!-- This site is optimized with the Yoast SEO plugin v27.1.1 - https:\/\/yoast.com\/product\/yoast-seo-wordpress\/ -->\n<title>MM Deluxe 7-teiliger Football Girdle I Elite Schutz und Komfort<\/title>\n<meta name=\"description\" content=\"MM Deluxe 7-teiliger Football Girdle f\u00fcr Erwachsene mit hochwertiger integrierter Polsterung f\u00fcr maximalen Schutz, Komfort und Leistung bei Spielen und im Training.\" \/>\n<meta name=\"robots\" content=\"index, follow, max-snippet:-1, max-image-preview:large, max-video-preview:-1\" \/>\n<link rel=\"canonical\" href=\"https:\/\/www.meyer-sports.com\/de\/produkt\/mm-deluxe-7-piece-girdle\/\" \/>\n<meta property=\"og:locale\" content=\"de_DE\" \/>\n<meta property=\"og:type\" content=\"article\" \/>\n<meta property=\"og:title\" content=\"MM Deluxe 7-teiliger Football Girdle I Elite Schutz und Komfort\" \/>\n<meta property=\"og:description\" content=\"MM Deluxe 7-teiliger Football Girdle f\u00fcr Erwachsene mit hochwertiger integrierter Polsterung f\u00fcr maximalen Schutz, Komfort und Leistung bei Spielen und im Training.\" \/>\n<meta property=\"og:url\" content=\"https:\/\/www.meyer-sports.com\/de\/produkt\/mm-deluxe-7-piece-girdle\/\" \/>\n<meta property=\"og:site_name\" content=\"Meyer Sports\" \/>\n<meta property=\"article:publisher\" content=\"https:\/\/www.facebook.com\/profile.php?id=100083396525976\" \/>\n<meta property=\"article:modified_time\" content=\"2026-04-09T13:24:37+00:00\" \/>\n<meta property=\"og:image\" content=\"https:\/\/www.meyer-sports.com\/wp-content\/uploads\/2025\/05\/MIG7D.jpg\" \/>\n\t<meta property=\"og:image:width\" content=\"532\" \/>\n\t<meta property=\"og:image:height\" content=\"700\" \/>\n\t<meta property=\"og:image:type\" content=\"image\/jpeg\" \/>\n<meta name=\"twitter:card\" content=\"summary_large_image\" \/>\n<script type=\"application\/ld+json\" class=\"yoast-schema-graph\">{\"@context\":\"https:\/\/schema.org\",\"@graph\":[{\"@type\":\"WebPage\",\"@id\":\"https:\/\/www.meyer-sports.com\/de\/produkt\/mm-deluxe-7-piece-girdle\/\",\"url\":\"https:\/\/www.meyer-sports.com\/de\/produkt\/mm-deluxe-7-piece-girdle\/\",\"name\":\"MM Deluxe 7-teiliger Football Girdle I Elite Schutz und Komfort\",\"isPartOf\":{\"@id\":\"https:\/\/www.meyer-sports.com\/de\/#website\"},\"primaryImageOfPage\":{\"@id\":\"https:\/\/www.meyer-sports.com\/de\/produkt\/mm-deluxe-7-piece-girdle\/#primaryimage\"},\"image\":{\"@id\":\"https:\/\/www.meyer-sports.com\/de\/produkt\/mm-deluxe-7-piece-girdle\/#primaryimage\"},\"thumbnailUrl\":\"https:\/\/www.meyer-sports.com\/wp-content\/uploads\/2025\/05\/MIG7D.jpg\",\"datePublished\":\"2025-05-16T07:41:32+00:00\",\"dateModified\":\"2026-04-09T13:24:37+00:00\",\"description\":\"MM Deluxe 7-teiliger Football Girdle f\u00fcr Erwachsene mit hochwertiger integrierter Polsterung f\u00fcr maximalen Schutz, Komfort und Leistung bei Spielen und im Training.\",\"breadcrumb\":{\"@id\":\"https:\/\/www.meyer-sports.com\/de\/produkt\/mm-deluxe-7-piece-girdle\/#breadcrumb\"},\"inLanguage\":\"de\",\"potentialAction\":[{\"@type\":\"ReadAction\",\"target\":[\"https:\/\/www.meyer-sports.com\/de\/produkt\/mm-deluxe-7-piece-girdle\/\"]}]},{\"@type\":\"ImageObject\",\"inLanguage\":\"de\",\"@id\":\"https:\/\/www.meyer-sports.com\/de\/produkt\/mm-deluxe-7-piece-girdle\/#primaryimage\",\"url\":\"https:\/\/www.meyer-sports.com\/wp-content\/uploads\/2025\/05\/MIG7D.jpg\",\"contentUrl\":\"https:\/\/www.meyer-sports.com\/wp-content\/uploads\/2025\/05\/MIG7D.jpg\",\"width\":532,\"height\":700},{\"@type\":\"BreadcrumbList\",\"@id\":\"https:\/\/www.meyer-sports.com\/de\/produkt\/mm-deluxe-7-piece-girdle\/#breadcrumb\",\"itemListElement\":[{\"@type\":\"ListItem\",\"position\":1,\"name\":\"Home\",\"item\":\"https:\/\/www.meyer-sports.com\/de\/\"},{\"@type\":\"ListItem\",\"position\":2,\"name\":\"Shop\",\"item\":\"https:\/\/www.meyer-sports.com\/de\/shop\/\"},{\"@type\":\"ListItem\",\"position\":3,\"name\":\"MM Deluxe 7-teiliger Girdle\"}]},{\"@type\":\"WebSite\",\"@id\":\"https:\/\/www.meyer-sports.com\/de\/#website\",\"url\":\"https:\/\/www.meyer-sports.com\/de\/\",\"name\":\"Meyer Sports\",\"description\":\"American Football Equipment \u2013 Helmets, Shoulder Pads &amp; Gear\",\"publisher\":{\"@id\":\"https:\/\/www.meyer-sports.com\/de\/#organization\"},\"alternateName\":\"Meyer Marketing\",\"potentialAction\":[{\"@type\":\"SearchAction\",\"target\":{\"@type\":\"EntryPoint\",\"urlTemplate\":\"https:\/\/www.meyer-sports.com\/de\/?s={search_term_string}\"},\"query-input\":{\"@type\":\"PropertyValueSpecification\",\"valueRequired\":true,\"valueName\":\"search_term_string\"}}],\"inLanguage\":\"de\"},{\"@type\":\"Organization\",\"@id\":\"https:\/\/www.meyer-sports.com\/de\/#organization\",\"name\":\"Meyer Sports\",\"url\":\"https:\/\/www.meyer-sports.com\/de\/\",\"logo\":{\"@type\":\"ImageObject\",\"inLanguage\":\"de\",\"@id\":\"https:\/\/www.meyer-sports.com\/de\/#\/schema\/logo\/image\/\",\"url\":\"https:\/\/www.meyer-sports.com\/wp-content\/uploads\/2025\/08\/cropped-MeyerSports-Wort-Bild-Marke-RGB-Black-Horizontal-2000px.png\",\"contentUrl\":\"https:\/\/www.meyer-sports.com\/wp-content\/uploads\/2025\/08\/cropped-MeyerSports-Wort-Bild-Marke-RGB-Black-Horizontal-2000px.png\",\"width\":1999,\"height\":263,\"caption\":\"Meyer Sports\"},\"image\":{\"@id\":\"https:\/\/www.meyer-sports.com\/de\/#\/schema\/logo\/image\/\"},\"sameAs\":[\"https:\/\/www.facebook.com\/profile.php?id=100083396525976\"]}]}<\/script>\n<!-- \/ Yoast SEO plugin. -->","yoast_head_json":{"title":"MM Deluxe 7-teiliger Football Girdle I Elite Schutz und Komfort","description":"MM Deluxe 7-teiliger Football Girdle f\u00fcr Erwachsene mit hochwertiger integrierter Polsterung f\u00fcr maximalen Schutz, Komfort und Leistung bei Spielen und im Training.","robots":{"index":"index","follow":"follow","max-snippet":"max-snippet:-1","max-image-preview":"max-image-preview:large","max-video-preview":"max-video-preview:-1"},"canonical":"https:\/\/www.meyer-sports.com\/de\/produkt\/mm-deluxe-7-piece-girdle\/","og_locale":"de_DE","og_type":"article","og_title":"MM Deluxe 7-teiliger Football Girdle I Elite Schutz und Komfort","og_description":"MM Deluxe 7-teiliger Football Girdle f\u00fcr Erwachsene mit hochwertiger integrierter Polsterung f\u00fcr maximalen Schutz, Komfort und Leistung bei Spielen und im Training.","og_url":"https:\/\/www.meyer-sports.com\/de\/produkt\/mm-deluxe-7-piece-girdle\/","og_site_name":"Meyer Sports","article_publisher":"https:\/\/www.facebook.com\/profile.php?id=100083396525976","article_modified_time":"2026-04-09T13:24:37+00:00","og_image":[{"width":532,"height":700,"url":"https:\/\/www.meyer-sports.com\/wp-content\/uploads\/2025\/05\/MIG7D.jpg","type":"image\/jpeg"}],"twitter_card":"summary_large_image","schema":{"@context":"https:\/\/schema.org","@graph":[{"@type":"WebPage","@id":"https:\/\/www.meyer-sports.com\/de\/produkt\/mm-deluxe-7-piece-girdle\/","url":"https:\/\/www.meyer-sports.com\/de\/produkt\/mm-deluxe-7-piece-girdle\/","name":"MM Deluxe 7-teiliger Football Girdle I Elite Schutz und Komfort","isPartOf":{"@id":"https:\/\/www.meyer-sports.com\/de\/#website"},"primaryImageOfPage":{"@id":"https:\/\/www.meyer-sports.com\/de\/produkt\/mm-deluxe-7-piece-girdle\/#primaryimage"},"image":{"@id":"https:\/\/www.meyer-sports.com\/de\/produkt\/mm-deluxe-7-piece-girdle\/#primaryimage"},"thumbnailUrl":"https:\/\/www.meyer-sports.com\/wp-content\/uploads\/2025\/05\/MIG7D.jpg","datePublished":"2025-05-16T07:41:32+00:00","dateModified":"2026-04-09T13:24:37+00:00","description":"MM Deluxe 7-teiliger Football Girdle f\u00fcr Erwachsene mit hochwertiger integrierter Polsterung f\u00fcr maximalen Schutz, Komfort und Leistung bei Spielen und im Training.","breadcrumb":{"@id":"https:\/\/www.meyer-sports.com\/de\/produkt\/mm-deluxe-7-piece-girdle\/#breadcrumb"},"inLanguage":"de","potentialAction":[{"@type":"ReadAction","target":["https:\/\/www.meyer-sports.com\/de\/produkt\/mm-deluxe-7-piece-girdle\/"]}]},{"@type":"ImageObject","inLanguage":"de","@id":"https:\/\/www.meyer-sports.com\/de\/produkt\/mm-deluxe-7-piece-girdle\/#primaryimage","url":"https:\/\/www.meyer-sports.com\/wp-content\/uploads\/2025\/05\/MIG7D.jpg","contentUrl":"https:\/\/www.meyer-sports.com\/wp-content\/uploads\/2025\/05\/MIG7D.jpg","width":532,"height":700},{"@type":"BreadcrumbList","@id":"https:\/\/www.meyer-sports.com\/de\/produkt\/mm-deluxe-7-piece-girdle\/#breadcrumb","itemListElement":[{"@type":"ListItem","position":1,"name":"Home","item":"https:\/\/www.meyer-sports.com\/de\/"},{"@type":"ListItem","position":2,"name":"Shop","item":"https:\/\/www.meyer-sports.com\/de\/shop\/"},{"@type":"ListItem","position":3,"name":"MM Deluxe 7-teiliger Girdle"}]},{"@type":"WebSite","@id":"https:\/\/www.meyer-sports.com\/de\/#website","url":"https:\/\/www.meyer-sports.com\/de\/","name":"Meyer Sports","description":"American Football Equipment \u2013 Helmets, Shoulder Pads &amp; Gear","publisher":{"@id":"https:\/\/www.meyer-sports.com\/de\/#organization"},"alternateName":"Meyer Marketing","potentialAction":[{"@type":"SearchAction","target":{"@type":"EntryPoint","urlTemplate":"https:\/\/www.meyer-sports.com\/de\/?s={search_term_string}"},"query-input":{"@type":"PropertyValueSpecification","valueRequired":true,"valueName":"search_term_string"}}],"inLanguage":"de"},{"@type":"Organization","@id":"https:\/\/www.meyer-sports.com\/de\/#organization","name":"Meyer Sports","url":"https:\/\/www.meyer-sports.com\/de\/","logo":{"@type":"ImageObject","inLanguage":"de","@id":"https:\/\/www.meyer-sports.com\/de\/#\/schema\/logo\/image\/","url":"https:\/\/www.meyer-sports.com\/wp-content\/uploads\/2025\/08\/cropped-MeyerSports-Wort-Bild-Marke-RGB-Black-Horizontal-2000px.png","contentUrl":"https:\/\/www.meyer-sports.com\/wp-content\/uploads\/2025\/08\/cropped-MeyerSports-Wort-Bild-Marke-RGB-Black-Horizontal-2000px.png","width":1999,"height":263,"caption":"Meyer Sports"},"image":{"@id":"https:\/\/www.meyer-sports.com\/de\/#\/schema\/logo\/image\/"},"sameAs":["https:\/\/www.facebook.com\/profile.php?id=100083396525976"]}]}},"_links":{"self":[{"href":"https:\/\/www.meyer-sports.com\/de\/wp-json\/wp\/v2\/product\/5080","targetHints":{"allow":["GET"]}}],"collection":[{"href":"https:\/\/www.meyer-sports.com\/de\/wp-json\/wp\/v2\/product"}],"about":[{"href":"https:\/\/www.meyer-sports.com\/de\/wp-json\/wp\/v2\/types\/product"}],"replies":[{"embeddable":true,"href":"https:\/\/www.meyer-sports.com\/de\/wp-json\/wp\/v2\/comments?post=5080"}],"wp:featuredmedia":[{"embeddable":true,"href":"https:\/\/www.meyer-sports.com\/de\/wp-json\/wp\/v2\/media\/1156"}],"wp:attachment":[{"href":"https:\/\/www.meyer-sports.com\/de\/wp-json\/wp\/v2\/media?parent=5080"}],"wp:term":[{"taxonomy":"product_brand","embeddable":true,"href":"https:\/\/www.meyer-sports.com\/de\/wp-json\/wp\/v2\/product_brand?post=5080"},{"taxonomy":"product_cat","embeddable":true,"href":"https:\/\/www.meyer-sports.com\/de\/wp-json\/wp\/v2\/product_cat?post=5080"},{"taxonomy":"product_tag","embeddable":true,"href":"https:\/\/www.meyer-sports.com\/de\/wp-json\/wp\/v2\/product_tag?post=5080"}],"curies":[{"name":"wp","href":"https:\/\/api.w.org\/{rel}","templated":true}]}}