{"id":5041,"date":"2025-05-16T09:41:32","date_gmt":"2025-05-16T07:41:32","guid":{"rendered":"https:\/\/www.meyer-sports.com\/produkt\/mm-receiver-gloves\/"},"modified":"2026-04-02T13:32:14","modified_gmt":"2026-04-02T11:32:14","slug":"mm-receiver-gloves","status":"publish","type":"product","link":"https:\/\/www.meyer-sports.com\/de\/produkt\/mm-receiver-gloves\/","title":{"rendered":"MM Receiver Handschuhe"},"content":{"rendered":"<ul>\n<li>Griffige Handfl\u00e4chen und Finger f\u00fcr festen Ballgriff und sichere F\u00e4nge <\/li>\n<li>Verstellbarer Bund f\u00fcr einen sicheren und individuellen Sitz <\/li>\n<li>Leichtes Design, ideal f\u00fcr schnelle Handbewegungen <\/li>\n<li>Robuste Verarbeitung, geeignet f\u00fcr h\u00e4ufiges Training und Spiele <\/li>\n<\/ul>\n","protected":false},"excerpt":{"rendered":"<p>Griffige Handfl\u00e4chen und Finger f\u00fcr festen Ballgriff und sichere F\u00e4nge Verstellbarer Bund f\u00fcr einen sicheren und individuellen Sitz Leichtes Design, ideal f\u00fcr schnelle Handbewegungen Robuste Verarbeitung, geeignet f\u00fcr h\u00e4ufiges Training und Spiele<\/p>\n","protected":false},"featured_media":1170,"comment_status":"open","ping_status":"closed","template":"","meta":{"_acf_changed":false},"product_brand":[389],"product_cat":[326],"product_tag":[],"class_list":{"0":"post-5041","1":"product","2":"type-product","3":"status-publish","4":"has-post-thumbnail","6":"product_brand-mm","7":"product_cat-handschuhe","9":"first","10":"instock","11":"taxable","12":"shipping-taxable","13":"purchasable","14":"product-type-variable"},"acf":[],"yoast_head":"<!-- This site is optimized with the Yoast SEO plugin v27.1.1 - https:\/\/yoast.com\/product\/yoast-seo-wordpress\/ -->\n<title>MM Receiver Handschuhe - griffige Handfl\u00e4chen &amp; sicherer Sitz - Meyer Sports<\/title>\n<meta name=\"description\" content=\"MM Receiver Handschuhe mit griffigen Handfl\u00e4chen, leichtem Tragegef\u00fchl und einem verstellbaren Bund f\u00fcr sichere, selbstbewusste F\u00e4nge. Jetzt bei Meyer Sports kaufen!\" \/>\n<meta name=\"robots\" content=\"index, follow, max-snippet:-1, max-image-preview:large, max-video-preview:-1\" \/>\n<link rel=\"canonical\" href=\"https:\/\/www.meyer-sports.com\/de\/produkt\/mm-receiver-gloves\/\" \/>\n<meta property=\"og:locale\" content=\"de_DE\" \/>\n<meta property=\"og:type\" content=\"article\" \/>\n<meta property=\"og:title\" content=\"MM Receiver Handschuhe - griffige Handfl\u00e4chen &amp; sicherer Sitz - Meyer Sports\" \/>\n<meta property=\"og:description\" content=\"MM Receiver Handschuhe mit griffigen Handfl\u00e4chen, leichtem Tragegef\u00fchl und einem verstellbaren Bund f\u00fcr sichere, selbstbewusste F\u00e4nge. Jetzt bei Meyer Sports kaufen!\" \/>\n<meta property=\"og:url\" content=\"https:\/\/www.meyer-sports.com\/de\/produkt\/mm-receiver-gloves\/\" \/>\n<meta property=\"og:site_name\" content=\"Meyer Sports\" \/>\n<meta property=\"article:publisher\" content=\"https:\/\/www.facebook.com\/profile.php?id=100083396525976\" \/>\n<meta property=\"article:modified_time\" content=\"2026-04-02T11:32:14+00:00\" \/>\n<meta property=\"og:image\" content=\"https:\/\/www.meyer-sports.com\/wp-content\/uploads\/2025\/05\/MR060.jpg\" \/>\n\t<meta property=\"og:image:width\" content=\"485\" \/>\n\t<meta property=\"og:image:height\" content=\"700\" \/>\n\t<meta property=\"og:image:type\" content=\"image\/jpeg\" \/>\n<meta name=\"twitter:card\" content=\"summary_large_image\" \/>\n<script type=\"application\/ld+json\" class=\"yoast-schema-graph\">{\"@context\":\"https:\/\/schema.org\",\"@graph\":[{\"@type\":\"WebPage\",\"@id\":\"https:\/\/www.meyer-sports.com\/de\/produkt\/mm-receiver-gloves\/\",\"url\":\"https:\/\/www.meyer-sports.com\/de\/produkt\/mm-receiver-gloves\/\",\"name\":\"MM Receiver Handschuhe - griffige Handfl\u00e4chen & sicherer Sitz - Meyer Sports\",\"isPartOf\":{\"@id\":\"https:\/\/www.meyer-sports.com\/de\/#website\"},\"primaryImageOfPage\":{\"@id\":\"https:\/\/www.meyer-sports.com\/de\/produkt\/mm-receiver-gloves\/#primaryimage\"},\"image\":{\"@id\":\"https:\/\/www.meyer-sports.com\/de\/produkt\/mm-receiver-gloves\/#primaryimage\"},\"thumbnailUrl\":\"https:\/\/www.meyer-sports.com\/wp-content\/uploads\/2025\/05\/MR060.jpg\",\"datePublished\":\"2025-05-16T07:41:32+00:00\",\"dateModified\":\"2026-04-02T11:32:14+00:00\",\"description\":\"MM Receiver Handschuhe mit griffigen Handfl\u00e4chen, leichtem Tragegef\u00fchl und einem verstellbaren Bund f\u00fcr sichere, selbstbewusste F\u00e4nge. Jetzt bei Meyer Sports kaufen!\",\"breadcrumb\":{\"@id\":\"https:\/\/www.meyer-sports.com\/de\/produkt\/mm-receiver-gloves\/#breadcrumb\"},\"inLanguage\":\"de\",\"potentialAction\":[{\"@type\":\"ReadAction\",\"target\":[\"https:\/\/www.meyer-sports.com\/de\/produkt\/mm-receiver-gloves\/\"]}]},{\"@type\":\"ImageObject\",\"inLanguage\":\"de\",\"@id\":\"https:\/\/www.meyer-sports.com\/de\/produkt\/mm-receiver-gloves\/#primaryimage\",\"url\":\"https:\/\/www.meyer-sports.com\/wp-content\/uploads\/2025\/05\/MR060.jpg\",\"contentUrl\":\"https:\/\/www.meyer-sports.com\/wp-content\/uploads\/2025\/05\/MR060.jpg\",\"width\":485,\"height\":700},{\"@type\":\"BreadcrumbList\",\"@id\":\"https:\/\/www.meyer-sports.com\/de\/produkt\/mm-receiver-gloves\/#breadcrumb\",\"itemListElement\":[{\"@type\":\"ListItem\",\"position\":1,\"name\":\"Home\",\"item\":\"https:\/\/www.meyer-sports.com\/de\/\"},{\"@type\":\"ListItem\",\"position\":2,\"name\":\"Shop\",\"item\":\"https:\/\/www.meyer-sports.com\/de\/shop\/\"},{\"@type\":\"ListItem\",\"position\":3,\"name\":\"MM Receiver Handschuhe\"}]},{\"@type\":\"WebSite\",\"@id\":\"https:\/\/www.meyer-sports.com\/de\/#website\",\"url\":\"https:\/\/www.meyer-sports.com\/de\/\",\"name\":\"Meyer Sports\",\"description\":\"American Football Equipment \u2013 Helmets, Shoulder Pads &amp; Gear\",\"publisher\":{\"@id\":\"https:\/\/www.meyer-sports.com\/de\/#organization\"},\"alternateName\":\"Meyer Marketing\",\"potentialAction\":[{\"@type\":\"SearchAction\",\"target\":{\"@type\":\"EntryPoint\",\"urlTemplate\":\"https:\/\/www.meyer-sports.com\/de\/?s={search_term_string}\"},\"query-input\":{\"@type\":\"PropertyValueSpecification\",\"valueRequired\":true,\"valueName\":\"search_term_string\"}}],\"inLanguage\":\"de\"},{\"@type\":\"Organization\",\"@id\":\"https:\/\/www.meyer-sports.com\/de\/#organization\",\"name\":\"Meyer Sports\",\"url\":\"https:\/\/www.meyer-sports.com\/de\/\",\"logo\":{\"@type\":\"ImageObject\",\"inLanguage\":\"de\",\"@id\":\"https:\/\/www.meyer-sports.com\/de\/#\/schema\/logo\/image\/\",\"url\":\"https:\/\/www.meyer-sports.com\/wp-content\/uploads\/2025\/08\/cropped-MeyerSports-Wort-Bild-Marke-RGB-Black-Horizontal-2000px.png\",\"contentUrl\":\"https:\/\/www.meyer-sports.com\/wp-content\/uploads\/2025\/08\/cropped-MeyerSports-Wort-Bild-Marke-RGB-Black-Horizontal-2000px.png\",\"width\":1999,\"height\":263,\"caption\":\"Meyer Sports\"},\"image\":{\"@id\":\"https:\/\/www.meyer-sports.com\/de\/#\/schema\/logo\/image\/\"},\"sameAs\":[\"https:\/\/www.facebook.com\/profile.php?id=100083396525976\"]}]}<\/script>\n<!-- \/ Yoast SEO plugin. -->","yoast_head_json":{"title":"MM Receiver Handschuhe - griffige Handfl\u00e4chen & sicherer Sitz - Meyer Sports","description":"MM Receiver Handschuhe mit griffigen Handfl\u00e4chen, leichtem Tragegef\u00fchl und einem verstellbaren Bund f\u00fcr sichere, selbstbewusste F\u00e4nge. Jetzt bei Meyer Sports kaufen!","robots":{"index":"index","follow":"follow","max-snippet":"max-snippet:-1","max-image-preview":"max-image-preview:large","max-video-preview":"max-video-preview:-1"},"canonical":"https:\/\/www.meyer-sports.com\/de\/produkt\/mm-receiver-gloves\/","og_locale":"de_DE","og_type":"article","og_title":"MM Receiver Handschuhe - griffige Handfl\u00e4chen & sicherer Sitz - Meyer Sports","og_description":"MM Receiver Handschuhe mit griffigen Handfl\u00e4chen, leichtem Tragegef\u00fchl und einem verstellbaren Bund f\u00fcr sichere, selbstbewusste F\u00e4nge. Jetzt bei Meyer Sports kaufen!","og_url":"https:\/\/www.meyer-sports.com\/de\/produkt\/mm-receiver-gloves\/","og_site_name":"Meyer Sports","article_publisher":"https:\/\/www.facebook.com\/profile.php?id=100083396525976","article_modified_time":"2026-04-02T11:32:14+00:00","og_image":[{"width":485,"height":700,"url":"https:\/\/www.meyer-sports.com\/wp-content\/uploads\/2025\/05\/MR060.jpg","type":"image\/jpeg"}],"twitter_card":"summary_large_image","schema":{"@context":"https:\/\/schema.org","@graph":[{"@type":"WebPage","@id":"https:\/\/www.meyer-sports.com\/de\/produkt\/mm-receiver-gloves\/","url":"https:\/\/www.meyer-sports.com\/de\/produkt\/mm-receiver-gloves\/","name":"MM Receiver Handschuhe - griffige Handfl\u00e4chen & sicherer Sitz - Meyer Sports","isPartOf":{"@id":"https:\/\/www.meyer-sports.com\/de\/#website"},"primaryImageOfPage":{"@id":"https:\/\/www.meyer-sports.com\/de\/produkt\/mm-receiver-gloves\/#primaryimage"},"image":{"@id":"https:\/\/www.meyer-sports.com\/de\/produkt\/mm-receiver-gloves\/#primaryimage"},"thumbnailUrl":"https:\/\/www.meyer-sports.com\/wp-content\/uploads\/2025\/05\/MR060.jpg","datePublished":"2025-05-16T07:41:32+00:00","dateModified":"2026-04-02T11:32:14+00:00","description":"MM Receiver Handschuhe mit griffigen Handfl\u00e4chen, leichtem Tragegef\u00fchl und einem verstellbaren Bund f\u00fcr sichere, selbstbewusste F\u00e4nge. Jetzt bei Meyer Sports kaufen!","breadcrumb":{"@id":"https:\/\/www.meyer-sports.com\/de\/produkt\/mm-receiver-gloves\/#breadcrumb"},"inLanguage":"de","potentialAction":[{"@type":"ReadAction","target":["https:\/\/www.meyer-sports.com\/de\/produkt\/mm-receiver-gloves\/"]}]},{"@type":"ImageObject","inLanguage":"de","@id":"https:\/\/www.meyer-sports.com\/de\/produkt\/mm-receiver-gloves\/#primaryimage","url":"https:\/\/www.meyer-sports.com\/wp-content\/uploads\/2025\/05\/MR060.jpg","contentUrl":"https:\/\/www.meyer-sports.com\/wp-content\/uploads\/2025\/05\/MR060.jpg","width":485,"height":700},{"@type":"BreadcrumbList","@id":"https:\/\/www.meyer-sports.com\/de\/produkt\/mm-receiver-gloves\/#breadcrumb","itemListElement":[{"@type":"ListItem","position":1,"name":"Home","item":"https:\/\/www.meyer-sports.com\/de\/"},{"@type":"ListItem","position":2,"name":"Shop","item":"https:\/\/www.meyer-sports.com\/de\/shop\/"},{"@type":"ListItem","position":3,"name":"MM Receiver Handschuhe"}]},{"@type":"WebSite","@id":"https:\/\/www.meyer-sports.com\/de\/#website","url":"https:\/\/www.meyer-sports.com\/de\/","name":"Meyer Sports","description":"American Football Equipment \u2013 Helmets, Shoulder Pads &amp; Gear","publisher":{"@id":"https:\/\/www.meyer-sports.com\/de\/#organization"},"alternateName":"Meyer Marketing","potentialAction":[{"@type":"SearchAction","target":{"@type":"EntryPoint","urlTemplate":"https:\/\/www.meyer-sports.com\/de\/?s={search_term_string}"},"query-input":{"@type":"PropertyValueSpecification","valueRequired":true,"valueName":"search_term_string"}}],"inLanguage":"de"},{"@type":"Organization","@id":"https:\/\/www.meyer-sports.com\/de\/#organization","name":"Meyer Sports","url":"https:\/\/www.meyer-sports.com\/de\/","logo":{"@type":"ImageObject","inLanguage":"de","@id":"https:\/\/www.meyer-sports.com\/de\/#\/schema\/logo\/image\/","url":"https:\/\/www.meyer-sports.com\/wp-content\/uploads\/2025\/08\/cropped-MeyerSports-Wort-Bild-Marke-RGB-Black-Horizontal-2000px.png","contentUrl":"https:\/\/www.meyer-sports.com\/wp-content\/uploads\/2025\/08\/cropped-MeyerSports-Wort-Bild-Marke-RGB-Black-Horizontal-2000px.png","width":1999,"height":263,"caption":"Meyer Sports"},"image":{"@id":"https:\/\/www.meyer-sports.com\/de\/#\/schema\/logo\/image\/"},"sameAs":["https:\/\/www.facebook.com\/profile.php?id=100083396525976"]}]}},"_links":{"self":[{"href":"https:\/\/www.meyer-sports.com\/de\/wp-json\/wp\/v2\/product\/5041","targetHints":{"allow":["GET"]}}],"collection":[{"href":"https:\/\/www.meyer-sports.com\/de\/wp-json\/wp\/v2\/product"}],"about":[{"href":"https:\/\/www.meyer-sports.com\/de\/wp-json\/wp\/v2\/types\/product"}],"replies":[{"embeddable":true,"href":"https:\/\/www.meyer-sports.com\/de\/wp-json\/wp\/v2\/comments?post=5041"}],"wp:featuredmedia":[{"embeddable":true,"href":"https:\/\/www.meyer-sports.com\/de\/wp-json\/wp\/v2\/media\/1170"}],"wp:attachment":[{"href":"https:\/\/www.meyer-sports.com\/de\/wp-json\/wp\/v2\/media?parent=5041"}],"wp:term":[{"taxonomy":"product_brand","embeddable":true,"href":"https:\/\/www.meyer-sports.com\/de\/wp-json\/wp\/v2\/product_brand?post=5041"},{"taxonomy":"product_cat","embeddable":true,"href":"https:\/\/www.meyer-sports.com\/de\/wp-json\/wp\/v2\/product_cat?post=5041"},{"taxonomy":"product_tag","embeddable":true,"href":"https:\/\/www.meyer-sports.com\/de\/wp-json\/wp\/v2\/product_tag?post=5041"}],"curies":[{"name":"wp","href":"https:\/\/api.w.org\/{rel}","templated":true}]}}