{"id":5033,"date":"2025-05-14T10:28:37","date_gmt":"2025-05-14T08:28:37","guid":{"rendered":"https:\/\/www.meyer-sports.com\/produkt\/mm-jockstrap-reversible-2-waistband\/"},"modified":"2026-03-23T13:49:22","modified_gmt":"2026-03-23T12:49:22","slug":"mm-jockstrap-reversible-2-waistband","status":"publish","type":"product","link":"https:\/\/www.meyer-sports.com\/de\/produkt\/mm-jockstrap-reversible-2-waistband\/","title":{"rendered":"MM Jockstrap Reversible 2&#8243; waistband"},"content":{"rendered":"<p><strong>Die Ausgabe zum 150-j\u00e4hrigen Jubil\u00e4um<\/strong><\/p>\n<p>Das urspr\u00fcngliche Desing des Jockstraps wurde 1874 von F. C. Bennett erfunden Es ist bis heute im Wesentlichen unver\u00e4ndert geblieben Die vielen nachgemachte Produkte, die heute auf dem Markt sind, unterscheiden sich in Design und Funktion kaum von Bennets Originalentwurf<\/p>\n<p>Das Modell REV2, das anl\u00e4sslich des 150-j\u00e4hrigen Jubil\u00e4ums des Jockstraps entworfen wurde, kann aufgrund seiner neuen zus\u00e4tzlichen Wendefunktion als revolution\u00e4r bezeichnet werden, da Sie den Jockstrap wahlweise in Schwarz &#8211; oder umgedreht &#8211; in Rot tragen k\u00f6nnen.<\/p>\n<p><strong>Aus hygienischen Gr\u00fcnden vom Umtausch ausgeschlossen <\/strong><\/p>\n","protected":false},"excerpt":{"rendered":"<p>Die Ausgabe zum 150-j\u00e4hrigen Jubil\u00e4um Das urspr\u00fcngliche Desing des Jockstraps wurde 1874 von F. C. Bennett erfunden Es ist bis heute im Wesentlichen unver\u00e4ndert geblieben Die vielen nachgemachte Produkte, die heute auf dem Markt sind, unterscheiden sich in Design und Funktion kaum von Bennets Originalentwurf Das Modell REV2, das anl\u00e4sslich des 150-j\u00e4hrigen Jubil\u00e4ums des Jockstraps [&hellip;]<\/p>\n","protected":false},"featured_media":1331,"comment_status":"open","ping_status":"closed","template":"","meta":{"_acf_changed":false},"product_brand":[389],"product_cat":[276],"product_tag":[],"class_list":{"0":"post-5033","1":"product","2":"type-product","3":"status-publish","4":"has-post-thumbnail","6":"product_brand-mm","7":"product_cat-jockstrap-de","9":"first","10":"instock","11":"taxable","12":"shipping-taxable","13":"purchasable","14":"product-type-variable"},"acf":[],"yoast_head":"<!-- This site is optimized with the Yoast SEO plugin v27.1.1 - https:\/\/yoast.com\/product\/yoast-seo-wordpress\/ -->\n<title>MM Jockstrap Reversible 2&quot; waistband - Meyer Sports<\/title>\n<meta name=\"robots\" content=\"index, follow, max-snippet:-1, max-image-preview:large, max-video-preview:-1\" \/>\n<link rel=\"canonical\" href=\"https:\/\/www.meyer-sports.com\/de\/produkt\/mm-jockstrap-reversible-2-waistband\/\" \/>\n<meta property=\"og:locale\" content=\"de_DE\" \/>\n<meta property=\"og:type\" content=\"article\" \/>\n<meta property=\"og:title\" content=\"MM Jockstrap Reversible 2&quot; waistband - Meyer Sports\" \/>\n<meta property=\"og:description\" content=\"Die Ausgabe zum 150-j\u00e4hrigen Jubil\u00e4um Das urspr\u00fcngliche Desing des Jockstraps wurde 1874 von F. C. Bennett erfunden Es ist bis heute im Wesentlichen unver\u00e4ndert geblieben Die vielen nachgemachte Produkte, die heute auf dem Markt sind, unterscheiden sich in Design und Funktion kaum von Bennets Originalentwurf Das Modell REV2, das anl\u00e4sslich des 150-j\u00e4hrigen Jubil\u00e4ums des Jockstraps [&hellip;]\" \/>\n<meta property=\"og:url\" content=\"https:\/\/www.meyer-sports.com\/de\/produkt\/mm-jockstrap-reversible-2-waistband\/\" \/>\n<meta property=\"og:site_name\" content=\"Meyer Sports\" \/>\n<meta property=\"article:publisher\" content=\"https:\/\/www.facebook.com\/profile.php?id=100083396525976\" \/>\n<meta property=\"article:modified_time\" content=\"2026-03-23T12:49:22+00:00\" \/>\n<meta property=\"og:image\" content=\"https:\/\/www.meyer-sports.com\/wp-content\/uploads\/2025\/05\/REV2.jpg\" \/>\n\t<meta property=\"og:image:width\" content=\"600\" \/>\n\t<meta property=\"og:image:height\" content=\"600\" \/>\n\t<meta property=\"og:image:type\" content=\"image\/jpeg\" \/>\n<meta name=\"twitter:card\" content=\"summary_large_image\" \/>\n<script type=\"application\/ld+json\" class=\"yoast-schema-graph\">{\"@context\":\"https:\/\/schema.org\",\"@graph\":[{\"@type\":\"WebPage\",\"@id\":\"https:\/\/www.meyer-sports.com\/de\/produkt\/mm-jockstrap-reversible-2-waistband\/\",\"url\":\"https:\/\/www.meyer-sports.com\/de\/produkt\/mm-jockstrap-reversible-2-waistband\/\",\"name\":\"MM Jockstrap Reversible 2\\\" waistband - Meyer Sports\",\"isPartOf\":{\"@id\":\"https:\/\/www.meyer-sports.com\/de\/#website\"},\"primaryImageOfPage\":{\"@id\":\"https:\/\/www.meyer-sports.com\/de\/produkt\/mm-jockstrap-reversible-2-waistband\/#primaryimage\"},\"image\":{\"@id\":\"https:\/\/www.meyer-sports.com\/de\/produkt\/mm-jockstrap-reversible-2-waistband\/#primaryimage\"},\"thumbnailUrl\":\"https:\/\/www.meyer-sports.com\/wp-content\/uploads\/2025\/05\/REV2.jpg\",\"datePublished\":\"2025-05-14T08:28:37+00:00\",\"dateModified\":\"2026-03-23T12:49:22+00:00\",\"breadcrumb\":{\"@id\":\"https:\/\/www.meyer-sports.com\/de\/produkt\/mm-jockstrap-reversible-2-waistband\/#breadcrumb\"},\"inLanguage\":\"de\",\"potentialAction\":[{\"@type\":\"ReadAction\",\"target\":[\"https:\/\/www.meyer-sports.com\/de\/produkt\/mm-jockstrap-reversible-2-waistband\/\"]}]},{\"@type\":\"ImageObject\",\"inLanguage\":\"de\",\"@id\":\"https:\/\/www.meyer-sports.com\/de\/produkt\/mm-jockstrap-reversible-2-waistband\/#primaryimage\",\"url\":\"https:\/\/www.meyer-sports.com\/wp-content\/uploads\/2025\/05\/REV2.jpg\",\"contentUrl\":\"https:\/\/www.meyer-sports.com\/wp-content\/uploads\/2025\/05\/REV2.jpg\",\"width\":600,\"height\":600},{\"@type\":\"BreadcrumbList\",\"@id\":\"https:\/\/www.meyer-sports.com\/de\/produkt\/mm-jockstrap-reversible-2-waistband\/#breadcrumb\",\"itemListElement\":[{\"@type\":\"ListItem\",\"position\":1,\"name\":\"Home\",\"item\":\"https:\/\/www.meyer-sports.com\/de\/\"},{\"@type\":\"ListItem\",\"position\":2,\"name\":\"Shop\",\"item\":\"https:\/\/www.meyer-sports.com\/de\/shop\/\"},{\"@type\":\"ListItem\",\"position\":3,\"name\":\"MM Jockstrap Reversible 2&#8243; waistband\"}]},{\"@type\":\"WebSite\",\"@id\":\"https:\/\/www.meyer-sports.com\/de\/#website\",\"url\":\"https:\/\/www.meyer-sports.com\/de\/\",\"name\":\"Meyer Sports\",\"description\":\"American Football Equipment \u2013 Helmets, Shoulder Pads &amp; Gear\",\"publisher\":{\"@id\":\"https:\/\/www.meyer-sports.com\/de\/#organization\"},\"alternateName\":\"Meyer Marketing\",\"potentialAction\":[{\"@type\":\"SearchAction\",\"target\":{\"@type\":\"EntryPoint\",\"urlTemplate\":\"https:\/\/www.meyer-sports.com\/de\/?s={search_term_string}\"},\"query-input\":{\"@type\":\"PropertyValueSpecification\",\"valueRequired\":true,\"valueName\":\"search_term_string\"}}],\"inLanguage\":\"de\"},{\"@type\":\"Organization\",\"@id\":\"https:\/\/www.meyer-sports.com\/de\/#organization\",\"name\":\"Meyer Sports\",\"url\":\"https:\/\/www.meyer-sports.com\/de\/\",\"logo\":{\"@type\":\"ImageObject\",\"inLanguage\":\"de\",\"@id\":\"https:\/\/www.meyer-sports.com\/de\/#\/schema\/logo\/image\/\",\"url\":\"https:\/\/www.meyer-sports.com\/wp-content\/uploads\/2025\/08\/cropped-MeyerSports-Wort-Bild-Marke-RGB-Black-Horizontal-2000px.png\",\"contentUrl\":\"https:\/\/www.meyer-sports.com\/wp-content\/uploads\/2025\/08\/cropped-MeyerSports-Wort-Bild-Marke-RGB-Black-Horizontal-2000px.png\",\"width\":1999,\"height\":263,\"caption\":\"Meyer Sports\"},\"image\":{\"@id\":\"https:\/\/www.meyer-sports.com\/de\/#\/schema\/logo\/image\/\"},\"sameAs\":[\"https:\/\/www.facebook.com\/profile.php?id=100083396525976\"]}]}<\/script>\n<!-- \/ Yoast SEO plugin. -->","yoast_head_json":{"title":"MM Jockstrap Reversible 2\" waistband - Meyer Sports","robots":{"index":"index","follow":"follow","max-snippet":"max-snippet:-1","max-image-preview":"max-image-preview:large","max-video-preview":"max-video-preview:-1"},"canonical":"https:\/\/www.meyer-sports.com\/de\/produkt\/mm-jockstrap-reversible-2-waistband\/","og_locale":"de_DE","og_type":"article","og_title":"MM Jockstrap Reversible 2\" waistband - Meyer Sports","og_description":"Die Ausgabe zum 150-j\u00e4hrigen Jubil\u00e4um Das urspr\u00fcngliche Desing des Jockstraps wurde 1874 von F. C. Bennett erfunden Es ist bis heute im Wesentlichen unver\u00e4ndert geblieben Die vielen nachgemachte Produkte, die heute auf dem Markt sind, unterscheiden sich in Design und Funktion kaum von Bennets Originalentwurf Das Modell REV2, das anl\u00e4sslich des 150-j\u00e4hrigen Jubil\u00e4ums des Jockstraps [&hellip;]","og_url":"https:\/\/www.meyer-sports.com\/de\/produkt\/mm-jockstrap-reversible-2-waistband\/","og_site_name":"Meyer Sports","article_publisher":"https:\/\/www.facebook.com\/profile.php?id=100083396525976","article_modified_time":"2026-03-23T12:49:22+00:00","og_image":[{"width":600,"height":600,"url":"https:\/\/www.meyer-sports.com\/wp-content\/uploads\/2025\/05\/REV2.jpg","type":"image\/jpeg"}],"twitter_card":"summary_large_image","schema":{"@context":"https:\/\/schema.org","@graph":[{"@type":"WebPage","@id":"https:\/\/www.meyer-sports.com\/de\/produkt\/mm-jockstrap-reversible-2-waistband\/","url":"https:\/\/www.meyer-sports.com\/de\/produkt\/mm-jockstrap-reversible-2-waistband\/","name":"MM Jockstrap Reversible 2\" waistband - Meyer Sports","isPartOf":{"@id":"https:\/\/www.meyer-sports.com\/de\/#website"},"primaryImageOfPage":{"@id":"https:\/\/www.meyer-sports.com\/de\/produkt\/mm-jockstrap-reversible-2-waistband\/#primaryimage"},"image":{"@id":"https:\/\/www.meyer-sports.com\/de\/produkt\/mm-jockstrap-reversible-2-waistband\/#primaryimage"},"thumbnailUrl":"https:\/\/www.meyer-sports.com\/wp-content\/uploads\/2025\/05\/REV2.jpg","datePublished":"2025-05-14T08:28:37+00:00","dateModified":"2026-03-23T12:49:22+00:00","breadcrumb":{"@id":"https:\/\/www.meyer-sports.com\/de\/produkt\/mm-jockstrap-reversible-2-waistband\/#breadcrumb"},"inLanguage":"de","potentialAction":[{"@type":"ReadAction","target":["https:\/\/www.meyer-sports.com\/de\/produkt\/mm-jockstrap-reversible-2-waistband\/"]}]},{"@type":"ImageObject","inLanguage":"de","@id":"https:\/\/www.meyer-sports.com\/de\/produkt\/mm-jockstrap-reversible-2-waistband\/#primaryimage","url":"https:\/\/www.meyer-sports.com\/wp-content\/uploads\/2025\/05\/REV2.jpg","contentUrl":"https:\/\/www.meyer-sports.com\/wp-content\/uploads\/2025\/05\/REV2.jpg","width":600,"height":600},{"@type":"BreadcrumbList","@id":"https:\/\/www.meyer-sports.com\/de\/produkt\/mm-jockstrap-reversible-2-waistband\/#breadcrumb","itemListElement":[{"@type":"ListItem","position":1,"name":"Home","item":"https:\/\/www.meyer-sports.com\/de\/"},{"@type":"ListItem","position":2,"name":"Shop","item":"https:\/\/www.meyer-sports.com\/de\/shop\/"},{"@type":"ListItem","position":3,"name":"MM Jockstrap Reversible 2&#8243; waistband"}]},{"@type":"WebSite","@id":"https:\/\/www.meyer-sports.com\/de\/#website","url":"https:\/\/www.meyer-sports.com\/de\/","name":"Meyer Sports","description":"American Football Equipment \u2013 Helmets, Shoulder Pads &amp; Gear","publisher":{"@id":"https:\/\/www.meyer-sports.com\/de\/#organization"},"alternateName":"Meyer Marketing","potentialAction":[{"@type":"SearchAction","target":{"@type":"EntryPoint","urlTemplate":"https:\/\/www.meyer-sports.com\/de\/?s={search_term_string}"},"query-input":{"@type":"PropertyValueSpecification","valueRequired":true,"valueName":"search_term_string"}}],"inLanguage":"de"},{"@type":"Organization","@id":"https:\/\/www.meyer-sports.com\/de\/#organization","name":"Meyer Sports","url":"https:\/\/www.meyer-sports.com\/de\/","logo":{"@type":"ImageObject","inLanguage":"de","@id":"https:\/\/www.meyer-sports.com\/de\/#\/schema\/logo\/image\/","url":"https:\/\/www.meyer-sports.com\/wp-content\/uploads\/2025\/08\/cropped-MeyerSports-Wort-Bild-Marke-RGB-Black-Horizontal-2000px.png","contentUrl":"https:\/\/www.meyer-sports.com\/wp-content\/uploads\/2025\/08\/cropped-MeyerSports-Wort-Bild-Marke-RGB-Black-Horizontal-2000px.png","width":1999,"height":263,"caption":"Meyer Sports"},"image":{"@id":"https:\/\/www.meyer-sports.com\/de\/#\/schema\/logo\/image\/"},"sameAs":["https:\/\/www.facebook.com\/profile.php?id=100083396525976"]}]}},"_links":{"self":[{"href":"https:\/\/www.meyer-sports.com\/de\/wp-json\/wp\/v2\/product\/5033","targetHints":{"allow":["GET"]}}],"collection":[{"href":"https:\/\/www.meyer-sports.com\/de\/wp-json\/wp\/v2\/product"}],"about":[{"href":"https:\/\/www.meyer-sports.com\/de\/wp-json\/wp\/v2\/types\/product"}],"replies":[{"embeddable":true,"href":"https:\/\/www.meyer-sports.com\/de\/wp-json\/wp\/v2\/comments?post=5033"}],"wp:featuredmedia":[{"embeddable":true,"href":"https:\/\/www.meyer-sports.com\/de\/wp-json\/wp\/v2\/media\/1331"}],"wp:attachment":[{"href":"https:\/\/www.meyer-sports.com\/de\/wp-json\/wp\/v2\/media?parent=5033"}],"wp:term":[{"taxonomy":"product_brand","embeddable":true,"href":"https:\/\/www.meyer-sports.com\/de\/wp-json\/wp\/v2\/product_brand?post=5033"},{"taxonomy":"product_cat","embeddable":true,"href":"https:\/\/www.meyer-sports.com\/de\/wp-json\/wp\/v2\/product_cat?post=5033"},{"taxonomy":"product_tag","embeddable":true,"href":"https:\/\/www.meyer-sports.com\/de\/wp-json\/wp\/v2\/product_tag?post=5033"}],"curies":[{"name":"wp","href":"https:\/\/api.w.org\/{rel}","templated":true}]}}