{"id":4883,"date":"2025-08-13T09:24:04","date_gmt":"2025-08-13T07:24:04","guid":{"rendered":"https:\/\/www.meyer-sports.com\/?post_type=product&#038;p=4883"},"modified":"2026-04-15T10:13:48","modified_gmt":"2026-04-15T08:13:48","slug":"2inone-back-plate-wave","status":"publish","type":"product","link":"https:\/\/www.meyer-sports.com\/de\/produkt\/2inone-back-plate-wave\/","title":{"rendered":"2INONE Back Plate WAVE"},"content":{"rendered":"<ul>\n<li data-start=\"44\" data-end=\"73\">Zus\u00e4tzlicher Schutz f\u00fcr den unteren R\u00fcckenbereich, sowie die Nieren und die Wirbels\u00e4ule<\/li>\n<li data-start=\"76\" data-end=\"105\">Leichtes, stabiles Design<\/li>\n<li data-start=\"149\" data-end=\"178\">Schnelle und einfache Montage, passende Schrauben im Lieferumfang enthalten<\/li>\n<li>Universelle Passform f\u00fcr die meisten Shoulder Pads und alle 2inOne Shoulder Pads<\/li>\n<\/ul>\n","protected":false},"excerpt":{"rendered":"<p>Zus\u00e4tzlicher Schutz f\u00fcr den unteren R\u00fcckenbereich, sowie die Nieren und die Wirbels\u00e4ule Leichtes, stabiles Design Schnelle und einfache Montage, passende Schrauben im Lieferumfang enthalten Universelle Passform f\u00fcr die meisten Shoulder Pads und alle 2inOne Shoulder Pads<\/p>\n","protected":false},"featured_media":4875,"comment_status":"open","ping_status":"closed","template":"","meta":{"_acf_changed":false},"product_brand":[386],"product_cat":[275],"product_tag":[],"class_list":{"0":"post-4883","1":"product","2":"type-product","3":"status-publish","4":"has-post-thumbnail","6":"product_brand-2inone","7":"product_cat-zubehor-de-2","9":"first","10":"instock","11":"taxable","12":"shipping-taxable","13":"purchasable","14":"product-type-variable"},"acf":[],"yoast_head":"<!-- This site is optimized with the Yoast SEO plugin v27.1.1 - https:\/\/yoast.com\/product\/yoast-seo-wordpress\/ -->\n<title>2INONE Back Plate WAVE - Meyer Sports<\/title>\n<meta name=\"description\" content=\"Vielseitige 2inOne Backplate f\u00fcr American Football, die den unteren R\u00fccken sch\u00fctzt und eine flexible Passform bietet. Entwickelt f\u00fcr Komfort, Sto\u00dfd\u00e4mpfung und optimale Leistung am Spieltag.\" \/>\n<meta name=\"robots\" content=\"index, follow, max-snippet:-1, max-image-preview:large, max-video-preview:-1\" \/>\n<link rel=\"canonical\" href=\"https:\/\/www.meyer-sports.com\/de\/produkt\/2inone-back-plate-wave\/\" \/>\n<meta property=\"og:locale\" content=\"de_DE\" \/>\n<meta property=\"og:type\" content=\"article\" \/>\n<meta property=\"og:title\" content=\"2INONE Back Plate WAVE - Meyer Sports\" \/>\n<meta property=\"og:description\" content=\"Vielseitige 2inOne Backplate f\u00fcr American Football, die den unteren R\u00fccken sch\u00fctzt und eine flexible Passform bietet. Entwickelt f\u00fcr Komfort, Sto\u00dfd\u00e4mpfung und optimale Leistung am Spieltag.\" \/>\n<meta property=\"og:url\" content=\"https:\/\/www.meyer-sports.com\/de\/produkt\/2inone-back-plate-wave\/\" \/>\n<meta property=\"og:site_name\" content=\"Meyer Sports\" \/>\n<meta property=\"article:publisher\" content=\"https:\/\/www.facebook.com\/profile.php?id=100083396525976\" \/>\n<meta property=\"article:modified_time\" content=\"2026-04-15T08:13:48+00:00\" \/>\n<meta property=\"og:image\" content=\"https:\/\/www.meyer-sports.com\/wp-content\/uploads\/2025\/08\/Backplate.png\" \/>\n\t<meta property=\"og:image:width\" content=\"800\" \/>\n\t<meta property=\"og:image:height\" content=\"936\" \/>\n\t<meta property=\"og:image:type\" content=\"image\/png\" \/>\n<meta name=\"twitter:card\" content=\"summary_large_image\" \/>\n<script type=\"application\/ld+json\" class=\"yoast-schema-graph\">{\"@context\":\"https:\/\/schema.org\",\"@graph\":[{\"@type\":\"WebPage\",\"@id\":\"https:\/\/www.meyer-sports.com\/de\/produkt\/2inone-back-plate-wave\/\",\"url\":\"https:\/\/www.meyer-sports.com\/de\/produkt\/2inone-back-plate-wave\/\",\"name\":\"2INONE Back Plate WAVE - Meyer Sports\",\"isPartOf\":{\"@id\":\"https:\/\/www.meyer-sports.com\/de\/#website\"},\"primaryImageOfPage\":{\"@id\":\"https:\/\/www.meyer-sports.com\/de\/produkt\/2inone-back-plate-wave\/#primaryimage\"},\"image\":{\"@id\":\"https:\/\/www.meyer-sports.com\/de\/produkt\/2inone-back-plate-wave\/#primaryimage\"},\"thumbnailUrl\":\"https:\/\/www.meyer-sports.com\/wp-content\/uploads\/2025\/08\/Backplate.png\",\"datePublished\":\"2025-08-13T07:24:04+00:00\",\"dateModified\":\"2026-04-15T08:13:48+00:00\",\"description\":\"Vielseitige 2inOne Backplate f\u00fcr American Football, die den unteren R\u00fccken sch\u00fctzt und eine flexible Passform bietet. Entwickelt f\u00fcr Komfort, Sto\u00dfd\u00e4mpfung und optimale Leistung am Spieltag.\",\"breadcrumb\":{\"@id\":\"https:\/\/www.meyer-sports.com\/de\/produkt\/2inone-back-plate-wave\/#breadcrumb\"},\"inLanguage\":\"de\",\"potentialAction\":[{\"@type\":\"ReadAction\",\"target\":[\"https:\/\/www.meyer-sports.com\/de\/produkt\/2inone-back-plate-wave\/\"]}]},{\"@type\":\"ImageObject\",\"inLanguage\":\"de\",\"@id\":\"https:\/\/www.meyer-sports.com\/de\/produkt\/2inone-back-plate-wave\/#primaryimage\",\"url\":\"https:\/\/www.meyer-sports.com\/wp-content\/uploads\/2025\/08\/Backplate.png\",\"contentUrl\":\"https:\/\/www.meyer-sports.com\/wp-content\/uploads\/2025\/08\/Backplate.png\",\"width\":8163,\"height\":9555},{\"@type\":\"BreadcrumbList\",\"@id\":\"https:\/\/www.meyer-sports.com\/de\/produkt\/2inone-back-plate-wave\/#breadcrumb\",\"itemListElement\":[{\"@type\":\"ListItem\",\"position\":1,\"name\":\"Home\",\"item\":\"https:\/\/www.meyer-sports.com\/de\/\"},{\"@type\":\"ListItem\",\"position\":2,\"name\":\"Shop\",\"item\":\"https:\/\/www.meyer-sports.com\/de\/shop\/\"},{\"@type\":\"ListItem\",\"position\":3,\"name\":\"2INONE Back Plate WAVE\"}]},{\"@type\":\"WebSite\",\"@id\":\"https:\/\/www.meyer-sports.com\/de\/#website\",\"url\":\"https:\/\/www.meyer-sports.com\/de\/\",\"name\":\"Meyer Sports\",\"description\":\"American Football Equipment \u2013 Helmets, Shoulder Pads &amp; Gear\",\"publisher\":{\"@id\":\"https:\/\/www.meyer-sports.com\/de\/#organization\"},\"alternateName\":\"Meyer Marketing\",\"potentialAction\":[{\"@type\":\"SearchAction\",\"target\":{\"@type\":\"EntryPoint\",\"urlTemplate\":\"https:\/\/www.meyer-sports.com\/de\/?s={search_term_string}\"},\"query-input\":{\"@type\":\"PropertyValueSpecification\",\"valueRequired\":true,\"valueName\":\"search_term_string\"}}],\"inLanguage\":\"de\"},{\"@type\":\"Organization\",\"@id\":\"https:\/\/www.meyer-sports.com\/de\/#organization\",\"name\":\"Meyer Sports\",\"url\":\"https:\/\/www.meyer-sports.com\/de\/\",\"logo\":{\"@type\":\"ImageObject\",\"inLanguage\":\"de\",\"@id\":\"https:\/\/www.meyer-sports.com\/de\/#\/schema\/logo\/image\/\",\"url\":\"https:\/\/www.meyer-sports.com\/wp-content\/uploads\/2025\/08\/cropped-MeyerSports-Wort-Bild-Marke-RGB-Black-Horizontal-2000px.png\",\"contentUrl\":\"https:\/\/www.meyer-sports.com\/wp-content\/uploads\/2025\/08\/cropped-MeyerSports-Wort-Bild-Marke-RGB-Black-Horizontal-2000px.png\",\"width\":1999,\"height\":263,\"caption\":\"Meyer Sports\"},\"image\":{\"@id\":\"https:\/\/www.meyer-sports.com\/de\/#\/schema\/logo\/image\/\"},\"sameAs\":[\"https:\/\/www.facebook.com\/profile.php?id=100083396525976\"]}]}<\/script>\n<!-- \/ Yoast SEO plugin. -->","yoast_head_json":{"title":"2INONE Back Plate WAVE - Meyer Sports","description":"Vielseitige 2inOne Backplate f\u00fcr American Football, die den unteren R\u00fccken sch\u00fctzt und eine flexible Passform bietet. Entwickelt f\u00fcr Komfort, Sto\u00dfd\u00e4mpfung und optimale Leistung am Spieltag.","robots":{"index":"index","follow":"follow","max-snippet":"max-snippet:-1","max-image-preview":"max-image-preview:large","max-video-preview":"max-video-preview:-1"},"canonical":"https:\/\/www.meyer-sports.com\/de\/produkt\/2inone-back-plate-wave\/","og_locale":"de_DE","og_type":"article","og_title":"2INONE Back Plate WAVE - Meyer Sports","og_description":"Vielseitige 2inOne Backplate f\u00fcr American Football, die den unteren R\u00fccken sch\u00fctzt und eine flexible Passform bietet. Entwickelt f\u00fcr Komfort, Sto\u00dfd\u00e4mpfung und optimale Leistung am Spieltag.","og_url":"https:\/\/www.meyer-sports.com\/de\/produkt\/2inone-back-plate-wave\/","og_site_name":"Meyer Sports","article_publisher":"https:\/\/www.facebook.com\/profile.php?id=100083396525976","article_modified_time":"2026-04-15T08:13:48+00:00","og_image":[{"url":"https:\/\/www.meyer-sports.com\/wp-content\/uploads\/2025\/08\/Backplate.png","width":800,"height":936,"type":"image\/png"}],"twitter_card":"summary_large_image","schema":{"@context":"https:\/\/schema.org","@graph":[{"@type":"WebPage","@id":"https:\/\/www.meyer-sports.com\/de\/produkt\/2inone-back-plate-wave\/","url":"https:\/\/www.meyer-sports.com\/de\/produkt\/2inone-back-plate-wave\/","name":"2INONE Back Plate WAVE - Meyer Sports","isPartOf":{"@id":"https:\/\/www.meyer-sports.com\/de\/#website"},"primaryImageOfPage":{"@id":"https:\/\/www.meyer-sports.com\/de\/produkt\/2inone-back-plate-wave\/#primaryimage"},"image":{"@id":"https:\/\/www.meyer-sports.com\/de\/produkt\/2inone-back-plate-wave\/#primaryimage"},"thumbnailUrl":"https:\/\/www.meyer-sports.com\/wp-content\/uploads\/2025\/08\/Backplate.png","datePublished":"2025-08-13T07:24:04+00:00","dateModified":"2026-04-15T08:13:48+00:00","description":"Vielseitige 2inOne Backplate f\u00fcr American Football, die den unteren R\u00fccken sch\u00fctzt und eine flexible Passform bietet. Entwickelt f\u00fcr Komfort, Sto\u00dfd\u00e4mpfung und optimale Leistung am Spieltag.","breadcrumb":{"@id":"https:\/\/www.meyer-sports.com\/de\/produkt\/2inone-back-plate-wave\/#breadcrumb"},"inLanguage":"de","potentialAction":[{"@type":"ReadAction","target":["https:\/\/www.meyer-sports.com\/de\/produkt\/2inone-back-plate-wave\/"]}]},{"@type":"ImageObject","inLanguage":"de","@id":"https:\/\/www.meyer-sports.com\/de\/produkt\/2inone-back-plate-wave\/#primaryimage","url":"https:\/\/www.meyer-sports.com\/wp-content\/uploads\/2025\/08\/Backplate.png","contentUrl":"https:\/\/www.meyer-sports.com\/wp-content\/uploads\/2025\/08\/Backplate.png","width":8163,"height":9555},{"@type":"BreadcrumbList","@id":"https:\/\/www.meyer-sports.com\/de\/produkt\/2inone-back-plate-wave\/#breadcrumb","itemListElement":[{"@type":"ListItem","position":1,"name":"Home","item":"https:\/\/www.meyer-sports.com\/de\/"},{"@type":"ListItem","position":2,"name":"Shop","item":"https:\/\/www.meyer-sports.com\/de\/shop\/"},{"@type":"ListItem","position":3,"name":"2INONE Back Plate WAVE"}]},{"@type":"WebSite","@id":"https:\/\/www.meyer-sports.com\/de\/#website","url":"https:\/\/www.meyer-sports.com\/de\/","name":"Meyer Sports","description":"American Football Equipment \u2013 Helmets, Shoulder Pads &amp; Gear","publisher":{"@id":"https:\/\/www.meyer-sports.com\/de\/#organization"},"alternateName":"Meyer Marketing","potentialAction":[{"@type":"SearchAction","target":{"@type":"EntryPoint","urlTemplate":"https:\/\/www.meyer-sports.com\/de\/?s={search_term_string}"},"query-input":{"@type":"PropertyValueSpecification","valueRequired":true,"valueName":"search_term_string"}}],"inLanguage":"de"},{"@type":"Organization","@id":"https:\/\/www.meyer-sports.com\/de\/#organization","name":"Meyer Sports","url":"https:\/\/www.meyer-sports.com\/de\/","logo":{"@type":"ImageObject","inLanguage":"de","@id":"https:\/\/www.meyer-sports.com\/de\/#\/schema\/logo\/image\/","url":"https:\/\/www.meyer-sports.com\/wp-content\/uploads\/2025\/08\/cropped-MeyerSports-Wort-Bild-Marke-RGB-Black-Horizontal-2000px.png","contentUrl":"https:\/\/www.meyer-sports.com\/wp-content\/uploads\/2025\/08\/cropped-MeyerSports-Wort-Bild-Marke-RGB-Black-Horizontal-2000px.png","width":1999,"height":263,"caption":"Meyer Sports"},"image":{"@id":"https:\/\/www.meyer-sports.com\/de\/#\/schema\/logo\/image\/"},"sameAs":["https:\/\/www.facebook.com\/profile.php?id=100083396525976"]}]}},"_links":{"self":[{"href":"https:\/\/www.meyer-sports.com\/de\/wp-json\/wp\/v2\/product\/4883","targetHints":{"allow":["GET"]}}],"collection":[{"href":"https:\/\/www.meyer-sports.com\/de\/wp-json\/wp\/v2\/product"}],"about":[{"href":"https:\/\/www.meyer-sports.com\/de\/wp-json\/wp\/v2\/types\/product"}],"replies":[{"embeddable":true,"href":"https:\/\/www.meyer-sports.com\/de\/wp-json\/wp\/v2\/comments?post=4883"}],"wp:featuredmedia":[{"embeddable":true,"href":"https:\/\/www.meyer-sports.com\/de\/wp-json\/wp\/v2\/media\/4875"}],"wp:attachment":[{"href":"https:\/\/www.meyer-sports.com\/de\/wp-json\/wp\/v2\/media?parent=4883"}],"wp:term":[{"taxonomy":"product_brand","embeddable":true,"href":"https:\/\/www.meyer-sports.com\/de\/wp-json\/wp\/v2\/product_brand?post=4883"},{"taxonomy":"product_cat","embeddable":true,"href":"https:\/\/www.meyer-sports.com\/de\/wp-json\/wp\/v2\/product_cat?post=4883"},{"taxonomy":"product_tag","embeddable":true,"href":"https:\/\/www.meyer-sports.com\/de\/wp-json\/wp\/v2\/product_tag?post=4883"}],"curies":[{"name":"wp","href":"https:\/\/api.w.org\/{rel}","templated":true}]}}