{"id":3890,"date":"2025-05-27T16:36:51","date_gmt":"2025-05-27T14:36:51","guid":{"rendered":"https:\/\/www.meyer-sports.com\/produkt\/opro-custom-like-mundschutz\/"},"modified":"2026-04-13T12:00:19","modified_gmt":"2026-04-13T10:00:19","slug":"opro-custom-like-mundschutz","status":"publish","type":"product","link":"https:\/\/www.meyer-sports.com\/de\/produkt\/opro-custom-like-mundschutz\/","title":{"rendered":"OPRO anpassbarer Mundschutz"},"content":{"rendered":"<ul>\n<li>Passform wie bei einem individuell angefertigten Mundschutz dank fortschrittlicher &#8222;Boil-and-Bite&#8220;-Technologie <\/li>\n<li>Hoher Aufprallschutz f\u00fcr intensives Training und Wettk\u00e4mpfe <\/li>\n<li>Sicheres, flaches Design f\u00fcr Komfort und Stabilit\u00e4t<\/li>\n<li>Erm\u00f6glicht ungehindertes Atmen und klare Kommunikation <\/li>\n<li>Ideal f\u00fcr American Football, Flag Football und andere hochintensive Sportarten <\/li>\n<\/ul>\n","protected":false},"excerpt":{"rendered":"<p>Passform wie bei einem individuell angefertigten Mundschutz dank fortschrittlicher &#8222;Boil-and-Bite&#8220;-Technologie Hoher Aufprallschutz f\u00fcr intensives Training und Wettk\u00e4mpfe Sicheres, flaches Design f\u00fcr Komfort und Stabilit\u00e4t Erm\u00f6glicht ungehindertes Atmen und klare Kommunikation Ideal f\u00fcr American Football, Flag Football und andere hochintensive Sportarten<\/p>\n","protected":false},"featured_media":1279,"comment_status":"open","ping_status":"closed","template":"","meta":{"_acf_changed":false},"product_brand":[390],"product_cat":[323,280,282],"product_tag":[],"class_list":{"0":"post-3890","1":"product","2":"type-product","3":"status-publish","4":"has-post-thumbnail","6":"product_brand-opro","7":"product_cat-verkauf-de-2","8":"product_cat-flag-football-de","9":"product_cat-mundschutz","11":"first","12":"instock","13":"taxable","14":"shipping-taxable","15":"purchasable","16":"product-type-variable"},"acf":[],"yoast_head":"<!-- This site is optimized with the Yoast SEO plugin v27.1.1 - https:\/\/yoast.com\/product\/yoast-seo-wordpress\/ -->\n<title>OPRO Custom-Like Mouthguard I Fortschrittliche Passform &amp; Schutz<\/title>\n<meta name=\"description\" content=\"Der OPRO Custom-Like Mundschutz bietet eine pr\u00e4zise, bequeme Passform und fortschrittlichen Aufprallschutz - ideal f\u00fcr American Football, Flag Football und andere Sportarten .\" \/>\n<meta name=\"robots\" content=\"index, follow, max-snippet:-1, max-image-preview:large, max-video-preview:-1\" \/>\n<link rel=\"canonical\" href=\"https:\/\/www.meyer-sports.com\/de\/produkt\/opro-custom-like-mundschutz\/\" \/>\n<meta property=\"og:locale\" content=\"de_DE\" \/>\n<meta property=\"og:type\" content=\"article\" \/>\n<meta property=\"og:title\" content=\"OPRO Custom-Like Mouthguard I Fortschrittliche Passform &amp; Schutz\" \/>\n<meta property=\"og:description\" content=\"Der OPRO Custom-Like Mundschutz bietet eine pr\u00e4zise, bequeme Passform und fortschrittlichen Aufprallschutz - ideal f\u00fcr American Football, Flag Football und andere Sportarten .\" \/>\n<meta property=\"og:url\" content=\"https:\/\/www.meyer-sports.com\/de\/produkt\/opro-custom-like-mundschutz\/\" \/>\n<meta property=\"og:site_name\" content=\"Meyer Sports\" \/>\n<meta property=\"article:publisher\" content=\"https:\/\/www.facebook.com\/profile.php?id=100083396525976\" \/>\n<meta property=\"article:modified_time\" content=\"2026-04-13T10:00:19+00:00\" \/>\n<meta property=\"og:image\" content=\"https:\/\/www.meyer-sports.com\/wp-content\/uploads\/2025\/05\/Power-FitUWG_2.jpg\" \/>\n\t<meta property=\"og:image:width\" content=\"700\" \/>\n\t<meta property=\"og:image:height\" content=\"487\" \/>\n\t<meta property=\"og:image:type\" content=\"image\/jpeg\" \/>\n<meta name=\"twitter:card\" content=\"summary_large_image\" \/>\n<script type=\"application\/ld+json\" class=\"yoast-schema-graph\">{\"@context\":\"https:\/\/schema.org\",\"@graph\":[{\"@type\":\"WebPage\",\"@id\":\"https:\/\/www.meyer-sports.com\/de\/produkt\/opro-custom-like-mundschutz\/\",\"url\":\"https:\/\/www.meyer-sports.com\/de\/produkt\/opro-custom-like-mundschutz\/\",\"name\":\"OPRO Custom-Like Mouthguard I Fortschrittliche Passform & Schutz\",\"isPartOf\":{\"@id\":\"https:\/\/www.meyer-sports.com\/de\/#website\"},\"primaryImageOfPage\":{\"@id\":\"https:\/\/www.meyer-sports.com\/de\/produkt\/opro-custom-like-mundschutz\/#primaryimage\"},\"image\":{\"@id\":\"https:\/\/www.meyer-sports.com\/de\/produkt\/opro-custom-like-mundschutz\/#primaryimage\"},\"thumbnailUrl\":\"https:\/\/www.meyer-sports.com\/wp-content\/uploads\/2025\/05\/Power-FitUWG_2.jpg\",\"datePublished\":\"2025-05-27T14:36:51+00:00\",\"dateModified\":\"2026-04-13T10:00:19+00:00\",\"description\":\"Der OPRO Custom-Like Mundschutz bietet eine pr\u00e4zise, bequeme Passform und fortschrittlichen Aufprallschutz - ideal f\u00fcr American Football, Flag Football und andere Sportarten .\",\"breadcrumb\":{\"@id\":\"https:\/\/www.meyer-sports.com\/de\/produkt\/opro-custom-like-mundschutz\/#breadcrumb\"},\"inLanguage\":\"de\",\"potentialAction\":[{\"@type\":\"ReadAction\",\"target\":[\"https:\/\/www.meyer-sports.com\/de\/produkt\/opro-custom-like-mundschutz\/\"]}]},{\"@type\":\"ImageObject\",\"inLanguage\":\"de\",\"@id\":\"https:\/\/www.meyer-sports.com\/de\/produkt\/opro-custom-like-mundschutz\/#primaryimage\",\"url\":\"https:\/\/www.meyer-sports.com\/wp-content\/uploads\/2025\/05\/Power-FitUWG_2.jpg\",\"contentUrl\":\"https:\/\/www.meyer-sports.com\/wp-content\/uploads\/2025\/05\/Power-FitUWG_2.jpg\",\"width\":700,\"height\":487},{\"@type\":\"BreadcrumbList\",\"@id\":\"https:\/\/www.meyer-sports.com\/de\/produkt\/opro-custom-like-mundschutz\/#breadcrumb\",\"itemListElement\":[{\"@type\":\"ListItem\",\"position\":1,\"name\":\"Home\",\"item\":\"https:\/\/www.meyer-sports.com\/de\/\"},{\"@type\":\"ListItem\",\"position\":2,\"name\":\"Shop\",\"item\":\"https:\/\/www.meyer-sports.com\/de\/shop\/\"},{\"@type\":\"ListItem\",\"position\":3,\"name\":\"OPRO anpassbarer Mundschutz\"}]},{\"@type\":\"WebSite\",\"@id\":\"https:\/\/www.meyer-sports.com\/de\/#website\",\"url\":\"https:\/\/www.meyer-sports.com\/de\/\",\"name\":\"Meyer Sports\",\"description\":\"American Football Equipment \u2013 Helmets, Shoulder Pads &amp; Gear\",\"publisher\":{\"@id\":\"https:\/\/www.meyer-sports.com\/de\/#organization\"},\"alternateName\":\"Meyer Marketing\",\"potentialAction\":[{\"@type\":\"SearchAction\",\"target\":{\"@type\":\"EntryPoint\",\"urlTemplate\":\"https:\/\/www.meyer-sports.com\/de\/?s={search_term_string}\"},\"query-input\":{\"@type\":\"PropertyValueSpecification\",\"valueRequired\":true,\"valueName\":\"search_term_string\"}}],\"inLanguage\":\"de\"},{\"@type\":\"Organization\",\"@id\":\"https:\/\/www.meyer-sports.com\/de\/#organization\",\"name\":\"Meyer Sports\",\"url\":\"https:\/\/www.meyer-sports.com\/de\/\",\"logo\":{\"@type\":\"ImageObject\",\"inLanguage\":\"de\",\"@id\":\"https:\/\/www.meyer-sports.com\/de\/#\/schema\/logo\/image\/\",\"url\":\"https:\/\/www.meyer-sports.com\/wp-content\/uploads\/2025\/08\/cropped-MeyerSports-Wort-Bild-Marke-RGB-Black-Horizontal-2000px.png\",\"contentUrl\":\"https:\/\/www.meyer-sports.com\/wp-content\/uploads\/2025\/08\/cropped-MeyerSports-Wort-Bild-Marke-RGB-Black-Horizontal-2000px.png\",\"width\":1999,\"height\":263,\"caption\":\"Meyer Sports\"},\"image\":{\"@id\":\"https:\/\/www.meyer-sports.com\/de\/#\/schema\/logo\/image\/\"},\"sameAs\":[\"https:\/\/www.facebook.com\/profile.php?id=100083396525976\"]}]}<\/script>\n<!-- \/ Yoast SEO plugin. -->","yoast_head_json":{"title":"OPRO Custom-Like Mouthguard I Fortschrittliche Passform & Schutz","description":"Der OPRO Custom-Like Mundschutz bietet eine pr\u00e4zise, bequeme Passform und fortschrittlichen Aufprallschutz - ideal f\u00fcr American Football, Flag Football und andere Sportarten .","robots":{"index":"index","follow":"follow","max-snippet":"max-snippet:-1","max-image-preview":"max-image-preview:large","max-video-preview":"max-video-preview:-1"},"canonical":"https:\/\/www.meyer-sports.com\/de\/produkt\/opro-custom-like-mundschutz\/","og_locale":"de_DE","og_type":"article","og_title":"OPRO Custom-Like Mouthguard I Fortschrittliche Passform & Schutz","og_description":"Der OPRO Custom-Like Mundschutz bietet eine pr\u00e4zise, bequeme Passform und fortschrittlichen Aufprallschutz - ideal f\u00fcr American Football, Flag Football und andere Sportarten .","og_url":"https:\/\/www.meyer-sports.com\/de\/produkt\/opro-custom-like-mundschutz\/","og_site_name":"Meyer Sports","article_publisher":"https:\/\/www.facebook.com\/profile.php?id=100083396525976","article_modified_time":"2026-04-13T10:00:19+00:00","og_image":[{"width":700,"height":487,"url":"https:\/\/www.meyer-sports.com\/wp-content\/uploads\/2025\/05\/Power-FitUWG_2.jpg","type":"image\/jpeg"}],"twitter_card":"summary_large_image","schema":{"@context":"https:\/\/schema.org","@graph":[{"@type":"WebPage","@id":"https:\/\/www.meyer-sports.com\/de\/produkt\/opro-custom-like-mundschutz\/","url":"https:\/\/www.meyer-sports.com\/de\/produkt\/opro-custom-like-mundschutz\/","name":"OPRO Custom-Like Mouthguard I Fortschrittliche Passform & Schutz","isPartOf":{"@id":"https:\/\/www.meyer-sports.com\/de\/#website"},"primaryImageOfPage":{"@id":"https:\/\/www.meyer-sports.com\/de\/produkt\/opro-custom-like-mundschutz\/#primaryimage"},"image":{"@id":"https:\/\/www.meyer-sports.com\/de\/produkt\/opro-custom-like-mundschutz\/#primaryimage"},"thumbnailUrl":"https:\/\/www.meyer-sports.com\/wp-content\/uploads\/2025\/05\/Power-FitUWG_2.jpg","datePublished":"2025-05-27T14:36:51+00:00","dateModified":"2026-04-13T10:00:19+00:00","description":"Der OPRO Custom-Like Mundschutz bietet eine pr\u00e4zise, bequeme Passform und fortschrittlichen Aufprallschutz - ideal f\u00fcr American Football, Flag Football und andere Sportarten .","breadcrumb":{"@id":"https:\/\/www.meyer-sports.com\/de\/produkt\/opro-custom-like-mundschutz\/#breadcrumb"},"inLanguage":"de","potentialAction":[{"@type":"ReadAction","target":["https:\/\/www.meyer-sports.com\/de\/produkt\/opro-custom-like-mundschutz\/"]}]},{"@type":"ImageObject","inLanguage":"de","@id":"https:\/\/www.meyer-sports.com\/de\/produkt\/opro-custom-like-mundschutz\/#primaryimage","url":"https:\/\/www.meyer-sports.com\/wp-content\/uploads\/2025\/05\/Power-FitUWG_2.jpg","contentUrl":"https:\/\/www.meyer-sports.com\/wp-content\/uploads\/2025\/05\/Power-FitUWG_2.jpg","width":700,"height":487},{"@type":"BreadcrumbList","@id":"https:\/\/www.meyer-sports.com\/de\/produkt\/opro-custom-like-mundschutz\/#breadcrumb","itemListElement":[{"@type":"ListItem","position":1,"name":"Home","item":"https:\/\/www.meyer-sports.com\/de\/"},{"@type":"ListItem","position":2,"name":"Shop","item":"https:\/\/www.meyer-sports.com\/de\/shop\/"},{"@type":"ListItem","position":3,"name":"OPRO anpassbarer Mundschutz"}]},{"@type":"WebSite","@id":"https:\/\/www.meyer-sports.com\/de\/#website","url":"https:\/\/www.meyer-sports.com\/de\/","name":"Meyer Sports","description":"American Football Equipment \u2013 Helmets, Shoulder Pads &amp; Gear","publisher":{"@id":"https:\/\/www.meyer-sports.com\/de\/#organization"},"alternateName":"Meyer Marketing","potentialAction":[{"@type":"SearchAction","target":{"@type":"EntryPoint","urlTemplate":"https:\/\/www.meyer-sports.com\/de\/?s={search_term_string}"},"query-input":{"@type":"PropertyValueSpecification","valueRequired":true,"valueName":"search_term_string"}}],"inLanguage":"de"},{"@type":"Organization","@id":"https:\/\/www.meyer-sports.com\/de\/#organization","name":"Meyer Sports","url":"https:\/\/www.meyer-sports.com\/de\/","logo":{"@type":"ImageObject","inLanguage":"de","@id":"https:\/\/www.meyer-sports.com\/de\/#\/schema\/logo\/image\/","url":"https:\/\/www.meyer-sports.com\/wp-content\/uploads\/2025\/08\/cropped-MeyerSports-Wort-Bild-Marke-RGB-Black-Horizontal-2000px.png","contentUrl":"https:\/\/www.meyer-sports.com\/wp-content\/uploads\/2025\/08\/cropped-MeyerSports-Wort-Bild-Marke-RGB-Black-Horizontal-2000px.png","width":1999,"height":263,"caption":"Meyer Sports"},"image":{"@id":"https:\/\/www.meyer-sports.com\/de\/#\/schema\/logo\/image\/"},"sameAs":["https:\/\/www.facebook.com\/profile.php?id=100083396525976"]}]}},"_links":{"self":[{"href":"https:\/\/www.meyer-sports.com\/de\/wp-json\/wp\/v2\/product\/3890","targetHints":{"allow":["GET"]}}],"collection":[{"href":"https:\/\/www.meyer-sports.com\/de\/wp-json\/wp\/v2\/product"}],"about":[{"href":"https:\/\/www.meyer-sports.com\/de\/wp-json\/wp\/v2\/types\/product"}],"replies":[{"embeddable":true,"href":"https:\/\/www.meyer-sports.com\/de\/wp-json\/wp\/v2\/comments?post=3890"}],"wp:featuredmedia":[{"embeddable":true,"href":"https:\/\/www.meyer-sports.com\/de\/wp-json\/wp\/v2\/media\/1279"}],"wp:attachment":[{"href":"https:\/\/www.meyer-sports.com\/de\/wp-json\/wp\/v2\/media?parent=3890"}],"wp:term":[{"taxonomy":"product_brand","embeddable":true,"href":"https:\/\/www.meyer-sports.com\/de\/wp-json\/wp\/v2\/product_brand?post=3890"},{"taxonomy":"product_cat","embeddable":true,"href":"https:\/\/www.meyer-sports.com\/de\/wp-json\/wp\/v2\/product_cat?post=3890"},{"taxonomy":"product_tag","embeddable":true,"href":"https:\/\/www.meyer-sports.com\/de\/wp-json\/wp\/v2\/product_tag?post=3890"}],"curies":[{"name":"wp","href":"https:\/\/api.w.org\/{rel}","templated":true}]}}