{"id":3886,"date":"2025-05-27T16:36:51","date_gmt":"2025-05-27T14:36:51","guid":{"rendered":"https:\/\/www.meyer-sports.com\/produkt\/oproshield-gold-premium\/"},"modified":"2026-04-14T09:43:44","modified_gmt":"2026-04-14T07:43:44","slug":"oproshield-gold-premium","status":"publish","type":"product","link":"https:\/\/www.meyer-sports.com\/de\/produkt\/oproshield-gold-premium\/","title":{"rendered":"OPROshield Gold Premium"},"content":{"rendered":"<ul>\n<li>Hochwertiger, selbstanpassender Mundschutz f\u00fcr ambitionierte Sportler, der Schutz auf Wettkampfniveau bietet <\/li>\n<li>Fortschrittliche Zweischichtkonstruktion mit einer robusten Au\u00dfenschale und einem \u00e4u\u00dferst bequemen Innenfutter f\u00fcr maximale Sto\u00dfd\u00e4mpfung <\/li>\n<li>Die patentierte OPROfin- und Air-Spacer-Technologie sorgt f\u00fcr einen sicheren Sitz, hervorragende Sto\u00dfverteilung und zuverl\u00e4ssigen Halt <\/li>\n<li>Erm\u00f6glicht nat\u00fcrliches Atmen und klare Kommunikation, ideal f\u00fcr intensive Kontakt- und Kampfsportarten <\/li>\n<\/ul>\n","protected":false},"excerpt":{"rendered":"<p>Hochwertiger, selbstanpassender Mundschutz f\u00fcr ambitionierte Sportler, der Schutz auf Wettkampfniveau bietet Fortschrittliche Zweischichtkonstruktion mit einer robusten Au\u00dfenschale und einem \u00e4u\u00dferst bequemen Innenfutter f\u00fcr maximale Sto\u00dfd\u00e4mpfung Die patentierte OPROfin- und Air-Spacer-Technologie sorgt f\u00fcr einen sicheren Sitz, hervorragende Sto\u00dfverteilung und zuverl\u00e4ssigen Halt Erm\u00f6glicht nat\u00fcrliches Atmen und klare Kommunikation, ideal f\u00fcr intensive Kontakt- und Kampfsportarten<\/p>\n","protected":false},"featured_media":1271,"comment_status":"open","ping_status":"closed","template":"","meta":{"_acf_changed":false},"product_brand":[390],"product_cat":[282],"product_tag":[],"class_list":{"0":"post-3886","1":"product","2":"type-product","3":"status-publish","4":"has-post-thumbnail","6":"product_brand-opro","7":"product_cat-mundschutz","9":"first","10":"instock","11":"taxable","12":"shipping-taxable","13":"purchasable","14":"product-type-simple"},"acf":[],"yoast_head":"<!-- This site is optimized with the Yoast SEO plugin v27.1.1 - https:\/\/yoast.com\/product\/yoast-seo-wordpress\/ -->\n<title>OPROshield Gold Premium Mundschutz - Schutz &amp; Komfort<\/title>\n<meta name=\"description\" content=\"Hochwertiger selbstanpassender Mundschutz mit fortschrittlichem Aufprallschutz, Air Spacers und patentierter OPROfin-Technologie. Ideal f\u00fcr Football und andere Kontaktsportarten.\" \/>\n<meta name=\"robots\" content=\"index, follow, max-snippet:-1, max-image-preview:large, max-video-preview:-1\" \/>\n<link rel=\"canonical\" href=\"https:\/\/www.meyer-sports.com\/de\/produkt\/oproshield-gold-premium\/\" \/>\n<meta property=\"og:locale\" content=\"de_DE\" \/>\n<meta property=\"og:type\" content=\"article\" \/>\n<meta property=\"og:title\" content=\"OPROshield Gold Premium Mundschutz - Schutz &amp; Komfort\" \/>\n<meta property=\"og:description\" content=\"Hochwertiger selbstanpassender Mundschutz mit fortschrittlichem Aufprallschutz, Air Spacers und patentierter OPROfin-Technologie. Ideal f\u00fcr Football und andere Kontaktsportarten.\" \/>\n<meta property=\"og:url\" content=\"https:\/\/www.meyer-sports.com\/de\/produkt\/oproshield-gold-premium\/\" \/>\n<meta property=\"og:site_name\" content=\"Meyer Sports\" \/>\n<meta property=\"article:publisher\" content=\"https:\/\/www.facebook.com\/profile.php?id=100083396525976\" \/>\n<meta property=\"article:modified_time\" content=\"2026-04-14T07:43:44+00:00\" \/>\n<meta property=\"og:image\" content=\"https:\/\/www.meyer-sports.com\/wp-content\/uploads\/2025\/05\/Gold-prWHI.jpg\" \/>\n\t<meta property=\"og:image:width\" content=\"300\" \/>\n\t<meta property=\"og:image:height\" content=\"300\" \/>\n\t<meta property=\"og:image:type\" content=\"image\/jpeg\" \/>\n<meta name=\"twitter:card\" content=\"summary_large_image\" \/>\n<script type=\"application\/ld+json\" class=\"yoast-schema-graph\">{\"@context\":\"https:\/\/schema.org\",\"@graph\":[{\"@type\":\"WebPage\",\"@id\":\"https:\/\/www.meyer-sports.com\/de\/produkt\/oproshield-gold-premium\/\",\"url\":\"https:\/\/www.meyer-sports.com\/de\/produkt\/oproshield-gold-premium\/\",\"name\":\"OPROshield Gold Premium Mundschutz - Schutz & Komfort\",\"isPartOf\":{\"@id\":\"https:\/\/www.meyer-sports.com\/de\/#website\"},\"primaryImageOfPage\":{\"@id\":\"https:\/\/www.meyer-sports.com\/de\/produkt\/oproshield-gold-premium\/#primaryimage\"},\"image\":{\"@id\":\"https:\/\/www.meyer-sports.com\/de\/produkt\/oproshield-gold-premium\/#primaryimage\"},\"thumbnailUrl\":\"https:\/\/www.meyer-sports.com\/wp-content\/uploads\/2025\/05\/Gold-prWHI.jpg\",\"datePublished\":\"2025-05-27T14:36:51+00:00\",\"dateModified\":\"2026-04-14T07:43:44+00:00\",\"description\":\"Hochwertiger selbstanpassender Mundschutz mit fortschrittlichem Aufprallschutz, Air Spacers und patentierter OPROfin-Technologie. Ideal f\u00fcr Football und andere Kontaktsportarten.\",\"breadcrumb\":{\"@id\":\"https:\/\/www.meyer-sports.com\/de\/produkt\/oproshield-gold-premium\/#breadcrumb\"},\"inLanguage\":\"de\",\"potentialAction\":[{\"@type\":\"ReadAction\",\"target\":[\"https:\/\/www.meyer-sports.com\/de\/produkt\/oproshield-gold-premium\/\"]}]},{\"@type\":\"ImageObject\",\"inLanguage\":\"de\",\"@id\":\"https:\/\/www.meyer-sports.com\/de\/produkt\/oproshield-gold-premium\/#primaryimage\",\"url\":\"https:\/\/www.meyer-sports.com\/wp-content\/uploads\/2025\/05\/Gold-prWHI.jpg\",\"contentUrl\":\"https:\/\/www.meyer-sports.com\/wp-content\/uploads\/2025\/05\/Gold-prWHI.jpg\",\"width\":300,\"height\":300},{\"@type\":\"BreadcrumbList\",\"@id\":\"https:\/\/www.meyer-sports.com\/de\/produkt\/oproshield-gold-premium\/#breadcrumb\",\"itemListElement\":[{\"@type\":\"ListItem\",\"position\":1,\"name\":\"Home\",\"item\":\"https:\/\/www.meyer-sports.com\/de\/\"},{\"@type\":\"ListItem\",\"position\":2,\"name\":\"Shop\",\"item\":\"https:\/\/www.meyer-sports.com\/de\/shop\/\"},{\"@type\":\"ListItem\",\"position\":3,\"name\":\"OPROshield Gold Premium\"}]},{\"@type\":\"WebSite\",\"@id\":\"https:\/\/www.meyer-sports.com\/de\/#website\",\"url\":\"https:\/\/www.meyer-sports.com\/de\/\",\"name\":\"Meyer Sports\",\"description\":\"American Football Equipment \u2013 Helmets, Shoulder Pads &amp; Gear\",\"publisher\":{\"@id\":\"https:\/\/www.meyer-sports.com\/de\/#organization\"},\"alternateName\":\"Meyer Marketing\",\"potentialAction\":[{\"@type\":\"SearchAction\",\"target\":{\"@type\":\"EntryPoint\",\"urlTemplate\":\"https:\/\/www.meyer-sports.com\/de\/?s={search_term_string}\"},\"query-input\":{\"@type\":\"PropertyValueSpecification\",\"valueRequired\":true,\"valueName\":\"search_term_string\"}}],\"inLanguage\":\"de\"},{\"@type\":\"Organization\",\"@id\":\"https:\/\/www.meyer-sports.com\/de\/#organization\",\"name\":\"Meyer Sports\",\"url\":\"https:\/\/www.meyer-sports.com\/de\/\",\"logo\":{\"@type\":\"ImageObject\",\"inLanguage\":\"de\",\"@id\":\"https:\/\/www.meyer-sports.com\/de\/#\/schema\/logo\/image\/\",\"url\":\"https:\/\/www.meyer-sports.com\/wp-content\/uploads\/2025\/08\/cropped-MeyerSports-Wort-Bild-Marke-RGB-Black-Horizontal-2000px.png\",\"contentUrl\":\"https:\/\/www.meyer-sports.com\/wp-content\/uploads\/2025\/08\/cropped-MeyerSports-Wort-Bild-Marke-RGB-Black-Horizontal-2000px.png\",\"width\":1999,\"height\":263,\"caption\":\"Meyer Sports\"},\"image\":{\"@id\":\"https:\/\/www.meyer-sports.com\/de\/#\/schema\/logo\/image\/\"},\"sameAs\":[\"https:\/\/www.facebook.com\/profile.php?id=100083396525976\"]}]}<\/script>\n<!-- \/ Yoast SEO plugin. -->","yoast_head_json":{"title":"OPROshield Gold Premium Mundschutz - Schutz & Komfort","description":"Hochwertiger selbstanpassender Mundschutz mit fortschrittlichem Aufprallschutz, Air Spacers und patentierter OPROfin-Technologie. Ideal f\u00fcr Football und andere Kontaktsportarten.","robots":{"index":"index","follow":"follow","max-snippet":"max-snippet:-1","max-image-preview":"max-image-preview:large","max-video-preview":"max-video-preview:-1"},"canonical":"https:\/\/www.meyer-sports.com\/de\/produkt\/oproshield-gold-premium\/","og_locale":"de_DE","og_type":"article","og_title":"OPROshield Gold Premium Mundschutz - Schutz & Komfort","og_description":"Hochwertiger selbstanpassender Mundschutz mit fortschrittlichem Aufprallschutz, Air Spacers und patentierter OPROfin-Technologie. Ideal f\u00fcr Football und andere Kontaktsportarten.","og_url":"https:\/\/www.meyer-sports.com\/de\/produkt\/oproshield-gold-premium\/","og_site_name":"Meyer Sports","article_publisher":"https:\/\/www.facebook.com\/profile.php?id=100083396525976","article_modified_time":"2026-04-14T07:43:44+00:00","og_image":[{"width":300,"height":300,"url":"https:\/\/www.meyer-sports.com\/wp-content\/uploads\/2025\/05\/Gold-prWHI.jpg","type":"image\/jpeg"}],"twitter_card":"summary_large_image","schema":{"@context":"https:\/\/schema.org","@graph":[{"@type":"WebPage","@id":"https:\/\/www.meyer-sports.com\/de\/produkt\/oproshield-gold-premium\/","url":"https:\/\/www.meyer-sports.com\/de\/produkt\/oproshield-gold-premium\/","name":"OPROshield Gold Premium Mundschutz - Schutz & Komfort","isPartOf":{"@id":"https:\/\/www.meyer-sports.com\/de\/#website"},"primaryImageOfPage":{"@id":"https:\/\/www.meyer-sports.com\/de\/produkt\/oproshield-gold-premium\/#primaryimage"},"image":{"@id":"https:\/\/www.meyer-sports.com\/de\/produkt\/oproshield-gold-premium\/#primaryimage"},"thumbnailUrl":"https:\/\/www.meyer-sports.com\/wp-content\/uploads\/2025\/05\/Gold-prWHI.jpg","datePublished":"2025-05-27T14:36:51+00:00","dateModified":"2026-04-14T07:43:44+00:00","description":"Hochwertiger selbstanpassender Mundschutz mit fortschrittlichem Aufprallschutz, Air Spacers und patentierter OPROfin-Technologie. Ideal f\u00fcr Football und andere Kontaktsportarten.","breadcrumb":{"@id":"https:\/\/www.meyer-sports.com\/de\/produkt\/oproshield-gold-premium\/#breadcrumb"},"inLanguage":"de","potentialAction":[{"@type":"ReadAction","target":["https:\/\/www.meyer-sports.com\/de\/produkt\/oproshield-gold-premium\/"]}]},{"@type":"ImageObject","inLanguage":"de","@id":"https:\/\/www.meyer-sports.com\/de\/produkt\/oproshield-gold-premium\/#primaryimage","url":"https:\/\/www.meyer-sports.com\/wp-content\/uploads\/2025\/05\/Gold-prWHI.jpg","contentUrl":"https:\/\/www.meyer-sports.com\/wp-content\/uploads\/2025\/05\/Gold-prWHI.jpg","width":300,"height":300},{"@type":"BreadcrumbList","@id":"https:\/\/www.meyer-sports.com\/de\/produkt\/oproshield-gold-premium\/#breadcrumb","itemListElement":[{"@type":"ListItem","position":1,"name":"Home","item":"https:\/\/www.meyer-sports.com\/de\/"},{"@type":"ListItem","position":2,"name":"Shop","item":"https:\/\/www.meyer-sports.com\/de\/shop\/"},{"@type":"ListItem","position":3,"name":"OPROshield Gold Premium"}]},{"@type":"WebSite","@id":"https:\/\/www.meyer-sports.com\/de\/#website","url":"https:\/\/www.meyer-sports.com\/de\/","name":"Meyer Sports","description":"American Football Equipment \u2013 Helmets, Shoulder Pads &amp; Gear","publisher":{"@id":"https:\/\/www.meyer-sports.com\/de\/#organization"},"alternateName":"Meyer Marketing","potentialAction":[{"@type":"SearchAction","target":{"@type":"EntryPoint","urlTemplate":"https:\/\/www.meyer-sports.com\/de\/?s={search_term_string}"},"query-input":{"@type":"PropertyValueSpecification","valueRequired":true,"valueName":"search_term_string"}}],"inLanguage":"de"},{"@type":"Organization","@id":"https:\/\/www.meyer-sports.com\/de\/#organization","name":"Meyer Sports","url":"https:\/\/www.meyer-sports.com\/de\/","logo":{"@type":"ImageObject","inLanguage":"de","@id":"https:\/\/www.meyer-sports.com\/de\/#\/schema\/logo\/image\/","url":"https:\/\/www.meyer-sports.com\/wp-content\/uploads\/2025\/08\/cropped-MeyerSports-Wort-Bild-Marke-RGB-Black-Horizontal-2000px.png","contentUrl":"https:\/\/www.meyer-sports.com\/wp-content\/uploads\/2025\/08\/cropped-MeyerSports-Wort-Bild-Marke-RGB-Black-Horizontal-2000px.png","width":1999,"height":263,"caption":"Meyer Sports"},"image":{"@id":"https:\/\/www.meyer-sports.com\/de\/#\/schema\/logo\/image\/"},"sameAs":["https:\/\/www.facebook.com\/profile.php?id=100083396525976"]}]}},"_links":{"self":[{"href":"https:\/\/www.meyer-sports.com\/de\/wp-json\/wp\/v2\/product\/3886","targetHints":{"allow":["GET"]}}],"collection":[{"href":"https:\/\/www.meyer-sports.com\/de\/wp-json\/wp\/v2\/product"}],"about":[{"href":"https:\/\/www.meyer-sports.com\/de\/wp-json\/wp\/v2\/types\/product"}],"replies":[{"embeddable":true,"href":"https:\/\/www.meyer-sports.com\/de\/wp-json\/wp\/v2\/comments?post=3886"}],"wp:featuredmedia":[{"embeddable":true,"href":"https:\/\/www.meyer-sports.com\/de\/wp-json\/wp\/v2\/media\/1271"}],"wp:attachment":[{"href":"https:\/\/www.meyer-sports.com\/de\/wp-json\/wp\/v2\/media?parent=3886"}],"wp:term":[{"taxonomy":"product_brand","embeddable":true,"href":"https:\/\/www.meyer-sports.com\/de\/wp-json\/wp\/v2\/product_brand?post=3886"},{"taxonomy":"product_cat","embeddable":true,"href":"https:\/\/www.meyer-sports.com\/de\/wp-json\/wp\/v2\/product_cat?post=3886"},{"taxonomy":"product_tag","embeddable":true,"href":"https:\/\/www.meyer-sports.com\/de\/wp-json\/wp\/v2\/product_tag?post=3886"}],"curies":[{"name":"wp","href":"https:\/\/api.w.org\/{rel}","templated":true}]}}