{"id":3883,"date":"2025-05-27T16:36:51","date_gmt":"2025-05-27T14:36:51","guid":{"rendered":"https:\/\/www.meyer-sports.com\/produkt\/oproshield-platinum-mit-gurt\/"},"modified":"2026-04-13T12:02:04","modified_gmt":"2026-04-13T10:02:04","slug":"oproshield-platinum-mit-gurt","status":"publish","type":"product","link":"https:\/\/www.meyer-sports.com\/de\/produkt\/oproshield-platinum-mit-gurt\/","title":{"rendered":"OPROshield Platinum mit Band"},"content":{"rendered":"<ul>\n<li>Ein Schutz- und Komfortniveau, wie es bisher in einem selbstanpassenden Mundschutz nicht m\u00f6glich war<\/li>\n<li>Mehrfache Schutzzonen aus unterschiedlichen Materialien sowie ein patentierter Griff, der die Dicke zwischen den Backen garantiert.<\/li>\n<li>Frontpartien f\u00fcr den Au\u00dfenaufprall ausgelegt<\/li>\n<li>Ersch\u00fctterungszonen f\u00fcr Schl\u00e4ge auf den Unterkiefer<\/li>\n<li>CE-gepr\u00fcft<\/li>\n<\/ul>\n","protected":false},"excerpt":{"rendered":"<p>Ein Schutz- und Komfortniveau, wie es bisher in einem selbstanpassenden Mundschutz nicht m\u00f6glich war Mehrfache Schutzzonen aus unterschiedlichen Materialien sowie ein patentierter Griff, der die Dicke zwischen den Backen garantiert. Frontpartien f\u00fcr den Au\u00dfenaufprall ausgelegt Ersch\u00fctterungszonen f\u00fcr Schl\u00e4ge auf den Unterkiefer CE-gepr\u00fcft<\/p>\n","protected":false},"featured_media":1265,"comment_status":"open","ping_status":"closed","template":"","meta":{"_acf_changed":false},"product_brand":[390],"product_cat":[280,282],"product_tag":[],"class_list":{"0":"post-3883","1":"product","2":"type-product","3":"status-publish","4":"has-post-thumbnail","6":"product_brand-opro","7":"product_cat-flag-football-de","8":"product_cat-mundschutz","10":"first","11":"instock","12":"taxable","13":"shipping-taxable","14":"purchasable","15":"product-type-variable"},"acf":[],"yoast_head":"<!-- This site is optimized with the Yoast SEO plugin v27.1.1 - https:\/\/yoast.com\/product\/yoast-seo-wordpress\/ -->\n<title>OPRO Shield Platinum Mundschutz mit Band - Pro Protection<\/title>\n<meta name=\"description\" content=\"Der OPRO Shield Platinum Mundschutz bietet erstklassigen Aufprallschutz, sicheren Sitz und dauerhaften Tragekomfort - ideal f\u00fcr American Football, Flag Football und Kontaktsportarten.\" \/>\n<meta name=\"robots\" content=\"index, follow, max-snippet:-1, max-image-preview:large, max-video-preview:-1\" \/>\n<link rel=\"canonical\" href=\"https:\/\/www.meyer-sports.com\/de\/produkt\/oproshield-platinum-mit-gurt\/\" \/>\n<meta property=\"og:locale\" content=\"de_DE\" \/>\n<meta property=\"og:type\" content=\"article\" \/>\n<meta property=\"og:title\" content=\"OPRO Shield Platinum Mundschutz mit Band - Pro Protection\" \/>\n<meta property=\"og:description\" content=\"Der OPRO Shield Platinum Mundschutz bietet erstklassigen Aufprallschutz, sicheren Sitz und dauerhaften Tragekomfort - ideal f\u00fcr American Football, Flag Football und Kontaktsportarten.\" \/>\n<meta property=\"og:url\" content=\"https:\/\/www.meyer-sports.com\/de\/produkt\/oproshield-platinum-mit-gurt\/\" \/>\n<meta property=\"og:site_name\" content=\"Meyer Sports\" \/>\n<meta property=\"article:publisher\" content=\"https:\/\/www.facebook.com\/profile.php?id=100083396525976\" \/>\n<meta property=\"article:modified_time\" content=\"2026-04-13T10:02:04+00:00\" \/>\n<meta property=\"og:image\" content=\"https:\/\/www.meyer-sports.com\/wp-content\/uploads\/2025\/05\/PlatinumDBL.jpg\" \/>\n\t<meta property=\"og:image:width\" content=\"600\" \/>\n\t<meta property=\"og:image:height\" content=\"358\" \/>\n\t<meta property=\"og:image:type\" content=\"image\/jpeg\" \/>\n<meta name=\"twitter:card\" content=\"summary_large_image\" \/>\n<script type=\"application\/ld+json\" class=\"yoast-schema-graph\">{\"@context\":\"https:\/\/schema.org\",\"@graph\":[{\"@type\":\"WebPage\",\"@id\":\"https:\/\/www.meyer-sports.com\/de\/produkt\/oproshield-platinum-mit-gurt\/\",\"url\":\"https:\/\/www.meyer-sports.com\/de\/produkt\/oproshield-platinum-mit-gurt\/\",\"name\":\"OPRO Shield Platinum Mundschutz mit Band - Pro Protection\",\"isPartOf\":{\"@id\":\"https:\/\/www.meyer-sports.com\/de\/#website\"},\"primaryImageOfPage\":{\"@id\":\"https:\/\/www.meyer-sports.com\/de\/produkt\/oproshield-platinum-mit-gurt\/#primaryimage\"},\"image\":{\"@id\":\"https:\/\/www.meyer-sports.com\/de\/produkt\/oproshield-platinum-mit-gurt\/#primaryimage\"},\"thumbnailUrl\":\"https:\/\/www.meyer-sports.com\/wp-content\/uploads\/2025\/05\/PlatinumDBL.jpg\",\"datePublished\":\"2025-05-27T14:36:51+00:00\",\"dateModified\":\"2026-04-13T10:02:04+00:00\",\"description\":\"Der OPRO Shield Platinum Mundschutz bietet erstklassigen Aufprallschutz, sicheren Sitz und dauerhaften Tragekomfort - ideal f\u00fcr American Football, Flag Football und Kontaktsportarten.\",\"breadcrumb\":{\"@id\":\"https:\/\/www.meyer-sports.com\/de\/produkt\/oproshield-platinum-mit-gurt\/#breadcrumb\"},\"inLanguage\":\"de\",\"potentialAction\":[{\"@type\":\"ReadAction\",\"target\":[\"https:\/\/www.meyer-sports.com\/de\/produkt\/oproshield-platinum-mit-gurt\/\"]}]},{\"@type\":\"ImageObject\",\"inLanguage\":\"de\",\"@id\":\"https:\/\/www.meyer-sports.com\/de\/produkt\/oproshield-platinum-mit-gurt\/#primaryimage\",\"url\":\"https:\/\/www.meyer-sports.com\/wp-content\/uploads\/2025\/05\/PlatinumDBL.jpg\",\"contentUrl\":\"https:\/\/www.meyer-sports.com\/wp-content\/uploads\/2025\/05\/PlatinumDBL.jpg\",\"width\":600,\"height\":358},{\"@type\":\"BreadcrumbList\",\"@id\":\"https:\/\/www.meyer-sports.com\/de\/produkt\/oproshield-platinum-mit-gurt\/#breadcrumb\",\"itemListElement\":[{\"@type\":\"ListItem\",\"position\":1,\"name\":\"Home\",\"item\":\"https:\/\/www.meyer-sports.com\/de\/\"},{\"@type\":\"ListItem\",\"position\":2,\"name\":\"Shop\",\"item\":\"https:\/\/www.meyer-sports.com\/de\/shop\/\"},{\"@type\":\"ListItem\",\"position\":3,\"name\":\"OPROshield Platinum mit Band\"}]},{\"@type\":\"WebSite\",\"@id\":\"https:\/\/www.meyer-sports.com\/de\/#website\",\"url\":\"https:\/\/www.meyer-sports.com\/de\/\",\"name\":\"Meyer Sports\",\"description\":\"American Football Equipment \u2013 Helmets, Shoulder Pads &amp; Gear\",\"publisher\":{\"@id\":\"https:\/\/www.meyer-sports.com\/de\/#organization\"},\"alternateName\":\"Meyer Marketing\",\"potentialAction\":[{\"@type\":\"SearchAction\",\"target\":{\"@type\":\"EntryPoint\",\"urlTemplate\":\"https:\/\/www.meyer-sports.com\/de\/?s={search_term_string}\"},\"query-input\":{\"@type\":\"PropertyValueSpecification\",\"valueRequired\":true,\"valueName\":\"search_term_string\"}}],\"inLanguage\":\"de\"},{\"@type\":\"Organization\",\"@id\":\"https:\/\/www.meyer-sports.com\/de\/#organization\",\"name\":\"Meyer Sports\",\"url\":\"https:\/\/www.meyer-sports.com\/de\/\",\"logo\":{\"@type\":\"ImageObject\",\"inLanguage\":\"de\",\"@id\":\"https:\/\/www.meyer-sports.com\/de\/#\/schema\/logo\/image\/\",\"url\":\"https:\/\/www.meyer-sports.com\/wp-content\/uploads\/2025\/08\/cropped-MeyerSports-Wort-Bild-Marke-RGB-Black-Horizontal-2000px.png\",\"contentUrl\":\"https:\/\/www.meyer-sports.com\/wp-content\/uploads\/2025\/08\/cropped-MeyerSports-Wort-Bild-Marke-RGB-Black-Horizontal-2000px.png\",\"width\":1999,\"height\":263,\"caption\":\"Meyer Sports\"},\"image\":{\"@id\":\"https:\/\/www.meyer-sports.com\/de\/#\/schema\/logo\/image\/\"},\"sameAs\":[\"https:\/\/www.facebook.com\/profile.php?id=100083396525976\"]}]}<\/script>\n<!-- \/ Yoast SEO plugin. -->","yoast_head_json":{"title":"OPRO Shield Platinum Mundschutz mit Band - Pro Protection","description":"Der OPRO Shield Platinum Mundschutz bietet erstklassigen Aufprallschutz, sicheren Sitz und dauerhaften Tragekomfort - ideal f\u00fcr American Football, Flag Football und Kontaktsportarten.","robots":{"index":"index","follow":"follow","max-snippet":"max-snippet:-1","max-image-preview":"max-image-preview:large","max-video-preview":"max-video-preview:-1"},"canonical":"https:\/\/www.meyer-sports.com\/de\/produkt\/oproshield-platinum-mit-gurt\/","og_locale":"de_DE","og_type":"article","og_title":"OPRO Shield Platinum Mundschutz mit Band - Pro Protection","og_description":"Der OPRO Shield Platinum Mundschutz bietet erstklassigen Aufprallschutz, sicheren Sitz und dauerhaften Tragekomfort - ideal f\u00fcr American Football, Flag Football und Kontaktsportarten.","og_url":"https:\/\/www.meyer-sports.com\/de\/produkt\/oproshield-platinum-mit-gurt\/","og_site_name":"Meyer Sports","article_publisher":"https:\/\/www.facebook.com\/profile.php?id=100083396525976","article_modified_time":"2026-04-13T10:02:04+00:00","og_image":[{"width":600,"height":358,"url":"https:\/\/www.meyer-sports.com\/wp-content\/uploads\/2025\/05\/PlatinumDBL.jpg","type":"image\/jpeg"}],"twitter_card":"summary_large_image","schema":{"@context":"https:\/\/schema.org","@graph":[{"@type":"WebPage","@id":"https:\/\/www.meyer-sports.com\/de\/produkt\/oproshield-platinum-mit-gurt\/","url":"https:\/\/www.meyer-sports.com\/de\/produkt\/oproshield-platinum-mit-gurt\/","name":"OPRO Shield Platinum Mundschutz mit Band - Pro Protection","isPartOf":{"@id":"https:\/\/www.meyer-sports.com\/de\/#website"},"primaryImageOfPage":{"@id":"https:\/\/www.meyer-sports.com\/de\/produkt\/oproshield-platinum-mit-gurt\/#primaryimage"},"image":{"@id":"https:\/\/www.meyer-sports.com\/de\/produkt\/oproshield-platinum-mit-gurt\/#primaryimage"},"thumbnailUrl":"https:\/\/www.meyer-sports.com\/wp-content\/uploads\/2025\/05\/PlatinumDBL.jpg","datePublished":"2025-05-27T14:36:51+00:00","dateModified":"2026-04-13T10:02:04+00:00","description":"Der OPRO Shield Platinum Mundschutz bietet erstklassigen Aufprallschutz, sicheren Sitz und dauerhaften Tragekomfort - ideal f\u00fcr American Football, Flag Football und Kontaktsportarten.","breadcrumb":{"@id":"https:\/\/www.meyer-sports.com\/de\/produkt\/oproshield-platinum-mit-gurt\/#breadcrumb"},"inLanguage":"de","potentialAction":[{"@type":"ReadAction","target":["https:\/\/www.meyer-sports.com\/de\/produkt\/oproshield-platinum-mit-gurt\/"]}]},{"@type":"ImageObject","inLanguage":"de","@id":"https:\/\/www.meyer-sports.com\/de\/produkt\/oproshield-platinum-mit-gurt\/#primaryimage","url":"https:\/\/www.meyer-sports.com\/wp-content\/uploads\/2025\/05\/PlatinumDBL.jpg","contentUrl":"https:\/\/www.meyer-sports.com\/wp-content\/uploads\/2025\/05\/PlatinumDBL.jpg","width":600,"height":358},{"@type":"BreadcrumbList","@id":"https:\/\/www.meyer-sports.com\/de\/produkt\/oproshield-platinum-mit-gurt\/#breadcrumb","itemListElement":[{"@type":"ListItem","position":1,"name":"Home","item":"https:\/\/www.meyer-sports.com\/de\/"},{"@type":"ListItem","position":2,"name":"Shop","item":"https:\/\/www.meyer-sports.com\/de\/shop\/"},{"@type":"ListItem","position":3,"name":"OPROshield Platinum mit Band"}]},{"@type":"WebSite","@id":"https:\/\/www.meyer-sports.com\/de\/#website","url":"https:\/\/www.meyer-sports.com\/de\/","name":"Meyer Sports","description":"American Football Equipment \u2013 Helmets, Shoulder Pads &amp; Gear","publisher":{"@id":"https:\/\/www.meyer-sports.com\/de\/#organization"},"alternateName":"Meyer Marketing","potentialAction":[{"@type":"SearchAction","target":{"@type":"EntryPoint","urlTemplate":"https:\/\/www.meyer-sports.com\/de\/?s={search_term_string}"},"query-input":{"@type":"PropertyValueSpecification","valueRequired":true,"valueName":"search_term_string"}}],"inLanguage":"de"},{"@type":"Organization","@id":"https:\/\/www.meyer-sports.com\/de\/#organization","name":"Meyer Sports","url":"https:\/\/www.meyer-sports.com\/de\/","logo":{"@type":"ImageObject","inLanguage":"de","@id":"https:\/\/www.meyer-sports.com\/de\/#\/schema\/logo\/image\/","url":"https:\/\/www.meyer-sports.com\/wp-content\/uploads\/2025\/08\/cropped-MeyerSports-Wort-Bild-Marke-RGB-Black-Horizontal-2000px.png","contentUrl":"https:\/\/www.meyer-sports.com\/wp-content\/uploads\/2025\/08\/cropped-MeyerSports-Wort-Bild-Marke-RGB-Black-Horizontal-2000px.png","width":1999,"height":263,"caption":"Meyer Sports"},"image":{"@id":"https:\/\/www.meyer-sports.com\/de\/#\/schema\/logo\/image\/"},"sameAs":["https:\/\/www.facebook.com\/profile.php?id=100083396525976"]}]}},"_links":{"self":[{"href":"https:\/\/www.meyer-sports.com\/de\/wp-json\/wp\/v2\/product\/3883","targetHints":{"allow":["GET"]}}],"collection":[{"href":"https:\/\/www.meyer-sports.com\/de\/wp-json\/wp\/v2\/product"}],"about":[{"href":"https:\/\/www.meyer-sports.com\/de\/wp-json\/wp\/v2\/types\/product"}],"replies":[{"embeddable":true,"href":"https:\/\/www.meyer-sports.com\/de\/wp-json\/wp\/v2\/comments?post=3883"}],"wp:featuredmedia":[{"embeddable":true,"href":"https:\/\/www.meyer-sports.com\/de\/wp-json\/wp\/v2\/media\/1265"}],"wp:attachment":[{"href":"https:\/\/www.meyer-sports.com\/de\/wp-json\/wp\/v2\/media?parent=3883"}],"wp:term":[{"taxonomy":"product_brand","embeddable":true,"href":"https:\/\/www.meyer-sports.com\/de\/wp-json\/wp\/v2\/product_brand?post=3883"},{"taxonomy":"product_cat","embeddable":true,"href":"https:\/\/www.meyer-sports.com\/de\/wp-json\/wp\/v2\/product_cat?post=3883"},{"taxonomy":"product_tag","embeddable":true,"href":"https:\/\/www.meyer-sports.com\/de\/wp-json\/wp\/v2\/product_tag?post=3883"}],"curies":[{"name":"wp","href":"https:\/\/api.w.org\/{rel}","templated":true}]}}