{"id":3841,"date":"2025-05-27T16:36:50","date_gmt":"2025-05-27T14:36:50","guid":{"rendered":"https:\/\/www.meyer-sports.com\/produkt\/mm-lineman-handschuhe-jugend\/"},"modified":"2026-04-02T12:22:18","modified_gmt":"2026-04-02T10:22:18","slug":"mm-lineman-handschuhe-jugend","status":"publish","type":"product","link":"https:\/\/www.meyer-sports.com\/de\/produkt\/mm-lineman-handschuhe-jugend\/","title":{"rendered":"MM Lineman Handschuhe Jugend"},"content":{"rendered":"<ul>\n<li>Sto\u00dfd\u00e4mpfende Polsterung f\u00fcr Schutz im Nahkampf <\/li>\n<li>Verbesserte Griffigkeit an Handfl\u00e4chen und Fingern f\u00fcr bessere Kontrolle <\/li>\n<li>Robuste Kunststoffe, die f\u00fcr das harte Spiel ausgelegt sind <\/li>\n<li>Flexible Fingerbeweglichkeit ohne Einbu\u00dfen beim Schutz <\/li>\n<li>Sicherer Verschluss am Handgelenk f\u00fcr einen stabilen Sitz <\/li>\n<\/ul>\n","protected":false},"excerpt":{"rendered":"<p>Sto\u00dfd\u00e4mpfende Polsterung f\u00fcr Schutz im Nahkampf Verbesserte Griffigkeit an Handfl\u00e4chen und Fingern f\u00fcr bessere Kontrolle Robuste Kunststoffe, die f\u00fcr das harte Spiel ausgelegt sind Flexible Fingerbeweglichkeit ohne Einbu\u00dfen beim Schutz Sicherer Verschluss am Handgelenk f\u00fcr einen stabilen Sitz<\/p>\n","protected":false},"featured_media":3093,"comment_status":"open","ping_status":"closed","template":"","meta":{"_acf_changed":false},"product_brand":[389],"product_cat":[326],"product_tag":[],"class_list":{"0":"post-3841","1":"product","2":"type-product","3":"status-publish","4":"has-post-thumbnail","6":"product_brand-mm","7":"product_cat-handschuhe","9":"first","10":"instock","11":"taxable","12":"shipping-taxable","13":"purchasable","14":"product-type-variable"},"acf":[],"yoast_head":"<!-- This site is optimized with the Yoast SEO plugin v27.1.1 - https:\/\/yoast.com\/product\/yoast-seo-wordpress\/ -->\n<title>MM Lineman Handschuhe f\u00fcr junge Spieler - Jetzt bei Meyer Sports!<\/title>\n<meta name=\"description\" content=\"Entdecke die MM Lineman Handschuhe f\u00fcr Jugendliche mit sto\u00dfd\u00e4mpfender Polsterung und verbessertem Griff auf den Handfl\u00e4chen! Hol mit diesen Handschuhen das Beste aus dir heraus! Jetzt bestellen!\" \/>\n<meta name=\"robots\" content=\"index, follow, max-snippet:-1, max-image-preview:large, max-video-preview:-1\" \/>\n<link rel=\"canonical\" href=\"https:\/\/www.meyer-sports.com\/de\/produkt\/mm-lineman-handschuhe-jugend\/\" \/>\n<meta property=\"og:locale\" content=\"de_DE\" \/>\n<meta property=\"og:type\" content=\"article\" \/>\n<meta property=\"og:title\" content=\"MM Lineman Handschuhe f\u00fcr junge Spieler - Jetzt bei Meyer Sports!\" \/>\n<meta property=\"og:description\" content=\"Entdecke die MM Lineman Handschuhe f\u00fcr Jugendliche mit sto\u00dfd\u00e4mpfender Polsterung und verbessertem Griff auf den Handfl\u00e4chen! Hol mit diesen Handschuhen das Beste aus dir heraus! Jetzt bestellen!\" \/>\n<meta property=\"og:url\" content=\"https:\/\/www.meyer-sports.com\/de\/produkt\/mm-lineman-handschuhe-jugend\/\" \/>\n<meta property=\"og:site_name\" content=\"Meyer Sports\" \/>\n<meta property=\"article:publisher\" content=\"https:\/\/www.facebook.com\/profile.php?id=100083396525976\" \/>\n<meta property=\"article:modified_time\" content=\"2026-04-02T10:22:18+00:00\" \/>\n<meta property=\"og:image\" content=\"https:\/\/www.meyer-sports.com\/wp-content\/uploads\/2025\/05\/ML070-BLK-DESKTOP-F2K8RQK.jpg\" \/>\n\t<meta property=\"og:image:width\" content=\"485\" \/>\n\t<meta property=\"og:image:height\" content=\"700\" \/>\n\t<meta property=\"og:image:type\" content=\"image\/jpeg\" \/>\n<meta name=\"twitter:card\" content=\"summary_large_image\" \/>\n<script type=\"application\/ld+json\" class=\"yoast-schema-graph\">{\"@context\":\"https:\/\/schema.org\",\"@graph\":[{\"@type\":\"WebPage\",\"@id\":\"https:\/\/www.meyer-sports.com\/de\/produkt\/mm-lineman-handschuhe-jugend\/\",\"url\":\"https:\/\/www.meyer-sports.com\/de\/produkt\/mm-lineman-handschuhe-jugend\/\",\"name\":\"MM Lineman Handschuhe f\u00fcr junge Spieler - Jetzt bei Meyer Sports!\",\"isPartOf\":{\"@id\":\"https:\/\/www.meyer-sports.com\/de\/#website\"},\"primaryImageOfPage\":{\"@id\":\"https:\/\/www.meyer-sports.com\/de\/produkt\/mm-lineman-handschuhe-jugend\/#primaryimage\"},\"image\":{\"@id\":\"https:\/\/www.meyer-sports.com\/de\/produkt\/mm-lineman-handschuhe-jugend\/#primaryimage\"},\"thumbnailUrl\":\"https:\/\/www.meyer-sports.com\/wp-content\/uploads\/2025\/05\/ML070-BLK-DESKTOP-F2K8RQK.jpg\",\"datePublished\":\"2025-05-27T14:36:50+00:00\",\"dateModified\":\"2026-04-02T10:22:18+00:00\",\"description\":\"Entdecke die MM Lineman Handschuhe f\u00fcr Jugendliche mit sto\u00dfd\u00e4mpfender Polsterung und verbessertem Griff auf den Handfl\u00e4chen! Hol mit diesen Handschuhen das Beste aus dir heraus! Jetzt bestellen!\",\"breadcrumb\":{\"@id\":\"https:\/\/www.meyer-sports.com\/de\/produkt\/mm-lineman-handschuhe-jugend\/#breadcrumb\"},\"inLanguage\":\"de\",\"potentialAction\":[{\"@type\":\"ReadAction\",\"target\":[\"https:\/\/www.meyer-sports.com\/de\/produkt\/mm-lineman-handschuhe-jugend\/\"]}]},{\"@type\":\"ImageObject\",\"inLanguage\":\"de\",\"@id\":\"https:\/\/www.meyer-sports.com\/de\/produkt\/mm-lineman-handschuhe-jugend\/#primaryimage\",\"url\":\"https:\/\/www.meyer-sports.com\/wp-content\/uploads\/2025\/05\/ML070-BLK-DESKTOP-F2K8RQK.jpg\",\"contentUrl\":\"https:\/\/www.meyer-sports.com\/wp-content\/uploads\/2025\/05\/ML070-BLK-DESKTOP-F2K8RQK.jpg\",\"width\":485,\"height\":700},{\"@type\":\"BreadcrumbList\",\"@id\":\"https:\/\/www.meyer-sports.com\/de\/produkt\/mm-lineman-handschuhe-jugend\/#breadcrumb\",\"itemListElement\":[{\"@type\":\"ListItem\",\"position\":1,\"name\":\"Home\",\"item\":\"https:\/\/www.meyer-sports.com\/de\/\"},{\"@type\":\"ListItem\",\"position\":2,\"name\":\"Shop\",\"item\":\"https:\/\/www.meyer-sports.com\/de\/shop\/\"},{\"@type\":\"ListItem\",\"position\":3,\"name\":\"MM Lineman Handschuhe Jugend\"}]},{\"@type\":\"WebSite\",\"@id\":\"https:\/\/www.meyer-sports.com\/de\/#website\",\"url\":\"https:\/\/www.meyer-sports.com\/de\/\",\"name\":\"Meyer Sports\",\"description\":\"American Football Equipment \u2013 Helmets, Shoulder Pads &amp; Gear\",\"publisher\":{\"@id\":\"https:\/\/www.meyer-sports.com\/de\/#organization\"},\"alternateName\":\"Meyer Marketing\",\"potentialAction\":[{\"@type\":\"SearchAction\",\"target\":{\"@type\":\"EntryPoint\",\"urlTemplate\":\"https:\/\/www.meyer-sports.com\/de\/?s={search_term_string}\"},\"query-input\":{\"@type\":\"PropertyValueSpecification\",\"valueRequired\":true,\"valueName\":\"search_term_string\"}}],\"inLanguage\":\"de\"},{\"@type\":\"Organization\",\"@id\":\"https:\/\/www.meyer-sports.com\/de\/#organization\",\"name\":\"Meyer Sports\",\"url\":\"https:\/\/www.meyer-sports.com\/de\/\",\"logo\":{\"@type\":\"ImageObject\",\"inLanguage\":\"de\",\"@id\":\"https:\/\/www.meyer-sports.com\/de\/#\/schema\/logo\/image\/\",\"url\":\"https:\/\/www.meyer-sports.com\/wp-content\/uploads\/2025\/08\/cropped-MeyerSports-Wort-Bild-Marke-RGB-Black-Horizontal-2000px.png\",\"contentUrl\":\"https:\/\/www.meyer-sports.com\/wp-content\/uploads\/2025\/08\/cropped-MeyerSports-Wort-Bild-Marke-RGB-Black-Horizontal-2000px.png\",\"width\":1999,\"height\":263,\"caption\":\"Meyer Sports\"},\"image\":{\"@id\":\"https:\/\/www.meyer-sports.com\/de\/#\/schema\/logo\/image\/\"},\"sameAs\":[\"https:\/\/www.facebook.com\/profile.php?id=100083396525976\"]}]}<\/script>\n<!-- \/ Yoast SEO plugin. -->","yoast_head_json":{"title":"MM Lineman Handschuhe f\u00fcr junge Spieler - Jetzt bei Meyer Sports!","description":"Entdecke die MM Lineman Handschuhe f\u00fcr Jugendliche mit sto\u00dfd\u00e4mpfender Polsterung und verbessertem Griff auf den Handfl\u00e4chen! Hol mit diesen Handschuhen das Beste aus dir heraus! Jetzt bestellen!","robots":{"index":"index","follow":"follow","max-snippet":"max-snippet:-1","max-image-preview":"max-image-preview:large","max-video-preview":"max-video-preview:-1"},"canonical":"https:\/\/www.meyer-sports.com\/de\/produkt\/mm-lineman-handschuhe-jugend\/","og_locale":"de_DE","og_type":"article","og_title":"MM Lineman Handschuhe f\u00fcr junge Spieler - Jetzt bei Meyer Sports!","og_description":"Entdecke die MM Lineman Handschuhe f\u00fcr Jugendliche mit sto\u00dfd\u00e4mpfender Polsterung und verbessertem Griff auf den Handfl\u00e4chen! Hol mit diesen Handschuhen das Beste aus dir heraus! Jetzt bestellen!","og_url":"https:\/\/www.meyer-sports.com\/de\/produkt\/mm-lineman-handschuhe-jugend\/","og_site_name":"Meyer Sports","article_publisher":"https:\/\/www.facebook.com\/profile.php?id=100083396525976","article_modified_time":"2026-04-02T10:22:18+00:00","og_image":[{"width":485,"height":700,"url":"https:\/\/www.meyer-sports.com\/wp-content\/uploads\/2025\/05\/ML070-BLK-DESKTOP-F2K8RQK.jpg","type":"image\/jpeg"}],"twitter_card":"summary_large_image","schema":{"@context":"https:\/\/schema.org","@graph":[{"@type":"WebPage","@id":"https:\/\/www.meyer-sports.com\/de\/produkt\/mm-lineman-handschuhe-jugend\/","url":"https:\/\/www.meyer-sports.com\/de\/produkt\/mm-lineman-handschuhe-jugend\/","name":"MM Lineman Handschuhe f\u00fcr junge Spieler - Jetzt bei Meyer Sports!","isPartOf":{"@id":"https:\/\/www.meyer-sports.com\/de\/#website"},"primaryImageOfPage":{"@id":"https:\/\/www.meyer-sports.com\/de\/produkt\/mm-lineman-handschuhe-jugend\/#primaryimage"},"image":{"@id":"https:\/\/www.meyer-sports.com\/de\/produkt\/mm-lineman-handschuhe-jugend\/#primaryimage"},"thumbnailUrl":"https:\/\/www.meyer-sports.com\/wp-content\/uploads\/2025\/05\/ML070-BLK-DESKTOP-F2K8RQK.jpg","datePublished":"2025-05-27T14:36:50+00:00","dateModified":"2026-04-02T10:22:18+00:00","description":"Entdecke die MM Lineman Handschuhe f\u00fcr Jugendliche mit sto\u00dfd\u00e4mpfender Polsterung und verbessertem Griff auf den Handfl\u00e4chen! Hol mit diesen Handschuhen das Beste aus dir heraus! Jetzt bestellen!","breadcrumb":{"@id":"https:\/\/www.meyer-sports.com\/de\/produkt\/mm-lineman-handschuhe-jugend\/#breadcrumb"},"inLanguage":"de","potentialAction":[{"@type":"ReadAction","target":["https:\/\/www.meyer-sports.com\/de\/produkt\/mm-lineman-handschuhe-jugend\/"]}]},{"@type":"ImageObject","inLanguage":"de","@id":"https:\/\/www.meyer-sports.com\/de\/produkt\/mm-lineman-handschuhe-jugend\/#primaryimage","url":"https:\/\/www.meyer-sports.com\/wp-content\/uploads\/2025\/05\/ML070-BLK-DESKTOP-F2K8RQK.jpg","contentUrl":"https:\/\/www.meyer-sports.com\/wp-content\/uploads\/2025\/05\/ML070-BLK-DESKTOP-F2K8RQK.jpg","width":485,"height":700},{"@type":"BreadcrumbList","@id":"https:\/\/www.meyer-sports.com\/de\/produkt\/mm-lineman-handschuhe-jugend\/#breadcrumb","itemListElement":[{"@type":"ListItem","position":1,"name":"Home","item":"https:\/\/www.meyer-sports.com\/de\/"},{"@type":"ListItem","position":2,"name":"Shop","item":"https:\/\/www.meyer-sports.com\/de\/shop\/"},{"@type":"ListItem","position":3,"name":"MM Lineman Handschuhe Jugend"}]},{"@type":"WebSite","@id":"https:\/\/www.meyer-sports.com\/de\/#website","url":"https:\/\/www.meyer-sports.com\/de\/","name":"Meyer Sports","description":"American Football Equipment \u2013 Helmets, Shoulder Pads &amp; Gear","publisher":{"@id":"https:\/\/www.meyer-sports.com\/de\/#organization"},"alternateName":"Meyer Marketing","potentialAction":[{"@type":"SearchAction","target":{"@type":"EntryPoint","urlTemplate":"https:\/\/www.meyer-sports.com\/de\/?s={search_term_string}"},"query-input":{"@type":"PropertyValueSpecification","valueRequired":true,"valueName":"search_term_string"}}],"inLanguage":"de"},{"@type":"Organization","@id":"https:\/\/www.meyer-sports.com\/de\/#organization","name":"Meyer Sports","url":"https:\/\/www.meyer-sports.com\/de\/","logo":{"@type":"ImageObject","inLanguage":"de","@id":"https:\/\/www.meyer-sports.com\/de\/#\/schema\/logo\/image\/","url":"https:\/\/www.meyer-sports.com\/wp-content\/uploads\/2025\/08\/cropped-MeyerSports-Wort-Bild-Marke-RGB-Black-Horizontal-2000px.png","contentUrl":"https:\/\/www.meyer-sports.com\/wp-content\/uploads\/2025\/08\/cropped-MeyerSports-Wort-Bild-Marke-RGB-Black-Horizontal-2000px.png","width":1999,"height":263,"caption":"Meyer Sports"},"image":{"@id":"https:\/\/www.meyer-sports.com\/de\/#\/schema\/logo\/image\/"},"sameAs":["https:\/\/www.facebook.com\/profile.php?id=100083396525976"]}]}},"_links":{"self":[{"href":"https:\/\/www.meyer-sports.com\/de\/wp-json\/wp\/v2\/product\/3841","targetHints":{"allow":["GET"]}}],"collection":[{"href":"https:\/\/www.meyer-sports.com\/de\/wp-json\/wp\/v2\/product"}],"about":[{"href":"https:\/\/www.meyer-sports.com\/de\/wp-json\/wp\/v2\/types\/product"}],"replies":[{"embeddable":true,"href":"https:\/\/www.meyer-sports.com\/de\/wp-json\/wp\/v2\/comments?post=3841"}],"wp:featuredmedia":[{"embeddable":true,"href":"https:\/\/www.meyer-sports.com\/de\/wp-json\/wp\/v2\/media\/3093"}],"wp:attachment":[{"href":"https:\/\/www.meyer-sports.com\/de\/wp-json\/wp\/v2\/media?parent=3841"}],"wp:term":[{"taxonomy":"product_brand","embeddable":true,"href":"https:\/\/www.meyer-sports.com\/de\/wp-json\/wp\/v2\/product_brand?post=3841"},{"taxonomy":"product_cat","embeddable":true,"href":"https:\/\/www.meyer-sports.com\/de\/wp-json\/wp\/v2\/product_cat?post=3841"},{"taxonomy":"product_tag","embeddable":true,"href":"https:\/\/www.meyer-sports.com\/de\/wp-json\/wp\/v2\/product_tag?post=3841"}],"curies":[{"name":"wp","href":"https:\/\/api.w.org\/{rel}","templated":true}]}}