{"id":3840,"date":"2025-05-27T16:36:50","date_gmt":"2025-05-27T14:36:50","guid":{"rendered":"https:\/\/www.meyer-sports.com\/produkt\/xenith-receiver-handschuhe-jugend\/"},"modified":"2026-04-02T11:13:52","modified_gmt":"2026-04-02T09:13:52","slug":"xenith-receiver-handschuhe-jugend","status":"publish","type":"product","link":"https:\/\/www.meyer-sports.com\/de\/produkt\/xenith-receiver-handschuhe-jugend\/","title":{"rendered":"XENITH Receiver Handschuhe Jugend"},"content":{"rendered":"<ul>\n<li>Hervorragender Grip bei jedem Wetter f\u00fcr sichere F\u00e4nge <\/li>\n<li>Atmungsaktive, leichte Verarbeitung h\u00e4lt die H\u00e4nde k\u00fchl <\/li>\n<li>Bequeme, nat\u00fcrliche Passform f\u00fcr uneingeschr\u00e4nkte Bewegungsfreiheit <\/li>\n<li>Verstellbare Handgelenksriemen f\u00fcr einen sichere, individuellen Sitz <\/li>\n<li>Robuste Materialien, speziell f\u00fcr den Einsatz im Jugendbereich entwickelt <\/li>\n<\/ul>\n","protected":false},"excerpt":{"rendered":"<p>Hervorragender Grip bei jedem Wetter f\u00fcr sichere F\u00e4nge Atmungsaktive, leichte Verarbeitung h\u00e4lt die H\u00e4nde k\u00fchl Bequeme, nat\u00fcrliche Passform f\u00fcr uneingeschr\u00e4nkte Bewegungsfreiheit Verstellbare Handgelenksriemen f\u00fcr einen sichere, individuellen Sitz Robuste Materialien, speziell f\u00fcr den Einsatz im Jugendbereich entwickelt<\/p>\n","protected":false},"featured_media":1131,"comment_status":"open","ping_status":"closed","template":"","meta":{"_acf_changed":false},"product_brand":[394],"product_cat":[323,326],"product_tag":[],"class_list":{"0":"post-3840","1":"product","2":"type-product","3":"status-publish","4":"has-post-thumbnail","6":"product_brand-xenith","7":"product_cat-verkauf-de-2","8":"product_cat-handschuhe","10":"first","11":"instock","12":"sale","13":"taxable","14":"shipping-taxable","15":"purchasable","16":"product-type-variable"},"acf":[],"yoast_head":"<!-- This site is optimized with the Yoast SEO plugin v27.1.1 - https:\/\/yoast.com\/product\/yoast-seo-wordpress\/ -->\n<title>Xenith Jugendhandschuhe - Elite-Grip f\u00fcr junge Spieler - Meyer Sports<\/title>\n<meta name=\"description\" content=\"Leichte Xenith Jugendhandschuhe f\u00fcr Receiver mit hervorragendem Grip, atmungsaktivem Tragekomfort und einer sicheren, verstellbaren Passform f\u00fcr junge Sportler. Jetzt im Angebot bei Meyer Sports!\" \/>\n<meta name=\"robots\" content=\"index, follow, max-snippet:-1, max-image-preview:large, max-video-preview:-1\" \/>\n<link rel=\"canonical\" href=\"https:\/\/www.meyer-sports.com\/de\/produkt\/xenith-receiver-handschuhe-jugend\/\" \/>\n<meta property=\"og:locale\" content=\"de_DE\" \/>\n<meta property=\"og:type\" content=\"article\" \/>\n<meta property=\"og:title\" content=\"Xenith Jugendhandschuhe - Elite-Grip f\u00fcr junge Spieler - Meyer Sports\" \/>\n<meta property=\"og:description\" content=\"Leichte Xenith Jugendhandschuhe f\u00fcr Receiver mit hervorragendem Grip, atmungsaktivem Tragekomfort und einer sicheren, verstellbaren Passform f\u00fcr junge Sportler. Jetzt im Angebot bei Meyer Sports!\" \/>\n<meta property=\"og:url\" content=\"https:\/\/www.meyer-sports.com\/de\/produkt\/xenith-receiver-handschuhe-jugend\/\" \/>\n<meta property=\"og:site_name\" content=\"Meyer Sports\" \/>\n<meta property=\"article:publisher\" content=\"https:\/\/www.facebook.com\/profile.php?id=100083396525976\" \/>\n<meta property=\"article:modified_time\" content=\"2026-04-02T09:13:52+00:00\" \/>\n<meta property=\"og:image\" content=\"https:\/\/www.meyer-sports.com\/wp-content\/uploads\/2025\/05\/GY01.jpg\" \/>\n\t<meta property=\"og:image:width\" content=\"400\" \/>\n\t<meta property=\"og:image:height\" content=\"400\" \/>\n\t<meta property=\"og:image:type\" content=\"image\/jpeg\" \/>\n<meta name=\"twitter:card\" content=\"summary_large_image\" \/>\n<script type=\"application\/ld+json\" class=\"yoast-schema-graph\">{\"@context\":\"https:\/\/schema.org\",\"@graph\":[{\"@type\":\"WebPage\",\"@id\":\"https:\/\/www.meyer-sports.com\/de\/produkt\/xenith-receiver-handschuhe-jugend\/\",\"url\":\"https:\/\/www.meyer-sports.com\/de\/produkt\/xenith-receiver-handschuhe-jugend\/\",\"name\":\"Xenith Jugendhandschuhe - Elite-Grip f\u00fcr junge Spieler - Meyer Sports\",\"isPartOf\":{\"@id\":\"https:\/\/www.meyer-sports.com\/de\/#website\"},\"primaryImageOfPage\":{\"@id\":\"https:\/\/www.meyer-sports.com\/de\/produkt\/xenith-receiver-handschuhe-jugend\/#primaryimage\"},\"image\":{\"@id\":\"https:\/\/www.meyer-sports.com\/de\/produkt\/xenith-receiver-handschuhe-jugend\/#primaryimage\"},\"thumbnailUrl\":\"https:\/\/www.meyer-sports.com\/wp-content\/uploads\/2025\/05\/GY01.jpg\",\"datePublished\":\"2025-05-27T14:36:50+00:00\",\"dateModified\":\"2026-04-02T09:13:52+00:00\",\"description\":\"Leichte Xenith Jugendhandschuhe f\u00fcr Receiver mit hervorragendem Grip, atmungsaktivem Tragekomfort und einer sicheren, verstellbaren Passform f\u00fcr junge Sportler. Jetzt im Angebot bei Meyer Sports!\",\"breadcrumb\":{\"@id\":\"https:\/\/www.meyer-sports.com\/de\/produkt\/xenith-receiver-handschuhe-jugend\/#breadcrumb\"},\"inLanguage\":\"de\",\"potentialAction\":[{\"@type\":\"ReadAction\",\"target\":[\"https:\/\/www.meyer-sports.com\/de\/produkt\/xenith-receiver-handschuhe-jugend\/\"]}]},{\"@type\":\"ImageObject\",\"inLanguage\":\"de\",\"@id\":\"https:\/\/www.meyer-sports.com\/de\/produkt\/xenith-receiver-handschuhe-jugend\/#primaryimage\",\"url\":\"https:\/\/www.meyer-sports.com\/wp-content\/uploads\/2025\/05\/GY01.jpg\",\"contentUrl\":\"https:\/\/www.meyer-sports.com\/wp-content\/uploads\/2025\/05\/GY01.jpg\",\"width\":400,\"height\":400},{\"@type\":\"BreadcrumbList\",\"@id\":\"https:\/\/www.meyer-sports.com\/de\/produkt\/xenith-receiver-handschuhe-jugend\/#breadcrumb\",\"itemListElement\":[{\"@type\":\"ListItem\",\"position\":1,\"name\":\"Home\",\"item\":\"https:\/\/www.meyer-sports.com\/de\/\"},{\"@type\":\"ListItem\",\"position\":2,\"name\":\"Shop\",\"item\":\"https:\/\/www.meyer-sports.com\/de\/shop\/\"},{\"@type\":\"ListItem\",\"position\":3,\"name\":\"XENITH Receiver Handschuhe Jugend\"}]},{\"@type\":\"WebSite\",\"@id\":\"https:\/\/www.meyer-sports.com\/de\/#website\",\"url\":\"https:\/\/www.meyer-sports.com\/de\/\",\"name\":\"Meyer Sports\",\"description\":\"American Football Equipment \u2013 Helmets, Shoulder Pads &amp; Gear\",\"publisher\":{\"@id\":\"https:\/\/www.meyer-sports.com\/de\/#organization\"},\"alternateName\":\"Meyer Marketing\",\"potentialAction\":[{\"@type\":\"SearchAction\",\"target\":{\"@type\":\"EntryPoint\",\"urlTemplate\":\"https:\/\/www.meyer-sports.com\/de\/?s={search_term_string}\"},\"query-input\":{\"@type\":\"PropertyValueSpecification\",\"valueRequired\":true,\"valueName\":\"search_term_string\"}}],\"inLanguage\":\"de\"},{\"@type\":\"Organization\",\"@id\":\"https:\/\/www.meyer-sports.com\/de\/#organization\",\"name\":\"Meyer Sports\",\"url\":\"https:\/\/www.meyer-sports.com\/de\/\",\"logo\":{\"@type\":\"ImageObject\",\"inLanguage\":\"de\",\"@id\":\"https:\/\/www.meyer-sports.com\/de\/#\/schema\/logo\/image\/\",\"url\":\"https:\/\/www.meyer-sports.com\/wp-content\/uploads\/2025\/08\/cropped-MeyerSports-Wort-Bild-Marke-RGB-Black-Horizontal-2000px.png\",\"contentUrl\":\"https:\/\/www.meyer-sports.com\/wp-content\/uploads\/2025\/08\/cropped-MeyerSports-Wort-Bild-Marke-RGB-Black-Horizontal-2000px.png\",\"width\":1999,\"height\":263,\"caption\":\"Meyer Sports\"},\"image\":{\"@id\":\"https:\/\/www.meyer-sports.com\/de\/#\/schema\/logo\/image\/\"},\"sameAs\":[\"https:\/\/www.facebook.com\/profile.php?id=100083396525976\"]}]}<\/script>\n<!-- \/ Yoast SEO plugin. -->","yoast_head_json":{"title":"Xenith Jugendhandschuhe - Elite-Grip f\u00fcr junge Spieler - Meyer Sports","description":"Leichte Xenith Jugendhandschuhe f\u00fcr Receiver mit hervorragendem Grip, atmungsaktivem Tragekomfort und einer sicheren, verstellbaren Passform f\u00fcr junge Sportler. Jetzt im Angebot bei Meyer Sports!","robots":{"index":"index","follow":"follow","max-snippet":"max-snippet:-1","max-image-preview":"max-image-preview:large","max-video-preview":"max-video-preview:-1"},"canonical":"https:\/\/www.meyer-sports.com\/de\/produkt\/xenith-receiver-handschuhe-jugend\/","og_locale":"de_DE","og_type":"article","og_title":"Xenith Jugendhandschuhe - Elite-Grip f\u00fcr junge Spieler - Meyer Sports","og_description":"Leichte Xenith Jugendhandschuhe f\u00fcr Receiver mit hervorragendem Grip, atmungsaktivem Tragekomfort und einer sicheren, verstellbaren Passform f\u00fcr junge Sportler. Jetzt im Angebot bei Meyer Sports!","og_url":"https:\/\/www.meyer-sports.com\/de\/produkt\/xenith-receiver-handschuhe-jugend\/","og_site_name":"Meyer Sports","article_publisher":"https:\/\/www.facebook.com\/profile.php?id=100083396525976","article_modified_time":"2026-04-02T09:13:52+00:00","og_image":[{"width":400,"height":400,"url":"https:\/\/www.meyer-sports.com\/wp-content\/uploads\/2025\/05\/GY01.jpg","type":"image\/jpeg"}],"twitter_card":"summary_large_image","schema":{"@context":"https:\/\/schema.org","@graph":[{"@type":"WebPage","@id":"https:\/\/www.meyer-sports.com\/de\/produkt\/xenith-receiver-handschuhe-jugend\/","url":"https:\/\/www.meyer-sports.com\/de\/produkt\/xenith-receiver-handschuhe-jugend\/","name":"Xenith Jugendhandschuhe - Elite-Grip f\u00fcr junge Spieler - Meyer Sports","isPartOf":{"@id":"https:\/\/www.meyer-sports.com\/de\/#website"},"primaryImageOfPage":{"@id":"https:\/\/www.meyer-sports.com\/de\/produkt\/xenith-receiver-handschuhe-jugend\/#primaryimage"},"image":{"@id":"https:\/\/www.meyer-sports.com\/de\/produkt\/xenith-receiver-handschuhe-jugend\/#primaryimage"},"thumbnailUrl":"https:\/\/www.meyer-sports.com\/wp-content\/uploads\/2025\/05\/GY01.jpg","datePublished":"2025-05-27T14:36:50+00:00","dateModified":"2026-04-02T09:13:52+00:00","description":"Leichte Xenith Jugendhandschuhe f\u00fcr Receiver mit hervorragendem Grip, atmungsaktivem Tragekomfort und einer sicheren, verstellbaren Passform f\u00fcr junge Sportler. Jetzt im Angebot bei Meyer Sports!","breadcrumb":{"@id":"https:\/\/www.meyer-sports.com\/de\/produkt\/xenith-receiver-handschuhe-jugend\/#breadcrumb"},"inLanguage":"de","potentialAction":[{"@type":"ReadAction","target":["https:\/\/www.meyer-sports.com\/de\/produkt\/xenith-receiver-handschuhe-jugend\/"]}]},{"@type":"ImageObject","inLanguage":"de","@id":"https:\/\/www.meyer-sports.com\/de\/produkt\/xenith-receiver-handschuhe-jugend\/#primaryimage","url":"https:\/\/www.meyer-sports.com\/wp-content\/uploads\/2025\/05\/GY01.jpg","contentUrl":"https:\/\/www.meyer-sports.com\/wp-content\/uploads\/2025\/05\/GY01.jpg","width":400,"height":400},{"@type":"BreadcrumbList","@id":"https:\/\/www.meyer-sports.com\/de\/produkt\/xenith-receiver-handschuhe-jugend\/#breadcrumb","itemListElement":[{"@type":"ListItem","position":1,"name":"Home","item":"https:\/\/www.meyer-sports.com\/de\/"},{"@type":"ListItem","position":2,"name":"Shop","item":"https:\/\/www.meyer-sports.com\/de\/shop\/"},{"@type":"ListItem","position":3,"name":"XENITH Receiver Handschuhe Jugend"}]},{"@type":"WebSite","@id":"https:\/\/www.meyer-sports.com\/de\/#website","url":"https:\/\/www.meyer-sports.com\/de\/","name":"Meyer Sports","description":"American Football Equipment \u2013 Helmets, Shoulder Pads &amp; Gear","publisher":{"@id":"https:\/\/www.meyer-sports.com\/de\/#organization"},"alternateName":"Meyer Marketing","potentialAction":[{"@type":"SearchAction","target":{"@type":"EntryPoint","urlTemplate":"https:\/\/www.meyer-sports.com\/de\/?s={search_term_string}"},"query-input":{"@type":"PropertyValueSpecification","valueRequired":true,"valueName":"search_term_string"}}],"inLanguage":"de"},{"@type":"Organization","@id":"https:\/\/www.meyer-sports.com\/de\/#organization","name":"Meyer Sports","url":"https:\/\/www.meyer-sports.com\/de\/","logo":{"@type":"ImageObject","inLanguage":"de","@id":"https:\/\/www.meyer-sports.com\/de\/#\/schema\/logo\/image\/","url":"https:\/\/www.meyer-sports.com\/wp-content\/uploads\/2025\/08\/cropped-MeyerSports-Wort-Bild-Marke-RGB-Black-Horizontal-2000px.png","contentUrl":"https:\/\/www.meyer-sports.com\/wp-content\/uploads\/2025\/08\/cropped-MeyerSports-Wort-Bild-Marke-RGB-Black-Horizontal-2000px.png","width":1999,"height":263,"caption":"Meyer Sports"},"image":{"@id":"https:\/\/www.meyer-sports.com\/de\/#\/schema\/logo\/image\/"},"sameAs":["https:\/\/www.facebook.com\/profile.php?id=100083396525976"]}]}},"_links":{"self":[{"href":"https:\/\/www.meyer-sports.com\/de\/wp-json\/wp\/v2\/product\/3840","targetHints":{"allow":["GET"]}}],"collection":[{"href":"https:\/\/www.meyer-sports.com\/de\/wp-json\/wp\/v2\/product"}],"about":[{"href":"https:\/\/www.meyer-sports.com\/de\/wp-json\/wp\/v2\/types\/product"}],"replies":[{"embeddable":true,"href":"https:\/\/www.meyer-sports.com\/de\/wp-json\/wp\/v2\/comments?post=3840"}],"wp:featuredmedia":[{"embeddable":true,"href":"https:\/\/www.meyer-sports.com\/de\/wp-json\/wp\/v2\/media\/1131"}],"wp:attachment":[{"href":"https:\/\/www.meyer-sports.com\/de\/wp-json\/wp\/v2\/media?parent=3840"}],"wp:term":[{"taxonomy":"product_brand","embeddable":true,"href":"https:\/\/www.meyer-sports.com\/de\/wp-json\/wp\/v2\/product_brand?post=3840"},{"taxonomy":"product_cat","embeddable":true,"href":"https:\/\/www.meyer-sports.com\/de\/wp-json\/wp\/v2\/product_cat?post=3840"},{"taxonomy":"product_tag","embeddable":true,"href":"https:\/\/www.meyer-sports.com\/de\/wp-json\/wp\/v2\/product_tag?post=3840"}],"curies":[{"name":"wp","href":"https:\/\/api.w.org\/{rel}","templated":true}]}}