{"id":3829,"date":"2025-05-27T16:36:50","date_gmt":"2025-05-27T14:36:50","guid":{"rendered":"https:\/\/www.meyer-sports.com\/produkt\/mm-receiver-handschuhe-jugend\/"},"modified":"2026-04-02T12:26:45","modified_gmt":"2026-04-02T10:26:45","slug":"mm-receiver-handschuhe-jugend","status":"publish","type":"product","link":"https:\/\/www.meyer-sports.com\/de\/produkt\/mm-receiver-handschuhe-jugend\/","title":{"rendered":"MM Receiver Handschuhe Jugend"},"content":{"rendered":"<ul>\n<li>Handfl\u00e4che mit griffiger Struktur f\u00fcr sichere F\u00e4nge und bessere Ballkontrolle <\/li>\n<li>Leichtes F\u00e4nger-Design, ideal f\u00fcr die schnellen Handbewegungen junger Spieler <\/li>\n<li>Verstellbarer Handgelenksriemen f\u00fcr einen stabilen, individuellen Sitz <\/li>\n<li>Robuste Verarbeitung, geeignet f\u00fcr wiederholtes Training und Spiele im Jugendbereich <\/li>\n<li>Bequeme Passform, die Selbstvertrauen und konstante Leistung f\u00f6rdert <\/li>\n<\/ul>\n","protected":false},"excerpt":{"rendered":"<p>Handfl\u00e4che mit griffiger Struktur f\u00fcr sichere F\u00e4nge und bessere Ballkontrolle Leichtes F\u00e4nger-Design, ideal f\u00fcr die schnellen Handbewegungen junger Spieler Verstellbarer Handgelenksriemen f\u00fcr einen stabilen, individuellen Sitz Robuste Verarbeitung, geeignet f\u00fcr wiederholtes Training und Spiele im Jugendbereich Bequeme Passform, die Selbstvertrauen und konstante Leistung f\u00f6rdert<\/p>\n","protected":false},"featured_media":1147,"comment_status":"open","ping_status":"closed","template":"","meta":{"_acf_changed":false},"product_brand":[389],"product_cat":[326],"product_tag":[],"class_list":{"0":"post-3829","1":"product","2":"type-product","3":"status-publish","4":"has-post-thumbnail","6":"product_brand-mm","7":"product_cat-handschuhe","9":"first","10":"instock","11":"taxable","12":"shipping-taxable","13":"purchasable","14":"product-type-variable"},"acf":[],"yoast_head":"<!-- This site is optimized with the Yoast SEO plugin v27.1.1 - https:\/\/yoast.com\/product\/yoast-seo-wordpress\/ -->\n<title>MM Jugend Receiver Handschuhe - Griffigkeit f\u00fcr junge Spieler - Meyer Sports<\/title>\n<meta name=\"description\" content=\"Leichte MM Jugend Receiver Handschuhe mit griffiger Oberfl\u00e4che, sicherem Sitz und langlebigem Tragekomfort f\u00fcr junge Footballspieler. Hole dir jetzt deine Handschuhe bei Meyer Sports!\" \/>\n<meta name=\"robots\" content=\"index, follow, max-snippet:-1, max-image-preview:large, max-video-preview:-1\" \/>\n<link rel=\"canonical\" href=\"https:\/\/www.meyer-sports.com\/de\/produkt\/mm-receiver-handschuhe-jugend\/\" \/>\n<meta property=\"og:locale\" content=\"de_DE\" \/>\n<meta property=\"og:type\" content=\"article\" \/>\n<meta property=\"og:title\" content=\"MM Jugend Receiver Handschuhe - Griffigkeit f\u00fcr junge Spieler - Meyer Sports\" \/>\n<meta property=\"og:description\" content=\"Leichte MM Jugend Receiver Handschuhe mit griffiger Oberfl\u00e4che, sicherem Sitz und langlebigem Tragekomfort f\u00fcr junge Footballspieler. Hole dir jetzt deine Handschuhe bei Meyer Sports!\" \/>\n<meta property=\"og:url\" content=\"https:\/\/www.meyer-sports.com\/de\/produkt\/mm-receiver-handschuhe-jugend\/\" \/>\n<meta property=\"og:site_name\" content=\"Meyer Sports\" \/>\n<meta property=\"article:publisher\" content=\"https:\/\/www.facebook.com\/profile.php?id=100083396525976\" \/>\n<meta property=\"article:modified_time\" content=\"2026-04-02T10:26:45+00:00\" \/>\n<meta property=\"og:image\" content=\"https:\/\/www.meyer-sports.com\/wp-content\/uploads\/2025\/05\/MR060Y.jpg\" \/>\n\t<meta property=\"og:image:width\" content=\"485\" \/>\n\t<meta property=\"og:image:height\" content=\"700\" \/>\n\t<meta property=\"og:image:type\" content=\"image\/jpeg\" \/>\n<meta name=\"twitter:card\" content=\"summary_large_image\" \/>\n<script type=\"application\/ld+json\" class=\"yoast-schema-graph\">{\"@context\":\"https:\/\/schema.org\",\"@graph\":[{\"@type\":\"WebPage\",\"@id\":\"https:\/\/www.meyer-sports.com\/de\/produkt\/mm-receiver-handschuhe-jugend\/\",\"url\":\"https:\/\/www.meyer-sports.com\/de\/produkt\/mm-receiver-handschuhe-jugend\/\",\"name\":\"MM Jugend Receiver Handschuhe - Griffigkeit f\u00fcr junge Spieler - Meyer Sports\",\"isPartOf\":{\"@id\":\"https:\/\/www.meyer-sports.com\/de\/#website\"},\"primaryImageOfPage\":{\"@id\":\"https:\/\/www.meyer-sports.com\/de\/produkt\/mm-receiver-handschuhe-jugend\/#primaryimage\"},\"image\":{\"@id\":\"https:\/\/www.meyer-sports.com\/de\/produkt\/mm-receiver-handschuhe-jugend\/#primaryimage\"},\"thumbnailUrl\":\"https:\/\/www.meyer-sports.com\/wp-content\/uploads\/2025\/05\/MR060Y.jpg\",\"datePublished\":\"2025-05-27T14:36:50+00:00\",\"dateModified\":\"2026-04-02T10:26:45+00:00\",\"description\":\"Leichte MM Jugend Receiver Handschuhe mit griffiger Oberfl\u00e4che, sicherem Sitz und langlebigem Tragekomfort f\u00fcr junge Footballspieler. Hole dir jetzt deine Handschuhe bei Meyer Sports!\",\"breadcrumb\":{\"@id\":\"https:\/\/www.meyer-sports.com\/de\/produkt\/mm-receiver-handschuhe-jugend\/#breadcrumb\"},\"inLanguage\":\"de\",\"potentialAction\":[{\"@type\":\"ReadAction\",\"target\":[\"https:\/\/www.meyer-sports.com\/de\/produkt\/mm-receiver-handschuhe-jugend\/\"]}]},{\"@type\":\"ImageObject\",\"inLanguage\":\"de\",\"@id\":\"https:\/\/www.meyer-sports.com\/de\/produkt\/mm-receiver-handschuhe-jugend\/#primaryimage\",\"url\":\"https:\/\/www.meyer-sports.com\/wp-content\/uploads\/2025\/05\/MR060Y.jpg\",\"contentUrl\":\"https:\/\/www.meyer-sports.com\/wp-content\/uploads\/2025\/05\/MR060Y.jpg\",\"width\":485,\"height\":700},{\"@type\":\"BreadcrumbList\",\"@id\":\"https:\/\/www.meyer-sports.com\/de\/produkt\/mm-receiver-handschuhe-jugend\/#breadcrumb\",\"itemListElement\":[{\"@type\":\"ListItem\",\"position\":1,\"name\":\"Home\",\"item\":\"https:\/\/www.meyer-sports.com\/de\/\"},{\"@type\":\"ListItem\",\"position\":2,\"name\":\"Shop\",\"item\":\"https:\/\/www.meyer-sports.com\/de\/shop\/\"},{\"@type\":\"ListItem\",\"position\":3,\"name\":\"MM Receiver Handschuhe Jugend\"}]},{\"@type\":\"WebSite\",\"@id\":\"https:\/\/www.meyer-sports.com\/de\/#website\",\"url\":\"https:\/\/www.meyer-sports.com\/de\/\",\"name\":\"Meyer Sports\",\"description\":\"American Football Equipment \u2013 Helmets, Shoulder Pads &amp; Gear\",\"publisher\":{\"@id\":\"https:\/\/www.meyer-sports.com\/de\/#organization\"},\"alternateName\":\"Meyer Marketing\",\"potentialAction\":[{\"@type\":\"SearchAction\",\"target\":{\"@type\":\"EntryPoint\",\"urlTemplate\":\"https:\/\/www.meyer-sports.com\/de\/?s={search_term_string}\"},\"query-input\":{\"@type\":\"PropertyValueSpecification\",\"valueRequired\":true,\"valueName\":\"search_term_string\"}}],\"inLanguage\":\"de\"},{\"@type\":\"Organization\",\"@id\":\"https:\/\/www.meyer-sports.com\/de\/#organization\",\"name\":\"Meyer Sports\",\"url\":\"https:\/\/www.meyer-sports.com\/de\/\",\"logo\":{\"@type\":\"ImageObject\",\"inLanguage\":\"de\",\"@id\":\"https:\/\/www.meyer-sports.com\/de\/#\/schema\/logo\/image\/\",\"url\":\"https:\/\/www.meyer-sports.com\/wp-content\/uploads\/2025\/08\/cropped-MeyerSports-Wort-Bild-Marke-RGB-Black-Horizontal-2000px.png\",\"contentUrl\":\"https:\/\/www.meyer-sports.com\/wp-content\/uploads\/2025\/08\/cropped-MeyerSports-Wort-Bild-Marke-RGB-Black-Horizontal-2000px.png\",\"width\":1999,\"height\":263,\"caption\":\"Meyer Sports\"},\"image\":{\"@id\":\"https:\/\/www.meyer-sports.com\/de\/#\/schema\/logo\/image\/\"},\"sameAs\":[\"https:\/\/www.facebook.com\/profile.php?id=100083396525976\"]}]}<\/script>\n<!-- \/ Yoast SEO plugin. -->","yoast_head_json":{"title":"MM Jugend Receiver Handschuhe - Griffigkeit f\u00fcr junge Spieler - Meyer Sports","description":"Leichte MM Jugend Receiver Handschuhe mit griffiger Oberfl\u00e4che, sicherem Sitz und langlebigem Tragekomfort f\u00fcr junge Footballspieler. Hole dir jetzt deine Handschuhe bei Meyer Sports!","robots":{"index":"index","follow":"follow","max-snippet":"max-snippet:-1","max-image-preview":"max-image-preview:large","max-video-preview":"max-video-preview:-1"},"canonical":"https:\/\/www.meyer-sports.com\/de\/produkt\/mm-receiver-handschuhe-jugend\/","og_locale":"de_DE","og_type":"article","og_title":"MM Jugend Receiver Handschuhe - Griffigkeit f\u00fcr junge Spieler - Meyer Sports","og_description":"Leichte MM Jugend Receiver Handschuhe mit griffiger Oberfl\u00e4che, sicherem Sitz und langlebigem Tragekomfort f\u00fcr junge Footballspieler. Hole dir jetzt deine Handschuhe bei Meyer Sports!","og_url":"https:\/\/www.meyer-sports.com\/de\/produkt\/mm-receiver-handschuhe-jugend\/","og_site_name":"Meyer Sports","article_publisher":"https:\/\/www.facebook.com\/profile.php?id=100083396525976","article_modified_time":"2026-04-02T10:26:45+00:00","og_image":[{"width":485,"height":700,"url":"https:\/\/www.meyer-sports.com\/wp-content\/uploads\/2025\/05\/MR060Y.jpg","type":"image\/jpeg"}],"twitter_card":"summary_large_image","schema":{"@context":"https:\/\/schema.org","@graph":[{"@type":"WebPage","@id":"https:\/\/www.meyer-sports.com\/de\/produkt\/mm-receiver-handschuhe-jugend\/","url":"https:\/\/www.meyer-sports.com\/de\/produkt\/mm-receiver-handschuhe-jugend\/","name":"MM Jugend Receiver Handschuhe - Griffigkeit f\u00fcr junge Spieler - Meyer Sports","isPartOf":{"@id":"https:\/\/www.meyer-sports.com\/de\/#website"},"primaryImageOfPage":{"@id":"https:\/\/www.meyer-sports.com\/de\/produkt\/mm-receiver-handschuhe-jugend\/#primaryimage"},"image":{"@id":"https:\/\/www.meyer-sports.com\/de\/produkt\/mm-receiver-handschuhe-jugend\/#primaryimage"},"thumbnailUrl":"https:\/\/www.meyer-sports.com\/wp-content\/uploads\/2025\/05\/MR060Y.jpg","datePublished":"2025-05-27T14:36:50+00:00","dateModified":"2026-04-02T10:26:45+00:00","description":"Leichte MM Jugend Receiver Handschuhe mit griffiger Oberfl\u00e4che, sicherem Sitz und langlebigem Tragekomfort f\u00fcr junge Footballspieler. Hole dir jetzt deine Handschuhe bei Meyer Sports!","breadcrumb":{"@id":"https:\/\/www.meyer-sports.com\/de\/produkt\/mm-receiver-handschuhe-jugend\/#breadcrumb"},"inLanguage":"de","potentialAction":[{"@type":"ReadAction","target":["https:\/\/www.meyer-sports.com\/de\/produkt\/mm-receiver-handschuhe-jugend\/"]}]},{"@type":"ImageObject","inLanguage":"de","@id":"https:\/\/www.meyer-sports.com\/de\/produkt\/mm-receiver-handschuhe-jugend\/#primaryimage","url":"https:\/\/www.meyer-sports.com\/wp-content\/uploads\/2025\/05\/MR060Y.jpg","contentUrl":"https:\/\/www.meyer-sports.com\/wp-content\/uploads\/2025\/05\/MR060Y.jpg","width":485,"height":700},{"@type":"BreadcrumbList","@id":"https:\/\/www.meyer-sports.com\/de\/produkt\/mm-receiver-handschuhe-jugend\/#breadcrumb","itemListElement":[{"@type":"ListItem","position":1,"name":"Home","item":"https:\/\/www.meyer-sports.com\/de\/"},{"@type":"ListItem","position":2,"name":"Shop","item":"https:\/\/www.meyer-sports.com\/de\/shop\/"},{"@type":"ListItem","position":3,"name":"MM Receiver Handschuhe Jugend"}]},{"@type":"WebSite","@id":"https:\/\/www.meyer-sports.com\/de\/#website","url":"https:\/\/www.meyer-sports.com\/de\/","name":"Meyer Sports","description":"American Football Equipment \u2013 Helmets, Shoulder Pads &amp; Gear","publisher":{"@id":"https:\/\/www.meyer-sports.com\/de\/#organization"},"alternateName":"Meyer Marketing","potentialAction":[{"@type":"SearchAction","target":{"@type":"EntryPoint","urlTemplate":"https:\/\/www.meyer-sports.com\/de\/?s={search_term_string}"},"query-input":{"@type":"PropertyValueSpecification","valueRequired":true,"valueName":"search_term_string"}}],"inLanguage":"de"},{"@type":"Organization","@id":"https:\/\/www.meyer-sports.com\/de\/#organization","name":"Meyer Sports","url":"https:\/\/www.meyer-sports.com\/de\/","logo":{"@type":"ImageObject","inLanguage":"de","@id":"https:\/\/www.meyer-sports.com\/de\/#\/schema\/logo\/image\/","url":"https:\/\/www.meyer-sports.com\/wp-content\/uploads\/2025\/08\/cropped-MeyerSports-Wort-Bild-Marke-RGB-Black-Horizontal-2000px.png","contentUrl":"https:\/\/www.meyer-sports.com\/wp-content\/uploads\/2025\/08\/cropped-MeyerSports-Wort-Bild-Marke-RGB-Black-Horizontal-2000px.png","width":1999,"height":263,"caption":"Meyer Sports"},"image":{"@id":"https:\/\/www.meyer-sports.com\/de\/#\/schema\/logo\/image\/"},"sameAs":["https:\/\/www.facebook.com\/profile.php?id=100083396525976"]}]}},"_links":{"self":[{"href":"https:\/\/www.meyer-sports.com\/de\/wp-json\/wp\/v2\/product\/3829","targetHints":{"allow":["GET"]}}],"collection":[{"href":"https:\/\/www.meyer-sports.com\/de\/wp-json\/wp\/v2\/product"}],"about":[{"href":"https:\/\/www.meyer-sports.com\/de\/wp-json\/wp\/v2\/types\/product"}],"replies":[{"embeddable":true,"href":"https:\/\/www.meyer-sports.com\/de\/wp-json\/wp\/v2\/comments?post=3829"}],"wp:featuredmedia":[{"embeddable":true,"href":"https:\/\/www.meyer-sports.com\/de\/wp-json\/wp\/v2\/media\/1147"}],"wp:attachment":[{"href":"https:\/\/www.meyer-sports.com\/de\/wp-json\/wp\/v2\/media?parent=3829"}],"wp:term":[{"taxonomy":"product_brand","embeddable":true,"href":"https:\/\/www.meyer-sports.com\/de\/wp-json\/wp\/v2\/product_brand?post=3829"},{"taxonomy":"product_cat","embeddable":true,"href":"https:\/\/www.meyer-sports.com\/de\/wp-json\/wp\/v2\/product_cat?post=3829"},{"taxonomy":"product_tag","embeddable":true,"href":"https:\/\/www.meyer-sports.com\/de\/wp-json\/wp\/v2\/product_tag?post=3829"}],"curies":[{"name":"wp","href":"https:\/\/api.w.org\/{rel}","templated":true}]}}