{"id":3775,"date":"2025-05-27T12:02:52","date_gmt":"2025-05-27T10:02:52","guid":{"rendered":"https:\/\/www.meyer-sports.com\/produkt\/2inone-poly-schale\/"},"modified":"2026-03-31T14:24:07","modified_gmt":"2026-03-31T12:24:07","slug":"2inone-poly-schale","status":"publish","type":"product","link":"https:\/\/www.meyer-sports.com\/de\/produkt\/2inone-poly-schale\/","title":{"rendered":"2INONE Poly-Schale"},"content":{"rendered":"<ul>\n<li>Extrem leichtes, innovatives Schulterpolstersystem f\u00fcr maximale Mobilit\u00e4t<\/li>\n<li>Kombiniert mit der 2inOne Kompressionsweste<\/li>\n<li>Seitlicher G\u00fcrtel mit praktischem Schnallenverschlusssystem<\/li>\n<li>Passende R\u00fcckwand erh\u00e4ltlich<\/li>\n<li>Flexibler und fester Sitz macht dieses Schulterpolster auch f\u00fcr Frauen geeignet<\/li>\n<li><em>Muss mit der passenden 2inOne Weste<\/em> <strong><a href=\"https:\/\/www.meyer-sports.com\/produkt\/2inone-compression-vest\/\">(2inOne Compression Vest)<\/a><\/strong> kombiniert werden.<\/li>\n<\/ul>\n","protected":false},"excerpt":{"rendered":"<p>Extrem leichtes, innovatives Schulterpolstersystem f\u00fcr maximale Mobilit\u00e4t Kombiniert mit der 2inOne Kompressionsweste Seitlicher G\u00fcrtel mit praktischem Schnallenverschlusssystem Passende R\u00fcckwand erh\u00e4ltlich Flexibler und fester Sitz macht dieses Schulterpolster auch f\u00fcr Frauen geeignet Muss mit der passenden 2inOne Weste (2inOne Compression Vest) kombiniert werden.<\/p>\n","protected":false},"featured_media":2699,"comment_status":"open","ping_status":"closed","template":"","meta":{"_acf_changed":false},"product_brand":[386],"product_cat":[269,317,263,318],"product_tag":[],"class_list":{"0":"post-3775","1":"product","2":"type-product","3":"status-publish","4":"has-post-thumbnail","6":"product_brand-2inone","7":"product_cat-pads-fur-alle-positionen","8":"product_cat-erwachsene","9":"product_cat-shoulder-pads-de","10":"product_cat-jugend","12":"first","13":"instock","14":"taxable","15":"shipping-taxable","16":"purchasable","17":"product-type-variable"},"acf":[],"yoast_head":"<!-- This site is optimized with the Yoast SEO plugin v27.1.1 - https:\/\/yoast.com\/product\/yoast-seo-wordpress\/ -->\n<title>2INONE Poly-Schale - Meyer Sports<\/title>\n<meta name=\"robots\" content=\"index, follow, max-snippet:-1, max-image-preview:large, max-video-preview:-1\" \/>\n<link rel=\"canonical\" href=\"https:\/\/www.meyer-sports.com\/de\/produkt\/2inone-poly-schale\/\" \/>\n<meta property=\"og:locale\" content=\"de_DE\" \/>\n<meta property=\"og:type\" content=\"article\" \/>\n<meta property=\"og:title\" content=\"2INONE Poly-Schale - Meyer Sports\" \/>\n<meta property=\"og:description\" content=\"Extrem leichtes, innovatives Schulterpolstersystem f\u00fcr maximale Mobilit\u00e4t Kombiniert mit der 2inOne Kompressionsweste Seitlicher G\u00fcrtel mit praktischem Schnallenverschlusssystem Passende R\u00fcckwand erh\u00e4ltlich Flexibler und fester Sitz macht dieses Schulterpolster auch f\u00fcr Frauen geeignet Muss mit der passenden 2inOne Weste (2inOne Compression Vest) kombiniert werden.\" \/>\n<meta property=\"og:url\" content=\"https:\/\/www.meyer-sports.com\/de\/produkt\/2inone-poly-schale\/\" \/>\n<meta property=\"og:site_name\" content=\"Meyer Sports\" \/>\n<meta property=\"article:publisher\" content=\"https:\/\/www.facebook.com\/profile.php?id=100083396525976\" \/>\n<meta property=\"article:modified_time\" content=\"2026-03-31T12:24:07+00:00\" \/>\n<meta property=\"og:image\" content=\"https:\/\/www.meyer-sports.com\/wp-content\/uploads\/2025\/05\/P21-2-scaled.jpg\" \/>\n\t<meta property=\"og:image:width\" content=\"2560\" \/>\n\t<meta property=\"og:image:height\" content=\"1707\" \/>\n\t<meta property=\"og:image:type\" content=\"image\/jpeg\" \/>\n<meta name=\"twitter:card\" content=\"summary_large_image\" \/>\n<script type=\"application\/ld+json\" class=\"yoast-schema-graph\">{\"@context\":\"https:\/\/schema.org\",\"@graph\":[{\"@type\":\"WebPage\",\"@id\":\"https:\/\/www.meyer-sports.com\/de\/produkt\/2inone-poly-schale\/\",\"url\":\"https:\/\/www.meyer-sports.com\/de\/produkt\/2inone-poly-schale\/\",\"name\":\"2INONE Poly-Schale - Meyer Sports\",\"isPartOf\":{\"@id\":\"https:\/\/www.meyer-sports.com\/de\/#website\"},\"primaryImageOfPage\":{\"@id\":\"https:\/\/www.meyer-sports.com\/de\/produkt\/2inone-poly-schale\/#primaryimage\"},\"image\":{\"@id\":\"https:\/\/www.meyer-sports.com\/de\/produkt\/2inone-poly-schale\/#primaryimage\"},\"thumbnailUrl\":\"https:\/\/www.meyer-sports.com\/wp-content\/uploads\/2025\/05\/P21-2-scaled.jpg\",\"datePublished\":\"2025-05-27T10:02:52+00:00\",\"dateModified\":\"2026-03-31T12:24:07+00:00\",\"breadcrumb\":{\"@id\":\"https:\/\/www.meyer-sports.com\/de\/produkt\/2inone-poly-schale\/#breadcrumb\"},\"inLanguage\":\"de\",\"potentialAction\":[{\"@type\":\"ReadAction\",\"target\":[\"https:\/\/www.meyer-sports.com\/de\/produkt\/2inone-poly-schale\/\"]}]},{\"@type\":\"ImageObject\",\"inLanguage\":\"de\",\"@id\":\"https:\/\/www.meyer-sports.com\/de\/produkt\/2inone-poly-schale\/#primaryimage\",\"url\":\"https:\/\/www.meyer-sports.com\/wp-content\/uploads\/2025\/05\/P21-2-scaled.jpg\",\"contentUrl\":\"https:\/\/www.meyer-sports.com\/wp-content\/uploads\/2025\/05\/P21-2-scaled.jpg\",\"width\":2560,\"height\":1707},{\"@type\":\"BreadcrumbList\",\"@id\":\"https:\/\/www.meyer-sports.com\/de\/produkt\/2inone-poly-schale\/#breadcrumb\",\"itemListElement\":[{\"@type\":\"ListItem\",\"position\":1,\"name\":\"Home\",\"item\":\"https:\/\/www.meyer-sports.com\/de\/\"},{\"@type\":\"ListItem\",\"position\":2,\"name\":\"Shop\",\"item\":\"https:\/\/www.meyer-sports.com\/de\/shop\/\"},{\"@type\":\"ListItem\",\"position\":3,\"name\":\"2INONE Poly-Schale\"}]},{\"@type\":\"WebSite\",\"@id\":\"https:\/\/www.meyer-sports.com\/de\/#website\",\"url\":\"https:\/\/www.meyer-sports.com\/de\/\",\"name\":\"Meyer Sports\",\"description\":\"American Football Equipment \u2013 Helmets, Shoulder Pads &amp; Gear\",\"publisher\":{\"@id\":\"https:\/\/www.meyer-sports.com\/de\/#organization\"},\"alternateName\":\"Meyer Marketing\",\"potentialAction\":[{\"@type\":\"SearchAction\",\"target\":{\"@type\":\"EntryPoint\",\"urlTemplate\":\"https:\/\/www.meyer-sports.com\/de\/?s={search_term_string}\"},\"query-input\":{\"@type\":\"PropertyValueSpecification\",\"valueRequired\":true,\"valueName\":\"search_term_string\"}}],\"inLanguage\":\"de\"},{\"@type\":\"Organization\",\"@id\":\"https:\/\/www.meyer-sports.com\/de\/#organization\",\"name\":\"Meyer Sports\",\"url\":\"https:\/\/www.meyer-sports.com\/de\/\",\"logo\":{\"@type\":\"ImageObject\",\"inLanguage\":\"de\",\"@id\":\"https:\/\/www.meyer-sports.com\/de\/#\/schema\/logo\/image\/\",\"url\":\"https:\/\/www.meyer-sports.com\/wp-content\/uploads\/2025\/08\/cropped-MeyerSports-Wort-Bild-Marke-RGB-Black-Horizontal-2000px.png\",\"contentUrl\":\"https:\/\/www.meyer-sports.com\/wp-content\/uploads\/2025\/08\/cropped-MeyerSports-Wort-Bild-Marke-RGB-Black-Horizontal-2000px.png\",\"width\":1999,\"height\":263,\"caption\":\"Meyer Sports\"},\"image\":{\"@id\":\"https:\/\/www.meyer-sports.com\/de\/#\/schema\/logo\/image\/\"},\"sameAs\":[\"https:\/\/www.facebook.com\/profile.php?id=100083396525976\"]}]}<\/script>\n<!-- \/ Yoast SEO plugin. -->","yoast_head_json":{"title":"2INONE Poly-Schale - Meyer Sports","robots":{"index":"index","follow":"follow","max-snippet":"max-snippet:-1","max-image-preview":"max-image-preview:large","max-video-preview":"max-video-preview:-1"},"canonical":"https:\/\/www.meyer-sports.com\/de\/produkt\/2inone-poly-schale\/","og_locale":"de_DE","og_type":"article","og_title":"2INONE Poly-Schale - Meyer Sports","og_description":"Extrem leichtes, innovatives Schulterpolstersystem f\u00fcr maximale Mobilit\u00e4t Kombiniert mit der 2inOne Kompressionsweste Seitlicher G\u00fcrtel mit praktischem Schnallenverschlusssystem Passende R\u00fcckwand erh\u00e4ltlich Flexibler und fester Sitz macht dieses Schulterpolster auch f\u00fcr Frauen geeignet Muss mit der passenden 2inOne Weste (2inOne Compression Vest) kombiniert werden.","og_url":"https:\/\/www.meyer-sports.com\/de\/produkt\/2inone-poly-schale\/","og_site_name":"Meyer Sports","article_publisher":"https:\/\/www.facebook.com\/profile.php?id=100083396525976","article_modified_time":"2026-03-31T12:24:07+00:00","og_image":[{"width":2560,"height":1707,"url":"https:\/\/www.meyer-sports.com\/wp-content\/uploads\/2025\/05\/P21-2-scaled.jpg","type":"image\/jpeg"}],"twitter_card":"summary_large_image","schema":{"@context":"https:\/\/schema.org","@graph":[{"@type":"WebPage","@id":"https:\/\/www.meyer-sports.com\/de\/produkt\/2inone-poly-schale\/","url":"https:\/\/www.meyer-sports.com\/de\/produkt\/2inone-poly-schale\/","name":"2INONE Poly-Schale - Meyer Sports","isPartOf":{"@id":"https:\/\/www.meyer-sports.com\/de\/#website"},"primaryImageOfPage":{"@id":"https:\/\/www.meyer-sports.com\/de\/produkt\/2inone-poly-schale\/#primaryimage"},"image":{"@id":"https:\/\/www.meyer-sports.com\/de\/produkt\/2inone-poly-schale\/#primaryimage"},"thumbnailUrl":"https:\/\/www.meyer-sports.com\/wp-content\/uploads\/2025\/05\/P21-2-scaled.jpg","datePublished":"2025-05-27T10:02:52+00:00","dateModified":"2026-03-31T12:24:07+00:00","breadcrumb":{"@id":"https:\/\/www.meyer-sports.com\/de\/produkt\/2inone-poly-schale\/#breadcrumb"},"inLanguage":"de","potentialAction":[{"@type":"ReadAction","target":["https:\/\/www.meyer-sports.com\/de\/produkt\/2inone-poly-schale\/"]}]},{"@type":"ImageObject","inLanguage":"de","@id":"https:\/\/www.meyer-sports.com\/de\/produkt\/2inone-poly-schale\/#primaryimage","url":"https:\/\/www.meyer-sports.com\/wp-content\/uploads\/2025\/05\/P21-2-scaled.jpg","contentUrl":"https:\/\/www.meyer-sports.com\/wp-content\/uploads\/2025\/05\/P21-2-scaled.jpg","width":2560,"height":1707},{"@type":"BreadcrumbList","@id":"https:\/\/www.meyer-sports.com\/de\/produkt\/2inone-poly-schale\/#breadcrumb","itemListElement":[{"@type":"ListItem","position":1,"name":"Home","item":"https:\/\/www.meyer-sports.com\/de\/"},{"@type":"ListItem","position":2,"name":"Shop","item":"https:\/\/www.meyer-sports.com\/de\/shop\/"},{"@type":"ListItem","position":3,"name":"2INONE Poly-Schale"}]},{"@type":"WebSite","@id":"https:\/\/www.meyer-sports.com\/de\/#website","url":"https:\/\/www.meyer-sports.com\/de\/","name":"Meyer Sports","description":"American Football Equipment \u2013 Helmets, Shoulder Pads &amp; Gear","publisher":{"@id":"https:\/\/www.meyer-sports.com\/de\/#organization"},"alternateName":"Meyer Marketing","potentialAction":[{"@type":"SearchAction","target":{"@type":"EntryPoint","urlTemplate":"https:\/\/www.meyer-sports.com\/de\/?s={search_term_string}"},"query-input":{"@type":"PropertyValueSpecification","valueRequired":true,"valueName":"search_term_string"}}],"inLanguage":"de"},{"@type":"Organization","@id":"https:\/\/www.meyer-sports.com\/de\/#organization","name":"Meyer Sports","url":"https:\/\/www.meyer-sports.com\/de\/","logo":{"@type":"ImageObject","inLanguage":"de","@id":"https:\/\/www.meyer-sports.com\/de\/#\/schema\/logo\/image\/","url":"https:\/\/www.meyer-sports.com\/wp-content\/uploads\/2025\/08\/cropped-MeyerSports-Wort-Bild-Marke-RGB-Black-Horizontal-2000px.png","contentUrl":"https:\/\/www.meyer-sports.com\/wp-content\/uploads\/2025\/08\/cropped-MeyerSports-Wort-Bild-Marke-RGB-Black-Horizontal-2000px.png","width":1999,"height":263,"caption":"Meyer Sports"},"image":{"@id":"https:\/\/www.meyer-sports.com\/de\/#\/schema\/logo\/image\/"},"sameAs":["https:\/\/www.facebook.com\/profile.php?id=100083396525976"]}]}},"_links":{"self":[{"href":"https:\/\/www.meyer-sports.com\/de\/wp-json\/wp\/v2\/product\/3775","targetHints":{"allow":["GET"]}}],"collection":[{"href":"https:\/\/www.meyer-sports.com\/de\/wp-json\/wp\/v2\/product"}],"about":[{"href":"https:\/\/www.meyer-sports.com\/de\/wp-json\/wp\/v2\/types\/product"}],"replies":[{"embeddable":true,"href":"https:\/\/www.meyer-sports.com\/de\/wp-json\/wp\/v2\/comments?post=3775"}],"wp:featuredmedia":[{"embeddable":true,"href":"https:\/\/www.meyer-sports.com\/de\/wp-json\/wp\/v2\/media\/2699"}],"wp:attachment":[{"href":"https:\/\/www.meyer-sports.com\/de\/wp-json\/wp\/v2\/media?parent=3775"}],"wp:term":[{"taxonomy":"product_brand","embeddable":true,"href":"https:\/\/www.meyer-sports.com\/de\/wp-json\/wp\/v2\/product_brand?post=3775"},{"taxonomy":"product_cat","embeddable":true,"href":"https:\/\/www.meyer-sports.com\/de\/wp-json\/wp\/v2\/product_cat?post=3775"},{"taxonomy":"product_tag","embeddable":true,"href":"https:\/\/www.meyer-sports.com\/de\/wp-json\/wp\/v2\/product_tag?post=3775"}],"curies":[{"name":"wp","href":"https:\/\/api.w.org\/{rel}","templated":true}]}}