{"id":2352,"date":"2025-05-27T16:36:53","date_gmt":"2025-05-27T14:36:53","guid":{"rendered":"https:\/\/www.meyer-sports.com\/produkt\/bike-cup-supporter-combo-teen\/"},"modified":"2026-03-30T10:15:48","modified_gmt":"2026-03-30T08:15:48","slug":"bike-cup-supporter-combo-teen","status":"publish","type":"product","link":"https:\/\/www.meyer-sports.com\/de\/produkt\/bike-cup-supporter-combo-teen\/","title":{"rendered":"BIKE Cup\/Supporter Combo Teen"},"content":{"rendered":"<ul>\n<li>CE-zertifiziert<\/li>\n<li>F\u00fcr Hochleistungssportarten entwickelt wie baseball, football, hockey, lacrosse, paintball, Kampfkunst, Fechten und mehr<\/li>\n<li>Mit DRI-POWER\u00ae-Feuchtigkeitstransport-Cup-Tasche, die dich trocken h\u00e4lt und f\u00fcr Tragekomfort sorgt.<\/li>\n<li>Ausgestattet mit einem revolution\u00e4ren, nicht dehnbaren STABILITY ANCHOR f\u00fcr maximale Unterst\u00fctzung und perfekte Passform.<\/li>\n<li>Mit weichem Bund f\u00fcr zus\u00e4tzlichen Komfort und Proflex Max-Cup mit flexiblen Seitenkanten f\u00fcr verbesserten Komfort und Bewegungsfreiheit.<\/li>\n<\/ul>\n","protected":false},"excerpt":{"rendered":"<p>CE-zertifiziert F\u00fcr Hochleistungssportarten entwickelt wie baseball, football, hockey, lacrosse, paintball, Kampfkunst, Fechten und mehr Mit DRI-POWER\u00ae-Feuchtigkeitstransport-Cup-Tasche, die dich trocken h\u00e4lt und f\u00fcr Tragekomfort sorgt. Ausgestattet mit einem revolution\u00e4ren, nicht dehnbaren STABILITY ANCHOR f\u00fcr maximale Unterst\u00fctzung und perfekte Passform. Mit weichem Bund f\u00fcr zus\u00e4tzlichen Komfort und Proflex Max-Cup mit flexiblen Seitenkanten f\u00fcr verbesserten Komfort und Bewegungsfreiheit.<\/p>\n","protected":false},"featured_media":1216,"comment_status":"open","ping_status":"closed","template":"","meta":{"_acf_changed":false},"product_brand":[387],"product_cat":[344],"product_tag":[],"class_list":{"0":"post-2352","1":"product","2":"type-product","3":"status-publish","4":"has-post-thumbnail","6":"product_brand-bike","7":"product_cat-combos-de","9":"first","10":"instock","11":"taxable","12":"shipping-taxable","13":"purchasable","14":"product-type-variable"},"acf":[],"yoast_head":"<!-- This site is optimized with the Yoast SEO plugin v27.1.1 - https:\/\/yoast.com\/product\/yoast-seo-wordpress\/ -->\n<title>BIKE Cup\/Supporter Combo Teen - Meyer Sports<\/title>\n<meta name=\"robots\" content=\"index, follow, max-snippet:-1, max-image-preview:large, max-video-preview:-1\" \/>\n<link rel=\"canonical\" href=\"https:\/\/www.meyer-sports.com\/de\/produkt\/bike-cup-supporter-combo-teen\/\" \/>\n<meta property=\"og:locale\" content=\"de_DE\" \/>\n<meta property=\"og:type\" content=\"article\" \/>\n<meta property=\"og:title\" content=\"BIKE Cup\/Supporter Combo Teen - Meyer Sports\" \/>\n<meta property=\"og:description\" content=\"CE-zertifiziert F\u00fcr Hochleistungssportarten entwickelt wie baseball, football, hockey, lacrosse, paintball, Kampfkunst, Fechten und mehr Mit DRI-POWER\u00ae-Feuchtigkeitstransport-Cup-Tasche, die dich trocken h\u00e4lt und f\u00fcr Tragekomfort sorgt. Ausgestattet mit einem revolution\u00e4ren, nicht dehnbaren STABILITY ANCHOR f\u00fcr maximale Unterst\u00fctzung und perfekte Passform. Mit weichem Bund f\u00fcr zus\u00e4tzlichen Komfort und Proflex Max-Cup mit flexiblen Seitenkanten f\u00fcr verbesserten Komfort und Bewegungsfreiheit.\" \/>\n<meta property=\"og:url\" content=\"https:\/\/www.meyer-sports.com\/de\/produkt\/bike-cup-supporter-combo-teen\/\" \/>\n<meta property=\"og:site_name\" content=\"Meyer Sports\" \/>\n<meta property=\"article:publisher\" content=\"https:\/\/www.facebook.com\/profile.php?id=100083396525976\" \/>\n<meta property=\"article:modified_time\" content=\"2026-03-30T08:15:48+00:00\" \/>\n<meta property=\"og:image\" content=\"https:\/\/www.meyer-sports.com\/wp-content\/uploads\/2025\/05\/BTCO17.jpg\" \/>\n\t<meta property=\"og:image:width\" content=\"414\" \/>\n\t<meta property=\"og:image:height\" content=\"600\" \/>\n\t<meta property=\"og:image:type\" content=\"image\/jpeg\" \/>\n<meta name=\"twitter:card\" content=\"summary_large_image\" \/>\n<script type=\"application\/ld+json\" class=\"yoast-schema-graph\">{\"@context\":\"https:\/\/schema.org\",\"@graph\":[{\"@type\":\"WebPage\",\"@id\":\"https:\/\/www.meyer-sports.com\/de\/produkt\/bike-cup-supporter-combo-teen\/\",\"url\":\"https:\/\/www.meyer-sports.com\/de\/produkt\/bike-cup-supporter-combo-teen\/\",\"name\":\"BIKE Cup\/Supporter Combo Teen - Meyer Sports\",\"isPartOf\":{\"@id\":\"https:\/\/www.meyer-sports.com\/de\/#website\"},\"primaryImageOfPage\":{\"@id\":\"https:\/\/www.meyer-sports.com\/de\/produkt\/bike-cup-supporter-combo-teen\/#primaryimage\"},\"image\":{\"@id\":\"https:\/\/www.meyer-sports.com\/de\/produkt\/bike-cup-supporter-combo-teen\/#primaryimage\"},\"thumbnailUrl\":\"https:\/\/www.meyer-sports.com\/wp-content\/uploads\/2025\/05\/BTCO17.jpg\",\"datePublished\":\"2025-05-27T14:36:53+00:00\",\"dateModified\":\"2026-03-30T08:15:48+00:00\",\"breadcrumb\":{\"@id\":\"https:\/\/www.meyer-sports.com\/de\/produkt\/bike-cup-supporter-combo-teen\/#breadcrumb\"},\"inLanguage\":\"de\",\"potentialAction\":[{\"@type\":\"ReadAction\",\"target\":[\"https:\/\/www.meyer-sports.com\/de\/produkt\/bike-cup-supporter-combo-teen\/\"]}]},{\"@type\":\"ImageObject\",\"inLanguage\":\"de\",\"@id\":\"https:\/\/www.meyer-sports.com\/de\/produkt\/bike-cup-supporter-combo-teen\/#primaryimage\",\"url\":\"https:\/\/www.meyer-sports.com\/wp-content\/uploads\/2025\/05\/BTCO17.jpg\",\"contentUrl\":\"https:\/\/www.meyer-sports.com\/wp-content\/uploads\/2025\/05\/BTCO17.jpg\",\"width\":414,\"height\":600},{\"@type\":\"BreadcrumbList\",\"@id\":\"https:\/\/www.meyer-sports.com\/de\/produkt\/bike-cup-supporter-combo-teen\/#breadcrumb\",\"itemListElement\":[{\"@type\":\"ListItem\",\"position\":1,\"name\":\"Home\",\"item\":\"https:\/\/www.meyer-sports.com\/de\/\"},{\"@type\":\"ListItem\",\"position\":2,\"name\":\"Shop\",\"item\":\"https:\/\/www.meyer-sports.com\/de\/shop\/\"},{\"@type\":\"ListItem\",\"position\":3,\"name\":\"BIKE Cup\/Supporter Combo Teen\"}]},{\"@type\":\"WebSite\",\"@id\":\"https:\/\/www.meyer-sports.com\/de\/#website\",\"url\":\"https:\/\/www.meyer-sports.com\/de\/\",\"name\":\"Meyer Sports\",\"description\":\"American Football Equipment \u2013 Helmets, Shoulder Pads &amp; Gear\",\"publisher\":{\"@id\":\"https:\/\/www.meyer-sports.com\/de\/#organization\"},\"alternateName\":\"Meyer Marketing\",\"potentialAction\":[{\"@type\":\"SearchAction\",\"target\":{\"@type\":\"EntryPoint\",\"urlTemplate\":\"https:\/\/www.meyer-sports.com\/de\/?s={search_term_string}\"},\"query-input\":{\"@type\":\"PropertyValueSpecification\",\"valueRequired\":true,\"valueName\":\"search_term_string\"}}],\"inLanguage\":\"de\"},{\"@type\":\"Organization\",\"@id\":\"https:\/\/www.meyer-sports.com\/de\/#organization\",\"name\":\"Meyer Sports\",\"url\":\"https:\/\/www.meyer-sports.com\/de\/\",\"logo\":{\"@type\":\"ImageObject\",\"inLanguage\":\"de\",\"@id\":\"https:\/\/www.meyer-sports.com\/de\/#\/schema\/logo\/image\/\",\"url\":\"https:\/\/www.meyer-sports.com\/wp-content\/uploads\/2025\/08\/cropped-MeyerSports-Wort-Bild-Marke-RGB-Black-Horizontal-2000px.png\",\"contentUrl\":\"https:\/\/www.meyer-sports.com\/wp-content\/uploads\/2025\/08\/cropped-MeyerSports-Wort-Bild-Marke-RGB-Black-Horizontal-2000px.png\",\"width\":1999,\"height\":263,\"caption\":\"Meyer Sports\"},\"image\":{\"@id\":\"https:\/\/www.meyer-sports.com\/de\/#\/schema\/logo\/image\/\"},\"sameAs\":[\"https:\/\/www.facebook.com\/profile.php?id=100083396525976\"]}]}<\/script>\n<!-- \/ Yoast SEO plugin. -->","yoast_head_json":{"title":"BIKE Cup\/Supporter Combo Teen - Meyer Sports","robots":{"index":"index","follow":"follow","max-snippet":"max-snippet:-1","max-image-preview":"max-image-preview:large","max-video-preview":"max-video-preview:-1"},"canonical":"https:\/\/www.meyer-sports.com\/de\/produkt\/bike-cup-supporter-combo-teen\/","og_locale":"de_DE","og_type":"article","og_title":"BIKE Cup\/Supporter Combo Teen - Meyer Sports","og_description":"CE-zertifiziert F\u00fcr Hochleistungssportarten entwickelt wie baseball, football, hockey, lacrosse, paintball, Kampfkunst, Fechten und mehr Mit DRI-POWER\u00ae-Feuchtigkeitstransport-Cup-Tasche, die dich trocken h\u00e4lt und f\u00fcr Tragekomfort sorgt. Ausgestattet mit einem revolution\u00e4ren, nicht dehnbaren STABILITY ANCHOR f\u00fcr maximale Unterst\u00fctzung und perfekte Passform. Mit weichem Bund f\u00fcr zus\u00e4tzlichen Komfort und Proflex Max-Cup mit flexiblen Seitenkanten f\u00fcr verbesserten Komfort und Bewegungsfreiheit.","og_url":"https:\/\/www.meyer-sports.com\/de\/produkt\/bike-cup-supporter-combo-teen\/","og_site_name":"Meyer Sports","article_publisher":"https:\/\/www.facebook.com\/profile.php?id=100083396525976","article_modified_time":"2026-03-30T08:15:48+00:00","og_image":[{"width":414,"height":600,"url":"https:\/\/www.meyer-sports.com\/wp-content\/uploads\/2025\/05\/BTCO17.jpg","type":"image\/jpeg"}],"twitter_card":"summary_large_image","schema":{"@context":"https:\/\/schema.org","@graph":[{"@type":"WebPage","@id":"https:\/\/www.meyer-sports.com\/de\/produkt\/bike-cup-supporter-combo-teen\/","url":"https:\/\/www.meyer-sports.com\/de\/produkt\/bike-cup-supporter-combo-teen\/","name":"BIKE Cup\/Supporter Combo Teen - Meyer Sports","isPartOf":{"@id":"https:\/\/www.meyer-sports.com\/de\/#website"},"primaryImageOfPage":{"@id":"https:\/\/www.meyer-sports.com\/de\/produkt\/bike-cup-supporter-combo-teen\/#primaryimage"},"image":{"@id":"https:\/\/www.meyer-sports.com\/de\/produkt\/bike-cup-supporter-combo-teen\/#primaryimage"},"thumbnailUrl":"https:\/\/www.meyer-sports.com\/wp-content\/uploads\/2025\/05\/BTCO17.jpg","datePublished":"2025-05-27T14:36:53+00:00","dateModified":"2026-03-30T08:15:48+00:00","breadcrumb":{"@id":"https:\/\/www.meyer-sports.com\/de\/produkt\/bike-cup-supporter-combo-teen\/#breadcrumb"},"inLanguage":"de","potentialAction":[{"@type":"ReadAction","target":["https:\/\/www.meyer-sports.com\/de\/produkt\/bike-cup-supporter-combo-teen\/"]}]},{"@type":"ImageObject","inLanguage":"de","@id":"https:\/\/www.meyer-sports.com\/de\/produkt\/bike-cup-supporter-combo-teen\/#primaryimage","url":"https:\/\/www.meyer-sports.com\/wp-content\/uploads\/2025\/05\/BTCO17.jpg","contentUrl":"https:\/\/www.meyer-sports.com\/wp-content\/uploads\/2025\/05\/BTCO17.jpg","width":414,"height":600},{"@type":"BreadcrumbList","@id":"https:\/\/www.meyer-sports.com\/de\/produkt\/bike-cup-supporter-combo-teen\/#breadcrumb","itemListElement":[{"@type":"ListItem","position":1,"name":"Home","item":"https:\/\/www.meyer-sports.com\/de\/"},{"@type":"ListItem","position":2,"name":"Shop","item":"https:\/\/www.meyer-sports.com\/de\/shop\/"},{"@type":"ListItem","position":3,"name":"BIKE Cup\/Supporter Combo Teen"}]},{"@type":"WebSite","@id":"https:\/\/www.meyer-sports.com\/de\/#website","url":"https:\/\/www.meyer-sports.com\/de\/","name":"Meyer Sports","description":"American Football Equipment \u2013 Helmets, Shoulder Pads &amp; Gear","publisher":{"@id":"https:\/\/www.meyer-sports.com\/de\/#organization"},"alternateName":"Meyer Marketing","potentialAction":[{"@type":"SearchAction","target":{"@type":"EntryPoint","urlTemplate":"https:\/\/www.meyer-sports.com\/de\/?s={search_term_string}"},"query-input":{"@type":"PropertyValueSpecification","valueRequired":true,"valueName":"search_term_string"}}],"inLanguage":"de"},{"@type":"Organization","@id":"https:\/\/www.meyer-sports.com\/de\/#organization","name":"Meyer Sports","url":"https:\/\/www.meyer-sports.com\/de\/","logo":{"@type":"ImageObject","inLanguage":"de","@id":"https:\/\/www.meyer-sports.com\/de\/#\/schema\/logo\/image\/","url":"https:\/\/www.meyer-sports.com\/wp-content\/uploads\/2025\/08\/cropped-MeyerSports-Wort-Bild-Marke-RGB-Black-Horizontal-2000px.png","contentUrl":"https:\/\/www.meyer-sports.com\/wp-content\/uploads\/2025\/08\/cropped-MeyerSports-Wort-Bild-Marke-RGB-Black-Horizontal-2000px.png","width":1999,"height":263,"caption":"Meyer Sports"},"image":{"@id":"https:\/\/www.meyer-sports.com\/de\/#\/schema\/logo\/image\/"},"sameAs":["https:\/\/www.facebook.com\/profile.php?id=100083396525976"]}]}},"_links":{"self":[{"href":"https:\/\/www.meyer-sports.com\/de\/wp-json\/wp\/v2\/product\/2352","targetHints":{"allow":["GET"]}}],"collection":[{"href":"https:\/\/www.meyer-sports.com\/de\/wp-json\/wp\/v2\/product"}],"about":[{"href":"https:\/\/www.meyer-sports.com\/de\/wp-json\/wp\/v2\/types\/product"}],"replies":[{"embeddable":true,"href":"https:\/\/www.meyer-sports.com\/de\/wp-json\/wp\/v2\/comments?post=2352"}],"wp:featuredmedia":[{"embeddable":true,"href":"https:\/\/www.meyer-sports.com\/de\/wp-json\/wp\/v2\/media\/1216"}],"wp:attachment":[{"href":"https:\/\/www.meyer-sports.com\/de\/wp-json\/wp\/v2\/media?parent=2352"}],"wp:term":[{"taxonomy":"product_brand","embeddable":true,"href":"https:\/\/www.meyer-sports.com\/de\/wp-json\/wp\/v2\/product_brand?post=2352"},{"taxonomy":"product_cat","embeddable":true,"href":"https:\/\/www.meyer-sports.com\/de\/wp-json\/wp\/v2\/product_cat?post=2352"},{"taxonomy":"product_tag","embeddable":true,"href":"https:\/\/www.meyer-sports.com\/de\/wp-json\/wp\/v2\/product_tag?post=2352"}],"curies":[{"name":"wp","href":"https:\/\/api.w.org\/{rel}","templated":true}]}}