{"id":2316,"date":"2025-05-27T16:36:54","date_gmt":"2025-05-27T14:36:54","guid":{"rendered":"https:\/\/www.meyer-sports.com\/produkt\/mesh-totenkopfmuetze\/"},"modified":"2026-04-14T13:06:27","modified_gmt":"2026-04-14T11:06:27","slug":"mesh-skull-cap","status":"publish","type":"product","link":"https:\/\/www.meyer-sports.com\/de\/produkt\/mesh-skull-cap\/","title":{"rendered":"MM Mesh Skull Cap"},"content":{"rendered":"<ul>\n<li>Das feuchtigkeitsableitende Material sorgt f\u00fcr einen guten Schwei\u00dftransport w\u00e4hrend des Trainings und am Spieltag <\/li>\n<li>Verdeckter, elastischer Rand zur Befestigung unter dem Helm<\/li>\n<li>Leichte und flache Passform, sitzt bequem unter dem Helm, ohne Druckstellen zu verursachen <\/li>\n<\/ul>\n","protected":false},"excerpt":{"rendered":"<p>Das feuchtigkeitsableitende Material sorgt f\u00fcr einen guten Schwei\u00dftransport w\u00e4hrend des Trainings und am Spieltag Verdeckter, elastischer Rand zur Befestigung unter dem Helm Leichte und flache Passform, sitzt bequem unter dem Helm, ohne Druckstellen zu verursachen<\/p>\n","protected":false},"featured_media":1189,"comment_status":"open","ping_status":"closed","template":"","meta":{"_acf_changed":false},"product_brand":[389],"product_cat":[265],"product_tag":[],"class_list":{"0":"post-2316","1":"product","2":"type-product","3":"status-publish","4":"has-post-thumbnail","6":"product_brand-mm","7":"product_cat-zubehor-de","9":"first","10":"instock","11":"taxable","12":"shipping-taxable","13":"purchasable","14":"product-type-simple"},"acf":[],"yoast_head":"<!-- This site is optimized with the Yoast SEO plugin v27.1.1 - https:\/\/yoast.com\/product\/yoast-seo-wordpress\/ -->\n<title>Mesh Skull Cap - Leichte, atmungsaktive Unterziehm\u00fctze f\u00fcr American Football Helme<\/title>\n<meta name=\"description\" content=\"Leichte Mesh-Unterziehm\u00fctze f\u00fcr American Football Helme. Das atmungsaktive, feuchtigkeitsableitende Design sorgt daf\u00fcr, dass die Spieler w\u00e4hrend des Spiels k\u00fchl bleiben und sich wohlf\u00fchlen.\" \/>\n<meta name=\"robots\" content=\"index, follow, max-snippet:-1, max-image-preview:large, max-video-preview:-1\" \/>\n<link rel=\"canonical\" href=\"https:\/\/www.meyer-sports.com\/de\/produkt\/mesh-skull-cap\/\" \/>\n<meta property=\"og:locale\" content=\"de_DE\" \/>\n<meta property=\"og:type\" content=\"article\" \/>\n<meta property=\"og:title\" content=\"Mesh Skull Cap - Leichte, atmungsaktive Unterziehm\u00fctze f\u00fcr American Football Helme\" \/>\n<meta property=\"og:description\" content=\"Leichte Mesh-Unterziehm\u00fctze f\u00fcr American Football Helme. Das atmungsaktive, feuchtigkeitsableitende Design sorgt daf\u00fcr, dass die Spieler w\u00e4hrend des Spiels k\u00fchl bleiben und sich wohlf\u00fchlen.\" \/>\n<meta property=\"og:url\" content=\"https:\/\/www.meyer-sports.com\/de\/produkt\/mesh-skull-cap\/\" \/>\n<meta property=\"og:site_name\" content=\"Meyer Sports\" \/>\n<meta property=\"article:publisher\" content=\"https:\/\/www.facebook.com\/profile.php?id=100083396525976\" \/>\n<meta property=\"article:modified_time\" content=\"2026-04-14T11:06:27+00:00\" \/>\n<meta property=\"og:image\" content=\"https:\/\/www.meyer-sports.com\/wp-content\/uploads\/2025\/05\/RASU70.jpg\" \/>\n\t<meta property=\"og:image:width\" content=\"700\" \/>\n\t<meta property=\"og:image:height\" content=\"594\" \/>\n\t<meta property=\"og:image:type\" content=\"image\/jpeg\" \/>\n<meta name=\"twitter:card\" content=\"summary_large_image\" \/>\n<meta name=\"twitter:label1\" content=\"Gesch\u00e4tzte Lesezeit\" \/>\n\t<meta name=\"twitter:data1\" content=\"1\u00a0Minute\" \/>\n<script type=\"application\/ld+json\" class=\"yoast-schema-graph\">{\"@context\":\"https:\/\/schema.org\",\"@graph\":[{\"@type\":\"WebPage\",\"@id\":\"https:\/\/www.meyer-sports.com\/de\/produkt\/mesh-skull-cap\/\",\"url\":\"https:\/\/www.meyer-sports.com\/de\/produkt\/mesh-skull-cap\/\",\"name\":\"Mesh Skull Cap - Leichte, atmungsaktive Unterziehm\u00fctze f\u00fcr American Football Helme\",\"isPartOf\":{\"@id\":\"https:\/\/www.meyer-sports.com\/de\/#website\"},\"primaryImageOfPage\":{\"@id\":\"https:\/\/www.meyer-sports.com\/de\/produkt\/mesh-skull-cap\/#primaryimage\"},\"image\":{\"@id\":\"https:\/\/www.meyer-sports.com\/de\/produkt\/mesh-skull-cap\/#primaryimage\"},\"thumbnailUrl\":\"https:\/\/www.meyer-sports.com\/wp-content\/uploads\/2025\/05\/RASU70.jpg\",\"datePublished\":\"2025-05-27T14:36:54+00:00\",\"dateModified\":\"2026-04-14T11:06:27+00:00\",\"description\":\"Leichte Mesh-Unterziehm\u00fctze f\u00fcr American Football Helme. Das atmungsaktive, feuchtigkeitsableitende Design sorgt daf\u00fcr, dass die Spieler w\u00e4hrend des Spiels k\u00fchl bleiben und sich wohlf\u00fchlen.\",\"breadcrumb\":{\"@id\":\"https:\/\/www.meyer-sports.com\/de\/produkt\/mesh-skull-cap\/#breadcrumb\"},\"inLanguage\":\"de\",\"potentialAction\":[{\"@type\":\"ReadAction\",\"target\":[\"https:\/\/www.meyer-sports.com\/de\/produkt\/mesh-skull-cap\/\"]}]},{\"@type\":\"ImageObject\",\"inLanguage\":\"de\",\"@id\":\"https:\/\/www.meyer-sports.com\/de\/produkt\/mesh-skull-cap\/#primaryimage\",\"url\":\"https:\/\/www.meyer-sports.com\/wp-content\/uploads\/2025\/05\/RASU70.jpg\",\"contentUrl\":\"https:\/\/www.meyer-sports.com\/wp-content\/uploads\/2025\/05\/RASU70.jpg\",\"width\":700,\"height\":594},{\"@type\":\"BreadcrumbList\",\"@id\":\"https:\/\/www.meyer-sports.com\/de\/produkt\/mesh-skull-cap\/#breadcrumb\",\"itemListElement\":[{\"@type\":\"ListItem\",\"position\":1,\"name\":\"Home\",\"item\":\"https:\/\/www.meyer-sports.com\/de\/\"},{\"@type\":\"ListItem\",\"position\":2,\"name\":\"Shop\",\"item\":\"https:\/\/www.meyer-sports.com\/de\/shop\/\"},{\"@type\":\"ListItem\",\"position\":3,\"name\":\"MM Mesh Skull Cap\"}]},{\"@type\":\"WebSite\",\"@id\":\"https:\/\/www.meyer-sports.com\/de\/#website\",\"url\":\"https:\/\/www.meyer-sports.com\/de\/\",\"name\":\"Meyer Sports\",\"description\":\"American Football Equipment \u2013 Helmets, Shoulder Pads &amp; Gear\",\"publisher\":{\"@id\":\"https:\/\/www.meyer-sports.com\/de\/#organization\"},\"alternateName\":\"Meyer Marketing\",\"potentialAction\":[{\"@type\":\"SearchAction\",\"target\":{\"@type\":\"EntryPoint\",\"urlTemplate\":\"https:\/\/www.meyer-sports.com\/de\/?s={search_term_string}\"},\"query-input\":{\"@type\":\"PropertyValueSpecification\",\"valueRequired\":true,\"valueName\":\"search_term_string\"}}],\"inLanguage\":\"de\"},{\"@type\":\"Organization\",\"@id\":\"https:\/\/www.meyer-sports.com\/de\/#organization\",\"name\":\"Meyer Sports\",\"url\":\"https:\/\/www.meyer-sports.com\/de\/\",\"logo\":{\"@type\":\"ImageObject\",\"inLanguage\":\"de\",\"@id\":\"https:\/\/www.meyer-sports.com\/de\/#\/schema\/logo\/image\/\",\"url\":\"https:\/\/www.meyer-sports.com\/wp-content\/uploads\/2025\/08\/cropped-MeyerSports-Wort-Bild-Marke-RGB-Black-Horizontal-2000px.png\",\"contentUrl\":\"https:\/\/www.meyer-sports.com\/wp-content\/uploads\/2025\/08\/cropped-MeyerSports-Wort-Bild-Marke-RGB-Black-Horizontal-2000px.png\",\"width\":1999,\"height\":263,\"caption\":\"Meyer Sports\"},\"image\":{\"@id\":\"https:\/\/www.meyer-sports.com\/de\/#\/schema\/logo\/image\/\"},\"sameAs\":[\"https:\/\/www.facebook.com\/profile.php?id=100083396525976\"]}]}<\/script>\n<!-- \/ Yoast SEO plugin. -->","yoast_head_json":{"title":"Mesh Skull Cap - Leichte, atmungsaktive Unterziehm\u00fctze f\u00fcr American Football Helme","description":"Leichte Mesh-Unterziehm\u00fctze f\u00fcr American Football Helme. Das atmungsaktive, feuchtigkeitsableitende Design sorgt daf\u00fcr, dass die Spieler w\u00e4hrend des Spiels k\u00fchl bleiben und sich wohlf\u00fchlen.","robots":{"index":"index","follow":"follow","max-snippet":"max-snippet:-1","max-image-preview":"max-image-preview:large","max-video-preview":"max-video-preview:-1"},"canonical":"https:\/\/www.meyer-sports.com\/de\/produkt\/mesh-skull-cap\/","og_locale":"de_DE","og_type":"article","og_title":"Mesh Skull Cap - Leichte, atmungsaktive Unterziehm\u00fctze f\u00fcr American Football Helme","og_description":"Leichte Mesh-Unterziehm\u00fctze f\u00fcr American Football Helme. Das atmungsaktive, feuchtigkeitsableitende Design sorgt daf\u00fcr, dass die Spieler w\u00e4hrend des Spiels k\u00fchl bleiben und sich wohlf\u00fchlen.","og_url":"https:\/\/www.meyer-sports.com\/de\/produkt\/mesh-skull-cap\/","og_site_name":"Meyer Sports","article_publisher":"https:\/\/www.facebook.com\/profile.php?id=100083396525976","article_modified_time":"2026-04-14T11:06:27+00:00","og_image":[{"width":700,"height":594,"url":"https:\/\/www.meyer-sports.com\/wp-content\/uploads\/2025\/05\/RASU70.jpg","type":"image\/jpeg"}],"twitter_card":"summary_large_image","twitter_misc":{"Gesch\u00e4tzte Lesezeit":"1\u00a0Minute"},"schema":{"@context":"https:\/\/schema.org","@graph":[{"@type":"WebPage","@id":"https:\/\/www.meyer-sports.com\/de\/produkt\/mesh-skull-cap\/","url":"https:\/\/www.meyer-sports.com\/de\/produkt\/mesh-skull-cap\/","name":"Mesh Skull Cap - Leichte, atmungsaktive Unterziehm\u00fctze f\u00fcr American Football Helme","isPartOf":{"@id":"https:\/\/www.meyer-sports.com\/de\/#website"},"primaryImageOfPage":{"@id":"https:\/\/www.meyer-sports.com\/de\/produkt\/mesh-skull-cap\/#primaryimage"},"image":{"@id":"https:\/\/www.meyer-sports.com\/de\/produkt\/mesh-skull-cap\/#primaryimage"},"thumbnailUrl":"https:\/\/www.meyer-sports.com\/wp-content\/uploads\/2025\/05\/RASU70.jpg","datePublished":"2025-05-27T14:36:54+00:00","dateModified":"2026-04-14T11:06:27+00:00","description":"Leichte Mesh-Unterziehm\u00fctze f\u00fcr American Football Helme. Das atmungsaktive, feuchtigkeitsableitende Design sorgt daf\u00fcr, dass die Spieler w\u00e4hrend des Spiels k\u00fchl bleiben und sich wohlf\u00fchlen.","breadcrumb":{"@id":"https:\/\/www.meyer-sports.com\/de\/produkt\/mesh-skull-cap\/#breadcrumb"},"inLanguage":"de","potentialAction":[{"@type":"ReadAction","target":["https:\/\/www.meyer-sports.com\/de\/produkt\/mesh-skull-cap\/"]}]},{"@type":"ImageObject","inLanguage":"de","@id":"https:\/\/www.meyer-sports.com\/de\/produkt\/mesh-skull-cap\/#primaryimage","url":"https:\/\/www.meyer-sports.com\/wp-content\/uploads\/2025\/05\/RASU70.jpg","contentUrl":"https:\/\/www.meyer-sports.com\/wp-content\/uploads\/2025\/05\/RASU70.jpg","width":700,"height":594},{"@type":"BreadcrumbList","@id":"https:\/\/www.meyer-sports.com\/de\/produkt\/mesh-skull-cap\/#breadcrumb","itemListElement":[{"@type":"ListItem","position":1,"name":"Home","item":"https:\/\/www.meyer-sports.com\/de\/"},{"@type":"ListItem","position":2,"name":"Shop","item":"https:\/\/www.meyer-sports.com\/de\/shop\/"},{"@type":"ListItem","position":3,"name":"MM Mesh Skull Cap"}]},{"@type":"WebSite","@id":"https:\/\/www.meyer-sports.com\/de\/#website","url":"https:\/\/www.meyer-sports.com\/de\/","name":"Meyer Sports","description":"American Football Equipment \u2013 Helmets, Shoulder Pads &amp; Gear","publisher":{"@id":"https:\/\/www.meyer-sports.com\/de\/#organization"},"alternateName":"Meyer Marketing","potentialAction":[{"@type":"SearchAction","target":{"@type":"EntryPoint","urlTemplate":"https:\/\/www.meyer-sports.com\/de\/?s={search_term_string}"},"query-input":{"@type":"PropertyValueSpecification","valueRequired":true,"valueName":"search_term_string"}}],"inLanguage":"de"},{"@type":"Organization","@id":"https:\/\/www.meyer-sports.com\/de\/#organization","name":"Meyer Sports","url":"https:\/\/www.meyer-sports.com\/de\/","logo":{"@type":"ImageObject","inLanguage":"de","@id":"https:\/\/www.meyer-sports.com\/de\/#\/schema\/logo\/image\/","url":"https:\/\/www.meyer-sports.com\/wp-content\/uploads\/2025\/08\/cropped-MeyerSports-Wort-Bild-Marke-RGB-Black-Horizontal-2000px.png","contentUrl":"https:\/\/www.meyer-sports.com\/wp-content\/uploads\/2025\/08\/cropped-MeyerSports-Wort-Bild-Marke-RGB-Black-Horizontal-2000px.png","width":1999,"height":263,"caption":"Meyer Sports"},"image":{"@id":"https:\/\/www.meyer-sports.com\/de\/#\/schema\/logo\/image\/"},"sameAs":["https:\/\/www.facebook.com\/profile.php?id=100083396525976"]}]}},"_links":{"self":[{"href":"https:\/\/www.meyer-sports.com\/de\/wp-json\/wp\/v2\/product\/2316","targetHints":{"allow":["GET"]}}],"collection":[{"href":"https:\/\/www.meyer-sports.com\/de\/wp-json\/wp\/v2\/product"}],"about":[{"href":"https:\/\/www.meyer-sports.com\/de\/wp-json\/wp\/v2\/types\/product"}],"replies":[{"embeddable":true,"href":"https:\/\/www.meyer-sports.com\/de\/wp-json\/wp\/v2\/comments?post=2316"}],"wp:featuredmedia":[{"embeddable":true,"href":"https:\/\/www.meyer-sports.com\/de\/wp-json\/wp\/v2\/media\/1189"}],"wp:attachment":[{"href":"https:\/\/www.meyer-sports.com\/de\/wp-json\/wp\/v2\/media?parent=2316"}],"wp:term":[{"taxonomy":"product_brand","embeddable":true,"href":"https:\/\/www.meyer-sports.com\/de\/wp-json\/wp\/v2\/product_brand?post=2316"},{"taxonomy":"product_cat","embeddable":true,"href":"https:\/\/www.meyer-sports.com\/de\/wp-json\/wp\/v2\/product_cat?post=2316"},{"taxonomy":"product_tag","embeddable":true,"href":"https:\/\/www.meyer-sports.com\/de\/wp-json\/wp\/v2\/product_tag?post=2316"}],"curies":[{"name":"wp","href":"https:\/\/api.w.org\/{rel}","templated":true}]}}