{"id":2248,"date":"2025-05-27T16:36:57","date_gmt":"2025-05-27T14:36:57","guid":{"rendered":"https:\/\/www.meyer-sports.com\/produkt\/bike-cup-mm-supporter-kombi\/"},"modified":"2026-01-21T10:29:19","modified_gmt":"2026-01-21T09:29:19","slug":"bike-cup-mm-supporter-kombi","status":"publish","type":"product","link":"https:\/\/www.meyer-sports.com\/de\/produkt\/bike-cup-mm-supporter-kombi\/","title":{"rendered":"BIKE-Cup\/MM-Supporter-Kombi"},"content":{"rendered":"<ul>\n<li>Ausgestattet mit einer DRI-POWER\u00ae feuchtigkeitsableitenden Beuteltasche.<\/li>\n<li>Der revolution\u00e4re, nicht dehnbare STABILITY ANCHOR sorgt f\u00fcr maximalen Halt und einen perfekten Sitz.<\/li>\n<li>Weicher Pl\u00fcschbund f\u00fcr zus\u00e4tzlichen Komfort.<\/li>\n<li>Mit Proflex Max Cup mit flexiblen Seitenkanten f\u00fcr mehr Komfort und Bewegungsfreiheit.<\/li>\n<li>Geeignet f\u00fcr Sportarten mit hoher Belastung wie Baseball, Football, Feldhockey, Lacrosse, Paintball, Kampfkunst, Fechten usw.<\/li>\n<li>CE-zertifiziert<\/li>\n<\/ul>\n","protected":false},"excerpt":{"rendered":"<p>Ausgestattet mit einer DRI-POWER\u00ae feuchtigkeitsableitenden Beuteltasche. Der revolution\u00e4re, nicht dehnbare STABILITY ANCHOR sorgt f\u00fcr maximalen Halt und einen perfekten Sitz. Weicher Pl\u00fcschbund f\u00fcr zus\u00e4tzlichen Komfort. Mit Proflex Max Cup mit flexiblen Seitenkanten f\u00fcr mehr Komfort und Bewegungsfreiheit. Geeignet f\u00fcr Sportarten mit hoher Belastung wie Baseball, Football, Feldhockey, Lacrosse, Paintball, Kampfkunst, Fechten usw. CE-zertifiziert<\/p>\n","protected":false},"featured_media":1051,"comment_status":"open","ping_status":"closed","template":"","meta":{"_acf_changed":false},"product_brand":[387],"product_cat":[344],"product_tag":[],"class_list":{"0":"post-2248","1":"product","2":"type-product","3":"status-publish","4":"has-post-thumbnail","6":"product_brand-bike","7":"product_cat-combos-de","9":"first","10":"instock","11":"taxable","12":"shipping-taxable","13":"purchasable","14":"product-type-variable"},"acf":[],"yoast_head":"<!-- This site is optimized with the Yoast SEO plugin v27.1.1 - https:\/\/yoast.com\/product\/yoast-seo-wordpress\/ -->\n<title>BIKE-Cup\/MM-Supporter-Kombi - Meyer Sports<\/title>\n<meta name=\"robots\" content=\"index, follow, max-snippet:-1, max-image-preview:large, max-video-preview:-1\" \/>\n<link rel=\"canonical\" href=\"https:\/\/www.meyer-sports.com\/de\/produkt\/bike-cup-mm-supporter-kombi\/\" \/>\n<meta property=\"og:locale\" content=\"de_DE\" \/>\n<meta property=\"og:type\" content=\"article\" \/>\n<meta property=\"og:title\" content=\"BIKE-Cup\/MM-Supporter-Kombi - Meyer Sports\" \/>\n<meta property=\"og:description\" content=\"Ausgestattet mit einer DRI-POWER\u00ae feuchtigkeitsableitenden Beuteltasche. Der revolution\u00e4re, nicht dehnbare STABILITY ANCHOR sorgt f\u00fcr maximalen Halt und einen perfekten Sitz. Weicher Pl\u00fcschbund f\u00fcr zus\u00e4tzlichen Komfort. Mit Proflex Max Cup mit flexiblen Seitenkanten f\u00fcr mehr Komfort und Bewegungsfreiheit. Geeignet f\u00fcr Sportarten mit hoher Belastung wie Baseball, Football, Feldhockey, Lacrosse, Paintball, Kampfkunst, Fechten usw. CE-zertifiziert\" \/>\n<meta property=\"og:url\" content=\"https:\/\/www.meyer-sports.com\/de\/produkt\/bike-cup-mm-supporter-kombi\/\" \/>\n<meta property=\"og:site_name\" content=\"Meyer Sports\" \/>\n<meta property=\"article:publisher\" content=\"https:\/\/www.facebook.com\/profile.php?id=100083396525976\" \/>\n<meta property=\"article:modified_time\" content=\"2026-01-21T09:29:19+00:00\" \/>\n<meta property=\"og:image\" content=\"https:\/\/www.meyer-sports.com\/wp-content\/uploads\/2025\/05\/BACO17.jpg\" \/>\n\t<meta property=\"og:image:width\" content=\"414\" \/>\n\t<meta property=\"og:image:height\" content=\"600\" \/>\n\t<meta property=\"og:image:type\" content=\"image\/jpeg\" \/>\n<meta name=\"twitter:card\" content=\"summary_large_image\" \/>\n<script type=\"application\/ld+json\" class=\"yoast-schema-graph\">{\"@context\":\"https:\/\/schema.org\",\"@graph\":[{\"@type\":\"WebPage\",\"@id\":\"https:\/\/www.meyer-sports.com\/de\/produkt\/bike-cup-mm-supporter-kombi\/\",\"url\":\"https:\/\/www.meyer-sports.com\/de\/produkt\/bike-cup-mm-supporter-kombi\/\",\"name\":\"BIKE-Cup\/MM-Supporter-Kombi - Meyer Sports\",\"isPartOf\":{\"@id\":\"https:\/\/www.meyer-sports.com\/de\/#website\"},\"primaryImageOfPage\":{\"@id\":\"https:\/\/www.meyer-sports.com\/de\/produkt\/bike-cup-mm-supporter-kombi\/#primaryimage\"},\"image\":{\"@id\":\"https:\/\/www.meyer-sports.com\/de\/produkt\/bike-cup-mm-supporter-kombi\/#primaryimage\"},\"thumbnailUrl\":\"https:\/\/www.meyer-sports.com\/wp-content\/uploads\/2025\/05\/BACO17.jpg\",\"datePublished\":\"2025-05-27T14:36:57+00:00\",\"dateModified\":\"2026-01-21T09:29:19+00:00\",\"breadcrumb\":{\"@id\":\"https:\/\/www.meyer-sports.com\/de\/produkt\/bike-cup-mm-supporter-kombi\/#breadcrumb\"},\"inLanguage\":\"de\",\"potentialAction\":[{\"@type\":\"ReadAction\",\"target\":[\"https:\/\/www.meyer-sports.com\/de\/produkt\/bike-cup-mm-supporter-kombi\/\"]}]},{\"@type\":\"ImageObject\",\"inLanguage\":\"de\",\"@id\":\"https:\/\/www.meyer-sports.com\/de\/produkt\/bike-cup-mm-supporter-kombi\/#primaryimage\",\"url\":\"https:\/\/www.meyer-sports.com\/wp-content\/uploads\/2025\/05\/BACO17.jpg\",\"contentUrl\":\"https:\/\/www.meyer-sports.com\/wp-content\/uploads\/2025\/05\/BACO17.jpg\",\"width\":414,\"height\":600},{\"@type\":\"BreadcrumbList\",\"@id\":\"https:\/\/www.meyer-sports.com\/de\/produkt\/bike-cup-mm-supporter-kombi\/#breadcrumb\",\"itemListElement\":[{\"@type\":\"ListItem\",\"position\":1,\"name\":\"Home\",\"item\":\"https:\/\/www.meyer-sports.com\/de\/\"},{\"@type\":\"ListItem\",\"position\":2,\"name\":\"Shop\",\"item\":\"https:\/\/www.meyer-sports.com\/de\/shop\/\"},{\"@type\":\"ListItem\",\"position\":3,\"name\":\"BIKE-Cup\/MM-Supporter-Kombi\"}]},{\"@type\":\"WebSite\",\"@id\":\"https:\/\/www.meyer-sports.com\/de\/#website\",\"url\":\"https:\/\/www.meyer-sports.com\/de\/\",\"name\":\"Meyer Sports\",\"description\":\"American Football Equipment \u2013 Helmets, Shoulder Pads &amp; Gear\",\"publisher\":{\"@id\":\"https:\/\/www.meyer-sports.com\/de\/#organization\"},\"alternateName\":\"Meyer Marketing\",\"potentialAction\":[{\"@type\":\"SearchAction\",\"target\":{\"@type\":\"EntryPoint\",\"urlTemplate\":\"https:\/\/www.meyer-sports.com\/de\/?s={search_term_string}\"},\"query-input\":{\"@type\":\"PropertyValueSpecification\",\"valueRequired\":true,\"valueName\":\"search_term_string\"}}],\"inLanguage\":\"de\"},{\"@type\":\"Organization\",\"@id\":\"https:\/\/www.meyer-sports.com\/de\/#organization\",\"name\":\"Meyer Sports\",\"url\":\"https:\/\/www.meyer-sports.com\/de\/\",\"logo\":{\"@type\":\"ImageObject\",\"inLanguage\":\"de\",\"@id\":\"https:\/\/www.meyer-sports.com\/de\/#\/schema\/logo\/image\/\",\"url\":\"https:\/\/www.meyer-sports.com\/wp-content\/uploads\/2025\/08\/cropped-MeyerSports-Wort-Bild-Marke-RGB-Black-Horizontal-2000px.png\",\"contentUrl\":\"https:\/\/www.meyer-sports.com\/wp-content\/uploads\/2025\/08\/cropped-MeyerSports-Wort-Bild-Marke-RGB-Black-Horizontal-2000px.png\",\"width\":1999,\"height\":263,\"caption\":\"Meyer Sports\"},\"image\":{\"@id\":\"https:\/\/www.meyer-sports.com\/de\/#\/schema\/logo\/image\/\"},\"sameAs\":[\"https:\/\/www.facebook.com\/profile.php?id=100083396525976\"]}]}<\/script>\n<!-- \/ Yoast SEO plugin. -->","yoast_head_json":{"title":"BIKE-Cup\/MM-Supporter-Kombi - Meyer Sports","robots":{"index":"index","follow":"follow","max-snippet":"max-snippet:-1","max-image-preview":"max-image-preview:large","max-video-preview":"max-video-preview:-1"},"canonical":"https:\/\/www.meyer-sports.com\/de\/produkt\/bike-cup-mm-supporter-kombi\/","og_locale":"de_DE","og_type":"article","og_title":"BIKE-Cup\/MM-Supporter-Kombi - Meyer Sports","og_description":"Ausgestattet mit einer DRI-POWER\u00ae feuchtigkeitsableitenden Beuteltasche. Der revolution\u00e4re, nicht dehnbare STABILITY ANCHOR sorgt f\u00fcr maximalen Halt und einen perfekten Sitz. Weicher Pl\u00fcschbund f\u00fcr zus\u00e4tzlichen Komfort. Mit Proflex Max Cup mit flexiblen Seitenkanten f\u00fcr mehr Komfort und Bewegungsfreiheit. Geeignet f\u00fcr Sportarten mit hoher Belastung wie Baseball, Football, Feldhockey, Lacrosse, Paintball, Kampfkunst, Fechten usw. CE-zertifiziert","og_url":"https:\/\/www.meyer-sports.com\/de\/produkt\/bike-cup-mm-supporter-kombi\/","og_site_name":"Meyer Sports","article_publisher":"https:\/\/www.facebook.com\/profile.php?id=100083396525976","article_modified_time":"2026-01-21T09:29:19+00:00","og_image":[{"width":414,"height":600,"url":"https:\/\/www.meyer-sports.com\/wp-content\/uploads\/2025\/05\/BACO17.jpg","type":"image\/jpeg"}],"twitter_card":"summary_large_image","schema":{"@context":"https:\/\/schema.org","@graph":[{"@type":"WebPage","@id":"https:\/\/www.meyer-sports.com\/de\/produkt\/bike-cup-mm-supporter-kombi\/","url":"https:\/\/www.meyer-sports.com\/de\/produkt\/bike-cup-mm-supporter-kombi\/","name":"BIKE-Cup\/MM-Supporter-Kombi - Meyer Sports","isPartOf":{"@id":"https:\/\/www.meyer-sports.com\/de\/#website"},"primaryImageOfPage":{"@id":"https:\/\/www.meyer-sports.com\/de\/produkt\/bike-cup-mm-supporter-kombi\/#primaryimage"},"image":{"@id":"https:\/\/www.meyer-sports.com\/de\/produkt\/bike-cup-mm-supporter-kombi\/#primaryimage"},"thumbnailUrl":"https:\/\/www.meyer-sports.com\/wp-content\/uploads\/2025\/05\/BACO17.jpg","datePublished":"2025-05-27T14:36:57+00:00","dateModified":"2026-01-21T09:29:19+00:00","breadcrumb":{"@id":"https:\/\/www.meyer-sports.com\/de\/produkt\/bike-cup-mm-supporter-kombi\/#breadcrumb"},"inLanguage":"de","potentialAction":[{"@type":"ReadAction","target":["https:\/\/www.meyer-sports.com\/de\/produkt\/bike-cup-mm-supporter-kombi\/"]}]},{"@type":"ImageObject","inLanguage":"de","@id":"https:\/\/www.meyer-sports.com\/de\/produkt\/bike-cup-mm-supporter-kombi\/#primaryimage","url":"https:\/\/www.meyer-sports.com\/wp-content\/uploads\/2025\/05\/BACO17.jpg","contentUrl":"https:\/\/www.meyer-sports.com\/wp-content\/uploads\/2025\/05\/BACO17.jpg","width":414,"height":600},{"@type":"BreadcrumbList","@id":"https:\/\/www.meyer-sports.com\/de\/produkt\/bike-cup-mm-supporter-kombi\/#breadcrumb","itemListElement":[{"@type":"ListItem","position":1,"name":"Home","item":"https:\/\/www.meyer-sports.com\/de\/"},{"@type":"ListItem","position":2,"name":"Shop","item":"https:\/\/www.meyer-sports.com\/de\/shop\/"},{"@type":"ListItem","position":3,"name":"BIKE-Cup\/MM-Supporter-Kombi"}]},{"@type":"WebSite","@id":"https:\/\/www.meyer-sports.com\/de\/#website","url":"https:\/\/www.meyer-sports.com\/de\/","name":"Meyer Sports","description":"American Football Equipment \u2013 Helmets, Shoulder Pads &amp; Gear","publisher":{"@id":"https:\/\/www.meyer-sports.com\/de\/#organization"},"alternateName":"Meyer Marketing","potentialAction":[{"@type":"SearchAction","target":{"@type":"EntryPoint","urlTemplate":"https:\/\/www.meyer-sports.com\/de\/?s={search_term_string}"},"query-input":{"@type":"PropertyValueSpecification","valueRequired":true,"valueName":"search_term_string"}}],"inLanguage":"de"},{"@type":"Organization","@id":"https:\/\/www.meyer-sports.com\/de\/#organization","name":"Meyer Sports","url":"https:\/\/www.meyer-sports.com\/de\/","logo":{"@type":"ImageObject","inLanguage":"de","@id":"https:\/\/www.meyer-sports.com\/de\/#\/schema\/logo\/image\/","url":"https:\/\/www.meyer-sports.com\/wp-content\/uploads\/2025\/08\/cropped-MeyerSports-Wort-Bild-Marke-RGB-Black-Horizontal-2000px.png","contentUrl":"https:\/\/www.meyer-sports.com\/wp-content\/uploads\/2025\/08\/cropped-MeyerSports-Wort-Bild-Marke-RGB-Black-Horizontal-2000px.png","width":1999,"height":263,"caption":"Meyer Sports"},"image":{"@id":"https:\/\/www.meyer-sports.com\/de\/#\/schema\/logo\/image\/"},"sameAs":["https:\/\/www.facebook.com\/profile.php?id=100083396525976"]}]}},"_links":{"self":[{"href":"https:\/\/www.meyer-sports.com\/de\/wp-json\/wp\/v2\/product\/2248","targetHints":{"allow":["GET"]}}],"collection":[{"href":"https:\/\/www.meyer-sports.com\/de\/wp-json\/wp\/v2\/product"}],"about":[{"href":"https:\/\/www.meyer-sports.com\/de\/wp-json\/wp\/v2\/types\/product"}],"replies":[{"embeddable":true,"href":"https:\/\/www.meyer-sports.com\/de\/wp-json\/wp\/v2\/comments?post=2248"}],"wp:featuredmedia":[{"embeddable":true,"href":"https:\/\/www.meyer-sports.com\/de\/wp-json\/wp\/v2\/media\/1051"}],"wp:attachment":[{"href":"https:\/\/www.meyer-sports.com\/de\/wp-json\/wp\/v2\/media?parent=2248"}],"wp:term":[{"taxonomy":"product_brand","embeddable":true,"href":"https:\/\/www.meyer-sports.com\/de\/wp-json\/wp\/v2\/product_brand?post=2248"},{"taxonomy":"product_cat","embeddable":true,"href":"https:\/\/www.meyer-sports.com\/de\/wp-json\/wp\/v2\/product_cat?post=2248"},{"taxonomy":"product_tag","embeddable":true,"href":"https:\/\/www.meyer-sports.com\/de\/wp-json\/wp\/v2\/product_tag?post=2248"}],"curies":[{"name":"wp","href":"https:\/\/api.w.org\/{rel}","templated":true}]}}