{"id":2210,"date":"2025-05-27T16:36:57","date_gmt":"2025-05-27T14:36:57","guid":{"rendered":"https:\/\/www.meyer-sports.com\/produkt\/slottet-7-teiliges-pad-set-erwachsene\/"},"modified":"2026-04-14T12:16:54","modified_gmt":"2026-04-14T10:16:54","slug":"slottet-7-teiliges-pad-set-erwachsene","status":"publish","type":"product","link":"https:\/\/www.meyer-sports.com\/de\/produkt\/slottet-7-teiliges-pad-set-erwachsene\/","title":{"rendered":"MM 7-teiliges Pad-Set f\u00fcr Erwachsene"},"content":{"rendered":"<ul>\n<li>2 H\u00fcft-, 2 Oberschenkel- und 2 Knieschoner, 1 R\u00fcckenpolster<\/li>\n<li>Hergestellt aus leichtem, sto\u00dfd\u00e4mpfendem EVA-Schaum<\/li>\n<li>H\u00fcft- und Stei\u00dfbeinpolster mit Schlitzen<\/li>\n<li>Geformtes Kniepolster<\/li>\n<\/ul>\n","protected":false},"excerpt":{"rendered":"<p>2 H\u00fcft-, 2 Oberschenkel- und 2 Knieschoner, 1 R\u00fcckenpolster Hergestellt aus leichtem, sto\u00dfd\u00e4mpfendem EVA-Schaum H\u00fcft- und Stei\u00dfbeinpolster mit Schlitzen Geformtes Kniepolster<\/p>\n","protected":false},"featured_media":1066,"comment_status":"open","ping_status":"closed","template":"","meta":{"_acf_changed":false},"product_brand":[389],"product_cat":[283,265],"product_tag":[],"class_list":{"0":"post-2210","1":"product","2":"type-product","3":"status-publish","4":"has-post-thumbnail","6":"product_brand-mm","7":"product_cat-zubehor-de-3","8":"product_cat-zubehor-de","10":"first","11":"instock","12":"taxable","13":"shipping-taxable","14":"purchasable","15":"product-type-simple"},"acf":[],"yoast_head":"<!-- This site is optimized with the Yoast SEO plugin v27.1.1 - https:\/\/yoast.com\/product\/yoast-seo-wordpress\/ -->\n<title>7-teiliges Schutzpolster-Set mit Schlitzen - Schutz f\u00fcr Football-Hosen f\u00fcr Erwachsene<\/title>\n<meta name=\"description\" content=\"7-teiliges Schutzpolster-Set mit Schlitzen f\u00fcr Erwachsene, bestehend aus H\u00fcft-, Oberschenkel-, Knie- und Stei\u00dfbeinpolstern. Leichte Polster aus EVA-Schaumstoff, speziell f\u00fcr Standard Football Spielhosen entwickelt.\" \/>\n<meta name=\"robots\" content=\"index, follow, max-snippet:-1, max-image-preview:large, max-video-preview:-1\" \/>\n<link rel=\"canonical\" href=\"https:\/\/www.meyer-sports.com\/de\/produkt\/slottet-7-teiliges-pad-set-erwachsene\/\" \/>\n<meta property=\"og:locale\" content=\"de_DE\" \/>\n<meta property=\"og:type\" content=\"article\" \/>\n<meta property=\"og:title\" content=\"7-teiliges Schutzpolster-Set mit Schlitzen - Schutz f\u00fcr Football-Hosen f\u00fcr Erwachsene\" \/>\n<meta property=\"og:description\" content=\"7-teiliges Schutzpolster-Set mit Schlitzen f\u00fcr Erwachsene, bestehend aus H\u00fcft-, Oberschenkel-, Knie- und Stei\u00dfbeinpolstern. Leichte Polster aus EVA-Schaumstoff, speziell f\u00fcr Standard Football Spielhosen entwickelt.\" \/>\n<meta property=\"og:url\" content=\"https:\/\/www.meyer-sports.com\/de\/produkt\/slottet-7-teiliges-pad-set-erwachsene\/\" \/>\n<meta property=\"og:site_name\" content=\"Meyer Sports\" \/>\n<meta property=\"article:publisher\" content=\"https:\/\/www.facebook.com\/profile.php?id=100083396525976\" \/>\n<meta property=\"article:modified_time\" content=\"2026-04-14T10:16:54+00:00\" \/>\n<meta property=\"og:image\" content=\"https:\/\/www.meyer-sports.com\/wp-content\/uploads\/2025\/05\/BAIS50-2.jpg\" \/>\n\t<meta property=\"og:image:width\" content=\"700\" \/>\n\t<meta property=\"og:image:height\" content=\"539\" \/>\n\t<meta property=\"og:image:type\" content=\"image\/jpeg\" \/>\n<meta name=\"twitter:card\" content=\"summary_large_image\" \/>\n<script type=\"application\/ld+json\" class=\"yoast-schema-graph\">{\"@context\":\"https:\/\/schema.org\",\"@graph\":[{\"@type\":\"WebPage\",\"@id\":\"https:\/\/www.meyer-sports.com\/de\/produkt\/slottet-7-teiliges-pad-set-erwachsene\/\",\"url\":\"https:\/\/www.meyer-sports.com\/de\/produkt\/slottet-7-teiliges-pad-set-erwachsene\/\",\"name\":\"7-teiliges Schutzpolster-Set mit Schlitzen - Schutz f\u00fcr Football-Hosen f\u00fcr Erwachsene\",\"isPartOf\":{\"@id\":\"https:\/\/www.meyer-sports.com\/de\/#website\"},\"primaryImageOfPage\":{\"@id\":\"https:\/\/www.meyer-sports.com\/de\/produkt\/slottet-7-teiliges-pad-set-erwachsene\/#primaryimage\"},\"image\":{\"@id\":\"https:\/\/www.meyer-sports.com\/de\/produkt\/slottet-7-teiliges-pad-set-erwachsene\/#primaryimage\"},\"thumbnailUrl\":\"https:\/\/www.meyer-sports.com\/wp-content\/uploads\/2025\/05\/BAIS50-2.jpg\",\"datePublished\":\"2025-05-27T14:36:57+00:00\",\"dateModified\":\"2026-04-14T10:16:54+00:00\",\"description\":\"7-teiliges Schutzpolster-Set mit Schlitzen f\u00fcr Erwachsene, bestehend aus H\u00fcft-, Oberschenkel-, Knie- und Stei\u00dfbeinpolstern. Leichte Polster aus EVA-Schaumstoff, speziell f\u00fcr Standard Football Spielhosen entwickelt.\",\"breadcrumb\":{\"@id\":\"https:\/\/www.meyer-sports.com\/de\/produkt\/slottet-7-teiliges-pad-set-erwachsene\/#breadcrumb\"},\"inLanguage\":\"de\",\"potentialAction\":[{\"@type\":\"ReadAction\",\"target\":[\"https:\/\/www.meyer-sports.com\/de\/produkt\/slottet-7-teiliges-pad-set-erwachsene\/\"]}]},{\"@type\":\"ImageObject\",\"inLanguage\":\"de\",\"@id\":\"https:\/\/www.meyer-sports.com\/de\/produkt\/slottet-7-teiliges-pad-set-erwachsene\/#primaryimage\",\"url\":\"https:\/\/www.meyer-sports.com\/wp-content\/uploads\/2025\/05\/BAIS50-2.jpg\",\"contentUrl\":\"https:\/\/www.meyer-sports.com\/wp-content\/uploads\/2025\/05\/BAIS50-2.jpg\",\"width\":700,\"height\":539},{\"@type\":\"BreadcrumbList\",\"@id\":\"https:\/\/www.meyer-sports.com\/de\/produkt\/slottet-7-teiliges-pad-set-erwachsene\/#breadcrumb\",\"itemListElement\":[{\"@type\":\"ListItem\",\"position\":1,\"name\":\"Home\",\"item\":\"https:\/\/www.meyer-sports.com\/de\/\"},{\"@type\":\"ListItem\",\"position\":2,\"name\":\"Shop\",\"item\":\"https:\/\/www.meyer-sports.com\/de\/shop\/\"},{\"@type\":\"ListItem\",\"position\":3,\"name\":\"MM 7-teiliges Pad-Set f\u00fcr Erwachsene\"}]},{\"@type\":\"WebSite\",\"@id\":\"https:\/\/www.meyer-sports.com\/de\/#website\",\"url\":\"https:\/\/www.meyer-sports.com\/de\/\",\"name\":\"Meyer Sports\",\"description\":\"American Football Equipment \u2013 Helmets, Shoulder Pads &amp; Gear\",\"publisher\":{\"@id\":\"https:\/\/www.meyer-sports.com\/de\/#organization\"},\"alternateName\":\"Meyer Marketing\",\"potentialAction\":[{\"@type\":\"SearchAction\",\"target\":{\"@type\":\"EntryPoint\",\"urlTemplate\":\"https:\/\/www.meyer-sports.com\/de\/?s={search_term_string}\"},\"query-input\":{\"@type\":\"PropertyValueSpecification\",\"valueRequired\":true,\"valueName\":\"search_term_string\"}}],\"inLanguage\":\"de\"},{\"@type\":\"Organization\",\"@id\":\"https:\/\/www.meyer-sports.com\/de\/#organization\",\"name\":\"Meyer Sports\",\"url\":\"https:\/\/www.meyer-sports.com\/de\/\",\"logo\":{\"@type\":\"ImageObject\",\"inLanguage\":\"de\",\"@id\":\"https:\/\/www.meyer-sports.com\/de\/#\/schema\/logo\/image\/\",\"url\":\"https:\/\/www.meyer-sports.com\/wp-content\/uploads\/2025\/08\/cropped-MeyerSports-Wort-Bild-Marke-RGB-Black-Horizontal-2000px.png\",\"contentUrl\":\"https:\/\/www.meyer-sports.com\/wp-content\/uploads\/2025\/08\/cropped-MeyerSports-Wort-Bild-Marke-RGB-Black-Horizontal-2000px.png\",\"width\":1999,\"height\":263,\"caption\":\"Meyer Sports\"},\"image\":{\"@id\":\"https:\/\/www.meyer-sports.com\/de\/#\/schema\/logo\/image\/\"},\"sameAs\":[\"https:\/\/www.facebook.com\/profile.php?id=100083396525976\"]}]}<\/script>\n<!-- \/ Yoast SEO plugin. -->","yoast_head_json":{"title":"7-teiliges Schutzpolster-Set mit Schlitzen - Schutz f\u00fcr Football-Hosen f\u00fcr Erwachsene","description":"7-teiliges Schutzpolster-Set mit Schlitzen f\u00fcr Erwachsene, bestehend aus H\u00fcft-, Oberschenkel-, Knie- und Stei\u00dfbeinpolstern. Leichte Polster aus EVA-Schaumstoff, speziell f\u00fcr Standard Football Spielhosen entwickelt.","robots":{"index":"index","follow":"follow","max-snippet":"max-snippet:-1","max-image-preview":"max-image-preview:large","max-video-preview":"max-video-preview:-1"},"canonical":"https:\/\/www.meyer-sports.com\/de\/produkt\/slottet-7-teiliges-pad-set-erwachsene\/","og_locale":"de_DE","og_type":"article","og_title":"7-teiliges Schutzpolster-Set mit Schlitzen - Schutz f\u00fcr Football-Hosen f\u00fcr Erwachsene","og_description":"7-teiliges Schutzpolster-Set mit Schlitzen f\u00fcr Erwachsene, bestehend aus H\u00fcft-, Oberschenkel-, Knie- und Stei\u00dfbeinpolstern. Leichte Polster aus EVA-Schaumstoff, speziell f\u00fcr Standard Football Spielhosen entwickelt.","og_url":"https:\/\/www.meyer-sports.com\/de\/produkt\/slottet-7-teiliges-pad-set-erwachsene\/","og_site_name":"Meyer Sports","article_publisher":"https:\/\/www.facebook.com\/profile.php?id=100083396525976","article_modified_time":"2026-04-14T10:16:54+00:00","og_image":[{"width":700,"height":539,"url":"https:\/\/www.meyer-sports.com\/wp-content\/uploads\/2025\/05\/BAIS50-2.jpg","type":"image\/jpeg"}],"twitter_card":"summary_large_image","schema":{"@context":"https:\/\/schema.org","@graph":[{"@type":"WebPage","@id":"https:\/\/www.meyer-sports.com\/de\/produkt\/slottet-7-teiliges-pad-set-erwachsene\/","url":"https:\/\/www.meyer-sports.com\/de\/produkt\/slottet-7-teiliges-pad-set-erwachsene\/","name":"7-teiliges Schutzpolster-Set mit Schlitzen - Schutz f\u00fcr Football-Hosen f\u00fcr Erwachsene","isPartOf":{"@id":"https:\/\/www.meyer-sports.com\/de\/#website"},"primaryImageOfPage":{"@id":"https:\/\/www.meyer-sports.com\/de\/produkt\/slottet-7-teiliges-pad-set-erwachsene\/#primaryimage"},"image":{"@id":"https:\/\/www.meyer-sports.com\/de\/produkt\/slottet-7-teiliges-pad-set-erwachsene\/#primaryimage"},"thumbnailUrl":"https:\/\/www.meyer-sports.com\/wp-content\/uploads\/2025\/05\/BAIS50-2.jpg","datePublished":"2025-05-27T14:36:57+00:00","dateModified":"2026-04-14T10:16:54+00:00","description":"7-teiliges Schutzpolster-Set mit Schlitzen f\u00fcr Erwachsene, bestehend aus H\u00fcft-, Oberschenkel-, Knie- und Stei\u00dfbeinpolstern. Leichte Polster aus EVA-Schaumstoff, speziell f\u00fcr Standard Football Spielhosen entwickelt.","breadcrumb":{"@id":"https:\/\/www.meyer-sports.com\/de\/produkt\/slottet-7-teiliges-pad-set-erwachsene\/#breadcrumb"},"inLanguage":"de","potentialAction":[{"@type":"ReadAction","target":["https:\/\/www.meyer-sports.com\/de\/produkt\/slottet-7-teiliges-pad-set-erwachsene\/"]}]},{"@type":"ImageObject","inLanguage":"de","@id":"https:\/\/www.meyer-sports.com\/de\/produkt\/slottet-7-teiliges-pad-set-erwachsene\/#primaryimage","url":"https:\/\/www.meyer-sports.com\/wp-content\/uploads\/2025\/05\/BAIS50-2.jpg","contentUrl":"https:\/\/www.meyer-sports.com\/wp-content\/uploads\/2025\/05\/BAIS50-2.jpg","width":700,"height":539},{"@type":"BreadcrumbList","@id":"https:\/\/www.meyer-sports.com\/de\/produkt\/slottet-7-teiliges-pad-set-erwachsene\/#breadcrumb","itemListElement":[{"@type":"ListItem","position":1,"name":"Home","item":"https:\/\/www.meyer-sports.com\/de\/"},{"@type":"ListItem","position":2,"name":"Shop","item":"https:\/\/www.meyer-sports.com\/de\/shop\/"},{"@type":"ListItem","position":3,"name":"MM 7-teiliges Pad-Set f\u00fcr Erwachsene"}]},{"@type":"WebSite","@id":"https:\/\/www.meyer-sports.com\/de\/#website","url":"https:\/\/www.meyer-sports.com\/de\/","name":"Meyer Sports","description":"American Football Equipment \u2013 Helmets, Shoulder Pads &amp; Gear","publisher":{"@id":"https:\/\/www.meyer-sports.com\/de\/#organization"},"alternateName":"Meyer Marketing","potentialAction":[{"@type":"SearchAction","target":{"@type":"EntryPoint","urlTemplate":"https:\/\/www.meyer-sports.com\/de\/?s={search_term_string}"},"query-input":{"@type":"PropertyValueSpecification","valueRequired":true,"valueName":"search_term_string"}}],"inLanguage":"de"},{"@type":"Organization","@id":"https:\/\/www.meyer-sports.com\/de\/#organization","name":"Meyer Sports","url":"https:\/\/www.meyer-sports.com\/de\/","logo":{"@type":"ImageObject","inLanguage":"de","@id":"https:\/\/www.meyer-sports.com\/de\/#\/schema\/logo\/image\/","url":"https:\/\/www.meyer-sports.com\/wp-content\/uploads\/2025\/08\/cropped-MeyerSports-Wort-Bild-Marke-RGB-Black-Horizontal-2000px.png","contentUrl":"https:\/\/www.meyer-sports.com\/wp-content\/uploads\/2025\/08\/cropped-MeyerSports-Wort-Bild-Marke-RGB-Black-Horizontal-2000px.png","width":1999,"height":263,"caption":"Meyer Sports"},"image":{"@id":"https:\/\/www.meyer-sports.com\/de\/#\/schema\/logo\/image\/"},"sameAs":["https:\/\/www.facebook.com\/profile.php?id=100083396525976"]}]}},"_links":{"self":[{"href":"https:\/\/www.meyer-sports.com\/de\/wp-json\/wp\/v2\/product\/2210","targetHints":{"allow":["GET"]}}],"collection":[{"href":"https:\/\/www.meyer-sports.com\/de\/wp-json\/wp\/v2\/product"}],"about":[{"href":"https:\/\/www.meyer-sports.com\/de\/wp-json\/wp\/v2\/types\/product"}],"replies":[{"embeddable":true,"href":"https:\/\/www.meyer-sports.com\/de\/wp-json\/wp\/v2\/comments?post=2210"}],"wp:featuredmedia":[{"embeddable":true,"href":"https:\/\/www.meyer-sports.com\/de\/wp-json\/wp\/v2\/media\/1066"}],"wp:attachment":[{"href":"https:\/\/www.meyer-sports.com\/de\/wp-json\/wp\/v2\/media?parent=2210"}],"wp:term":[{"taxonomy":"product_brand","embeddable":true,"href":"https:\/\/www.meyer-sports.com\/de\/wp-json\/wp\/v2\/product_brand?post=2210"},{"taxonomy":"product_cat","embeddable":true,"href":"https:\/\/www.meyer-sports.com\/de\/wp-json\/wp\/v2\/product_cat?post=2210"},{"taxonomy":"product_tag","embeddable":true,"href":"https:\/\/www.meyer-sports.com\/de\/wp-json\/wp\/v2\/product_tag?post=2210"}],"curies":[{"name":"wp","href":"https:\/\/api.w.org\/{rel}","templated":true}]}}