{"id":2187,"date":"2025-05-27T16:36:59","date_gmt":"2025-05-27T14:36:59","guid":{"rendered":"https:\/\/www.meyer-sports.com\/produkt\/xenith-trainer-pfeife\/"},"modified":"2026-04-24T14:37:13","modified_gmt":"2026-04-24T12:37:13","slug":"xenith-trainer-pfeife","status":"publish","type":"product","link":"https:\/\/www.meyer-sports.com\/de\/produkt\/xenith-trainer-pfeife\/","title":{"rendered":"XENITH Trainer Pfeife"},"content":{"rendered":"<ul>\n<li>Offizielle Xenith Pfeife <\/li>\n<li>Lauter, klarer Ton f\u00fcr eine effektive Kommunikation auf dem Spielfeld <\/li>\n<li>Robuste Ausf\u00fchrung f\u00fcr den regelm\u00e4\u00dfigen Einsatz im Training und bei Spielen <\/li>\n<li>Kompakt und leicht <\/li>\n<li>Geeignet f\u00fcr Trainer, Schiedsrichter und Teampersonal <\/li>\n<\/ul>\n","protected":false},"excerpt":{"rendered":"<p>Offizielle Xenith Pfeife Lauter, klarer Ton f\u00fcr eine effektive Kommunikation auf dem Spielfeld Robuste Ausf\u00fchrung f\u00fcr den regelm\u00e4\u00dfigen Einsatz im Training und bei Spielen Kompakt und leicht Geeignet f\u00fcr Trainer, Schiedsrichter und Teampersonal<\/p>\n","protected":false},"featured_media":8232,"comment_status":"open","ping_status":"closed","template":"","meta":{"_acf_changed":false},"product_brand":[394],"product_cat":[265],"product_tag":[],"class_list":{"0":"post-2187","1":"product","2":"type-product","3":"status-publish","4":"has-post-thumbnail","6":"product_brand-xenith","7":"product_cat-zubehor-de","9":"first","10":"instock","11":"taxable","12":"shipping-taxable","13":"purchasable","14":"product-type-simple"},"acf":[],"yoast_head":"<!-- This site is optimized with the Yoast SEO plugin v27.1.1 - https:\/\/yoast.com\/product\/yoast-seo-wordpress\/ -->\n<title>XENITH Trainer Pfeife - Meyer Sports<\/title>\n<meta name=\"robots\" content=\"index, follow, max-snippet:-1, max-image-preview:large, max-video-preview:-1\" \/>\n<link rel=\"canonical\" href=\"https:\/\/www.meyer-sports.com\/de\/produkt\/xenith-trainer-pfeife\/\" \/>\n<meta property=\"og:locale\" content=\"de_DE\" \/>\n<meta property=\"og:type\" content=\"article\" \/>\n<meta property=\"og:title\" content=\"XENITH Trainer Pfeife - Meyer Sports\" \/>\n<meta property=\"og:description\" content=\"Offizielle Xenith Pfeife Lauter, klarer Ton f\u00fcr eine effektive Kommunikation auf dem Spielfeld Robuste Ausf\u00fchrung f\u00fcr den regelm\u00e4\u00dfigen Einsatz im Training und bei Spielen Kompakt und leicht Geeignet f\u00fcr Trainer, Schiedsrichter und Teampersonal\" \/>\n<meta property=\"og:url\" content=\"https:\/\/www.meyer-sports.com\/de\/produkt\/xenith-trainer-pfeife\/\" \/>\n<meta property=\"og:site_name\" content=\"Meyer Sports\" \/>\n<meta property=\"article:publisher\" content=\"https:\/\/www.facebook.com\/profile.php?id=100083396525976\" \/>\n<meta property=\"article:modified_time\" content=\"2026-04-24T12:37:13+00:00\" \/>\n<meta property=\"og:image\" content=\"https:\/\/www.meyer-sports.com\/wp-content\/uploads\/2025\/05\/Textiles6.png\" \/>\n\t<meta property=\"og:image:width\" content=\"2000\" \/>\n\t<meta property=\"og:image:height\" content=\"2000\" \/>\n\t<meta property=\"og:image:type\" content=\"image\/png\" \/>\n<meta name=\"twitter:card\" content=\"summary_large_image\" \/>\n<script type=\"application\/ld+json\" class=\"yoast-schema-graph\">{\"@context\":\"https:\/\/schema.org\",\"@graph\":[{\"@type\":\"WebPage\",\"@id\":\"https:\/\/www.meyer-sports.com\/de\/produkt\/xenith-trainer-pfeife\/\",\"url\":\"https:\/\/www.meyer-sports.com\/de\/produkt\/xenith-trainer-pfeife\/\",\"name\":\"XENITH Trainer Pfeife - Meyer Sports\",\"isPartOf\":{\"@id\":\"https:\/\/www.meyer-sports.com\/de\/#website\"},\"primaryImageOfPage\":{\"@id\":\"https:\/\/www.meyer-sports.com\/de\/produkt\/xenith-trainer-pfeife\/#primaryimage\"},\"image\":{\"@id\":\"https:\/\/www.meyer-sports.com\/de\/produkt\/xenith-trainer-pfeife\/#primaryimage\"},\"thumbnailUrl\":\"https:\/\/www.meyer-sports.com\/wp-content\/uploads\/2025\/05\/Textiles6.png\",\"datePublished\":\"2025-05-27T14:36:59+00:00\",\"dateModified\":\"2026-04-24T12:37:13+00:00\",\"breadcrumb\":{\"@id\":\"https:\/\/www.meyer-sports.com\/de\/produkt\/xenith-trainer-pfeife\/#breadcrumb\"},\"inLanguage\":\"de\",\"potentialAction\":[{\"@type\":\"ReadAction\",\"target\":[\"https:\/\/www.meyer-sports.com\/de\/produkt\/xenith-trainer-pfeife\/\"]}]},{\"@type\":\"ImageObject\",\"inLanguage\":\"de\",\"@id\":\"https:\/\/www.meyer-sports.com\/de\/produkt\/xenith-trainer-pfeife\/#primaryimage\",\"url\":\"https:\/\/www.meyer-sports.com\/wp-content\/uploads\/2025\/05\/Textiles6.png\",\"contentUrl\":\"https:\/\/www.meyer-sports.com\/wp-content\/uploads\/2025\/05\/Textiles6.png\",\"width\":2000,\"height\":2000},{\"@type\":\"BreadcrumbList\",\"@id\":\"https:\/\/www.meyer-sports.com\/de\/produkt\/xenith-trainer-pfeife\/#breadcrumb\",\"itemListElement\":[{\"@type\":\"ListItem\",\"position\":1,\"name\":\"Home\",\"item\":\"https:\/\/www.meyer-sports.com\/de\/\"},{\"@type\":\"ListItem\",\"position\":2,\"name\":\"Shop\",\"item\":\"https:\/\/www.meyer-sports.com\/de\/shop\/\"},{\"@type\":\"ListItem\",\"position\":3,\"name\":\"XENITH Trainer Pfeife\"}]},{\"@type\":\"WebSite\",\"@id\":\"https:\/\/www.meyer-sports.com\/de\/#website\",\"url\":\"https:\/\/www.meyer-sports.com\/de\/\",\"name\":\"Meyer Sports\",\"description\":\"American Football Equipment \u2013 Helmets, Shoulder Pads &amp; Gear\",\"publisher\":{\"@id\":\"https:\/\/www.meyer-sports.com\/de\/#organization\"},\"alternateName\":\"Meyer Marketing\",\"potentialAction\":[{\"@type\":\"SearchAction\",\"target\":{\"@type\":\"EntryPoint\",\"urlTemplate\":\"https:\/\/www.meyer-sports.com\/de\/?s={search_term_string}\"},\"query-input\":{\"@type\":\"PropertyValueSpecification\",\"valueRequired\":true,\"valueName\":\"search_term_string\"}}],\"inLanguage\":\"de\"},{\"@type\":\"Organization\",\"@id\":\"https:\/\/www.meyer-sports.com\/de\/#organization\",\"name\":\"Meyer Sports\",\"url\":\"https:\/\/www.meyer-sports.com\/de\/\",\"logo\":{\"@type\":\"ImageObject\",\"inLanguage\":\"de\",\"@id\":\"https:\/\/www.meyer-sports.com\/de\/#\/schema\/logo\/image\/\",\"url\":\"https:\/\/www.meyer-sports.com\/wp-content\/uploads\/2025\/08\/cropped-MeyerSports-Wort-Bild-Marke-RGB-Black-Horizontal-2000px.png\",\"contentUrl\":\"https:\/\/www.meyer-sports.com\/wp-content\/uploads\/2025\/08\/cropped-MeyerSports-Wort-Bild-Marke-RGB-Black-Horizontal-2000px.png\",\"width\":1999,\"height\":263,\"caption\":\"Meyer Sports\"},\"image\":{\"@id\":\"https:\/\/www.meyer-sports.com\/de\/#\/schema\/logo\/image\/\"},\"sameAs\":[\"https:\/\/www.facebook.com\/profile.php?id=100083396525976\"]}]}<\/script>\n<!-- \/ Yoast SEO plugin. -->","yoast_head_json":{"title":"XENITH Trainer Pfeife - Meyer Sports","robots":{"index":"index","follow":"follow","max-snippet":"max-snippet:-1","max-image-preview":"max-image-preview:large","max-video-preview":"max-video-preview:-1"},"canonical":"https:\/\/www.meyer-sports.com\/de\/produkt\/xenith-trainer-pfeife\/","og_locale":"de_DE","og_type":"article","og_title":"XENITH Trainer Pfeife - Meyer Sports","og_description":"Offizielle Xenith Pfeife Lauter, klarer Ton f\u00fcr eine effektive Kommunikation auf dem Spielfeld Robuste Ausf\u00fchrung f\u00fcr den regelm\u00e4\u00dfigen Einsatz im Training und bei Spielen Kompakt und leicht Geeignet f\u00fcr Trainer, Schiedsrichter und Teampersonal","og_url":"https:\/\/www.meyer-sports.com\/de\/produkt\/xenith-trainer-pfeife\/","og_site_name":"Meyer Sports","article_publisher":"https:\/\/www.facebook.com\/profile.php?id=100083396525976","article_modified_time":"2026-04-24T12:37:13+00:00","og_image":[{"width":2000,"height":2000,"url":"https:\/\/www.meyer-sports.com\/wp-content\/uploads\/2025\/05\/Textiles6.png","type":"image\/png"}],"twitter_card":"summary_large_image","schema":{"@context":"https:\/\/schema.org","@graph":[{"@type":"WebPage","@id":"https:\/\/www.meyer-sports.com\/de\/produkt\/xenith-trainer-pfeife\/","url":"https:\/\/www.meyer-sports.com\/de\/produkt\/xenith-trainer-pfeife\/","name":"XENITH Trainer Pfeife - Meyer Sports","isPartOf":{"@id":"https:\/\/www.meyer-sports.com\/de\/#website"},"primaryImageOfPage":{"@id":"https:\/\/www.meyer-sports.com\/de\/produkt\/xenith-trainer-pfeife\/#primaryimage"},"image":{"@id":"https:\/\/www.meyer-sports.com\/de\/produkt\/xenith-trainer-pfeife\/#primaryimage"},"thumbnailUrl":"https:\/\/www.meyer-sports.com\/wp-content\/uploads\/2025\/05\/Textiles6.png","datePublished":"2025-05-27T14:36:59+00:00","dateModified":"2026-04-24T12:37:13+00:00","breadcrumb":{"@id":"https:\/\/www.meyer-sports.com\/de\/produkt\/xenith-trainer-pfeife\/#breadcrumb"},"inLanguage":"de","potentialAction":[{"@type":"ReadAction","target":["https:\/\/www.meyer-sports.com\/de\/produkt\/xenith-trainer-pfeife\/"]}]},{"@type":"ImageObject","inLanguage":"de","@id":"https:\/\/www.meyer-sports.com\/de\/produkt\/xenith-trainer-pfeife\/#primaryimage","url":"https:\/\/www.meyer-sports.com\/wp-content\/uploads\/2025\/05\/Textiles6.png","contentUrl":"https:\/\/www.meyer-sports.com\/wp-content\/uploads\/2025\/05\/Textiles6.png","width":2000,"height":2000},{"@type":"BreadcrumbList","@id":"https:\/\/www.meyer-sports.com\/de\/produkt\/xenith-trainer-pfeife\/#breadcrumb","itemListElement":[{"@type":"ListItem","position":1,"name":"Home","item":"https:\/\/www.meyer-sports.com\/de\/"},{"@type":"ListItem","position":2,"name":"Shop","item":"https:\/\/www.meyer-sports.com\/de\/shop\/"},{"@type":"ListItem","position":3,"name":"XENITH Trainer Pfeife"}]},{"@type":"WebSite","@id":"https:\/\/www.meyer-sports.com\/de\/#website","url":"https:\/\/www.meyer-sports.com\/de\/","name":"Meyer Sports","description":"American Football Equipment \u2013 Helmets, Shoulder Pads &amp; Gear","publisher":{"@id":"https:\/\/www.meyer-sports.com\/de\/#organization"},"alternateName":"Meyer Marketing","potentialAction":[{"@type":"SearchAction","target":{"@type":"EntryPoint","urlTemplate":"https:\/\/www.meyer-sports.com\/de\/?s={search_term_string}"},"query-input":{"@type":"PropertyValueSpecification","valueRequired":true,"valueName":"search_term_string"}}],"inLanguage":"de"},{"@type":"Organization","@id":"https:\/\/www.meyer-sports.com\/de\/#organization","name":"Meyer Sports","url":"https:\/\/www.meyer-sports.com\/de\/","logo":{"@type":"ImageObject","inLanguage":"de","@id":"https:\/\/www.meyer-sports.com\/de\/#\/schema\/logo\/image\/","url":"https:\/\/www.meyer-sports.com\/wp-content\/uploads\/2025\/08\/cropped-MeyerSports-Wort-Bild-Marke-RGB-Black-Horizontal-2000px.png","contentUrl":"https:\/\/www.meyer-sports.com\/wp-content\/uploads\/2025\/08\/cropped-MeyerSports-Wort-Bild-Marke-RGB-Black-Horizontal-2000px.png","width":1999,"height":263,"caption":"Meyer Sports"},"image":{"@id":"https:\/\/www.meyer-sports.com\/de\/#\/schema\/logo\/image\/"},"sameAs":["https:\/\/www.facebook.com\/profile.php?id=100083396525976"]}]}},"_links":{"self":[{"href":"https:\/\/www.meyer-sports.com\/de\/wp-json\/wp\/v2\/product\/2187","targetHints":{"allow":["GET"]}}],"collection":[{"href":"https:\/\/www.meyer-sports.com\/de\/wp-json\/wp\/v2\/product"}],"about":[{"href":"https:\/\/www.meyer-sports.com\/de\/wp-json\/wp\/v2\/types\/product"}],"replies":[{"embeddable":true,"href":"https:\/\/www.meyer-sports.com\/de\/wp-json\/wp\/v2\/comments?post=2187"}],"wp:featuredmedia":[{"embeddable":true,"href":"https:\/\/www.meyer-sports.com\/de\/wp-json\/wp\/v2\/media\/8232"}],"wp:attachment":[{"href":"https:\/\/www.meyer-sports.com\/de\/wp-json\/wp\/v2\/media?parent=2187"}],"wp:term":[{"taxonomy":"product_brand","embeddable":true,"href":"https:\/\/www.meyer-sports.com\/de\/wp-json\/wp\/v2\/product_brand?post=2187"},{"taxonomy":"product_cat","embeddable":true,"href":"https:\/\/www.meyer-sports.com\/de\/wp-json\/wp\/v2\/product_cat?post=2187"},{"taxonomy":"product_tag","embeddable":true,"href":"https:\/\/www.meyer-sports.com\/de\/wp-json\/wp\/v2\/product_tag?post=2187"}],"curies":[{"name":"wp","href":"https:\/\/api.w.org\/{rel}","templated":true}]}}