{"id":4459,"date":"2025-05-27T14:48:25","date_gmt":"2025-05-27T12:48:25","guid":{"rendered":"https:\/\/www.meyer-sports.com\/ruecksendungen\/"},"modified":"2025-08-01T11:05:46","modified_gmt":"2025-08-01T09:05:46","slug":"ruecksendungen","status":"publish","type":"page","link":"https:\/\/www.meyer-sports.com\/de\/ruecksendungen\/","title":{"rendered":"R\u00fccksendungen"},"content":{"rendered":"\t\t<div data-elementor-type=\"wp-page\" data-elementor-id=\"4459\" class=\"elementor elementor-4459 elementor-1552\" data-elementor-post-type=\"page\">\n\t\t\t\t<div class=\"elementor-element elementor-element-97eb9e7 e-flex e-con-boxed e-con e-parent\" data-id=\"97eb9e7\" data-element_type=\"container\" data-e-type=\"container\">\n\t\t\t\t\t<div class=\"e-con-inner\">\n\t\t\t\t<div class=\"elementor-element elementor-element-76dcb47 elementor-widget elementor-widget-heading\" data-id=\"76dcb47\" data-element_type=\"widget\" data-e-type=\"widget\" data-widget_type=\"heading.default\">\n\t\t\t\t\t<h1 class=\"elementor-heading-title elementor-size-default\">R\u00fccksendungen<\/h1>\t\t\t\t<\/div>\n\t\t\t\t<div class=\"elementor-element elementor-element-18fe72f elementor-widget elementor-widget-text-editor\" data-id=\"18fe72f\" data-element_type=\"widget\" data-e-type=\"widget\" data-widget_type=\"text-editor.default\">\n\t\t\t\t\t\t\t\t\t<p>Das Produkt muss innerhalb von 14 Tagen nach Erhalt der Lieferung zur\u00fcckgesendet werden.<br><br>Wir k\u00f6nnen R\u00fccksendungen nur akzeptieren, wenn das Produkt im Originalzustand und in der Originalverpackung zur\u00fcckgeschickt wird und somit als neu weiterverkauft werden kann. Kleidung und Ausr\u00fcstung d\u00fcrfen nicht gewaschen, getragen oder besch\u00e4digt sein. Aus hygienischen Gr\u00fcnden sind R\u00fcckgaben oder Umtausch von Jockstraps und Mundschutz ausgeschlossen.  <span class=\"Apple-converted-space\"> <br><br><\/span>Die Kosten f\u00fcr die R\u00fccksendung tr\u00e4gt der K\u00e4ufer. Die Produkte k\u00f6nnen umgetauscht werden oder wir erstatten den Kaufbetrag \u00fcber die urspr\u00fcngliche Zahlungsmethode. <span class=\"Apple-converted-space\"> <br><br><\/span>Weitere Informationen finden Sie in unseren Allgemeinen Gesch\u00e4ftsbedingungen (AGB).<\/p>\t\t\t\t\t\t\t\t<\/div>\n\t\t\t\t\t<\/div>\n\t\t\t\t<\/div>\n\t\t\t\t<\/div>\n\t\t","protected":false},"excerpt":{"rendered":"<p>R\u00fccksendungen Das Produkt muss innerhalb von 14 Tagen nach Erhalt der Lieferung zur\u00fcckgesendet werden. Wir k\u00f6nnen R\u00fccksendungen nur akzeptieren, wenn das Produkt im Originalzustand und in der Originalverpackung zur\u00fcckgeschickt wird und somit als neu weiterverkauft werden kann. Kleidung und Ausr\u00fcstung d\u00fcrfen nicht gewaschen, getragen oder besch\u00e4digt sein. Aus hygienischen Gr\u00fcnden sind R\u00fcckgaben oder Umtausch von [&hellip;]<\/p>\n","protected":false},"author":1,"featured_media":0,"parent":0,"menu_order":23,"comment_status":"closed","ping_status":"closed","template":"elementor_header_footer","meta":{"_acf_changed":false,"footnotes":""},"class_list":["post-4459","page","type-page","status-publish","hentry"],"acf":[],"yoast_head":"<!-- This site is optimized with the Yoast SEO plugin v27.1.1 - https:\/\/yoast.com\/product\/yoast-seo-wordpress\/ -->\n<title>R\u00fccksendungen - Meyer Sports<\/title>\n<meta name=\"robots\" content=\"index, follow, max-snippet:-1, max-image-preview:large, max-video-preview:-1\" \/>\n<link rel=\"canonical\" href=\"https:\/\/www.meyer-sports.com\/de\/ruecksendungen\/\" \/>\n<meta property=\"og:locale\" content=\"de_DE\" \/>\n<meta property=\"og:type\" content=\"article\" \/>\n<meta property=\"og:title\" content=\"R\u00fccksendungen - Meyer Sports\" \/>\n<meta property=\"og:description\" content=\"R\u00fccksendungen Das Produkt muss innerhalb von 14 Tagen nach Erhalt der Lieferung zur\u00fcckgesendet werden. Wir k\u00f6nnen R\u00fccksendungen nur akzeptieren, wenn das Produkt im Originalzustand und in der Originalverpackung zur\u00fcckgeschickt wird und somit als neu weiterverkauft werden kann. Kleidung und Ausr\u00fcstung d\u00fcrfen nicht gewaschen, getragen oder besch\u00e4digt sein. Aus hygienischen Gr\u00fcnden sind R\u00fcckgaben oder Umtausch von [&hellip;]\" \/>\n<meta property=\"og:url\" content=\"https:\/\/www.meyer-sports.com\/de\/ruecksendungen\/\" \/>\n<meta property=\"og:site_name\" content=\"Meyer Sports\" \/>\n<meta property=\"article:publisher\" content=\"https:\/\/www.facebook.com\/profile.php?id=100083396525976\" \/>\n<meta property=\"article:modified_time\" content=\"2025-08-01T09:05:46+00:00\" \/>\n<meta name=\"twitter:card\" content=\"summary_large_image\" \/>\n<meta name=\"twitter:label1\" content=\"Gesch\u00e4tzte Lesezeit\" \/>\n\t<meta name=\"twitter:data1\" content=\"1\u00a0Minute\" \/>\n<script type=\"application\/ld+json\" class=\"yoast-schema-graph\">{\"@context\":\"https:\/\/schema.org\",\"@graph\":[{\"@type\":\"WebPage\",\"@id\":\"https:\/\/www.meyer-sports.com\/de\/ruecksendungen\/\",\"url\":\"https:\/\/www.meyer-sports.com\/de\/ruecksendungen\/\",\"name\":\"R\u00fccksendungen - Meyer Sports\",\"isPartOf\":{\"@id\":\"https:\/\/www.meyer-sports.com\/de\/#website\"},\"datePublished\":\"2025-05-27T12:48:25+00:00\",\"dateModified\":\"2025-08-01T09:05:46+00:00\",\"breadcrumb\":{\"@id\":\"https:\/\/www.meyer-sports.com\/de\/ruecksendungen\/#breadcrumb\"},\"inLanguage\":\"de\",\"potentialAction\":[{\"@type\":\"ReadAction\",\"target\":[\"https:\/\/www.meyer-sports.com\/de\/ruecksendungen\/\"]}]},{\"@type\":\"BreadcrumbList\",\"@id\":\"https:\/\/www.meyer-sports.com\/de\/ruecksendungen\/#breadcrumb\",\"itemListElement\":[{\"@type\":\"ListItem\",\"position\":1,\"name\":\"Home\",\"item\":\"https:\/\/www.meyer-sports.com\/de\/\"},{\"@type\":\"ListItem\",\"position\":2,\"name\":\"R\u00fccksendungen\"}]},{\"@type\":\"WebSite\",\"@id\":\"https:\/\/www.meyer-sports.com\/de\/#website\",\"url\":\"https:\/\/www.meyer-sports.com\/de\/\",\"name\":\"Meyer Sports\",\"description\":\"American Football Equipment \u2013 Helmets, Shoulder Pads &amp; Gear\",\"publisher\":{\"@id\":\"https:\/\/www.meyer-sports.com\/de\/#organization\"},\"alternateName\":\"Meyer Marketing\",\"potentialAction\":[{\"@type\":\"SearchAction\",\"target\":{\"@type\":\"EntryPoint\",\"urlTemplate\":\"https:\/\/www.meyer-sports.com\/de\/?s={search_term_string}\"},\"query-input\":{\"@type\":\"PropertyValueSpecification\",\"valueRequired\":true,\"valueName\":\"search_term_string\"}}],\"inLanguage\":\"de\"},{\"@type\":\"Organization\",\"@id\":\"https:\/\/www.meyer-sports.com\/de\/#organization\",\"name\":\"Meyer Sports\",\"url\":\"https:\/\/www.meyer-sports.com\/de\/\",\"logo\":{\"@type\":\"ImageObject\",\"inLanguage\":\"de\",\"@id\":\"https:\/\/www.meyer-sports.com\/de\/#\/schema\/logo\/image\/\",\"url\":\"https:\/\/www.meyer-sports.com\/wp-content\/uploads\/2025\/08\/cropped-MeyerSports-Wort-Bild-Marke-RGB-Black-Horizontal-2000px.png\",\"contentUrl\":\"https:\/\/www.meyer-sports.com\/wp-content\/uploads\/2025\/08\/cropped-MeyerSports-Wort-Bild-Marke-RGB-Black-Horizontal-2000px.png\",\"width\":1999,\"height\":263,\"caption\":\"Meyer Sports\"},\"image\":{\"@id\":\"https:\/\/www.meyer-sports.com\/de\/#\/schema\/logo\/image\/\"},\"sameAs\":[\"https:\/\/www.facebook.com\/profile.php?id=100083396525976\"]}]}<\/script>\n<!-- \/ Yoast SEO plugin. -->","yoast_head_json":{"title":"R\u00fccksendungen - Meyer Sports","robots":{"index":"index","follow":"follow","max-snippet":"max-snippet:-1","max-image-preview":"max-image-preview:large","max-video-preview":"max-video-preview:-1"},"canonical":"https:\/\/www.meyer-sports.com\/de\/ruecksendungen\/","og_locale":"de_DE","og_type":"article","og_title":"R\u00fccksendungen - Meyer Sports","og_description":"R\u00fccksendungen Das Produkt muss innerhalb von 14 Tagen nach Erhalt der Lieferung zur\u00fcckgesendet werden. Wir k\u00f6nnen R\u00fccksendungen nur akzeptieren, wenn das Produkt im Originalzustand und in der Originalverpackung zur\u00fcckgeschickt wird und somit als neu weiterverkauft werden kann. Kleidung und Ausr\u00fcstung d\u00fcrfen nicht gewaschen, getragen oder besch\u00e4digt sein. Aus hygienischen Gr\u00fcnden sind R\u00fcckgaben oder Umtausch von [&hellip;]","og_url":"https:\/\/www.meyer-sports.com\/de\/ruecksendungen\/","og_site_name":"Meyer Sports","article_publisher":"https:\/\/www.facebook.com\/profile.php?id=100083396525976","article_modified_time":"2025-08-01T09:05:46+00:00","twitter_card":"summary_large_image","twitter_misc":{"Gesch\u00e4tzte Lesezeit":"1\u00a0Minute"},"schema":{"@context":"https:\/\/schema.org","@graph":[{"@type":"WebPage","@id":"https:\/\/www.meyer-sports.com\/de\/ruecksendungen\/","url":"https:\/\/www.meyer-sports.com\/de\/ruecksendungen\/","name":"R\u00fccksendungen - Meyer Sports","isPartOf":{"@id":"https:\/\/www.meyer-sports.com\/de\/#website"},"datePublished":"2025-05-27T12:48:25+00:00","dateModified":"2025-08-01T09:05:46+00:00","breadcrumb":{"@id":"https:\/\/www.meyer-sports.com\/de\/ruecksendungen\/#breadcrumb"},"inLanguage":"de","potentialAction":[{"@type":"ReadAction","target":["https:\/\/www.meyer-sports.com\/de\/ruecksendungen\/"]}]},{"@type":"BreadcrumbList","@id":"https:\/\/www.meyer-sports.com\/de\/ruecksendungen\/#breadcrumb","itemListElement":[{"@type":"ListItem","position":1,"name":"Home","item":"https:\/\/www.meyer-sports.com\/de\/"},{"@type":"ListItem","position":2,"name":"R\u00fccksendungen"}]},{"@type":"WebSite","@id":"https:\/\/www.meyer-sports.com\/de\/#website","url":"https:\/\/www.meyer-sports.com\/de\/","name":"Meyer Sports","description":"American Football Equipment \u2013 Helmets, Shoulder Pads &amp; Gear","publisher":{"@id":"https:\/\/www.meyer-sports.com\/de\/#organization"},"alternateName":"Meyer Marketing","potentialAction":[{"@type":"SearchAction","target":{"@type":"EntryPoint","urlTemplate":"https:\/\/www.meyer-sports.com\/de\/?s={search_term_string}"},"query-input":{"@type":"PropertyValueSpecification","valueRequired":true,"valueName":"search_term_string"}}],"inLanguage":"de"},{"@type":"Organization","@id":"https:\/\/www.meyer-sports.com\/de\/#organization","name":"Meyer Sports","url":"https:\/\/www.meyer-sports.com\/de\/","logo":{"@type":"ImageObject","inLanguage":"de","@id":"https:\/\/www.meyer-sports.com\/de\/#\/schema\/logo\/image\/","url":"https:\/\/www.meyer-sports.com\/wp-content\/uploads\/2025\/08\/cropped-MeyerSports-Wort-Bild-Marke-RGB-Black-Horizontal-2000px.png","contentUrl":"https:\/\/www.meyer-sports.com\/wp-content\/uploads\/2025\/08\/cropped-MeyerSports-Wort-Bild-Marke-RGB-Black-Horizontal-2000px.png","width":1999,"height":263,"caption":"Meyer Sports"},"image":{"@id":"https:\/\/www.meyer-sports.com\/de\/#\/schema\/logo\/image\/"},"sameAs":["https:\/\/www.facebook.com\/profile.php?id=100083396525976"]}]}},"_links":{"self":[{"href":"https:\/\/www.meyer-sports.com\/de\/wp-json\/wp\/v2\/pages\/4459","targetHints":{"allow":["GET"]}}],"collection":[{"href":"https:\/\/www.meyer-sports.com\/de\/wp-json\/wp\/v2\/pages"}],"about":[{"href":"https:\/\/www.meyer-sports.com\/de\/wp-json\/wp\/v2\/types\/page"}],"author":[{"embeddable":true,"href":"https:\/\/www.meyer-sports.com\/de\/wp-json\/wp\/v2\/users\/1"}],"replies":[{"embeddable":true,"href":"https:\/\/www.meyer-sports.com\/de\/wp-json\/wp\/v2\/comments?post=4459"}],"version-history":[{"count":1,"href":"https:\/\/www.meyer-sports.com\/de\/wp-json\/wp\/v2\/pages\/4459\/revisions"}],"predecessor-version":[{"id":4460,"href":"https:\/\/www.meyer-sports.com\/de\/wp-json\/wp\/v2\/pages\/4459\/revisions\/4460"}],"wp:attachment":[{"href":"https:\/\/www.meyer-sports.com\/de\/wp-json\/wp\/v2\/media?parent=4459"}],"curies":[{"name":"wp","href":"https:\/\/api.w.org\/{rel}","templated":true}]}}