{"id":4370,"date":"2025-07-31T16:01:04","date_gmt":"2025-07-31T14:01:04","guid":{"rendered":"https:\/\/www.meyer-sports.com\/ueber-uns\/"},"modified":"2025-10-08T11:58:52","modified_gmt":"2025-10-08T09:58:52","slug":"ueber-uns","status":"publish","type":"page","link":"https:\/\/www.meyer-sports.com\/de\/ueber-uns\/","title":{"rendered":"\u00dcber Uns"},"content":{"rendered":"\t\t<div data-elementor-type=\"wp-page\" data-elementor-id=\"4370\" class=\"elementor elementor-4370 elementor-4344\" data-elementor-post-type=\"page\">\n\t\t\t\t<div class=\"elementor-element elementor-element-aa47cdd e-flex e-con-boxed e-con e-parent\" data-id=\"aa47cdd\" data-element_type=\"container\" data-e-type=\"container\">\n\t\t\t\t\t<div class=\"e-con-inner\">\n\t\t\t\t<div class=\"elementor-element elementor-element-0f23602 elementor-widget elementor-widget-heading\" data-id=\"0f23602\" data-element_type=\"widget\" data-e-type=\"widget\" data-widget_type=\"heading.default\">\n\t\t\t\t\t<h1 class=\"elementor-heading-title elementor-size-default\">\u00dcber Uns<\/h1>\t\t\t\t<\/div>\n\t\t\t\t<div class=\"elementor-element elementor-element-e4a9fa1 elementor-widget elementor-widget-text-editor\" data-id=\"e4a9fa1\" data-element_type=\"widget\" data-e-type=\"widget\" data-widget_type=\"text-editor.default\">\n\t\t\t\t\t\t\t\t\t<p><b>Meyer Sports<\/b> ist ein familiengef\u00fchrtes Unternehmen und einer der f\u00fchrenden europ\u00e4ischen Distributoren, Gro\u00dfh\u00e4ndler und Hersteller von American-Football-Ausr\u00fcstung. Basierend auf einer gro\u00dfen Leidenschaft f\u00fcr den Sport, haben wir es uns zur Aufgabe gemacht, Teams, Vereine, H\u00e4ndler und Athleten in ganz Europa mit hochwertiger Ausr\u00fcstung zu versorgen, die den Anforderungen moderner Spieler gerecht wird.<br><br>Wir bieten eine umfassende Auswahl an bew\u00e4hrten Marken und Eigenprodukten \u2013 sorgf\u00e4ltig ausgew\u00e4hlt im Hinblick auf Leistung, Sicherheit und Langlebigkeit.<br><br>Mit Sitz in Deutschland verf\u00fcgen wir \u00fcber jahrzehntelange Branchenerfahrung, enge Partnerschaften mit internationalen Herstellern und ein tiefes Verst\u00e4ndnis f\u00fcr die Bed\u00fcrfnisse des Sports auf allen Ebenen \u2013 vom Amateurverein bis hin zur Profiliga. Unser eingespieltes Team legt gro\u00dfen Wert auf pers\u00f6nliche Kundenbeziehungen, fachkundige Beratung, schnelle Logistik und zuverl\u00e4ssigen Support. Unsere Mission ist klar: <b>Wir m\u00f6chten das Wachstum von American Football in Europa f\u00f6rdern, indem wir erstklassige Ausr\u00fcstung zug\u00e4nglich, verl\u00e4sslich und erschwinglich machen.<\/b><br><br>Egal ob Trainer, H\u00e4ndler oder Spieler auf der Suche nach dem besten Equipment \u2013 wir sind da, um euch auf dem Spielfeld zu unterst\u00fctzen!<\/p>\t\t\t\t\t\t\t\t<\/div>\n\t\t\t\t\t<\/div>\n\t\t\t\t<\/div>\n\t\t\t\t<\/div>\n\t\t","protected":false},"excerpt":{"rendered":"<p>Meyer Sports ist ein familiengef\u00fchrtes Unternehmen und einer der f\u00fchrenden europ\u00e4ischen Distributoren, Gro\u00dfh\u00e4ndler und Hersteller von American-Football-Ausr\u00fcstung. Basierend auf einer gro\u00dfen Leidenschaft f\u00fcr den Sport, haben wir es uns zur Aufgabe gemacht, Teams, Vereine, H\u00e4ndler und Athleten in ganz Europa mit hochwertiger Ausr\u00fcstung zu versorgen, die den Anforderungen moderner Spieler gerecht wird. Wir bieten eine [&hellip;]<\/p>\n","protected":false},"author":1,"featured_media":0,"parent":0,"menu_order":19,"comment_status":"closed","ping_status":"closed","template":"elementor_header_footer","meta":{"_acf_changed":false,"footnotes":""},"class_list":["post-4370","page","type-page","status-publish","hentry"],"acf":[],"yoast_head":"<!-- This site is optimized with the Yoast SEO plugin v27.1.1 - https:\/\/yoast.com\/product\/yoast-seo-wordpress\/ -->\n<title>\u00dcber Uns - Meyer Sports<\/title>\n<meta name=\"robots\" content=\"index, follow, max-snippet:-1, max-image-preview:large, max-video-preview:-1\" \/>\n<link rel=\"canonical\" href=\"https:\/\/www.meyer-sports.com\/de\/ueber-uns\/\" \/>\n<meta property=\"og:locale\" content=\"de_DE\" \/>\n<meta property=\"og:type\" content=\"article\" \/>\n<meta property=\"og:title\" content=\"\u00dcber Uns - Meyer Sports\" \/>\n<meta property=\"og:description\" content=\"Meyer Sports ist ein familiengef\u00fchrtes Unternehmen und einer der f\u00fchrenden europ\u00e4ischen Distributoren, Gro\u00dfh\u00e4ndler und Hersteller von American-Football-Ausr\u00fcstung. Basierend auf einer gro\u00dfen Leidenschaft f\u00fcr den Sport, haben wir es uns zur Aufgabe gemacht, Teams, Vereine, H\u00e4ndler und Athleten in ganz Europa mit hochwertiger Ausr\u00fcstung zu versorgen, die den Anforderungen moderner Spieler gerecht wird. Wir bieten eine [&hellip;]\" \/>\n<meta property=\"og:url\" content=\"https:\/\/www.meyer-sports.com\/de\/ueber-uns\/\" \/>\n<meta property=\"og:site_name\" content=\"Meyer Sports\" \/>\n<meta property=\"article:publisher\" content=\"https:\/\/www.facebook.com\/profile.php?id=100083396525976\" \/>\n<meta property=\"article:modified_time\" content=\"2025-10-08T09:58:52+00:00\" \/>\n<meta name=\"twitter:card\" content=\"summary_large_image\" \/>\n<meta name=\"twitter:label1\" content=\"Gesch\u00e4tzte Lesezeit\" \/>\n\t<meta name=\"twitter:data1\" content=\"1\u00a0Minute\" \/>\n<script type=\"application\/ld+json\" class=\"yoast-schema-graph\">{\"@context\":\"https:\/\/schema.org\",\"@graph\":[{\"@type\":\"WebPage\",\"@id\":\"https:\/\/www.meyer-sports.com\/de\/ueber-uns\/\",\"url\":\"https:\/\/www.meyer-sports.com\/de\/ueber-uns\/\",\"name\":\"\u00dcber Uns - Meyer Sports\",\"isPartOf\":{\"@id\":\"https:\/\/www.meyer-sports.com\/de\/#website\"},\"datePublished\":\"2025-07-31T14:01:04+00:00\",\"dateModified\":\"2025-10-08T09:58:52+00:00\",\"breadcrumb\":{\"@id\":\"https:\/\/www.meyer-sports.com\/de\/ueber-uns\/#breadcrumb\"},\"inLanguage\":\"de\",\"potentialAction\":[{\"@type\":\"ReadAction\",\"target\":[\"https:\/\/www.meyer-sports.com\/de\/ueber-uns\/\"]}]},{\"@type\":\"BreadcrumbList\",\"@id\":\"https:\/\/www.meyer-sports.com\/de\/ueber-uns\/#breadcrumb\",\"itemListElement\":[{\"@type\":\"ListItem\",\"position\":1,\"name\":\"Home\",\"item\":\"https:\/\/www.meyer-sports.com\/de\/\"},{\"@type\":\"ListItem\",\"position\":2,\"name\":\"\u00dcber Uns\"}]},{\"@type\":\"WebSite\",\"@id\":\"https:\/\/www.meyer-sports.com\/de\/#website\",\"url\":\"https:\/\/www.meyer-sports.com\/de\/\",\"name\":\"Meyer Sports\",\"description\":\"American Football Equipment \u2013 Helmets, Shoulder Pads &amp; Gear\",\"publisher\":{\"@id\":\"https:\/\/www.meyer-sports.com\/de\/#organization\"},\"alternateName\":\"Meyer Marketing\",\"potentialAction\":[{\"@type\":\"SearchAction\",\"target\":{\"@type\":\"EntryPoint\",\"urlTemplate\":\"https:\/\/www.meyer-sports.com\/de\/?s={search_term_string}\"},\"query-input\":{\"@type\":\"PropertyValueSpecification\",\"valueRequired\":true,\"valueName\":\"search_term_string\"}}],\"inLanguage\":\"de\"},{\"@type\":\"Organization\",\"@id\":\"https:\/\/www.meyer-sports.com\/de\/#organization\",\"name\":\"Meyer Sports\",\"url\":\"https:\/\/www.meyer-sports.com\/de\/\",\"logo\":{\"@type\":\"ImageObject\",\"inLanguage\":\"de\",\"@id\":\"https:\/\/www.meyer-sports.com\/de\/#\/schema\/logo\/image\/\",\"url\":\"https:\/\/www.meyer-sports.com\/wp-content\/uploads\/2025\/08\/cropped-MeyerSports-Wort-Bild-Marke-RGB-Black-Horizontal-2000px.png\",\"contentUrl\":\"https:\/\/www.meyer-sports.com\/wp-content\/uploads\/2025\/08\/cropped-MeyerSports-Wort-Bild-Marke-RGB-Black-Horizontal-2000px.png\",\"width\":1999,\"height\":263,\"caption\":\"Meyer Sports\"},\"image\":{\"@id\":\"https:\/\/www.meyer-sports.com\/de\/#\/schema\/logo\/image\/\"},\"sameAs\":[\"https:\/\/www.facebook.com\/profile.php?id=100083396525976\"]}]}<\/script>\n<!-- \/ Yoast SEO plugin. -->","yoast_head_json":{"title":"\u00dcber Uns - Meyer Sports","robots":{"index":"index","follow":"follow","max-snippet":"max-snippet:-1","max-image-preview":"max-image-preview:large","max-video-preview":"max-video-preview:-1"},"canonical":"https:\/\/www.meyer-sports.com\/de\/ueber-uns\/","og_locale":"de_DE","og_type":"article","og_title":"\u00dcber Uns - Meyer Sports","og_description":"Meyer Sports ist ein familiengef\u00fchrtes Unternehmen und einer der f\u00fchrenden europ\u00e4ischen Distributoren, Gro\u00dfh\u00e4ndler und Hersteller von American-Football-Ausr\u00fcstung. Basierend auf einer gro\u00dfen Leidenschaft f\u00fcr den Sport, haben wir es uns zur Aufgabe gemacht, Teams, Vereine, H\u00e4ndler und Athleten in ganz Europa mit hochwertiger Ausr\u00fcstung zu versorgen, die den Anforderungen moderner Spieler gerecht wird. Wir bieten eine [&hellip;]","og_url":"https:\/\/www.meyer-sports.com\/de\/ueber-uns\/","og_site_name":"Meyer Sports","article_publisher":"https:\/\/www.facebook.com\/profile.php?id=100083396525976","article_modified_time":"2025-10-08T09:58:52+00:00","twitter_card":"summary_large_image","twitter_misc":{"Gesch\u00e4tzte Lesezeit":"1\u00a0Minute"},"schema":{"@context":"https:\/\/schema.org","@graph":[{"@type":"WebPage","@id":"https:\/\/www.meyer-sports.com\/de\/ueber-uns\/","url":"https:\/\/www.meyer-sports.com\/de\/ueber-uns\/","name":"\u00dcber Uns - Meyer Sports","isPartOf":{"@id":"https:\/\/www.meyer-sports.com\/de\/#website"},"datePublished":"2025-07-31T14:01:04+00:00","dateModified":"2025-10-08T09:58:52+00:00","breadcrumb":{"@id":"https:\/\/www.meyer-sports.com\/de\/ueber-uns\/#breadcrumb"},"inLanguage":"de","potentialAction":[{"@type":"ReadAction","target":["https:\/\/www.meyer-sports.com\/de\/ueber-uns\/"]}]},{"@type":"BreadcrumbList","@id":"https:\/\/www.meyer-sports.com\/de\/ueber-uns\/#breadcrumb","itemListElement":[{"@type":"ListItem","position":1,"name":"Home","item":"https:\/\/www.meyer-sports.com\/de\/"},{"@type":"ListItem","position":2,"name":"\u00dcber Uns"}]},{"@type":"WebSite","@id":"https:\/\/www.meyer-sports.com\/de\/#website","url":"https:\/\/www.meyer-sports.com\/de\/","name":"Meyer Sports","description":"American Football Equipment \u2013 Helmets, Shoulder Pads &amp; Gear","publisher":{"@id":"https:\/\/www.meyer-sports.com\/de\/#organization"},"alternateName":"Meyer Marketing","potentialAction":[{"@type":"SearchAction","target":{"@type":"EntryPoint","urlTemplate":"https:\/\/www.meyer-sports.com\/de\/?s={search_term_string}"},"query-input":{"@type":"PropertyValueSpecification","valueRequired":true,"valueName":"search_term_string"}}],"inLanguage":"de"},{"@type":"Organization","@id":"https:\/\/www.meyer-sports.com\/de\/#organization","name":"Meyer Sports","url":"https:\/\/www.meyer-sports.com\/de\/","logo":{"@type":"ImageObject","inLanguage":"de","@id":"https:\/\/www.meyer-sports.com\/de\/#\/schema\/logo\/image\/","url":"https:\/\/www.meyer-sports.com\/wp-content\/uploads\/2025\/08\/cropped-MeyerSports-Wort-Bild-Marke-RGB-Black-Horizontal-2000px.png","contentUrl":"https:\/\/www.meyer-sports.com\/wp-content\/uploads\/2025\/08\/cropped-MeyerSports-Wort-Bild-Marke-RGB-Black-Horizontal-2000px.png","width":1999,"height":263,"caption":"Meyer Sports"},"image":{"@id":"https:\/\/www.meyer-sports.com\/de\/#\/schema\/logo\/image\/"},"sameAs":["https:\/\/www.facebook.com\/profile.php?id=100083396525976"]}]}},"_links":{"self":[{"href":"https:\/\/www.meyer-sports.com\/de\/wp-json\/wp\/v2\/pages\/4370","targetHints":{"allow":["GET"]}}],"collection":[{"href":"https:\/\/www.meyer-sports.com\/de\/wp-json\/wp\/v2\/pages"}],"about":[{"href":"https:\/\/www.meyer-sports.com\/de\/wp-json\/wp\/v2\/types\/page"}],"author":[{"embeddable":true,"href":"https:\/\/www.meyer-sports.com\/de\/wp-json\/wp\/v2\/users\/1"}],"replies":[{"embeddable":true,"href":"https:\/\/www.meyer-sports.com\/de\/wp-json\/wp\/v2\/comments?post=4370"}],"version-history":[{"count":3,"href":"https:\/\/www.meyer-sports.com\/de\/wp-json\/wp\/v2\/pages\/4370\/revisions"}],"predecessor-version":[{"id":5307,"href":"https:\/\/www.meyer-sports.com\/de\/wp-json\/wp\/v2\/pages\/4370\/revisions\/5307"}],"wp:attachment":[{"href":"https:\/\/www.meyer-sports.com\/de\/wp-json\/wp\/v2\/media?parent=4370"}],"curies":[{"name":"wp","href":"https:\/\/api.w.org\/{rel}","templated":true}]}}